{"id":2929,"date":"2022-01-31T16:37:24","date_gmt":"2022-01-31T15:37:24","guid":{"rendered":"https:\/\/www.sundoo.es\/?post_type=product&#038;p=2929"},"modified":"2025-09-21T19:34:50","modified_gmt":"2025-09-21T17:34:50","slug":"kinder-autositz-mieten-15-36kg","status":"publish","type":"product","link":"https:\/\/www.sundoo24.com\/teneriffa\/produkt\/kinder-autositz-mieten-15-36kg\/","title":{"rendered":"Autositz f\u00fcr Kinder 15-36 kg"},"content":{"rendered":"<div class=\"wpb-content-wrapper\"><p>[vc_row el_class=&#8220;m-b-md&#8220;][vc_column][vc_column_text css=&#8220;&#8220; css_params=&#8220;&#8220;]<strong>Elternzeit ist Urlaubszeit \u2013 und mit Kids an Bord beginnt das Abenteuer meist schon beim Packen. Damit Sie nicht noch einen sperrigen Sitz durch die Abflughalle balancieren m\u00fcssen, verwandelt unser Mietserviceverleih f\u00fcr Kindersitze den logistischen Kraftakt in einen entspannten Spaziergang.<\/strong><\/p>\n<p>Reisen Sie mit leichtem Gep\u00e4ck und freien H\u00e4nden: Ihr Nachwuchs hat Platz zum Herumtollen, Sie mehr Stauraum f\u00fcr Urlaubssachen. Bei der Ankunft wartet der frisch gereinigte, reservierte Kindersitz bereits auf Sie \u2013 kein Schleppen, kein R\u00e4tselraten, ob er sauber oder passend ist. Einfach vom Gate ins Auto steigen und losfahren: gesetzeskonform, sicher und bequem. Egal ob es f\u00fcnf Minuten in die Stadt oder f\u00fcnf Stunden auf Entdeckungstour geht.<\/p>\n<p><strong>Bei unserem Mietservice \u201eKindersitz mieten am Flughafen Teneriffa S\u00fcd\u201c erhalten Sie einen aktuellen Autokindersitz f\u00fcr weniger als 5\u20ac pro Tag.<\/strong> Die transparente Tagespauschale liegt damit bis zu 50% unter den Preisen vieler Autovermieter. Mehr Urlaubsgeld f\u00fcr die wirklich sch\u00f6nen Dinge.<\/p>\n<p>Au\u00dferdem wissen Sie schon vor dem Abflug genau, welcher Kindersitz auf Ihr Kind wartet. Frisch gereinigt und perfekt auf seine K\u00f6rpergr\u00f6\u00dfe eingestellt. <strong>Einfach online buchen, den Kindersitz sofort nach der Landung am Flughafen Teneriffa S\u00fcd abholen und vor dem R\u00fcckflug genauso einfach wieder abgeben. Schnell, transparent und v\u00f6llig stressfrei.<\/strong><\/p>\n<h2 style=\"padding-top: 10px; padding-bottom: 5px;\"><strong>Ihre Vorteile mit SUNDOO Teneriffa<\/strong><\/h2>\n<ul class=\"list list-icons\">\n<li><i class=\"porto-icon-shipping-truck\"><\/i><strong><span class=\"text-dark\">Sofort startklar:<\/span><\/strong><br \/>\nLieferung und R\u00fcckgabe direkt am Flughafen, 24 Stunden am Tag.<\/li>\n<li><i class=\"porto-icon-clock\"><\/i><strong><span class=\"text-dark\">Keine langen Wartezeiten:<\/span><\/strong><br \/>\nDie Mietsachen stehen sofort bereit &#8211; Lieferung und R\u00fcckgabe innerhalb weniger Minuten.<\/li>\n<li><i class=\"porto-icon-percent-circle\"><\/i><strong><span class=\"text-dark\">Kosten sparen:<\/span><\/strong><br \/>\nBis zu 50 % g\u00fcnstiger als die Tagespauschalen vieler Mietwagenanbieter.<\/li>\n<li><i class=\"porto-icon-check-circle\"><\/i><strong><span class=\"text-dark\">Sauber und gepr\u00fcft:<\/span><\/strong><br \/>\nJeder Mietartikel wird professionell gereinigt und entspricht der ECE R44\/04-Norm oder i-Size-Norm.<\/li>\n<\/ul>\n<h2 style=\"padding-top: 10px; padding-bottom: 5px;\"><strong>Warum ist die Miete des Kindersitzes 15-36 kg eine gute Wahl?<\/strong><\/h2>\n<p>Dieser Autokindersitz zur Vermietung wird einfach mit dem 3-Punkt-Gurtsystem des Autos befestigt, wahlweise mit oder ohne ISOFIX. Damit ist er f\u00fcr jedes Fahrzeug geeignet, unabh\u00e4ngig von der Ausstattung des Mietwagens. <strong>Er erf\u00fcllt die europ\u00e4ische Sicherheitsnorm ECE R44\/04 und dank der extra dicken Polsterung, der h\u00f6henverstellbaren Kopfst\u00fctze und des eingebauten Seitenaufprallschutzes<\/strong> ist die geplante Autofahrt nicht nur sicher, sondern auch so bequem wie m\u00f6glich f\u00fcr Ihr Kind.<\/p>\n<p>Die gesamte Oberfl\u00e4che des Sitzes ist aus hochwertigem Material gefertigt und wird vor jeder Neuvermietung komplett gereinigt und desinfiziert. <strong>Freuen Sie sich auf angenehme Fahrten mit maximalem Fahrkomfort und maximalem Rundumschutz f\u00fcr Ihr Kind.<\/strong><\/p>\n<div style=\"padding-top: 10px; padding-bottom: 5px;\"><strong>Vorteile:<\/strong><\/div>\n<ul class=\"list list-icons list-icons-style-3 list-icons-sm ml-4\">\n<li><i class=\"fas fa-check\"><\/i> F\u00fcr Kinder von ca. 3,5 \u2013 12 Jahren (15 \u2013 36 kg)<\/li>\n<li><i class=\"fas fa-check\"><\/i> Einfache &amp; schnelle Befestigung \u00fcber 3-Punkt-Gurt vom Auto<\/li>\n<li><i class=\"fas fa-check\"><\/i> Beste Wahl f\u00fcr Autos mit und ohne ISOFIX-System<\/li>\n<li><i class=\"fas fa-check\"><\/i> Doppelte Polsterung f\u00fcr extra Komfort<\/li>\n<li><i class=\"fas fa-check\"><\/i> Kopfst\u00fctze 5-fach h\u00f6henverstellbar<\/li>\n<li><i class=\"fas fa-check\"><\/i> Integrierter Seitenaufprallschutz<\/li>\n<\/ul>\n<p>[\/vc_column_text][\/vc_column][\/vc_row][vc_row][vc_column][vc_column_text css=&#8220;&#8220; css_params=&#8220;&#8220;]<\/p>\n<div style=\"padding-top: 5px; padding-bottom: 5px;\"><strong>Merkmale im Detail:<\/strong><\/div>\n<ul class=\"list list-icons list-icons-style-3 list-icons-sm ml-4\">\n<li><i class=\"fas fa-angle-right\"><\/i> Gewicht: 6,1 kg<\/li>\n<li><i class=\"fas fa-angle-right\"><\/i> Abmessungen: 67 x 48 x 49 cm<\/li>\n<li><i class=\"fas fa-angle-right\"><\/i> Empfohlenes H\u00f6chstgewicht: 36 kg (\u2248 3,5 \u2013 12 Jahre)<\/li>\n<li><i class=\"fas fa-angle-right\"><\/i> Maximale Gr\u00f6\u00dfe des Kindes: 150 cm<\/li>\n<li><i class=\"fas fa-angle-right\"><\/i> Gurtsystem: 3-Punkt-Fahrzeuggurt<\/li>\n<li><i class=\"fas fa-angle-right\"><\/i> ISOFIX: ja, optional zuschaltbar<\/li>\n<\/ul>\n<div class=\"alert alert-danger\"><span class=\"font-weight-bold\">Mindestbestellwert von 29,90 EUR nicht erreicht?<\/span><br \/>\nMachen Sie Ihrem Kind eine Freude: Leihen Sie zum Beispiel einen <span class=\"text-nowrap\"><i class=\"fa fa-caret-right text-primary mr-0\"><\/i> <a class=\"font-weight-bold\" href=\"https:\/\/www.sundoo24.com\/teneriffa\/produkt-kategorie\/laufraeder-roller\/\">Kinderroller mit Leuchtr\u00e4dern<\/a><\/span>, ein <span class=\"text-nowrap\"><i class=\"fa fa-caret-right text-primary mr-0\"><\/i> <a class=\"font-weight-bold\" href=\"https:\/\/www.sundoo24.com\/teneriffa\/produkt\/kinder-laufrad-mieten\/\">cooles Laufrad<\/a><\/span> oder ein <span class=\"text-nowrap\"><i class=\"fa fa-caret-right text-primary mr-0\"><\/i> <a class=\"font-weight-bold\" href=\"https:\/\/www.sundoo24.com\/teneriffa\/produkt\/pukylino-kinder-laufrad-mieten\/\">Pukylino f\u00fcr die Kleinsten<\/a><\/span> gleich mit dazu \u2013 alles frisch gereinigt und zum g\u00fcnstigen Tagespreis. So wird schon die Ankunft in Teneriffa zum Highlight \u2013 und Ihr Budget bleibt entspannt.<\/div>\n<\/div>","protected":false},"excerpt":{"rendered":"<div class=\"mb-2\"><img loading=\"lazy\" decoding=\"async\" class=\"alignleft size-full wp-image-5378\" title=\"Jetzt buchen und g\u00fcnstigen Preis sichern!\" src=\"https:\/\/www.sundoo24.com\/teneriffa\/wp-content\/uploads\/2023\/01\/fruebucherrabatt.png\" alt=\"Fr\u00fchbucher-Rabatt bei SUNDOO Teneriffa\" width=\"360\" height=\"30\" \/><\/div>\n<p>Sicherer Autositz f\u00fcr Kinder im Alter zwischen 3,5 und 12 Jahren in der Gewichtsklasse von 15 bis 36 kg (Gruppe: 2-3). F\u00fcr jedes Fahrzeug geeignet, mit oder ohne ISOFIX. Extra Komfort durch eine doppelte Polsterung und h\u00f6henverstellbarer Kopfst\u00fctze. <strong>Anlieferung &amp; Abholung am Flughafen Teneriffa S\u00fcd (TFS) rund um die Uhr von 0:00 Uhr morgens bis 24:00 Uhr nachts.<\/strong><\/p>\n<div class=\"alert alert-success font-weight-bold\">Beachten Sie: Der Tag Ihrer Ankunft sowie der Tag Ihrer Abreise werden jeweils als ein voller Miettag gez\u00e4hlt, da der Mietartikel f\u00fcr diese Zeit exklusiv f\u00fcr Sie reserviert ist.<\/div>\n","protected":false},"featured_media":7726,"comment_status":"open","ping_status":"closed","template":"","meta":[],"product_brand":[],"product_cat":[235,171,152],"product_tag":[],"class_list":{"0":"post-2929","1":"product","2":"type-product","3":"status-publish","4":"has-post-thumbnail","6":"product_cat-flughafen-teneriffa-sued","7":"product_cat-mieten","8":"product_cat-kindersitze","10":"first","11":"instock","12":"shipping-taxable","13":"purchasable","14":"product-type-variable"},"yoast_head":"\n<title>G\u00fcnstig Kindersitz 15-36 kg mieten am Flughafen Teneriffa S\u00fcd<\/title>\n<meta name=\"description\" content=\"Ab 4,79\u20ac pro Tag - Autokindersitz mieten am Flughafen Teneriffa S\u00fcd (TFS). Extra Komfort, mit + ohne ISOFIX mit 5-Punkt-Gurt &amp; verstellbarer Kopfst\u00fctze.\" \/>\n<meta name=\"robots\" content=\"index, follow, max-snippet:-1, max-image-preview:large, max-video-preview:-1\" \/>\n<link rel=\"canonical\" href=\"https:\/\/www.sundoo24.com\/teneriffa\/product\/kinder-autositz-mieten-15-36kg\/\" \/>\n<meta property=\"og:locale\" content=\"de_DE\" \/>\n<meta property=\"og:type\" content=\"article\" \/>\n<meta property=\"og:title\" content=\"G\u00fcnstig Kindersitz 15-36 kg mieten am Flughafen Teneriffa S\u00fcd\" \/>\n<meta property=\"og:description\" content=\"Ab 4,79\u20ac pro Tag - Autokindersitz mieten am Flughafen Teneriffa S\u00fcd (TFS). Extra Komfort, mit + ohne ISOFIX mit 5-Punkt-Gurt &amp; verstellbarer Kopfst\u00fctze.\" \/>\n<meta property=\"og:url\" content=\"https:\/\/www.sundoo24.com\/teneriffa\/product\/kinder-autositz-mieten-15-36kg\/\" \/>\n<meta property=\"og:site_name\" content=\"Sundoo24.com\" \/>\n<meta property=\"article:modified_time\" content=\"2025-09-21T17:34:50+00:00\" \/>\n<meta property=\"og:image\" content=\"https:\/\/www.sundoo24.com\/teneriffa\/wp-content\/uploads\/2022\/01\/kindersitz-mieten-teneriffa-15-36kg.jpg\" \/>\n\t<meta property=\"og:image:width\" content=\"600\" \/>\n\t<meta property=\"og:image:height\" content=\"600\" \/>\n\t<meta property=\"og:image:type\" content=\"image\/jpeg\" \/>\n<meta name=\"twitter:card\" content=\"summary_large_image\" \/>\n<meta name=\"twitter:title\" content=\"G\u00fcnstig Kindersitz 15-36 kg mieten am Flughafen Teneriffa S\u00fcd\" \/>\n<meta name=\"twitter:description\" content=\"Ab 4,79\u20ac pro Tag - Autokindersitz mieten am Flughafen Teneriffa S\u00fcd (TFS). Extra Komfort, mit + ohne ISOFIX mit 5-Punkt-Gurt &amp; verstellbarer Kopfst\u00fctze.\" \/>\n<meta name=\"twitter:image\" content=\"https:\/\/www.sundoo24.com\/teneriffa\/wp-content\/uploads\/2022\/01\/kindersitz-mieten-teneriffa-15-36kg.jpg\" \/>\n<script type=\"application\/ld+json\" class=\"yoast-schema-graph\">{\"@context\":\"https:\/\/schema.org\",\"@graph\":[{\"@type\":\"WebPage\",\"@id\":\"https:\/\/www.sundoo24.com\/teneriffa\/produkt\/kinder-autositz-mieten-15-36kg\/\",\"url\":\"https:\/\/www.sundoo24.com\/teneriffa\/product\/kinder-autositz-mieten-15-36kg\/\",\"name\":\"G\u00fcnstig Kindersitz 15-36 kg mieten am Flughafen Teneriffa S\u00fcd\",\"isPartOf\":{\"@id\":\"https:\/\/www.sundoo24.com\/teneriffa\/#website\"},\"primaryImageOfPage\":{\"@id\":\"https:\/\/www.sundoo24.com\/teneriffa\/product\/kinder-autositz-mieten-15-36kg\/#primaryimage\"},\"image\":{\"@id\":\"https:\/\/www.sundoo24.com\/teneriffa\/product\/kinder-autositz-mieten-15-36kg\/#primaryimage\"},\"thumbnailUrl\":\"https:\/\/www.sundoo24.com\/teneriffa\/wp-content\/uploads\/2022\/01\/kindersitz-mieten-teneriffa-15-36kg.jpg\",\"description\":\"Ab 4,79\u20ac pro Tag - Autokindersitz mieten am Flughafen Teneriffa S\u00fcd (TFS). Extra Komfort, mit + ohne ISOFIX mit 5-Punkt-Gurt & verstellbarer Kopfst\u00fctze.\",\"breadcrumb\":{\"@id\":\"https:\/\/www.sundoo24.com\/teneriffa\/product\/kinder-autositz-mieten-15-36kg\/#breadcrumb\"},\"inLanguage\":\"de\",\"potentialAction\":[{\"@type\":\"ReadAction\",\"target\":[\"https:\/\/www.sundoo24.com\/teneriffa\/product\/kinder-autositz-mieten-15-36kg\/\"]}]},{\"@type\":\"ImageObject\",\"inLanguage\":\"de\",\"@id\":\"https:\/\/www.sundoo24.com\/teneriffa\/product\/kinder-autositz-mieten-15-36kg\/#primaryimage\",\"url\":\"https:\/\/www.sundoo24.com\/teneriffa\/wp-content\/uploads\/2022\/01\/kindersitz-mieten-teneriffa-15-36kg.jpg\",\"contentUrl\":\"https:\/\/www.sundoo24.com\/teneriffa\/wp-content\/uploads\/2022\/01\/kindersitz-mieten-teneriffa-15-36kg.jpg\",\"width\":600,\"height\":600,\"caption\":\"Kindersitz mieten Teneriffa\"},{\"@type\":\"BreadcrumbList\",\"@id\":\"https:\/\/www.sundoo24.com\/teneriffa\/product\/kinder-autositz-mieten-15-36kg\/#breadcrumb\",\"itemListElement\":[{\"@type\":\"ListItem\",\"position\":1,\"name\":\"Mietartikel\",\"item\":\"https:\/\/www.sundoo24.com\/teneriffa\/shop\/\"},{\"@type\":\"ListItem\",\"position\":2,\"name\":\"Autositz f\u00fcr Kinder 15-36 kg\"}]},{\"@type\":\"WebSite\",\"@id\":\"https:\/\/www.sundoo24.com\/teneriffa\/#website\",\"url\":\"https:\/\/www.sundoo24.com\/teneriffa\/\",\"name\":\"SUNDOO Teneriffa\",\"description\":\"Reisen Sie mit leichtem Gep\u00e4ck - Wir haben den passenden Kindersitz f\u00fcr Sie am Flughafen Teneriffa S\u00fcd.\",\"potentialAction\":[{\"@type\":\"SearchAction\",\"target\":{\"@type\":\"EntryPoint\",\"urlTemplate\":\"https:\/\/www.sundoo24.com\/teneriffa\/?s={search_term_string}\"},\"query-input\":{\"@type\":\"PropertyValueSpecification\",\"valueRequired\":true,\"valueName\":\"search_term_string\"}}],\"inLanguage\":\"de\"}]}<\/script>\n","yoast_head_json":{"title":"G\u00fcnstig Kindersitz 15-36 kg mieten am Flughafen Teneriffa S\u00fcd","description":"Ab 4,79\u20ac pro Tag - Autokindersitz mieten am Flughafen Teneriffa S\u00fcd (TFS). Extra Komfort, mit + ohne ISOFIX mit 5-Punkt-Gurt & verstellbarer Kopfst\u00fctze.","robots":{"index":"index","follow":"follow","max-snippet":"max-snippet:-1","max-image-preview":"max-image-preview:large","max-video-preview":"max-video-preview:-1"},"canonical":"https:\/\/www.sundoo24.com\/teneriffa\/product\/kinder-autositz-mieten-15-36kg\/","og_locale":"de_DE","og_type":"article","og_title":"G\u00fcnstig Kindersitz 15-36 kg mieten am Flughafen Teneriffa S\u00fcd","og_description":"Ab 4,79\u20ac pro Tag - Autokindersitz mieten am Flughafen Teneriffa S\u00fcd (TFS). Extra Komfort, mit + ohne ISOFIX mit 5-Punkt-Gurt & verstellbarer Kopfst\u00fctze.","og_url":"https:\/\/www.sundoo24.com\/teneriffa\/product\/kinder-autositz-mieten-15-36kg\/","og_site_name":"Sundoo24.com","article_modified_time":"2025-09-21T17:34:50+00:00","og_image":[{"width":600,"height":600,"url":"https:\/\/www.sundoo24.com\/teneriffa\/wp-content\/uploads\/2022\/01\/kindersitz-mieten-teneriffa-15-36kg.jpg","type":"image\/jpeg"}],"twitter_card":"summary_large_image","twitter_title":"G\u00fcnstig Kindersitz 15-36 kg mieten am Flughafen Teneriffa S\u00fcd","twitter_description":"Ab 4,79\u20ac pro Tag - Autokindersitz mieten am Flughafen Teneriffa S\u00fcd (TFS). Extra Komfort, mit + ohne ISOFIX mit 5-Punkt-Gurt & verstellbarer Kopfst\u00fctze.","twitter_image":"https:\/\/www.sundoo24.com\/teneriffa\/wp-content\/uploads\/2022\/01\/kindersitz-mieten-teneriffa-15-36kg.jpg","schema":{"@context":"https:\/\/schema.org","@graph":[{"@type":"WebPage","@id":"https:\/\/www.sundoo24.com\/teneriffa\/produkt\/kinder-autositz-mieten-15-36kg\/","url":"https:\/\/www.sundoo24.com\/teneriffa\/product\/kinder-autositz-mieten-15-36kg\/","name":"G\u00fcnstig Kindersitz 15-36 kg mieten am Flughafen Teneriffa S\u00fcd","isPartOf":{"@id":"https:\/\/www.sundoo24.com\/teneriffa\/#website"},"primaryImageOfPage":{"@id":"https:\/\/www.sundoo24.com\/teneriffa\/product\/kinder-autositz-mieten-15-36kg\/#primaryimage"},"image":{"@id":"https:\/\/www.sundoo24.com\/teneriffa\/product\/kinder-autositz-mieten-15-36kg\/#primaryimage"},"thumbnailUrl":"https:\/\/www.sundoo24.com\/teneriffa\/wp-content\/uploads\/2022\/01\/kindersitz-mieten-teneriffa-15-36kg.jpg","description":"Ab 4,79\u20ac pro Tag - Autokindersitz mieten am Flughafen Teneriffa S\u00fcd (TFS). Extra Komfort, mit + ohne ISOFIX mit 5-Punkt-Gurt & verstellbarer Kopfst\u00fctze.","breadcrumb":{"@id":"https:\/\/www.sundoo24.com\/teneriffa\/product\/kinder-autositz-mieten-15-36kg\/#breadcrumb"},"inLanguage":"de","potentialAction":[{"@type":"ReadAction","target":["https:\/\/www.sundoo24.com\/teneriffa\/product\/kinder-autositz-mieten-15-36kg\/"]}]},{"@type":"ImageObject","inLanguage":"de","@id":"https:\/\/www.sundoo24.com\/teneriffa\/product\/kinder-autositz-mieten-15-36kg\/#primaryimage","url":"https:\/\/www.sundoo24.com\/teneriffa\/wp-content\/uploads\/2022\/01\/kindersitz-mieten-teneriffa-15-36kg.jpg","contentUrl":"https:\/\/www.sundoo24.com\/teneriffa\/wp-content\/uploads\/2022\/01\/kindersitz-mieten-teneriffa-15-36kg.jpg","width":600,"height":600,"caption":"Kindersitz mieten Teneriffa"},{"@type":"BreadcrumbList","@id":"https:\/\/www.sundoo24.com\/teneriffa\/product\/kinder-autositz-mieten-15-36kg\/#breadcrumb","itemListElement":[{"@type":"ListItem","position":1,"name":"Mietartikel","item":"https:\/\/www.sundoo24.com\/teneriffa\/shop\/"},{"@type":"ListItem","position":2,"name":"Autositz f\u00fcr Kinder 15-36 kg"}]},{"@type":"WebSite","@id":"https:\/\/www.sundoo24.com\/teneriffa\/#website","url":"https:\/\/www.sundoo24.com\/teneriffa\/","name":"SUNDOO Teneriffa","description":"Reisen Sie mit leichtem Gep\u00e4ck - Wir haben den passenden Kindersitz f\u00fcr Sie am Flughafen Teneriffa S\u00fcd.","potentialAction":[{"@type":"SearchAction","target":{"@type":"EntryPoint","urlTemplate":"https:\/\/www.sundoo24.com\/teneriffa\/?s={search_term_string}"},"query-input":{"@type":"PropertyValueSpecification","valueRequired":true,"valueName":"search_term_string"}}],"inLanguage":"de"}]}},"_links":{"self":[{"href":"https:\/\/www.sundoo24.com\/teneriffa\/wp-json\/wp\/v2\/product\/2929","targetHints":{"allow":["GET"]}}],"collection":[{"href":"https:\/\/www.sundoo24.com\/teneriffa\/wp-json\/wp\/v2\/product"}],"about":[{"href":"https:\/\/www.sundoo24.com\/teneriffa\/wp-json\/wp\/v2\/types\/product"}],"replies":[{"embeddable":true,"href":"https:\/\/www.sundoo24.com\/teneriffa\/wp-json\/wp\/v2\/comments?post=2929"}],"wp:featuredmedia":[{"embeddable":true,"href":"https:\/\/www.sundoo24.com\/teneriffa\/wp-json\/wp\/v2\/media\/7726"}],"wp:attachment":[{"href":"https:\/\/www.sundoo24.com\/teneriffa\/wp-json\/wp\/v2\/media?parent=2929"}],"wp:term":[{"taxonomy":"product_brand","embeddable":true,"href":"https:\/\/www.sundoo24.com\/teneriffa\/wp-json\/wp\/v2\/product_brand?post=2929"},{"taxonomy":"product_cat","embeddable":true,"href":"https:\/\/www.sundoo24.com\/teneriffa\/wp-json\/wp\/v2\/product_cat?post=2929"},{"taxonomy":"product_tag","embeddable":true,"href":"https:\/\/www.sundoo24.com\/teneriffa\/wp-json\/wp\/v2\/product_tag?post=2929"}],"curies":[{"name":"wp","href":"https:\/\/api.w.org\/{rel}","templated":true}]}}