{"id":73,"date":"2016-06-14T06:15:58","date_gmt":"2016-06-14T06:15:58","guid":{"rendered":"http:\/\/sw-themes.com\/porto_dummy\/?page_id=73"},"modified":"2025-12-19T12:59:41","modified_gmt":"2025-12-19T11:59:41","slug":"kontakt","status":"publish","type":"page","link":"https:\/\/www.sundoo24.com\/teneriffa\/kontakt\/","title":{"rendered":"Kontakt"},"content":{"rendered":"<div class=\"wpb-content-wrapper\"><p>[vc_row wrap_container=&#8220;yes&#8220; el_class=&#8220;m-b-xl&#8220;][vc_column width=&#8220;1\/2&#8243;]\n<div class=\"wpcf7 no-js\" id=\"wpcf7-f74-o1\" lang=\"en-US\" dir=\"ltr\" data-wpcf7-id=\"74\">\n<div class=\"screen-reader-response\"><p role=\"status\" aria-live=\"polite\" aria-atomic=\"true\"><\/p> <ul><\/ul><\/div>\n<form action=\"\/teneriffa\/wp-json\/wp\/v2\/pages\/73#wpcf7-f74-o1\" method=\"post\" class=\"wpcf7-form init\" aria-label=\"Contact form\" novalidate=\"novalidate\" data-status=\"init\">\n<fieldset class=\"hidden-fields-container\"><input type=\"hidden\" name=\"_wpcf7\" value=\"74\" \/><input type=\"hidden\" name=\"_wpcf7_version\" value=\"6.1.5\" \/><input type=\"hidden\" name=\"_wpcf7_locale\" value=\"en_US\" \/><input type=\"hidden\" name=\"_wpcf7_unit_tag\" value=\"wpcf7-f74-o1\" \/><input type=\"hidden\" name=\"_wpcf7_container_post\" value=\"0\" \/><input type=\"hidden\" name=\"_wpcf7_posted_data_hash\" value=\"\" \/>\n<\/fieldset>\n<h4 class=\"vc_custom_heading m-t align-left heading-primary\">Kontaktformular:<\/h4>\n<div class=\"form-group mb-3\">\n<label for=\"username\" class=\"mb-3\"> Ihr Name *\n <span class=\"wpcf7-form-control-wrap\" data-name=\"your-name\"><input size=\"40\" maxlength=\"400\" class=\"wpcf7-form-control wpcf7-text wpcf7-validates-as-required form-control\" aria-required=\"true\" aria-invalid=\"false\" value=\"\" type=\"text\" name=\"your-name\" \/><\/span> <\/label>\n<label for=\"email\" class=\"mb-3\"> E-Mail Adresse: *\n <span class=\"wpcf7-form-control-wrap\" data-name=\"your-email\"><input size=\"40\" maxlength=\"400\" class=\"wpcf7-form-control wpcf7-email wpcf7-validates-as-required wpcf7-text wpcf7-validates-as-email form-control\" aria-required=\"true\" aria-invalid=\"false\" value=\"\" type=\"email\" name=\"your-email\" \/><\/span> <\/label>\n<label for=\"username\" class=\"mb-3\"> Betreff: *\n <span class=\"wpcf7-form-control-wrap\" data-name=\"your-subject\"><input size=\"40\" maxlength=\"400\" class=\"wpcf7-form-control wpcf7-text wpcf7-validates-as-required form-control\" aria-required=\"true\" aria-invalid=\"false\" value=\"\" type=\"text\" name=\"your-subject\" \/><\/span> <\/label>\n<label for=\"username\" class=\"mb-3\"> Ihre Nachricht: *\n <span class=\"wpcf7-form-control-wrap\" data-name=\"your-message\"><textarea cols=\"40\" rows=\"10\" maxlength=\"2000\" class=\"wpcf7-form-control wpcf7-textarea form-control\" aria-invalid=\"false\" name=\"your-message\"><\/textarea><\/span> <\/label>\n<div><input class=\"wpcf7-form-control wpcf7-submit has-spinner btn btn-dark\" type=\"submit\" value=\"Nachricht senden\" \/><\/div>\n<\/div>\n<p><strong>Wichtiger Hinweis:<\/strong> Wir bem\u00fchen uns stets um eine schnelle Bearbeitung Ihrer Anfragen. Dennoch kann es in Ausnahmef\u00e4llen vorkommen, dass unsere Antwort-E-Mail Ihren Posteingang umgeht und im SPAM-Ordner landet. Sollten Sie binnen 24 Stunden keine R\u00fcckmeldung von uns erhalten haben, empfehlen wir Ihnen, einen Blick in Ihren SPAM-Ordner zu werfen. Vielen Dank. <\/p><div class=\"wpcf7-response-output\" aria-hidden=\"true\"><\/div>\n<\/form>\n<\/div>\n[\/vc_column][vc_column width=&#8220;1\/2&#8243;][vc_custom_heading text=&#8220;Schreiben Sie uns \u2013 24\/7 erreichbar&#8220; font_container=&#8220;tag:h4|text_align:left&#8220; use_theme_fonts=&#8220;yes&#8220; skin=&#8220;primary&#8220; el_class=&#8220;m-t&#8220; css_params=&#8220;&#8220;][vc_column_text css=&#8220;&#8220; css_params=&#8220;&#8220;]Fragen, \u00c4nderungsw\u00fcnsche oder Feedback? Nutzen Sie jederzeit das Kontaktformular &#8211; wir reagieren innerhalb von 24 Stunden. <strong>In dringenden Angelegenheiten sind wir auch per Telefon, WhatsApp oder Telegram f\u00fcr Sie da und antworten in der Regel innerhalb weniger Minuten.<\/strong>[\/vc_column_text][vc_separator color=&#8220;custom&#8220; gradient=&#8220;yes&#8220;][vc_custom_heading text=&#8220;So erreichen Sie uns:&#8220; font_container=&#8220;tag:h4|text_align:left&#8220; use_theme_fonts=&#8220;yes&#8220; skin=&#8220;primary&#8220;]<div class=\"porto-sicon-box wpb_custom_991192e517ba80822b25b68bbbc51b14 style_1 default-icon\"><div class=\"porto-sicon-default\"><div class=\"porto-just-icon-wrapper porto-icon circle\" style=\"color:#ffffff;background:#0088cc;font-size:14px;\"><i class=\"fas fa-phone\"><\/i><\/div><\/div><div class=\"porto-sicon-header\"><h3 class=\"porto-sicon-title\" style=\"font-size:14px;color:#777777;\"><span class=\"font-weight-bold\">Telefon:<\/span> +34 614 097 476<\/h3><\/div> <\/div><div class=\"porto-sicon-box wpb_custom_991192e517ba80822b25b68bbbc51b14 style_1 default-icon\"><div class=\"porto-sicon-default\"><div class=\"porto-just-icon-wrapper porto-icon circle\" style=\"color:#ffffff;background:#0088cc;font-size:14px;\"><i class=\"fas fa-tablet-alt\"><\/i><\/div><\/div><div class=\"porto-sicon-header\"><h3 class=\"porto-sicon-title\" style=\"font-size:14px;color:#777777;\"><span class=\"font-weight-bold\">WhatsApp | Telegram:<\/span> +34 614 097 476<\/h3><\/div> <\/div><div class=\"porto-sicon-box wpb_custom_991192e517ba80822b25b68bbbc51b14 style_1 default-icon\"><div class=\"porto-sicon-default\"><div class=\"porto-just-icon-wrapper porto-icon circle\" style=\"color:#ffffff;background:#0088cc;font-size:14px;\"><i class=\"fas fa-envelope\"><\/i><\/div><\/div><div class=\"porto-sicon-header\"><h3 class=\"porto-sicon-title\" style=\"font-size:14px;color:#777777;\"><span class=\"font-weight-bold\">E-Mail:<\/span> \u00dcber das Kontaktformular<\/h3><\/div> <\/div>[vc_separator color=&#8220;custom&#8220; gradient=&#8220;yes&#8220;][vc_custom_heading text=&#8220;Gesch\u00e4ftszeiten:&#8220; font_container=&#8220;tag:h4|text_align:left&#8220; use_theme_fonts=&#8220;yes&#8220; skin=&#8220;primary&#8220;]<div class=\"porto-sicon-box wpb_custom_991192e517ba80822b25b68bbbc51b14 style_1 default-icon\"><div class=\"porto-sicon-default\"><div class=\"porto-just-icon-wrapper porto-icon circle\" style=\"color:#ffffff;background:#0088cc;font-size:14px;\"><i class=\"far fa-clock\"><\/i><\/div><\/div><div class=\"porto-sicon-header\"><h3 class=\"porto-sicon-title\" style=\"font-size:14px;color:#777777;\">Montag - Sonntag: 0 bis 24 Uhr<\/h3><\/div> <\/div>[\/vc_column][\/vc_row]<\/p>\n<\/div>","protected":false},"excerpt":{"rendered":"<p>[vc_row wrap_container=&#8220;yes&#8220; el_class=&#8220;m-b-xl&#8220;][vc_column width=&#8220;1\/2&#8243;][\/vc_column][vc_column width=&#8220;1\/2&#8243;][vc_custom_heading text=&#8220;Schreiben Sie uns \u2013 24\/7 erreichbar&#8220; font_container=&#8220;tag:h4|text_align:left&#8220; use_theme_fonts=&#8220;yes&#8220; skin=&#8220;primary&#8220; el_class=&#8220;m-t&#8220; css_params=&#8220;&#8220;][vc_column_text css=&#8220;&#8220; css_params=&#8220;&#8220;]Fragen, \u00c4nderungsw\u00fcnsche oder Feedback? Nutzen Sie jederzeit das Kontaktformular &#8211; wir reagieren innerhalb von 24 Stunden. In dringenden Angelegenheiten sind wir auch per Telefon, WhatsApp oder Telegram f\u00fcr Sie da und antworten in der Regel innerhalb weniger Minuten.[\/vc_column_text][vc_separator [&hellip;]<\/p>\n","protected":false},"author":3,"featured_media":0,"parent":0,"menu_order":0,"comment_status":"closed","ping_status":"closed","template":"","meta":{"_pvb_checkbox_block_on_post":false,"footnotes":""},"class_list":["post-73","page","type-page","status-publish","hentry"],"yoast_head":"\n<title>Kontakt \u2013 24\/7 Support am Flughafen Teneriffa S\u00fcd | SUNDOO<\/title>\n<meta name=\"description\" content=\"Fragen zu Kindersitz- &amp; Babyzubeh\u00f6r-Miete? Kontaktieren Sie SUNDOO per Formular, Telefon, WhatsApp oder Telegram \u2013 Antwort binnen 24 h.\" \/>\n<meta name=\"robots\" content=\"index, follow, max-snippet:-1, max-image-preview:large, max-video-preview:-1\" \/>\n<link rel=\"canonical\" href=\"https:\/\/www.sundoo24.com\/teneriffa\/kontakt\/\" \/>\n<meta property=\"og:locale\" content=\"de_DE\" \/>\n<meta property=\"og:type\" content=\"article\" \/>\n<meta property=\"og:title\" content=\"Kontakt \u2013 24\/7 Support am Flughafen Teneriffa S\u00fcd | SUNDOO\" \/>\n<meta property=\"og:description\" content=\"Fragen zu Kindersitz- &amp; Babyzubeh\u00f6r-Miete? Kontaktieren Sie SUNDOO per Formular, Telefon, WhatsApp oder Telegram \u2013 Antwort binnen 24 h.\" \/>\n<meta property=\"og:url\" content=\"https:\/\/www.sundoo24.com\/teneriffa\/kontakt\/\" \/>\n<meta property=\"og:site_name\" content=\"Sundoo24.com\" \/>\n<meta property=\"article:modified_time\" content=\"2025-12-19T11:59:41+00:00\" \/>\n<meta name=\"twitter:card\" content=\"summary_large_image\" \/>\n<script type=\"application\/ld+json\" class=\"yoast-schema-graph\">{\"@context\":\"https:\/\/schema.org\",\"@graph\":[{\"@type\":\"WebPage\",\"@id\":\"https:\/\/www.sundoo24.com\/teneriffa\/kontakt\/\",\"url\":\"https:\/\/www.sundoo24.com\/teneriffa\/kontakt\/\",\"name\":\"Kontakt \u2013 24\/7 Support am Flughafen Teneriffa S\u00fcd | SUNDOO\",\"isPartOf\":{\"@id\":\"https:\/\/www.sundoo24.com\/teneriffa\/#website\"},\"description\":\"Fragen zu Kindersitz- & Babyzubeh\u00f6r-Miete? Kontaktieren Sie SUNDOO per Formular, Telefon, WhatsApp oder Telegram \u2013 Antwort binnen 24 h.\",\"inLanguage\":\"de\",\"potentialAction\":[{\"@type\":\"ReadAction\",\"target\":[\"https:\/\/www.sundoo24.com\/teneriffa\/kontakt\/\"]}]},{\"@type\":\"WebSite\",\"@id\":\"https:\/\/www.sundoo24.com\/teneriffa\/#website\",\"url\":\"https:\/\/www.sundoo24.com\/teneriffa\/\",\"name\":\"SUNDOO Teneriffa\",\"description\":\"Reisen Sie mit leichtem Gep\u00e4ck - Wir haben den passenden Kindersitz f\u00fcr Sie am Flughafen Teneriffa S\u00fcd.\",\"potentialAction\":[{\"@type\":\"SearchAction\",\"target\":{\"@type\":\"EntryPoint\",\"urlTemplate\":\"https:\/\/www.sundoo24.com\/teneriffa\/?s={search_term_string}\"},\"query-input\":{\"@type\":\"PropertyValueSpecification\",\"valueRequired\":true,\"valueName\":\"search_term_string\"}}],\"inLanguage\":\"de\"}]}<\/script>\n","yoast_head_json":{"title":"Kontakt \u2013 24\/7 Support am Flughafen Teneriffa S\u00fcd | SUNDOO","description":"Fragen zu Kindersitz- & Babyzubeh\u00f6r-Miete? Kontaktieren Sie SUNDOO per Formular, Telefon, WhatsApp oder Telegram \u2013 Antwort binnen 24 h.","robots":{"index":"index","follow":"follow","max-snippet":"max-snippet:-1","max-image-preview":"max-image-preview:large","max-video-preview":"max-video-preview:-1"},"canonical":"https:\/\/www.sundoo24.com\/teneriffa\/kontakt\/","og_locale":"de_DE","og_type":"article","og_title":"Kontakt \u2013 24\/7 Support am Flughafen Teneriffa S\u00fcd | SUNDOO","og_description":"Fragen zu Kindersitz- & Babyzubeh\u00f6r-Miete? Kontaktieren Sie SUNDOO per Formular, Telefon, WhatsApp oder Telegram \u2013 Antwort binnen 24 h.","og_url":"https:\/\/www.sundoo24.com\/teneriffa\/kontakt\/","og_site_name":"Sundoo24.com","article_modified_time":"2025-12-19T11:59:41+00:00","twitter_card":"summary_large_image","schema":{"@context":"https:\/\/schema.org","@graph":[{"@type":"WebPage","@id":"https:\/\/www.sundoo24.com\/teneriffa\/kontakt\/","url":"https:\/\/www.sundoo24.com\/teneriffa\/kontakt\/","name":"Kontakt \u2013 24\/7 Support am Flughafen Teneriffa S\u00fcd | SUNDOO","isPartOf":{"@id":"https:\/\/www.sundoo24.com\/teneriffa\/#website"},"description":"Fragen zu Kindersitz- & Babyzubeh\u00f6r-Miete? Kontaktieren Sie SUNDOO per Formular, Telefon, WhatsApp oder Telegram \u2013 Antwort binnen 24 h.","inLanguage":"de","potentialAction":[{"@type":"ReadAction","target":["https:\/\/www.sundoo24.com\/teneriffa\/kontakt\/"]}]},{"@type":"WebSite","@id":"https:\/\/www.sundoo24.com\/teneriffa\/#website","url":"https:\/\/www.sundoo24.com\/teneriffa\/","name":"SUNDOO Teneriffa","description":"Reisen Sie mit leichtem Gep\u00e4ck - Wir haben den passenden Kindersitz f\u00fcr Sie am Flughafen Teneriffa S\u00fcd.","potentialAction":[{"@type":"SearchAction","target":{"@type":"EntryPoint","urlTemplate":"https:\/\/www.sundoo24.com\/teneriffa\/?s={search_term_string}"},"query-input":{"@type":"PropertyValueSpecification","valueRequired":true,"valueName":"search_term_string"}}],"inLanguage":"de"}]}},"_links":{"self":[{"href":"https:\/\/www.sundoo24.com\/teneriffa\/wp-json\/wp\/v2\/pages\/73","targetHints":{"allow":["GET"]}}],"collection":[{"href":"https:\/\/www.sundoo24.com\/teneriffa\/wp-json\/wp\/v2\/pages"}],"about":[{"href":"https:\/\/www.sundoo24.com\/teneriffa\/wp-json\/wp\/v2\/types\/page"}],"author":[{"embeddable":true,"href":"https:\/\/www.sundoo24.com\/teneriffa\/wp-json\/wp\/v2\/users\/3"}],"replies":[{"embeddable":true,"href":"https:\/\/www.sundoo24.com\/teneriffa\/wp-json\/wp\/v2\/comments?post=73"}],"version-history":[{"count":7,"href":"https:\/\/www.sundoo24.com\/teneriffa\/wp-json\/wp\/v2\/pages\/73\/revisions"}],"predecessor-version":[{"id":7897,"href":"https:\/\/www.sundoo24.com\/teneriffa\/wp-json\/wp\/v2\/pages\/73\/revisions\/7897"}],"wp:attachment":[{"href":"https:\/\/www.sundoo24.com\/teneriffa\/wp-json\/wp\/v2\/media?parent=73"}],"curies":[{"name":"wp","href":"https:\/\/api.w.org\/{rel}","templated":true}]}}