{"id":3,"date":"2022-01-20T15:57:38","date_gmt":"2022-01-20T14:57:38","guid":{"rendered":"https:\/\/www.sundoo.es\/?page_id=3"},"modified":"2025-09-07T11:31:15","modified_gmt":"2025-09-07T09:31:15","slug":"datenschutzerklaerung","status":"publish","type":"page","link":"https:\/\/www.sundoo24.com\/teneriffa\/datenschutzerklaerung\/","title":{"rendered":"Datenschutzerkl\u00e4rung"},"content":{"rendered":"<div class=\"wpb-content-wrapper\"><p>[vc_row][vc_column][vc_column_text css=&#8220;&#8220; css_params=&#8220;&#8220;]PR\u00c4AMBEL<br \/>\nDer Kunden-Schutz und die zur Verf\u00fcgung gestellten personenbezogenen und sonstigen Informationen und sensiblen Daten sind SUNDOO Teneriffa ein besonderes Anliegen. Die folgende Erkl\u00e4rung zum Datenschutz stellt die Einhaltung und den Schutz empfindlicher Daten sicher.<\/p>\n<p>\u00a7 1 PERSONENBEZOGENE DATEN<br \/>\na) Personenbezogene Daten<br \/>\nDie Daten einer Person sind Informationen, die die Wiedererkennbarkeit des Kunden offenbaren oder offenbaren k\u00f6nnen. SUNDOO Teneriffa h\u00e4lt sich an den Grundsatz der Datensparsamkeit und Datenvermeidung. Die Erhebung, Verarbeitung und Nutzung von personenbezogenen Daten beschr\u00e4nken wir auf notwendige Ma\u00dfe.<\/p>\n<p>b) Umgang<br \/>\nPersonenbezogene Daten verwendet SUNDOO Teneriffa lediglich zur Vertragsbegr\u00fcndung, inhaltlichen Ausgestaltung, Umsetzung oder Abwicklung des Vertragsverh\u00e4ltnisses. Wir geben Daten grundlegend nicht an Dritte weiter. Eine Nutzung personenbezogener Daten werden nur im unumg\u00e4nglichen Ausma\u00df, in erster Linie zum F\u00fchren des Accounts vom Kunden, oder falls SUNDOO Teneriffa gesetzlich oder per Beschluss vom Gericht dazu beauftragt wird oder, wenn notwendig, um eine missbr\u00e4uchliche Anwendung ungeachtet der Allgemeinen Gesch\u00e4ftsbedingungen in vorgeschriebener Weise zu untersagen.<\/p>\n<p>c) Recht auf Widerspruch<br \/>\nDie Speicherung der Daten kann vom Kunden jederzeit unterbunden werden. Davon ausgenommen sind jene personenbezogenen Daten, die zum Zwecke der Abwicklung des Vetrages bereitgehalten werden m\u00fcssen.<\/p>\n<p>d) Recht auf Auskunft<br \/>\nSUNDOO Teneriffa informiert Kunden auf Nachfrage \u00fcber die zur Person aufbewahrten Daten. Unsere Auskunftserteilung ist kostenlos.<\/p>\n<p>e) Recht auf Korrektur, L\u00f6schung und Sperrung von Daten<br \/>\nUnsere Kunden haben zu jedem Zeitpunkt das Recht, inkorrekte personenbezogene Daten auf schriftlichen Antrag hin korrigieren, l\u00f6schen oder sperren zu lassen. Die Aus\u00fcbung des Rechts ist kostenlos und unkompliziert \u00fcber das Kontaktformular zu beantragen.<\/p>\n<p>\u00a7 2 VERTRAULICHKEIT DER \u00dcBERGEBENEN DATEN VOM KUNDEN<br \/>\nVom Kunden \u00fcbergebene Zugangsdaten an SUNDOO Teneriffa werden nur im Rahmen der Vertragsdurchf\u00fchrung verwendet und nicht weitergereicht. SUNDOO Teneriffa stellt unentwegt die Daten-Vertraulichkeit seiner Kunden sicher.<\/p>\n<p>\u00a7 3 NEWSLETTER<br \/>\nF\u00fcr die Newsletter-Anmeldung verwenden wir von Ihnen angegebenen Daten, um den Newsletter zu schicken. Wir nutzen ihre E-Mail-Adresse f\u00fcr eigene Werbemittel-Ma\u00dfnahmen, bis eine Abmeldung vom Newsletter-Service erfolgt. Dieses Einverst\u00e4ndnis k\u00f6nnen Sie zu jeder Zeit mit sofortiger Wirkung f\u00fcr die Zukunft widerrufen, indem Sie den Newsletter abbestellen.<\/p>\n<p>\u00a7 4 DATEN DER NUTZUNG<br \/>\nSUNDOO Teneriffa erhebt bei der Benutzung unserer Webseite allgemeine technische Informationen. Das schlie\u00dft IP-Adresse, Uhrzeit, Besuchsdauer, Typ des Browsers und ggf. die Seite der Herkunft mit ein. Wir speichern die Daten der Nutzung in einem Logfile, welche uns zum Zwecke der Statistikauswertungen dienlich sind. Ein Verkn\u00fcpfen der Daten der Nutzung mit personenbezogenen Daten des Benutzers findet nicht statt.<\/p>\n<p>\u00a7 5 DATENSICHERHEIT<br \/>\na) Datensicherheit<br \/>\nSUNDOO Teneriffa sichert technische und organisatorische Ma\u00dfnahmen von ganzheitlichen Daten gegen Verlust, Zerst\u00f6rung, Zugriff, Ver\u00e4nderung und Verbreitung. SUNDOO Teneriffa \u00fcbernimmt ungeachtet dessen keine Gew\u00e4hr f\u00fcr zerst\u00f6rte oder besch\u00e4digte Daten.<\/p>\n<p>b) Sessions und Cookies<br \/>\nZur Bedienung des Internetauftritts kann SUNDOO Teneriffa serverseitige Sessions oder auch Cookies verwenden, welche zur Datenspeicherung dienen. Die kleinen Dateien (Cookies) werden von einer Webseite direkt auf der Kunden-Festplatte abgespeichert. Dadurch passt sich der PC beim n\u00e4chsten Besuch der Webseite von selbst an die Nutzung der Webseite an. Mit dem Gebrauch der Webseite www.sundoo24.com geben Sie automatisch Ihre Erlaubnis zur Cookie-Benutzung. SUNDOO Teneriffa \u00fcbernimmt keine pers\u00f6nlichen Daten aus Cookies oder Sessions.<\/p>\n<p>\u00a7 6 DRITTANBIETER DIENSTE<br \/>\na) Google Analytics<br \/>\nSUNDOO Teneriffa verwendet Google Analytics. Der analytische Web-Dienst wird von Google Inc.,1600 Amphitheatre Parkway, Mountain View, CA 94043, USA (\u201eGoogle\u201c) betrieben und bezieht und sammelt Daten, aus denen unter Einsatz von Decknamen Profile von Nutzern erfasst werden. Die daraus verfassten Profile der Nutzer helfen bei der analytischen Auswertung der Verhaltensweisen der Benutzer. Das dargestellte Angebot kann dar\u00fcber bedarfsentsprechend angepasst und optimiert werden. Google Analytics benutzt \u201eCookies\u201c, kleine Textdateien, die auf Ihrem Computer hinterlegt werden und die eine Untersuchung der Verwendung der Website durch Sie m\u00f6glich machen. Die mittels Cookie produzierten Sachverhalte \u00fcber Ihre Verwendung dieser Website werden allgemein \u00fcblich an einen Google-Server in den USA gesendet und aufbewahrt. Sollte die Anonymisierung ihrer IP auf dieser Webseite aktiviert sein, k\u00fcrzt Google ihre IP-Adresse innerhalb der Mitgliedstaaten der Europ\u00e4ischen Union oder in anderen Vertragsstaaten des Abkommens \u00fcber den Europ\u00e4ischen Wirtschaftsraum zuvor. In einigen Ausnahmen \u00fcbertr\u00e4gt, k\u00fcrzt und sendet Google komplette IP-Adressen an amerikanische Server. Google verwendet diese Daten im Auftrag des Webseitenbetreibers, um Ihre Verwendung der Webseite zu bewerten, um Berichte \u00fcber ihre Aktivit\u00e4t auf der Webseite zu erstellen und um darauf folgende mit der Webseitenbenutzung und der Verwendung im Internet dazugeh\u00f6rigen Dienstleistungen gegen\u00fcber des Betreibers der Webseite zu erm\u00f6glichen. Sonstige Daten von Google werden nicht mit ihren Daten von Google Analytics \u00fcber ihren Browser gesendete IP-Adresse in Verbindung gebracht. Unter falschen Namen gef\u00fchrte Benutzerprofile werden nicht mit den personenbezogenen Daten verkn\u00fcpt, es sei denn, Sie geben ihre gesonderte und ausdr\u00fcckliche Einwilligung. Eine gewisse Einstellung ihrer Software im Browser untersagt eine Cookie-Speicherung. Falls Sie sich daf\u00fcr entscheiden, bedenken Sie bitte, dass dadurch nicht alle Webseiten-Funktionen vollumfassend genutzt werden k\u00f6nnen. Sie k\u00f6nnen die Cookie-Eintragung und ihre Benutzung der Webseite bezogenen Daten und ihrer IP-Adresse, sowie die Registrierung dieser durch Google verhindern. Installieren Sie dazu das unter diesem Link (http:\/\/tools.google.com\/dlpage\/gaoptout?hl=de) zur Verf\u00fcgung gestellte Plugin f\u00fcr ihren Browser. Alle Hinweise zum Google Datenschutz finden Sie unter diesem Link http:\/\/www.google.de\/intl\/de\/policies\/privacy\/. Zus\u00e4tzliche Hinweise \u00fcber den Schutz Ihrer Daten und Nutzungsbedingungen bekommen Sie unter http:\/\/www.google.com\/analytics\/terms\/de.html bzw. unter http:\/\/www.google.com\/intl\/de\/analytics\/privacyoverview.html.<\/p>\n<p>b) Nutzung von AddThis<br \/>\nDiese Website benutzt AddThis, einen Bookmarking-Dienst, betrieben von der Oracle Inc.,1595 Spring Hill Rd, Suite 300, Vienna, VA 22182, USA. Bei der Nutzung von AddThis werden auch Daten \u00fcber die Nutzung der einzelnen Sharingdienste durch Besucher der Webseiten erhoben, verarbeitet und genutzt. Die Datenschutzhinweise von AddThis kann der Kunde auf http:\/\/www.addthis.com\/privacy\/privacy-policy\/de einsehen.<\/p>\n<p>\u00a7 7 KONTAKTAUFNAHME<br \/>\nZur Kontaktaufnahme in Hinsicht des Datenschutzes wenden Sie sich bitte an unsere Ansprechperson vor Ort oder verwenden Sie das Kontaktformular.[\/vc_column_text][\/vc_column][\/vc_row]<\/p>\n<\/div>","protected":false},"excerpt":{"rendered":"<p>[vc_row][vc_column][vc_column_text css=&#8220;&#8220; css_params=&#8220;&#8220;]PR\u00c4AMBEL Der Kunden-Schutz und die zur Verf\u00fcgung gestellten personenbezogenen und sonstigen Informationen und sensiblen Daten sind SUNDOO Teneriffa ein besonderes Anliegen. Die folgende Erkl\u00e4rung zum Datenschutz stellt die Einhaltung und den Schutz empfindlicher Daten sicher. \u00a7 1 PERSONENBEZOGENE DATEN a) Personenbezogene Daten Die Daten einer Person sind Informationen, die die Wiedererkennbarkeit des Kunden [&hellip;]<\/p>\n","protected":false},"author":3,"featured_media":0,"parent":0,"menu_order":0,"comment_status":"closed","ping_status":"open","template":"","meta":{"_pvb_checkbox_block_on_post":false,"footnotes":""},"class_list":["post-3","page","type-page","status-publish","hentry"],"yoast_head":"\n<title>Datenschutzerkl\u00e4rung | Sundoo24.com<\/title>\n<meta name=\"robots\" content=\"noindex, follow\" \/>\n<meta property=\"og:locale\" content=\"de_DE\" \/>\n<meta property=\"og:type\" content=\"article\" \/>\n<meta property=\"og:title\" content=\"Datenschutzerkl\u00e4rung | Sundoo24.com\" \/>\n<meta property=\"og:description\" content=\"[vc_row][vc_column][vc_column_text css=&#8220;&#8220; css_params=&#8220;&#8220;]PR\u00c4AMBEL Der Kunden-Schutz und die zur Verf\u00fcgung gestellten personenbezogenen und sonstigen Informationen und sensiblen Daten sind SUNDOO Teneriffa ein besonderes Anliegen. Die folgende Erkl\u00e4rung zum Datenschutz stellt die Einhaltung und den Schutz empfindlicher Daten sicher. \u00a7 1 PERSONENBEZOGENE DATEN a) Personenbezogene Daten Die Daten einer Person sind Informationen, die die Wiedererkennbarkeit des Kunden [&hellip;]\" \/>\n<meta property=\"og:url\" content=\"https:\/\/www.sundoo24.com\/teneriffa\/datenschutzerklaerung\/\" \/>\n<meta property=\"og:site_name\" content=\"Sundoo24.com\" \/>\n<meta property=\"article:modified_time\" content=\"2025-09-07T09:31:15+00:00\" \/>\n<meta name=\"twitter:card\" content=\"summary_large_image\" \/>\n<script type=\"application\/ld+json\" class=\"yoast-schema-graph\">{\"@context\":\"https:\/\/schema.org\",\"@graph\":[{\"@type\":\"WebPage\",\"@id\":\"https:\/\/www.sundoo24.com\/teneriffa\/datenschutzerklaerung\/\",\"url\":\"https:\/\/www.sundoo24.com\/teneriffa\/datenschutzerklaerung\/\",\"name\":\"Datenschutzerkl\u00e4rung | Sundoo24.com\",\"isPartOf\":{\"@id\":\"https:\/\/www.sundoo24.com\/teneriffa\/#website\"},\"inLanguage\":\"de\",\"potentialAction\":[{\"@type\":\"ReadAction\",\"target\":[\"https:\/\/www.sundoo24.com\/teneriffa\/datenschutzerklaerung\/\"]}]},{\"@type\":\"WebSite\",\"@id\":\"https:\/\/www.sundoo24.com\/teneriffa\/#website\",\"url\":\"https:\/\/www.sundoo24.com\/teneriffa\/\",\"name\":\"SUNDOO Teneriffa\",\"description\":\"Reisen Sie mit leichtem Gep\u00e4ck - Wir haben den passenden Kindersitz f\u00fcr Sie am Flughafen Teneriffa S\u00fcd.\",\"potentialAction\":[{\"@type\":\"SearchAction\",\"target\":{\"@type\":\"EntryPoint\",\"urlTemplate\":\"https:\/\/www.sundoo24.com\/teneriffa\/?s={search_term_string}\"},\"query-input\":{\"@type\":\"PropertyValueSpecification\",\"valueRequired\":true,\"valueName\":\"search_term_string\"}}],\"inLanguage\":\"de\"}]}<\/script>\n","yoast_head_json":{"title":"Datenschutzerkl\u00e4rung | Sundoo24.com","robots":{"index":"noindex","follow":"follow"},"og_locale":"de_DE","og_type":"article","og_title":"Datenschutzerkl\u00e4rung | Sundoo24.com","og_description":"[vc_row][vc_column][vc_column_text css=&#8220;&#8220; css_params=&#8220;&#8220;]PR\u00c4AMBEL Der Kunden-Schutz und die zur Verf\u00fcgung gestellten personenbezogenen und sonstigen Informationen und sensiblen Daten sind SUNDOO Teneriffa ein besonderes Anliegen. Die folgende Erkl\u00e4rung zum Datenschutz stellt die Einhaltung und den Schutz empfindlicher Daten sicher. \u00a7 1 PERSONENBEZOGENE DATEN a) Personenbezogene Daten Die Daten einer Person sind Informationen, die die Wiedererkennbarkeit des Kunden [&hellip;]","og_url":"https:\/\/www.sundoo24.com\/teneriffa\/datenschutzerklaerung\/","og_site_name":"Sundoo24.com","article_modified_time":"2025-09-07T09:31:15+00:00","twitter_card":"summary_large_image","schema":{"@context":"https:\/\/schema.org","@graph":[{"@type":"WebPage","@id":"https:\/\/www.sundoo24.com\/teneriffa\/datenschutzerklaerung\/","url":"https:\/\/www.sundoo24.com\/teneriffa\/datenschutzerklaerung\/","name":"Datenschutzerkl\u00e4rung | Sundoo24.com","isPartOf":{"@id":"https:\/\/www.sundoo24.com\/teneriffa\/#website"},"inLanguage":"de","potentialAction":[{"@type":"ReadAction","target":["https:\/\/www.sundoo24.com\/teneriffa\/datenschutzerklaerung\/"]}]},{"@type":"WebSite","@id":"https:\/\/www.sundoo24.com\/teneriffa\/#website","url":"https:\/\/www.sundoo24.com\/teneriffa\/","name":"SUNDOO Teneriffa","description":"Reisen Sie mit leichtem Gep\u00e4ck - Wir haben den passenden Kindersitz f\u00fcr Sie am Flughafen Teneriffa S\u00fcd.","potentialAction":[{"@type":"SearchAction","target":{"@type":"EntryPoint","urlTemplate":"https:\/\/www.sundoo24.com\/teneriffa\/?s={search_term_string}"},"query-input":{"@type":"PropertyValueSpecification","valueRequired":true,"valueName":"search_term_string"}}],"inLanguage":"de"}]}},"_links":{"self":[{"href":"https:\/\/www.sundoo24.com\/teneriffa\/wp-json\/wp\/v2\/pages\/3","targetHints":{"allow":["GET"]}}],"collection":[{"href":"https:\/\/www.sundoo24.com\/teneriffa\/wp-json\/wp\/v2\/pages"}],"about":[{"href":"https:\/\/www.sundoo24.com\/teneriffa\/wp-json\/wp\/v2\/types\/page"}],"author":[{"embeddable":true,"href":"https:\/\/www.sundoo24.com\/teneriffa\/wp-json\/wp\/v2\/users\/3"}],"replies":[{"embeddable":true,"href":"https:\/\/www.sundoo24.com\/teneriffa\/wp-json\/wp\/v2\/comments?post=3"}],"version-history":[{"count":2,"href":"https:\/\/www.sundoo24.com\/teneriffa\/wp-json\/wp\/v2\/pages\/3\/revisions"}],"predecessor-version":[{"id":7832,"href":"https:\/\/www.sundoo24.com\/teneriffa\/wp-json\/wp\/v2\/pages\/3\/revisions\/7832"}],"wp:attachment":[{"href":"https:\/\/www.sundoo24.com\/teneriffa\/wp-json\/wp\/v2\/media?parent=3"}],"curies":[{"name":"wp","href":"https:\/\/api.w.org\/{rel}","templated":true}]}}