{"id":3389,"date":"2022-02-11T09:23:24","date_gmt":"2022-02-11T08:23:24","guid":{"rendered":"https:\/\/www.sundoo.es\/?post_type=product&#038;p=3389"},"modified":"2025-08-21T15:52:40","modified_gmt":"2025-08-21T13:52:40","slug":"louer-draisienne-pukylino-pour-enfants","status":"publish","type":"product","link":"https:\/\/www.sundoo24.com\/fr\/produit\/louer-draisienne-pukylino-pour-enfants\/","title":{"rendered":"Draisienne Pukylino pour enfants \u00e0 partir de 1 an"},"content":{"rendered":"<p><strong>Le v\u00e9lo d\u2019apprentissage s\u00e9curis\u00e9 Pukylino du fabricant allemand Puky<\/strong> est le parfait d\u00e9part vers la mobilit\u00e9 et offre, gr\u00e2ce \u00e0 sa selle ergonomique, un v\u00e9ritable plaisir de conduite. Ce porteur robuste entra\u00eene les mouvements et aide \u00e0 am\u00e9liorer la motricit\u00e9 en montant, descendant, poussant avec les pieds et en dirigeant. La coordination entre le travail des jambes et les mouvements du guidon est \u00e9galement d\u00e9velopp\u00e9e, ce qui en fait un compagnon id\u00e9al pour les premi\u00e8res aventures \u00e0 Majorque.<\/p>\n<p>Avec un poids de seulement 2,3 kg, ce v\u00e9lo sans p\u00e9dales pour enfants est particuli\u00e8rement l\u00e9ger, ce qui permet de l\u2019emmener facilement partout. Pour \u00e9viter les blessures aux mains, le Pukylino est \u00e9quip\u00e9 de poign\u00e9es de s\u00e9curit\u00e9 sp\u00e9ciales. De plus, les roues silencieuses FLOAT garantissent un roulement fluide et discret, sans bruit g\u00eanant.<\/p>\n<p><strong>Gr\u00e2ce \u00e0 notre service de location de Pukylino \u00e0 l\u2019a\u00e9roport de Palma de Majorque (PMI)<\/strong>, vous pouvez louer ou r\u00e9server ce porteur pratique d\u00e8s votre arriv\u00e9e, sans avoir \u00e0 l\u2019apporter depuis chez vous. Un choix parfait pour les familles souhaitant voyager l\u00e9ger tout en offrant \u00e0 leurs enfants un moyen de jeu et de d\u00e9placement s\u00fbr et amusant pendant les vacances.<\/p>\n<p><strong>Avec ce v\u00e9lo d\u2019apprentissage, pas de place pour l\u2019ennui ! R\u00e9servez d\u00e8s maintenant \u00e0 prix avantageux chez SUNDOO Mallorca<\/strong> et offrez \u00e0 votre petit tr\u00e9sor un grand moment de plaisir pendant les vacances.<\/p>\n<div style=\"padding-top: 10px; padding-bottom: 5px;\"><strong>Avantages :<\/strong><\/div>\n<ul class=\"list list-icons list-icons-style-3 list-icons-sm ml-4\">\n<li><i class=\"fas fa-check\"><\/i> S\u00e9curit\u00e9 certifi\u00e9e GS \u00ab Made in Germany \u00bb<\/li>\n<li><i class=\"fas fa-check\"><\/i> Id\u00e9al pour d\u00e9buter la mobilit\u00e9 chez les enfants<\/li>\n<li><i class=\"fas fa-check\"><\/i> L\u00e9ger, stable et avec protection anti-basculement renforc\u00e9e<\/li>\n<li><i class=\"fas fa-check\"><\/i> Plaisir de conduite s\u00e9curis\u00e9 pour les tout-petits<\/li>\n<li><i class=\"fas fa-check\"><\/i> Guidon r\u00e9glable en hauteur, selle ergonomique<\/li>\n<li><i class=\"fas fa-check\"><\/i> Roues silencieuses pour un roulage discret<\/li>\n<\/ul>\n<div style=\"padding-top: 5px; padding-bottom: 5px;\"><strong>Caract\u00e9ristiques techniques :<\/strong><\/div>\n<ul class=\"list list-icons list-icons-style-3 list-icons-sm ml-4\">\n<li><i class=\"fas fa-angle-right\"><\/i> Poids : 2,3 kg<\/li>\n<li><i class=\"fas fa-angle-right\"><\/i> Dimensions : 60 x 50 x 30 cm<\/li>\n<li><i class=\"fas fa-angle-right\"><\/i> Poids maximum recommand\u00e9 : 20 kg<\/li>\n<li><i class=\"fas fa-angle-right\"><\/i> Convient pour une taille : 75-90 cm<\/li>\n<\/ul>\n<p>Ce porteur Pukylino est propos\u00e9 \u00e0 la location pour les tout-petits de 1 \u00e0 3 ans.<\/p>\n<div class=\"alert alert-danger\"><span class=\"font-weight-bold\">Valeur minimale de commande : 29,90 \u20ac non atteinte ?<\/span><br \/>\nProfitez de votre arriv\u00e9e \u00e0 l\u2019a\u00e9roport de Palma pour louer \u00e0 prix avantageux une <span class=\"text-nowrap\"><i class=\"fa fa-caret-right text-primary mr-0\"><\/i> <a class=\"font-weight-bold\" href=\"https:\/\/www.sundoo24.com\/fr\/product\/louer-trottinette-pour-enfants\/\">trottinette enfant avec roues lumineuses<\/a><\/span>, une <span class=\"text-nowrap\"><i class=\"fa fa-caret-right text-primary mr-0\"><\/i> <a class=\"font-weight-bold\" href=\"https:\/\/www.sundoo24.com\/fr\/product\/louer-draisienne-pour-enfants\/\">draisienne tendance<\/a><\/span> ou un autre <span class=\"text-nowrap\"><i class=\"fa fa-caret-right text-primary mr-0\"><\/i> <a class=\"font-weight-bold\" href=\"https:\/\/www.sundoo24.com\/fr\/product\/lit-parapluie-mieten-mallorca\/\">lit parapluie pour b\u00e9b\u00e9<\/a><\/span>.<\/div>\n","protected":false},"excerpt":{"rendered":"<div class=\"mb-2\"><img loading=\"lazy\" decoding=\"async\" class=\"alignleft size-full wp-image-5378\" title=\"R\u00e9servez maintenant et b\u00e9n\u00e9ficiez du meilleur prix !\" src=\"https:\/\/www.sundoo24.com\/fr\/wp-content\/uploads\/2025\/08\/fruebucherrabatt1.jpg\" alt=\"R\u00e9duction r\u00e9servation anticip\u00e9e chez SUNDOO Mallorca\" width=\"360\" height=\"30\" \/><\/div>\n<p>Draisienne Pukylino de haute qualit\u00e9 \u00e0 louer, offrant aux plus petits beaucoup de plaisir et d\u2019activit\u00e9 \u00e0 Majorque. Favorise le d\u00e9veloppement moteur, am\u00e9liore la coordination des mouvements et est \u00e9quip\u00e9e d\u2019une protection anti-basculement renforc\u00e9e. S\u00e9curit\u00e9 et plaisir pour votre enfant, avec la qualit\u00e9 \u00e9prouv\u00e9e de PUKY. Livraison et r\u00e9cup\u00e9ration \u00e0 l\u2019a\u00e9roport PMI Palma 24h\/24, de 0 h \u00e0 minuit.<\/p>\n<div class=\"alert alert-success font-weight-bold\">\u00c0 noter : Les jours d\u2019arriv\u00e9e et de d\u00e9part comptent comme jours complets, l\u2019article de location \u00e9tant r\u00e9serv\u00e9 exclusivement pour vous.<\/div>\n","protected":false},"featured_media":7629,"comment_status":"open","ping_status":"closed","template":"","meta":[],"product_brand":[],"product_cat":[235,238,171],"product_tag":[],"class_list":{"0":"post-3389","1":"product","2":"type-product","3":"status-publish","4":"has-post-thumbnail","6":"product_cat-aeroport-de-majorque","7":"product_cat-draisiennes-trottinettes","8":"product_cat-location","10":"first","11":"instock","12":"featured","13":"shipping-taxable","14":"purchasable","15":"product-type-variable"},"yoast_head":"\n<title>Louer draisienne Pukylino pas cher \u00e0 Majorque | Sundoo24.com<\/title>\n<meta name=\"description\" content=\"D\u00e8s 1,99 \u20ac\/jour \u2013 Louez une draisienne Puky \u00e0 Majorque. L\u00e9g\u00e8re, stable, s\u00fbre, avec roues silencieuses et protection anti-basculement pour les tout-petits.\" \/>\n<meta name=\"robots\" content=\"index, follow, max-snippet:-1, max-image-preview:large, max-video-preview:-1\" \/>\n<link rel=\"canonical\" href=\"https:\/\/www.sundoo24.com\/fr\/product\/louer-draisienne-pukylino-pour-enfants\/\" \/>\n<meta property=\"og:locale\" content=\"fr_FR\" \/>\n<meta property=\"og:type\" content=\"article\" \/>\n<meta property=\"og:title\" content=\"Louer draisienne Pukylino pas cher \u00e0 Majorque | Sundoo24.com\" \/>\n<meta property=\"og:description\" content=\"D\u00e8s 1,99 \u20ac\/jour \u2013 Louez une draisienne Puky \u00e0 Majorque. L\u00e9g\u00e8re, stable, s\u00fbre, avec roues silencieuses et protection anti-basculement pour les tout-petits.\" \/>\n<meta property=\"og:url\" content=\"https:\/\/www.sundoo24.com\/fr\/product\/louer-draisienne-pukylino-pour-enfants\/\" \/>\n<meta property=\"og:site_name\" content=\"Sundoo24.com\" \/>\n<meta property=\"article:modified_time\" content=\"2025-08-21T13:52:40+00:00\" \/>\n<meta property=\"og:image\" content=\"https:\/\/www.sundoo24.com\/fr\/wp-content\/uploads\/2022\/02\/louer-draisienne-pukylino-enfant-majorque.jpg\" \/>\n\t<meta property=\"og:image:width\" content=\"600\" \/>\n\t<meta property=\"og:image:height\" content=\"600\" \/>\n\t<meta property=\"og:image:type\" content=\"image\/jpeg\" \/>\n<meta name=\"twitter:card\" content=\"summary_large_image\" \/>\n<meta name=\"twitter:title\" content=\"Louer draisienne Pukylino pas cher \u00e0 Majorque | Sundoo24.com\" \/>\n<meta name=\"twitter:description\" content=\"D\u00e8s 1,99 \u20ac\/jour \u2013 Louez une draisienne Puky \u00e0 Majorque. L\u00e9g\u00e8re, stable, s\u00fbre, avec roues silencieuses et protection anti-basculement pour les tout-petits.\" \/>\n<meta name=\"twitter:image\" content=\"https:\/\/www.sundoo24.com\/fr\/wp-content\/uploads\/2022\/02\/louer-draisienne-pukylino-enfant-majorque.jpg\" \/>\n<script type=\"application\/ld+json\" class=\"yoast-schema-graph\">{\"@context\":\"https:\/\/schema.org\",\"@graph\":[{\"@type\":\"WebPage\",\"@id\":\"https:\/\/www.sundoo24.com\/fr\/produit\/louer-draisienne-pukylino-pour-enfants\/\",\"url\":\"https:\/\/www.sundoo24.com\/fr\/product\/louer-draisienne-pukylino-pour-enfants\/\",\"name\":\"Louer draisienne Pukylino pas cher \u00e0 Majorque | Sundoo24.com\",\"isPartOf\":{\"@id\":\"https:\/\/www.sundoo24.com\/fr\/#website\"},\"primaryImageOfPage\":{\"@id\":\"https:\/\/www.sundoo24.com\/fr\/product\/louer-draisienne-pukylino-pour-enfants\/#primaryimage\"},\"image\":{\"@id\":\"https:\/\/www.sundoo24.com\/fr\/product\/louer-draisienne-pukylino-pour-enfants\/#primaryimage\"},\"thumbnailUrl\":\"https:\/\/www.sundoo24.com\/fr\/wp-content\/uploads\/2022\/02\/louer-draisienne-pukylino-enfant-majorque.jpg\",\"description\":\"D\u00e8s 1,99 \u20ac\/jour \u2013 Louez une draisienne Puky \u00e0 Majorque. L\u00e9g\u00e8re, stable, s\u00fbre, avec roues silencieuses et protection anti-basculement pour les tout-petits.\",\"breadcrumb\":{\"@id\":\"https:\/\/www.sundoo24.com\/fr\/product\/louer-draisienne-pukylino-pour-enfants\/#breadcrumb\"},\"inLanguage\":\"fr-FR\",\"potentialAction\":[{\"@type\":\"ReadAction\",\"target\":[\"https:\/\/www.sundoo24.com\/fr\/product\/louer-draisienne-pukylino-pour-enfants\/\"]}]},{\"@type\":\"ImageObject\",\"inLanguage\":\"fr-FR\",\"@id\":\"https:\/\/www.sundoo24.com\/fr\/product\/louer-draisienne-pukylino-pour-enfants\/#primaryimage\",\"url\":\"https:\/\/www.sundoo24.com\/fr\/wp-content\/uploads\/2022\/02\/louer-draisienne-pukylino-enfant-majorque.jpg\",\"contentUrl\":\"https:\/\/www.sundoo24.com\/fr\/wp-content\/uploads\/2022\/02\/louer-draisienne-pukylino-enfant-majorque.jpg\",\"width\":600,\"height\":600,\"caption\":\"Draisienne Pukylino pour enfant \u00e0 louer \u00e0 Majorque \u2013 d\u00e8s 1,99 \u20ac\/jour\"},{\"@type\":\"BreadcrumbList\",\"@id\":\"https:\/\/www.sundoo24.com\/fr\/product\/louer-draisienne-pukylino-pour-enfants\/#breadcrumb\",\"itemListElement\":[{\"@type\":\"ListItem\",\"position\":1,\"name\":\"Mietartikel\",\"item\":\"https:\/\/www.sundoo24.com\/fr\/shop\/\"},{\"@type\":\"ListItem\",\"position\":2,\"name\":\"Draisienne Pukylino pour enfants \u00e0 partir de 1 an\"}]},{\"@type\":\"WebSite\",\"@id\":\"https:\/\/www.sundoo24.com\/fr\/#website\",\"url\":\"https:\/\/www.sundoo24.com\/fr\/\",\"name\":\"Sundoo24.com\",\"description\":\"Location de si\u00e8ge auto \u00e0 Majorque \u00e0 partir de 1,49 \u20ac par jour \u2013 a\u00e9roport de Palma (PMI)\",\"publisher\":{\"@id\":\"https:\/\/www.sundoo24.com\/fr\/#organization\"},\"potentialAction\":[{\"@type\":\"SearchAction\",\"target\":{\"@type\":\"EntryPoint\",\"urlTemplate\":\"https:\/\/www.sundoo24.com\/fr\/?s={search_term_string}\"},\"query-input\":{\"@type\":\"PropertyValueSpecification\",\"valueRequired\":true,\"valueName\":\"search_term_string\"}}],\"inLanguage\":\"fr-FR\"},{\"@type\":\"Organization\",\"@id\":\"https:\/\/www.sundoo24.com\/fr\/#organization\",\"name\":\"SUNDOO Mallorca\",\"url\":\"https:\/\/www.sundoo24.com\/fr\/\",\"logo\":{\"@type\":\"ImageObject\",\"inLanguage\":\"fr-FR\",\"@id\":\"https:\/\/www.sundoo24.com\/fr\/#\/schema\/logo\/image\/\",\"url\":\"https:\/\/www.sundoo24.com\/fr\/wp-content\/uploads\/2022\/02\/logo.jpg\",\"contentUrl\":\"https:\/\/www.sundoo24.com\/fr\/wp-content\/uploads\/2022\/02\/logo.jpg\",\"width\":237,\"height\":80,\"caption\":\"SUNDOO Mallorca\"},\"image\":{\"@id\":\"https:\/\/www.sundoo24.com\/fr\/#\/schema\/logo\/image\/\"}}]}<\/script>\n","yoast_head_json":{"title":"Louer draisienne Pukylino pas cher \u00e0 Majorque | Sundoo24.com","description":"D\u00e8s 1,99 \u20ac\/jour \u2013 Louez une draisienne Puky \u00e0 Majorque. L\u00e9g\u00e8re, stable, s\u00fbre, avec roues silencieuses et protection anti-basculement pour les tout-petits.","robots":{"index":"index","follow":"follow","max-snippet":"max-snippet:-1","max-image-preview":"max-image-preview:large","max-video-preview":"max-video-preview:-1"},"canonical":"https:\/\/www.sundoo24.com\/fr\/product\/louer-draisienne-pukylino-pour-enfants\/","og_locale":"fr_FR","og_type":"article","og_title":"Louer draisienne Pukylino pas cher \u00e0 Majorque | Sundoo24.com","og_description":"D\u00e8s 1,99 \u20ac\/jour \u2013 Louez une draisienne Puky \u00e0 Majorque. L\u00e9g\u00e8re, stable, s\u00fbre, avec roues silencieuses et protection anti-basculement pour les tout-petits.","og_url":"https:\/\/www.sundoo24.com\/fr\/product\/louer-draisienne-pukylino-pour-enfants\/","og_site_name":"Sundoo24.com","article_modified_time":"2025-08-21T13:52:40+00:00","og_image":[{"width":600,"height":600,"url":"https:\/\/www.sundoo24.com\/fr\/wp-content\/uploads\/2022\/02\/louer-draisienne-pukylino-enfant-majorque.jpg","type":"image\/jpeg"}],"twitter_card":"summary_large_image","twitter_title":"Louer draisienne Pukylino pas cher \u00e0 Majorque | Sundoo24.com","twitter_description":"D\u00e8s 1,99 \u20ac\/jour \u2013 Louez une draisienne Puky \u00e0 Majorque. L\u00e9g\u00e8re, stable, s\u00fbre, avec roues silencieuses et protection anti-basculement pour les tout-petits.","twitter_image":"https:\/\/www.sundoo24.com\/fr\/wp-content\/uploads\/2022\/02\/louer-draisienne-pukylino-enfant-majorque.jpg","schema":{"@context":"https:\/\/schema.org","@graph":[{"@type":"WebPage","@id":"https:\/\/www.sundoo24.com\/fr\/produit\/louer-draisienne-pukylino-pour-enfants\/","url":"https:\/\/www.sundoo24.com\/fr\/product\/louer-draisienne-pukylino-pour-enfants\/","name":"Louer draisienne Pukylino pas cher \u00e0 Majorque | Sundoo24.com","isPartOf":{"@id":"https:\/\/www.sundoo24.com\/fr\/#website"},"primaryImageOfPage":{"@id":"https:\/\/www.sundoo24.com\/fr\/product\/louer-draisienne-pukylino-pour-enfants\/#primaryimage"},"image":{"@id":"https:\/\/www.sundoo24.com\/fr\/product\/louer-draisienne-pukylino-pour-enfants\/#primaryimage"},"thumbnailUrl":"https:\/\/www.sundoo24.com\/fr\/wp-content\/uploads\/2022\/02\/louer-draisienne-pukylino-enfant-majorque.jpg","description":"D\u00e8s 1,99 \u20ac\/jour \u2013 Louez une draisienne Puky \u00e0 Majorque. L\u00e9g\u00e8re, stable, s\u00fbre, avec roues silencieuses et protection anti-basculement pour les tout-petits.","breadcrumb":{"@id":"https:\/\/www.sundoo24.com\/fr\/product\/louer-draisienne-pukylino-pour-enfants\/#breadcrumb"},"inLanguage":"fr-FR","potentialAction":[{"@type":"ReadAction","target":["https:\/\/www.sundoo24.com\/fr\/product\/louer-draisienne-pukylino-pour-enfants\/"]}]},{"@type":"ImageObject","inLanguage":"fr-FR","@id":"https:\/\/www.sundoo24.com\/fr\/product\/louer-draisienne-pukylino-pour-enfants\/#primaryimage","url":"https:\/\/www.sundoo24.com\/fr\/wp-content\/uploads\/2022\/02\/louer-draisienne-pukylino-enfant-majorque.jpg","contentUrl":"https:\/\/www.sundoo24.com\/fr\/wp-content\/uploads\/2022\/02\/louer-draisienne-pukylino-enfant-majorque.jpg","width":600,"height":600,"caption":"Draisienne Pukylino pour enfant \u00e0 louer \u00e0 Majorque \u2013 d\u00e8s 1,99 \u20ac\/jour"},{"@type":"BreadcrumbList","@id":"https:\/\/www.sundoo24.com\/fr\/product\/louer-draisienne-pukylino-pour-enfants\/#breadcrumb","itemListElement":[{"@type":"ListItem","position":1,"name":"Mietartikel","item":"https:\/\/www.sundoo24.com\/fr\/shop\/"},{"@type":"ListItem","position":2,"name":"Draisienne Pukylino pour enfants \u00e0 partir de 1 an"}]},{"@type":"WebSite","@id":"https:\/\/www.sundoo24.com\/fr\/#website","url":"https:\/\/www.sundoo24.com\/fr\/","name":"Sundoo24.com","description":"Location de si\u00e8ge auto \u00e0 Majorque \u00e0 partir de 1,49 \u20ac par jour \u2013 a\u00e9roport de Palma (PMI)","publisher":{"@id":"https:\/\/www.sundoo24.com\/fr\/#organization"},"potentialAction":[{"@type":"SearchAction","target":{"@type":"EntryPoint","urlTemplate":"https:\/\/www.sundoo24.com\/fr\/?s={search_term_string}"},"query-input":{"@type":"PropertyValueSpecification","valueRequired":true,"valueName":"search_term_string"}}],"inLanguage":"fr-FR"},{"@type":"Organization","@id":"https:\/\/www.sundoo24.com\/fr\/#organization","name":"SUNDOO Mallorca","url":"https:\/\/www.sundoo24.com\/fr\/","logo":{"@type":"ImageObject","inLanguage":"fr-FR","@id":"https:\/\/www.sundoo24.com\/fr\/#\/schema\/logo\/image\/","url":"https:\/\/www.sundoo24.com\/fr\/wp-content\/uploads\/2022\/02\/logo.jpg","contentUrl":"https:\/\/www.sundoo24.com\/fr\/wp-content\/uploads\/2022\/02\/logo.jpg","width":237,"height":80,"caption":"SUNDOO Mallorca"},"image":{"@id":"https:\/\/www.sundoo24.com\/fr\/#\/schema\/logo\/image\/"}}]}},"_links":{"self":[{"href":"https:\/\/www.sundoo24.com\/fr\/wp-json\/wp\/v2\/product\/3389","targetHints":{"allow":["GET"]}}],"collection":[{"href":"https:\/\/www.sundoo24.com\/fr\/wp-json\/wp\/v2\/product"}],"about":[{"href":"https:\/\/www.sundoo24.com\/fr\/wp-json\/wp\/v2\/types\/product"}],"replies":[{"embeddable":true,"href":"https:\/\/www.sundoo24.com\/fr\/wp-json\/wp\/v2\/comments?post=3389"}],"wp:featuredmedia":[{"embeddable":true,"href":"https:\/\/www.sundoo24.com\/fr\/wp-json\/wp\/v2\/media\/7629"}],"wp:attachment":[{"href":"https:\/\/www.sundoo24.com\/fr\/wp-json\/wp\/v2\/media?parent=3389"}],"wp:term":[{"taxonomy":"product_brand","embeddable":true,"href":"https:\/\/www.sundoo24.com\/fr\/wp-json\/wp\/v2\/product_brand?post=3389"},{"taxonomy":"product_cat","embeddable":true,"href":"https:\/\/www.sundoo24.com\/fr\/wp-json\/wp\/v2\/product_cat?post=3389"},{"taxonomy":"product_tag","embeddable":true,"href":"https:\/\/www.sundoo24.com\/fr\/wp-json\/wp\/v2\/product_tag?post=3389"}],"curies":[{"name":"wp","href":"https:\/\/api.w.org\/{rel}","templated":true}]}}