{"id":3170,"date":"2022-02-08T10:12:10","date_gmt":"2022-02-08T09:12:10","guid":{"rendered":"https:\/\/www.sundoo.es\/?post_type=product&#038;p=3170"},"modified":"2025-08-21T15:52:41","modified_gmt":"2025-08-21T13:52:41","slug":"louer-rehausseur-de-siege-auto","status":"publish","type":"product","link":"https:\/\/www.sundoo24.com\/fr\/produit\/louer-rehausseur-de-siege-auto\/","title":{"rendered":"R\u00e9hausseur de si\u00e8ge auto"},"content":{"rendered":"<p><strong>Avec ce r\u00e9hausseur de si\u00e8ge auto pour enfants de SUNDOO Mallorca, voyagez en toute s\u00e9curit\u00e9 en voiture de location \u00e0 travers l\u2019\u00eele.<\/strong> L\u00e9ger et pratique, ce <em>rehausseur de si\u00e8ge auto<\/em> combine confort et flexibilit\u00e9. Gr\u00e2ce \u00e0 son faible poids, il est tr\u00e8s facile \u00e0 transporter et \u00e0 manipuler \u2014 id\u00e9al pour passer rapidement d\u2019un v\u00e9hicule \u00e0 un autre.<\/p>\n<p>Par journ\u00e9es chaudes, le mat\u00e9riau respirant de l\u2019assise rembourr\u00e9e emp\u00eache toute accumulation de chaleur et garantit \u00e0 votre enfant un trajet agr\u00e9able. Les accoudoirs offrent une position assise confortable, autant pour les courts trajets que pour les longues excursions. Avant chaque nouvelle <em>location<\/em>, le produit est enti\u00e8rement nettoy\u00e9 et d\u00e9sinfect\u00e9.<\/p>\n<p><strong>R\u00e9servez votre location de rehausseur de si\u00e8ge auto \u00e0 l\u2019a\u00e9roport de Palma (PMI) d\u00e8s maintenant<\/strong> : louer un <em>si\u00e8ge auto enfant<\/em> chez SUNDOO, c\u2019est simple, rapide et \u00e9conomique pour votre s\u00e9jour \u00e0 Majorque.<\/p>\n<div style=\"padding-top: 10px; padding-bottom: 5px;\"><strong>Avantages :<\/strong><\/div>\n<ul class=\"list list-icons list-icons-style-3 list-icons-sm ml-4\">\n<li><i class=\"fas fa-check\"><\/i> Trajet en voiture s\u00fbr pour votre enfant<\/li>\n<li><i class=\"fas fa-check\"><\/i> Installation simple et rapide dans la voiture<\/li>\n<li><i class=\"fas fa-check\"><\/i> Accoudoirs rembourr\u00e9s pour un meilleur confort d\u2019assise<\/li>\n<\/ul>\n<div style=\"padding-top: 5px; padding-bottom: 5px;\"><strong>Caract\u00e9ristiques en d\u00e9tail :<\/strong><\/div>\n<ul class=\"list list-icons list-icons-style-3 list-icons-sm ml-4\">\n<li><i class=\"fas fa-angle-right\"><\/i> Dimensions : 45 x 17 x 45 cm<\/li>\n<li><i class=\"fas fa-angle-right\"><\/i> Poids maximal recommand\u00e9 : 36 kg<\/li>\n<li><i class=\"fas fa-angle-right\"><\/i> Homologation europ\u00e9enne : ECE R44\/04<\/li>\n<\/ul>\n<p>Convient aux enfants \u00e2g\u00e9s de 7 \u00e0 12 ans.<\/p>\n<div class=\"alert alert-danger\"><span class=\"font-weight-bold\">Valeur minimale de commande de 29,90 \u20ac non atteinte ?<\/span><br \/>\nFaites plaisir \u00e0 votre enfant d\u00e8s votre arriv\u00e9e \u00e0 l\u2019a\u00e9roport de Palma (PMI). Louez \u00e0 petit prix par exemple une <span class=\"text-nowrap\"><i class=\"fa fa-caret-right text-primary mr-0\"><\/i> <a class=\"font-weight-bold\" href=\"https:\/\/www.sundoo24.com\/fr\/product\/louer-trottinette-pour-enfants\/\">trottinette pour enfants avec roues lumineuses<\/a><\/span>, une <span class=\"text-nowrap\"><i class=\"fa fa-caret-right text-primary mr-0\"><\/i> <a class=\"font-weight-bold\" href=\"https:\/\/www.sundoo24.com\/fr\/product\/louer-draisienne-pour-enfants\/\">draisienne<\/a><\/span> ou un <span class=\"text-nowrap\"><i class=\"fa fa-caret-right text-primary mr-0\"><\/i> <a class=\"font-weight-bold\" href=\"https:\/\/www.sundoo24.com\/fr\/product\/louer-draisienne-pukylino-pour-enfants\/\">Pukylino pour les tout-petits<\/a><\/span>.<\/div>\n","protected":false},"excerpt":{"rendered":"<div class=\"mb-2\"><img loading=\"lazy\" decoding=\"async\" class=\"alignleft size-full wp-image-5378\" title=\"R\u00e9servez maintenant et b\u00e9n\u00e9ficiez du meilleur prix !\" src=\"https:\/\/www.sundoo24.com\/fr\/wp-content\/uploads\/2025\/08\/fruebucherrabatt1.jpg\" alt=\"R\u00e9duction r\u00e9servation anticip\u00e9e chez SUNDOO Mallorca\" width=\"360\" height=\"30\" \/><\/div>\n<p> R\u00e9hausseur de si\u00e8ge auto s\u00fbr \u00e0 louer \u00e0 Majorque. Convient aux enfants de 7 \u00e0 12 ans, poids de 22 \u00e0 36 kg (groupe : 3). Utilisable dans tout type de v\u00e9hicule. Ce si\u00e8ge auto enfant est test\u00e9 pour la s\u00e9curit\u00e9, ergonomique et offre un confort de conduite optimal. Livraison et r\u00e9cup\u00e9ration \u00e0 l\u2019a\u00e9roport PMI Palma 24h\/24, de 0 h \u00e0 minuit. <\/p>\n<div class=\"alert alert-success font-weight-bold\">\u00c0 noter : Les jours d\u2019arriv\u00e9e et de d\u00e9part comptent comme jours complets, l\u2019article de location \u00e9tant r\u00e9serv\u00e9 exclusivement pour vous.<\/div>\n","protected":false},"featured_media":7621,"comment_status":"open","ping_status":"closed","template":"","meta":[],"product_brand":[],"product_cat":[235,171,152],"product_tag":[],"class_list":{"0":"post-3170","1":"product","2":"type-product","3":"status-publish","4":"has-post-thumbnail","6":"product_cat-aeroport-de-majorque","7":"product_cat-location","8":"product_cat-sieges-auto","10":"first","11":"instock","12":"shipping-taxable","13":"purchasable","14":"product-type-variable"},"yoast_head":"\n<title>R\u00e9hausseur de si\u00e8ge auto pas cher \u00e0 louer \u00e0 Majorque | Sundoo24.com<\/title>\n<meta name=\"description\" content=\"D\u00e8s 1,49 \u20ac par jour \u2013 Location r\u00e9hausseur auto \u00e0 Majorque. D\u00e8s 125 cm \/ 22\u201336 kg \/ 7\u201312 ans. Ergonomique, rembourr\u00e9 et avec accoudoirs confortables.\" \/>\n<meta name=\"robots\" content=\"index, follow, max-snippet:-1, max-image-preview:large, max-video-preview:-1\" \/>\n<link rel=\"canonical\" href=\"https:\/\/www.sundoo24.com\/fr\/product\/louer-rehausseur-de-siege-auto\/\" \/>\n<meta property=\"og:locale\" content=\"fr_FR\" \/>\n<meta property=\"og:type\" content=\"article\" \/>\n<meta property=\"og:title\" content=\"R\u00e9hausseur de si\u00e8ge auto pas cher \u00e0 louer \u00e0 Majorque | Sundoo24.com\" \/>\n<meta property=\"og:description\" content=\"D\u00e8s 1,49 \u20ac par jour \u2013 Location r\u00e9hausseur auto \u00e0 Majorque. D\u00e8s 125 cm \/ 22\u201336 kg \/ 7\u201312 ans. Ergonomique, rembourr\u00e9 et avec accoudoirs confortables.\" \/>\n<meta property=\"og:url\" content=\"https:\/\/www.sundoo24.com\/fr\/product\/louer-rehausseur-de-siege-auto\/\" \/>\n<meta property=\"og:site_name\" content=\"Sundoo24.com\" \/>\n<meta property=\"article:modified_time\" content=\"2025-08-21T13:52:41+00:00\" \/>\n<meta property=\"og:image\" content=\"https:\/\/www.sundoo24.com\/fr\/wp-content\/uploads\/2022\/02\/louer-rehausseur-de-siege-auto-majorque.jpg\" \/>\n\t<meta property=\"og:image:width\" content=\"600\" \/>\n\t<meta property=\"og:image:height\" content=\"600\" \/>\n\t<meta property=\"og:image:type\" content=\"image\/jpeg\" \/>\n<meta name=\"twitter:card\" content=\"summary_large_image\" \/>\n<meta name=\"twitter:title\" content=\"R\u00e9hausseur de si\u00e8ge auto pas cher \u00e0 louer \u00e0 Majorque | Sundoo24.com\" \/>\n<meta name=\"twitter:description\" content=\"D\u00e8s 1,49 \u20ac par jour \u2013 Location r\u00e9hausseur auto \u00e0 Majorque. D\u00e8s 125 cm \/ 22\u201336 kg \/ 7\u201312 ans. Ergonomique, rembourr\u00e9 et avec accoudoirs confortables.\" \/>\n<meta name=\"twitter:image\" content=\"https:\/\/www.sundoo24.com\/fr\/wp-content\/uploads\/2022\/02\/louer-rehausseur-de-siege-auto-majorque.jpg\" \/>\n<script type=\"application\/ld+json\" class=\"yoast-schema-graph\">{\"@context\":\"https:\/\/schema.org\",\"@graph\":[{\"@type\":\"WebPage\",\"@id\":\"https:\/\/www.sundoo24.com\/fr\/produit\/louer-rehausseur-de-siege-auto\/\",\"url\":\"https:\/\/www.sundoo24.com\/fr\/product\/louer-rehausseur-de-siege-auto\/\",\"name\":\"R\u00e9hausseur de si\u00e8ge auto pas cher \u00e0 louer \u00e0 Majorque | Sundoo24.com\",\"isPartOf\":{\"@id\":\"https:\/\/www.sundoo24.com\/fr\/#website\"},\"primaryImageOfPage\":{\"@id\":\"https:\/\/www.sundoo24.com\/fr\/product\/louer-rehausseur-de-siege-auto\/#primaryimage\"},\"image\":{\"@id\":\"https:\/\/www.sundoo24.com\/fr\/product\/louer-rehausseur-de-siege-auto\/#primaryimage\"},\"thumbnailUrl\":\"https:\/\/www.sundoo24.com\/fr\/wp-content\/uploads\/2022\/02\/louer-rehausseur-de-siege-auto-majorque.jpg\",\"description\":\"D\u00e8s 1,49 \u20ac par jour \u2013 Location r\u00e9hausseur auto \u00e0 Majorque. D\u00e8s 125 cm \/ 22\u201336 kg \/ 7\u201312 ans. Ergonomique, rembourr\u00e9 et avec accoudoirs confortables.\",\"breadcrumb\":{\"@id\":\"https:\/\/www.sundoo24.com\/fr\/product\/louer-rehausseur-de-siege-auto\/#breadcrumb\"},\"inLanguage\":\"fr-FR\",\"potentialAction\":[{\"@type\":\"ReadAction\",\"target\":[\"https:\/\/www.sundoo24.com\/fr\/product\/louer-rehausseur-de-siege-auto\/\"]}]},{\"@type\":\"ImageObject\",\"inLanguage\":\"fr-FR\",\"@id\":\"https:\/\/www.sundoo24.com\/fr\/product\/louer-rehausseur-de-siege-auto\/#primaryimage\",\"url\":\"https:\/\/www.sundoo24.com\/fr\/wp-content\/uploads\/2022\/02\/louer-rehausseur-de-siege-auto-majorque.jpg\",\"contentUrl\":\"https:\/\/www.sundoo24.com\/fr\/wp-content\/uploads\/2022\/02\/louer-rehausseur-de-siege-auto-majorque.jpg\",\"width\":600,\"height\":600,\"caption\":\"Rehausseur \u00e0 louer \u00e0 Majorque \u2013 d\u00e8s 1,49 \u20ac\/jour\"},{\"@type\":\"BreadcrumbList\",\"@id\":\"https:\/\/www.sundoo24.com\/fr\/product\/louer-rehausseur-de-siege-auto\/#breadcrumb\",\"itemListElement\":[{\"@type\":\"ListItem\",\"position\":1,\"name\":\"Mietartikel\",\"item\":\"https:\/\/www.sundoo24.com\/fr\/shop\/\"},{\"@type\":\"ListItem\",\"position\":2,\"name\":\"R\u00e9hausseur de si\u00e8ge auto\"}]},{\"@type\":\"WebSite\",\"@id\":\"https:\/\/www.sundoo24.com\/fr\/#website\",\"url\":\"https:\/\/www.sundoo24.com\/fr\/\",\"name\":\"Sundoo24.com\",\"description\":\"Location de si\u00e8ge auto \u00e0 Majorque \u00e0 partir de 1,49 \u20ac par jour \u2013 a\u00e9roport de Palma (PMI)\",\"publisher\":{\"@id\":\"https:\/\/www.sundoo24.com\/fr\/#organization\"},\"potentialAction\":[{\"@type\":\"SearchAction\",\"target\":{\"@type\":\"EntryPoint\",\"urlTemplate\":\"https:\/\/www.sundoo24.com\/fr\/?s={search_term_string}\"},\"query-input\":{\"@type\":\"PropertyValueSpecification\",\"valueRequired\":true,\"valueName\":\"search_term_string\"}}],\"inLanguage\":\"fr-FR\"},{\"@type\":\"Organization\",\"@id\":\"https:\/\/www.sundoo24.com\/fr\/#organization\",\"name\":\"SUNDOO Mallorca\",\"url\":\"https:\/\/www.sundoo24.com\/fr\/\",\"logo\":{\"@type\":\"ImageObject\",\"inLanguage\":\"fr-FR\",\"@id\":\"https:\/\/www.sundoo24.com\/fr\/#\/schema\/logo\/image\/\",\"url\":\"https:\/\/www.sundoo24.com\/fr\/wp-content\/uploads\/2022\/02\/logo.jpg\",\"contentUrl\":\"https:\/\/www.sundoo24.com\/fr\/wp-content\/uploads\/2022\/02\/logo.jpg\",\"width\":237,\"height\":80,\"caption\":\"SUNDOO Mallorca\"},\"image\":{\"@id\":\"https:\/\/www.sundoo24.com\/fr\/#\/schema\/logo\/image\/\"}}]}<\/script>\n","yoast_head_json":{"title":"R\u00e9hausseur de si\u00e8ge auto pas cher \u00e0 louer \u00e0 Majorque | Sundoo24.com","description":"D\u00e8s 1,49 \u20ac par jour \u2013 Location r\u00e9hausseur auto \u00e0 Majorque. D\u00e8s 125 cm \/ 22\u201336 kg \/ 7\u201312 ans. Ergonomique, rembourr\u00e9 et avec accoudoirs confortables.","robots":{"index":"index","follow":"follow","max-snippet":"max-snippet:-1","max-image-preview":"max-image-preview:large","max-video-preview":"max-video-preview:-1"},"canonical":"https:\/\/www.sundoo24.com\/fr\/product\/louer-rehausseur-de-siege-auto\/","og_locale":"fr_FR","og_type":"article","og_title":"R\u00e9hausseur de si\u00e8ge auto pas cher \u00e0 louer \u00e0 Majorque | Sundoo24.com","og_description":"D\u00e8s 1,49 \u20ac par jour \u2013 Location r\u00e9hausseur auto \u00e0 Majorque. D\u00e8s 125 cm \/ 22\u201336 kg \/ 7\u201312 ans. Ergonomique, rembourr\u00e9 et avec accoudoirs confortables.","og_url":"https:\/\/www.sundoo24.com\/fr\/product\/louer-rehausseur-de-siege-auto\/","og_site_name":"Sundoo24.com","article_modified_time":"2025-08-21T13:52:41+00:00","og_image":[{"width":600,"height":600,"url":"https:\/\/www.sundoo24.com\/fr\/wp-content\/uploads\/2022\/02\/louer-rehausseur-de-siege-auto-majorque.jpg","type":"image\/jpeg"}],"twitter_card":"summary_large_image","twitter_title":"R\u00e9hausseur de si\u00e8ge auto pas cher \u00e0 louer \u00e0 Majorque | Sundoo24.com","twitter_description":"D\u00e8s 1,49 \u20ac par jour \u2013 Location r\u00e9hausseur auto \u00e0 Majorque. D\u00e8s 125 cm \/ 22\u201336 kg \/ 7\u201312 ans. Ergonomique, rembourr\u00e9 et avec accoudoirs confortables.","twitter_image":"https:\/\/www.sundoo24.com\/fr\/wp-content\/uploads\/2022\/02\/louer-rehausseur-de-siege-auto-majorque.jpg","schema":{"@context":"https:\/\/schema.org","@graph":[{"@type":"WebPage","@id":"https:\/\/www.sundoo24.com\/fr\/produit\/louer-rehausseur-de-siege-auto\/","url":"https:\/\/www.sundoo24.com\/fr\/product\/louer-rehausseur-de-siege-auto\/","name":"R\u00e9hausseur de si\u00e8ge auto pas cher \u00e0 louer \u00e0 Majorque | Sundoo24.com","isPartOf":{"@id":"https:\/\/www.sundoo24.com\/fr\/#website"},"primaryImageOfPage":{"@id":"https:\/\/www.sundoo24.com\/fr\/product\/louer-rehausseur-de-siege-auto\/#primaryimage"},"image":{"@id":"https:\/\/www.sundoo24.com\/fr\/product\/louer-rehausseur-de-siege-auto\/#primaryimage"},"thumbnailUrl":"https:\/\/www.sundoo24.com\/fr\/wp-content\/uploads\/2022\/02\/louer-rehausseur-de-siege-auto-majorque.jpg","description":"D\u00e8s 1,49 \u20ac par jour \u2013 Location r\u00e9hausseur auto \u00e0 Majorque. D\u00e8s 125 cm \/ 22\u201336 kg \/ 7\u201312 ans. Ergonomique, rembourr\u00e9 et avec accoudoirs confortables.","breadcrumb":{"@id":"https:\/\/www.sundoo24.com\/fr\/product\/louer-rehausseur-de-siege-auto\/#breadcrumb"},"inLanguage":"fr-FR","potentialAction":[{"@type":"ReadAction","target":["https:\/\/www.sundoo24.com\/fr\/product\/louer-rehausseur-de-siege-auto\/"]}]},{"@type":"ImageObject","inLanguage":"fr-FR","@id":"https:\/\/www.sundoo24.com\/fr\/product\/louer-rehausseur-de-siege-auto\/#primaryimage","url":"https:\/\/www.sundoo24.com\/fr\/wp-content\/uploads\/2022\/02\/louer-rehausseur-de-siege-auto-majorque.jpg","contentUrl":"https:\/\/www.sundoo24.com\/fr\/wp-content\/uploads\/2022\/02\/louer-rehausseur-de-siege-auto-majorque.jpg","width":600,"height":600,"caption":"Rehausseur \u00e0 louer \u00e0 Majorque \u2013 d\u00e8s 1,49 \u20ac\/jour"},{"@type":"BreadcrumbList","@id":"https:\/\/www.sundoo24.com\/fr\/product\/louer-rehausseur-de-siege-auto\/#breadcrumb","itemListElement":[{"@type":"ListItem","position":1,"name":"Mietartikel","item":"https:\/\/www.sundoo24.com\/fr\/shop\/"},{"@type":"ListItem","position":2,"name":"R\u00e9hausseur de si\u00e8ge auto"}]},{"@type":"WebSite","@id":"https:\/\/www.sundoo24.com\/fr\/#website","url":"https:\/\/www.sundoo24.com\/fr\/","name":"Sundoo24.com","description":"Location de si\u00e8ge auto \u00e0 Majorque \u00e0 partir de 1,49 \u20ac par jour \u2013 a\u00e9roport de Palma (PMI)","publisher":{"@id":"https:\/\/www.sundoo24.com\/fr\/#organization"},"potentialAction":[{"@type":"SearchAction","target":{"@type":"EntryPoint","urlTemplate":"https:\/\/www.sundoo24.com\/fr\/?s={search_term_string}"},"query-input":{"@type":"PropertyValueSpecification","valueRequired":true,"valueName":"search_term_string"}}],"inLanguage":"fr-FR"},{"@type":"Organization","@id":"https:\/\/www.sundoo24.com\/fr\/#organization","name":"SUNDOO Mallorca","url":"https:\/\/www.sundoo24.com\/fr\/","logo":{"@type":"ImageObject","inLanguage":"fr-FR","@id":"https:\/\/www.sundoo24.com\/fr\/#\/schema\/logo\/image\/","url":"https:\/\/www.sundoo24.com\/fr\/wp-content\/uploads\/2022\/02\/logo.jpg","contentUrl":"https:\/\/www.sundoo24.com\/fr\/wp-content\/uploads\/2022\/02\/logo.jpg","width":237,"height":80,"caption":"SUNDOO Mallorca"},"image":{"@id":"https:\/\/www.sundoo24.com\/fr\/#\/schema\/logo\/image\/"}}]}},"_links":{"self":[{"href":"https:\/\/www.sundoo24.com\/fr\/wp-json\/wp\/v2\/product\/3170","targetHints":{"allow":["GET"]}}],"collection":[{"href":"https:\/\/www.sundoo24.com\/fr\/wp-json\/wp\/v2\/product"}],"about":[{"href":"https:\/\/www.sundoo24.com\/fr\/wp-json\/wp\/v2\/types\/product"}],"replies":[{"embeddable":true,"href":"https:\/\/www.sundoo24.com\/fr\/wp-json\/wp\/v2\/comments?post=3170"}],"wp:featuredmedia":[{"embeddable":true,"href":"https:\/\/www.sundoo24.com\/fr\/wp-json\/wp\/v2\/media\/7621"}],"wp:attachment":[{"href":"https:\/\/www.sundoo24.com\/fr\/wp-json\/wp\/v2\/media?parent=3170"}],"wp:term":[{"taxonomy":"product_brand","embeddable":true,"href":"https:\/\/www.sundoo24.com\/fr\/wp-json\/wp\/v2\/product_brand?post=3170"},{"taxonomy":"product_cat","embeddable":true,"href":"https:\/\/www.sundoo24.com\/fr\/wp-json\/wp\/v2\/product_cat?post=3170"},{"taxonomy":"product_tag","embeddable":true,"href":"https:\/\/www.sundoo24.com\/fr\/wp-json\/wp\/v2\/product_tag?post=3170"}],"curies":[{"name":"wp","href":"https:\/\/api.w.org\/{rel}","templated":true}]}}