{"id":2611,"date":"2022-01-24T09:59:36","date_gmt":"2022-01-24T08:59:36","guid":{"rendered":"https:\/\/www.sundoo.es\/?page_id=2611"},"modified":"2025-08-14T13:04:57","modified_gmt":"2025-08-14T11:04:57","slug":"tarifs-et-services","status":"publish","type":"page","link":"https:\/\/www.sundoo24.com\/fr\/tarifs-et-services\/","title":{"rendered":"Tarifs et services"},"content":{"rendered":"<div class=\"wpb-content-wrapper\"><p>[vc_row][vc_column][vc_column_text css=\u00a0\u00bb\u00a0\u00bb css_params=\u00a0\u00bb\u00a0\u00bb]<\/p>\n<h1 class=\"mb-2\"><span style=\"font-size: 28px;\">Tarifs et services<\/span><\/h1>\n<p>Tous les prix s\u2019entendent TVA incluse. Toute commande doit atteindre un montant minimum de 29,90\u00a0EUR (panier). Pour les commandes inf\u00e9rieures \u00e0 129,90\u00a0EUR, des frais de service s\u2019appliquent.<\/p>\n<div class=\"std\">\n<p><strong>Les frais de service couvrent les points suivants\u00a0:<\/strong><\/p>\n<div class=\"row\">\n<div class=\"col-lg-10\">\n<ol class=\"list list-ordened list-ordened-style-3\">\n<li>Livraison et retrait des articles de location \u00e0 l\u2019a\u00e9roport, 24h\/24 et 7j\/7<\/li>\n<li>Assurance annulation\u00a0: modification ou annulation gratuite \u00e0 tout moment<\/li>\n<li>Suivi de vol\u00a0: nous suivons votre avion le jour de votre arriv\u00e9e \u2013 qu\u2019il soit en retard ou qu\u2019il y ait d\u2019autres impr\u00e9vus. Notre chauffeur est toujours pr\u00e9sent \u00e0 l\u2019a\u00e9roport d\u00e8s votre atterrissage pour remettre les articles lou\u00e9s, sans longues attentes.<\/li>\n<li>Contact d\u00e9di\u00e9\u00a0: joignable \u00e0 tout moment, r\u00e9ponses tr\u00e8s rapides<\/li>\n<li>Frais de nettoyage et de d\u00e9sinfection inclus<\/li>\n<\/ol>\n<\/div>\n<\/div>\n<div class=\"pt-4\"><\/div>\n<p><strong>Le montant des frais de service g\u00e9n\u00e9raux est de 9,90\u00a0EUR (mars \u00e0 octobre) et 4,90\u00a0EUR (novembre \u00e0 f\u00e9vrier). Pour toute r\u00e9servation sup\u00e9rieure \u00e0 129,90\u00a0EUR, les frais de service sont offerts.<\/strong><\/p>\n<p>Concernant le lieu exact et l\u2019horaire de remise, la coordination se fait entre vous et nous par t\u00e9l\u00e9phone, WhatsApp, Telegram ou e-mail. Notre service client reste en contact avec vous \u00e0 l\u2019arriv\u00e9e et au d\u00e9part, garantissant ainsi une remise ponctuelle et sans attente de vos articles de location.<\/p>\n<\/div>\n<h2 class=\"pt-4\" style=\"margin-bottom: -20px; font-size: 20px;\">Points de service SUNDOO Mallorca<\/h2>\n<p>[\/vc_column_text][\/vc_column][\/vc_row][vc_row][vc_column][vc_single_image image=\u00a0\u00bb6472&Prime; img_size=\u00a0\u00bbfull\u00a0\u00bb css=\u00a0\u00bb\u00a0\u00bb][\/vc_column][\/vc_row]<\/p>\n<\/div>","protected":false},"excerpt":{"rendered":"<p>[vc_row][vc_column][vc_column_text css=\u00a0\u00bb\u00a0\u00bb css_params=\u00a0\u00bb\u00a0\u00bb] Tarifs et services Tous les prix s\u2019entendent TVA incluse. Toute commande doit atteindre un montant minimum de 29,90\u00a0EUR (panier). Pour les commandes inf\u00e9rieures \u00e0 129,90\u00a0EUR, des frais de service s\u2019appliquent. Les frais de service couvrent les points suivants\u00a0: Livraison et retrait des articles de location \u00e0 l\u2019a\u00e9roport, 24h\/24 et 7j\/7 Assurance annulation\u00a0: [&hellip;]<\/p>\n","protected":false},"author":3,"featured_media":0,"parent":0,"menu_order":0,"comment_status":"closed","ping_status":"closed","template":"","meta":{"_pvb_checkbox_block_on_post":false,"footnotes":""},"class_list":["post-2611","page","type-page","status-publish","hentry"],"yoast_head":"\n<title>Livraison \u2013 Directement \u00e0 l\u2019a\u00e9roport 24h\/24 | Sundoo24.com<\/title>\n<meta name=\"description\" content=\"Le service de location SUNDOO Mallorca livre vos articles lou\u00e9s \u00e0 votre arriv\u00e9e \u00e0 l\u2019a\u00e9roport de Palma et les r\u00e9cup\u00e8re \u00e0 votre d\u00e9part.\" \/>\n<meta name=\"robots\" content=\"index, follow, max-snippet:-1, max-image-preview:large, max-video-preview:-1\" \/>\n<link rel=\"canonical\" href=\"https:\/\/www.sundoo24.com\/fr\/tarifs-et-services\/\" \/>\n<meta property=\"og:locale\" content=\"fr_FR\" \/>\n<meta property=\"og:type\" content=\"article\" \/>\n<meta property=\"og:title\" content=\"Livraison \u2013 Directement \u00e0 l\u2019a\u00e9roport 24h\/24 | Sundoo24.com\" \/>\n<meta property=\"og:description\" content=\"Le service de location SUNDOO Mallorca livre vos articles lou\u00e9s \u00e0 votre arriv\u00e9e \u00e0 l\u2019a\u00e9roport de Palma et les r\u00e9cup\u00e8re \u00e0 votre d\u00e9part.\" \/>\n<meta property=\"og:url\" content=\"https:\/\/www.sundoo24.com\/fr\/tarifs-et-services\/\" \/>\n<meta property=\"og:site_name\" content=\"Sundoo24.com\" \/>\n<meta property=\"article:modified_time\" content=\"2025-08-14T11:04:57+00:00\" \/>\n<meta name=\"twitter:card\" content=\"summary_large_image\" \/>\n<meta name=\"twitter:title\" content=\"Livraison \u2013 Directement \u00e0 l\u2019a\u00e9roport 24h\/24 | Sundoo24.com\" \/>\n<meta name=\"twitter:description\" content=\"Le service de location SUNDOO Mallorca livre vos articles lou\u00e9s \u00e0 votre arriv\u00e9e \u00e0 l\u2019a\u00e9roport de Palma et les r\u00e9cup\u00e8re \u00e0 votre d\u00e9part.\" \/>\n<script type=\"application\/ld+json\" class=\"yoast-schema-graph\">{\"@context\":\"https:\/\/schema.org\",\"@graph\":[{\"@type\":\"WebPage\",\"@id\":\"https:\/\/www.sundoo24.com\/fr\/tarifs-et-services\/\",\"url\":\"https:\/\/www.sundoo24.com\/fr\/tarifs-et-services\/\",\"name\":\"Livraison \u2013 Directement \u00e0 l\u2019a\u00e9roport 24h\/24 | Sundoo24.com\",\"isPartOf\":{\"@id\":\"https:\/\/www.sundoo24.com\/fr\/#website\"},\"description\":\"Le service de location SUNDOO Mallorca livre vos articles lou\u00e9s \u00e0 votre arriv\u00e9e \u00e0 l\u2019a\u00e9roport de Palma et les r\u00e9cup\u00e8re \u00e0 votre d\u00e9part.\",\"inLanguage\":\"fr-FR\",\"potentialAction\":[{\"@type\":\"ReadAction\",\"target\":[\"https:\/\/www.sundoo24.com\/fr\/tarifs-et-services\/\"]}]},{\"@type\":\"WebSite\",\"@id\":\"https:\/\/www.sundoo24.com\/fr\/#website\",\"url\":\"https:\/\/www.sundoo24.com\/fr\/\",\"name\":\"Sundoo24.com\",\"description\":\"Location de si\u00e8ge auto \u00e0 Majorque \u00e0 partir de 1,49 \u20ac par jour \u2013 a\u00e9roport de Palma (PMI)\",\"publisher\":{\"@id\":\"https:\/\/www.sundoo24.com\/fr\/#organization\"},\"potentialAction\":[{\"@type\":\"SearchAction\",\"target\":{\"@type\":\"EntryPoint\",\"urlTemplate\":\"https:\/\/www.sundoo24.com\/fr\/?s={search_term_string}\"},\"query-input\":{\"@type\":\"PropertyValueSpecification\",\"valueRequired\":true,\"valueName\":\"search_term_string\"}}],\"inLanguage\":\"fr-FR\"},{\"@type\":\"Organization\",\"@id\":\"https:\/\/www.sundoo24.com\/fr\/#organization\",\"name\":\"SUNDOO Mallorca\",\"url\":\"https:\/\/www.sundoo24.com\/fr\/\",\"logo\":{\"@type\":\"ImageObject\",\"inLanguage\":\"fr-FR\",\"@id\":\"https:\/\/www.sundoo24.com\/fr\/#\/schema\/logo\/image\/\",\"url\":\"https:\/\/www.sundoo24.com\/fr\/wp-content\/uploads\/2022\/02\/logo.jpg\",\"contentUrl\":\"https:\/\/www.sundoo24.com\/fr\/wp-content\/uploads\/2022\/02\/logo.jpg\",\"width\":237,\"height\":80,\"caption\":\"SUNDOO Mallorca\"},\"image\":{\"@id\":\"https:\/\/www.sundoo24.com\/fr\/#\/schema\/logo\/image\/\"}}]}<\/script>\n","yoast_head_json":{"title":"Livraison \u2013 Directement \u00e0 l\u2019a\u00e9roport 24h\/24 | Sundoo24.com","description":"Le service de location SUNDOO Mallorca livre vos articles lou\u00e9s \u00e0 votre arriv\u00e9e \u00e0 l\u2019a\u00e9roport de Palma et les r\u00e9cup\u00e8re \u00e0 votre d\u00e9part.","robots":{"index":"index","follow":"follow","max-snippet":"max-snippet:-1","max-image-preview":"max-image-preview:large","max-video-preview":"max-video-preview:-1"},"canonical":"https:\/\/www.sundoo24.com\/fr\/tarifs-et-services\/","og_locale":"fr_FR","og_type":"article","og_title":"Livraison \u2013 Directement \u00e0 l\u2019a\u00e9roport 24h\/24 | Sundoo24.com","og_description":"Le service de location SUNDOO Mallorca livre vos articles lou\u00e9s \u00e0 votre arriv\u00e9e \u00e0 l\u2019a\u00e9roport de Palma et les r\u00e9cup\u00e8re \u00e0 votre d\u00e9part.","og_url":"https:\/\/www.sundoo24.com\/fr\/tarifs-et-services\/","og_site_name":"Sundoo24.com","article_modified_time":"2025-08-14T11:04:57+00:00","twitter_card":"summary_large_image","twitter_title":"Livraison \u2013 Directement \u00e0 l\u2019a\u00e9roport 24h\/24 | Sundoo24.com","twitter_description":"Le service de location SUNDOO Mallorca livre vos articles lou\u00e9s \u00e0 votre arriv\u00e9e \u00e0 l\u2019a\u00e9roport de Palma et les r\u00e9cup\u00e8re \u00e0 votre d\u00e9part.","schema":{"@context":"https:\/\/schema.org","@graph":[{"@type":"WebPage","@id":"https:\/\/www.sundoo24.com\/fr\/tarifs-et-services\/","url":"https:\/\/www.sundoo24.com\/fr\/tarifs-et-services\/","name":"Livraison \u2013 Directement \u00e0 l\u2019a\u00e9roport 24h\/24 | Sundoo24.com","isPartOf":{"@id":"https:\/\/www.sundoo24.com\/fr\/#website"},"description":"Le service de location SUNDOO Mallorca livre vos articles lou\u00e9s \u00e0 votre arriv\u00e9e \u00e0 l\u2019a\u00e9roport de Palma et les r\u00e9cup\u00e8re \u00e0 votre d\u00e9part.","inLanguage":"fr-FR","potentialAction":[{"@type":"ReadAction","target":["https:\/\/www.sundoo24.com\/fr\/tarifs-et-services\/"]}]},{"@type":"WebSite","@id":"https:\/\/www.sundoo24.com\/fr\/#website","url":"https:\/\/www.sundoo24.com\/fr\/","name":"Sundoo24.com","description":"Location de si\u00e8ge auto \u00e0 Majorque \u00e0 partir de 1,49 \u20ac par jour \u2013 a\u00e9roport de Palma (PMI)","publisher":{"@id":"https:\/\/www.sundoo24.com\/fr\/#organization"},"potentialAction":[{"@type":"SearchAction","target":{"@type":"EntryPoint","urlTemplate":"https:\/\/www.sundoo24.com\/fr\/?s={search_term_string}"},"query-input":{"@type":"PropertyValueSpecification","valueRequired":true,"valueName":"search_term_string"}}],"inLanguage":"fr-FR"},{"@type":"Organization","@id":"https:\/\/www.sundoo24.com\/fr\/#organization","name":"SUNDOO Mallorca","url":"https:\/\/www.sundoo24.com\/fr\/","logo":{"@type":"ImageObject","inLanguage":"fr-FR","@id":"https:\/\/www.sundoo24.com\/fr\/#\/schema\/logo\/image\/","url":"https:\/\/www.sundoo24.com\/fr\/wp-content\/uploads\/2022\/02\/logo.jpg","contentUrl":"https:\/\/www.sundoo24.com\/fr\/wp-content\/uploads\/2022\/02\/logo.jpg","width":237,"height":80,"caption":"SUNDOO Mallorca"},"image":{"@id":"https:\/\/www.sundoo24.com\/fr\/#\/schema\/logo\/image\/"}}]}},"_links":{"self":[{"href":"https:\/\/www.sundoo24.com\/fr\/wp-json\/wp\/v2\/pages\/2611","targetHints":{"allow":["GET"]}}],"collection":[{"href":"https:\/\/www.sundoo24.com\/fr\/wp-json\/wp\/v2\/pages"}],"about":[{"href":"https:\/\/www.sundoo24.com\/fr\/wp-json\/wp\/v2\/types\/page"}],"author":[{"embeddable":true,"href":"https:\/\/www.sundoo24.com\/fr\/wp-json\/wp\/v2\/users\/3"}],"replies":[{"embeddable":true,"href":"https:\/\/www.sundoo24.com\/fr\/wp-json\/wp\/v2\/comments?post=2611"}],"version-history":[{"count":13,"href":"https:\/\/www.sundoo24.com\/fr\/wp-json\/wp\/v2\/pages\/2611\/revisions"}],"predecessor-version":[{"id":7494,"href":"https:\/\/www.sundoo24.com\/fr\/wp-json\/wp\/v2\/pages\/2611\/revisions\/7494"}],"wp:attachment":[{"href":"https:\/\/www.sundoo24.com\/fr\/wp-json\/wp\/v2\/media?parent=2611"}],"curies":[{"name":"wp","href":"https:\/\/api.w.org\/{rel}","templated":true}]}}