{"id":4175,"date":"2022-03-08T22:32:57","date_gmt":"2022-03-08T21:32:57","guid":{"rendered":"https:\/\/www.sundoo.es\/?post_type=product&#038;p=4175"},"modified":"2025-12-07T10:27:35","modified_gmt":"2025-12-07T09:27:35","slug":"location-siege-auto-bebe-0-13kg","status":"publish","type":"product","link":"https:\/\/www.sundoo24.com\/fr\/tenerife\/produit\/location-siege-auto-bebe-0-13kg\/","title":{"rendered":"Coque pour b\u00e9b\u00e9 \u00e0 Tenerife (0-13 kg)"},"content":{"rendered":"<p><strong>C\u2019est enfin les vacances : vous descendez de l\u2019avion et le soleil vous attend. Pendant que votre b\u00e9b\u00e9 dort paisiblement dans vos bras, notre service de location SUNDOO vous attend d\u00e9j\u00e0 \u00e0 l\u2019a\u00e9roport de Tenerife Sud (TFS) pour que vous gardiez les mains libres. Le si\u00e8ge auto pour b\u00e9b\u00e9, l\u00e9ger comme une plume, est fra\u00eechement nettoy\u00e9 et pr\u00eat \u00e0 l\u2019emploi. R\u00e9servez-le depuis chez vous, nous le livrons \u00e0 l\u2019heure \u00e0 l\u2019a\u00e9roport.<\/strong><\/p>\n<p>Votre petit passager peut passer des bras de ses parents \u00e0 son mini-lit mobile sans se r\u00e9veiller. Le si\u00e8ge auto b\u00e9b\u00e9, install\u00e9 dos \u00e0 la route, est conforme d\u00e8s l\u2019arriv\u00e9e aux r\u00e9glementations locales sur les si\u00e8ges enfants : pas d\u2019amendes, pas de discussions. Votre b\u00e9b\u00e9 peut continuer \u00e0 dormir tranquillement dans la voiture et, une fois \u00e0 destination, le si\u00e8ge se transforme en un clin d\u2019\u0153il en transat \u2013 id\u00e9al pour un confort optimal au restaurant ou \u00e0 la plage. Avec un poids de seulement 2,6 kg, ce si\u00e8ge b\u00e9b\u00e9 ultra-l\u00e9ger s\u2019emporte partout sans effort.<\/p>\n<p>Gr\u00e2ce \u00e0 notre service de location de coque pour b\u00e9b\u00e9 \u00e0 l\u2019a\u00e9roport de Tenerife Sud (TFS), vous pouvez louer un si\u00e8ge b\u00e9b\u00e9 pour moins de 4 \u20ac par jour &#8211; jusqu\u2019\u00e0 50 % moins cher que dans de nombreuses agences de location de voitures. Vous gardez ainsi plus de budget pour profiter pleinement de vos vacances. Vous savez avant m\u00eame le d\u00e9part quel si\u00e8ge b\u00e9b\u00e9 attend votre enfant.<strong>Il vous suffit de le r\u00e9server en ligne, de le r\u00e9cup\u00e9rer d\u00e8s votre atterrissage et de le restituer tout aussi facilement avant votre vol retour. Rapide, transparent et sans aucun stress.<\/strong><\/p>\n<h2 style=\"padding-top: 10px; padding-bottom: 5px;\"><strong>Vos avantages avec SUNDOO Tenerife<\/strong><\/h2>\n<ul class=\"list list-icons\">\n<li><i class=\"porto-icon-shipping-truck\"><\/i><strong><span class=\"text-dark\">Pr\u00eat \u00e0 partir imm\u00e9diatement :<\/span><\/strong><br \/>\nLivraison et restitution directement \u00e0 l&rsquo;a\u00e9roport, 24 heures sur 24.<\/li>\n<li><i class=\"porto-icon-clock\"><\/i><strong><span class=\"text-dark\">Pas de longs d\u00e9lais d&rsquo;attente :<\/span><\/strong><br \/>\nLes articles lou\u00e9s sont imm\u00e9diatement disponibles &#8211; livraison et restitution en quelques minutes.<\/li>\n<li><i class=\"porto-icon-percent-circle\"><\/i><strong><span class=\"text-dark\">R\u00e9duisez vos co\u00fbts :<\/span><\/strong><br \/>\nJusqu&rsquo;\u00e0 50 % moins cher que les forfaits journaliers de nombreux loueurs de voitures.<\/li>\n<li><i class=\"porto-icon-check-circle\"><\/i><strong><span class=\"text-dark\">Propres et contr\u00f4l\u00e9s :<\/span><\/strong><br \/>\nChaque article lou\u00e9 est nettoy\u00e9 de mani\u00e8re professionnelle et est conforme \u00e0 la norme ECE R44\/04 ou \u00e0 la norme i-Size.<\/li>\n<\/ul>\n<h2 style=\"padding-top: 10px; padding-bottom: 5px;\"><strong>Pourquoi la location d\u2019un si\u00e8ge auto pour b\u00e9b\u00e9 est-elle un bon choix ?<\/strong><\/h2>\n<p><strong>Ce si\u00e8ge auto b\u00e9b\u00e9 (0-13 kg) offre un design ergonomique qui soutient efficacement la colonne vert\u00e9brale sensible de votre enfant. La ceinture de s\u00e9curit\u00e9 \u00e0 3 points garantit la stabilit\u00e9 et la s\u00e9curit\u00e9 des petits passagers, tandis que le r\u00e9ducteur de si\u00e8ge fourni, avec son appui-t\u00eate sp\u00e9cialement con\u00e7u, assure une protection suppl\u00e9mentaire en cas de choc lat\u00e9ral.<\/strong><\/p>\n<p><strong>Gr\u00e2ce \u00e0 sa poign\u00e9e r\u00e9glable en plusieurs positions, le si\u00e8ge auto b\u00e9b\u00e9 se transforme en un clin d\u2019\u0153il en lit mobile. Vous pouvez ainsi transporter votre enfant partout sans le r\u00e9veiller.<\/strong> Le pare-soleil extensible et la couverture pour les jambes offrent une protection fiable contre le soleil, le vent et la pluie, tandis que le rembourrage respirant reste agr\u00e9ablement frais et emp\u00eache l\u2019accumulation de chaleur.<\/p>\n<p>La poign\u00e9e s\u2019enclenche en toute s\u00e9curit\u00e9 dans trois positions. L\u2019une d\u2019elles transforme le si\u00e8ge auto b\u00e9b\u00e9 en une douce balancelle, id\u00e9ale pour les petites pauses en dehors de la voiture. Install\u00e9 dos \u00e0 la route \u00e0 l\u2019aide de la ceinture de s\u00e9curit\u00e9, il s\u2019adapte \u00e0 presque toutes les voitures gr\u00e2ce \u00e0 son syst\u00e8me intelligent de guidage de la ceinture et respecte la stricte norme europ\u00e9enne ECE R44\/04. <strong>En r\u00e9sum\u00e9, c\u2019est un compagnon de voyage ultra-l\u00e9ger et test\u00e9, qui garantit une protection optimale pour votre b\u00e9b\u00e9 et un grand confort pour vous.<\/strong><\/p>\n<div style=\"padding-top: 10px; padding-bottom: 5px;\"><strong>Avantages du si\u00e8ge auto b\u00e9b\u00e9 :<\/strong><\/div>\n<ul class=\"list list-icons list-icons-style-3 list-icons-sm ml-4\">\n<li><i class=\"fas fa-check\"><\/i> Convient aux b\u00e9b\u00e9s et jeunes enfants (0\u201313 kg)<\/li>\n<li><i class=\"fas fa-check\"><\/i> Installation ultra-rapide avec ceinture \u00e0 3 points \u2013 ISOFIX non n\u00e9cessaire<\/li>\n<li><i class=\"fas fa-check\"><\/i> Protection lat\u00e9rale int\u00e9gr\u00e9e contre les chocs pour une s\u00e9curit\u00e9 optimale lors des d\u00e9placements<\/li>\n<li><i class=\"fas fa-check\"><\/i> Pare-soleil XXL pliable avec couverture pour les jambes<\/li>\n<li><i class=\"fas fa-check\"><\/i> Ultra-l\u00e9ger &#8211; seulement 2,6 kg, donc facile \u00e0 transporter<\/li>\n<li><i class=\"fas fa-check\"><\/i> Fonction balancelle et porte-b\u00e9b\u00e9 pratique en dehors de la voiture<\/li>\n<li><i class=\"fas fa-check\"><\/i> R\u00e9ducteur de si\u00e8ge inclus, parfait pour les nouveau-n\u00e9s<\/li>\n<\/ul>\n<div style=\"padding-top: 5px; padding-bottom: 5px;\"><strong>Caract\u00e9ristiques d\u00e9taill\u00e9es de la coque b\u00e9b\u00e9 :<\/strong><\/div>\n<ul class=\"list list-icons list-icons-style-3 list-icons-sm ml-4\">\n<li><i class=\"fas fa-angle-right\"><\/i> Poids : 2,6 kg<\/li>\n<li><i class=\"fas fa-angle-right\"><\/i> Dimensions : 30 \u00d7 45 \u00d7 68 cm<\/li>\n<li><i class=\"fas fa-angle-right\"><\/i> Poids maximal recommand\u00e9 : 13 kg<\/li>\n<li><i class=\"fas fa-angle-right\"><\/i> Installation : dos \u00e0 la route avec harnais \u00e0 3 points<\/li>\n<li><i class=\"fas fa-angle-right\"><\/i> Mat\u00e9riau : HDPE robuste avec rev\u00eatement en polyester doux et agr\u00e9able au toucher<\/li>\n<\/ul>\n<div class=\"alert alert-danger\"><span class=\"font-weight-bold\">Le montant minimum de commande de 29,90 EUR n&rsquo;est pas atteint ?<\/span><br \/>\nFaites plaisir \u00e0 votre enfant : louez par exemple un <span class=\"text-nowrap\"><i class=\"fa fa-caret-right text-primary mr-0\"><\/i> <a class=\"font-weight-bold\" href=\"https:\/\/www.sundoo24.com\/fr\/tenerife\/produit\/louer-trottinette-pour-enfants\/\">trottinette pour enfants avec roues lumineuses<\/a><\/span>, un <span class=\"text-nowrap\"><i class=\"fa fa-caret-right text-primary mr-0\"><\/i> <a class=\"font-weight-bold\" href=\"https:\/\/www.sundoo24.com\/fr\/tenerife\/produit\/location-draisienne-pour-enfants\/\">v\u00e9lo sans p\u00e9dales cool<\/a><\/span> ou un <span class=\"text-nowrap\"><i class=\"fa fa-caret-right text-primary mr-0\"><\/i> <a class=\"font-weight-bold\" href=\"https:\/\/www.sundoo24.com\/fr\/tenerife\/produit\/location-draisienne-pukylino-pour-enfants\/\">Pukylino pour les plus petits<\/a><\/span> \u2013 le tout fra\u00eechement nettoy\u00e9 et \u00e0 un prix journalier avantageux. Ainsi, votre arriv\u00e9e \u00e0 Tenerife Sud sera d\u00e9j\u00e0 un moment fort \u2013 et votre budget restera d\u00e9tendu.<\/div>\n","protected":false},"excerpt":{"rendered":"<div class=\"mb-2\"><img loading=\"lazy\" decoding=\"async\" class=\"alignleft size-full wp-image-5378\" title=\"Faites votre r\u00e9servation d\u00e8s maintenant et b\u00e9n\u00e9ficiez d'un prix avantageux !\" src=\"https:\/\/www.sundoo24.com\/fr\/tenerife\/wp-content\/uploads\/2025\/09\/fruebucherrabatt1.jpg\" alt=\"Promo r\u00e9servation anticip\u00e9e SUNDOO Tenerife\" width=\"360\" height=\"30\" \/><\/div>\n<p>Location d\u2019une coque b\u00e9b\u00e9 ultra-l\u00e9g\u00e8re pour voyager en toute s\u00e9curit\u00e9 \u00e0 Tenerife. Id\u00e9ale pour les b\u00e9b\u00e9s de 0 \u00e0 13 kg, cette coque ne p\u00e8se que 2,6 kg et offre une conception robuste avec fonction de portage et de balancement. Ergonomique et confortable, elle assure une s\u00e9curit\u00e9 maximale pendant le trajet. <strong>Livraison et r\u00e9cup\u00e9ration \u00e0 l&rsquo;a\u00e9roport de Tenerife Sud (TFS) 24 heures sur 24, de minuit \u00e0 minuit.<\/strong><\/p>\n<div class=\"alert alert-success font-weight-bold\">Remarque : le jour de votre arriv\u00e9e et le jour de votre d\u00e9part sont compt\u00e9s comme une journ\u00e9e de location compl\u00e8te, car l&rsquo;article lou\u00e9 vous est r\u00e9serv\u00e9 exclusivement pendant cette p\u00e9riode.<\/div>\n","protected":false},"featured_media":7862,"comment_status":"open","ping_status":"closed","template":"","meta":[],"product_brand":[],"product_cat":[235,171,152],"product_tag":[],"class_list":{"0":"post-4175","1":"product","2":"type-product","3":"status-publish","4":"has-post-thumbnail","6":"product_cat-aeroport-de-tenerife-sud","7":"product_cat-location","8":"product_cat-sieges-auto","10":"first","11":"instock","12":"shipping-taxable","13":"purchasable","14":"product-type-variable"},"yoast_head":"\n<title>Location de coque b\u00e9b\u00e9 \u00e0 petit prix \u00e0 l\u2019a\u00e9roport de Tenerife Sud<\/title>\n<meta name=\"description\" content=\"\u00c0 partir de 3,79 \u20ac\/jour, louez une coque b\u00e9b\u00e9 (0-13 kg) \u00e0 l\u2019a\u00e9roport de Tenerife : tr\u00e8s l\u00e9g\u00e8re, fonction porte-b\u00e9b\u00e9 et balancelle, pare-soleil rabattable.\" \/>\n<meta name=\"robots\" content=\"index, follow, max-snippet:-1, max-image-preview:large, max-video-preview:-1\" \/>\n<link rel=\"canonical\" href=\"https:\/\/www.sundoo24.com\/fr\/tenerife\/produit\/location-siege-auto-bebe-0-13kg\/\" \/>\n<meta property=\"og:locale\" content=\"fr_FR\" \/>\n<meta property=\"og:type\" content=\"article\" \/>\n<meta property=\"og:title\" content=\"Location de coque b\u00e9b\u00e9 \u00e0 petit prix \u00e0 l\u2019a\u00e9roport de Tenerife Sud\" \/>\n<meta property=\"og:description\" content=\"\u00c0 partir de 3,79 \u20ac\/jour, louez une coque b\u00e9b\u00e9 (0-13 kg) \u00e0 l\u2019a\u00e9roport de Tenerife : tr\u00e8s l\u00e9g\u00e8re, fonction porte-b\u00e9b\u00e9 et balancelle, pare-soleil rabattable.\" \/>\n<meta property=\"og:url\" content=\"https:\/\/www.sundoo24.com\/fr\/tenerife\/produit\/location-siege-auto-bebe-0-13kg\/\" \/>\n<meta property=\"og:site_name\" content=\"Sundoo24.com\" \/>\n<meta property=\"article:modified_time\" content=\"2025-12-07T09:27:35+00:00\" \/>\n<meta property=\"og:image\" content=\"https:\/\/www.sundoo24.com\/fr\/tenerife\/wp-content\/uploads\/2022\/03\/location-siege-auto-bebe-0-13kg-tenerife.jpg\" \/>\n\t<meta property=\"og:image:width\" content=\"600\" \/>\n\t<meta property=\"og:image:height\" content=\"600\" \/>\n\t<meta property=\"og:image:type\" content=\"image\/jpeg\" \/>\n<meta name=\"twitter:card\" content=\"summary_large_image\" \/>\n<meta name=\"twitter:title\" content=\"Location de coque b\u00e9b\u00e9 \u00e0 petit prix \u00e0 l\u2019a\u00e9roport de Tenerife Sud\" \/>\n<meta name=\"twitter:description\" content=\"\u00c0 partir de 3,79 \u20ac\/jour, louez une coque b\u00e9b\u00e9 (0-13 kg) \u00e0 l\u2019a\u00e9roport de Tenerife : tr\u00e8s l\u00e9g\u00e8re, fonction porte-b\u00e9b\u00e9 et balancelle, pare-soleil rabattable.\" \/>\n<meta name=\"twitter:image\" content=\"https:\/\/www.sundoo24.com\/fr\/tenerife\/wp-content\/uploads\/2022\/03\/location-siege-auto-bebe-0-13kg-tenerife.jpg\" \/>\n<script type=\"application\/ld+json\" class=\"yoast-schema-graph\">{\"@context\":\"https:\/\/schema.org\",\"@graph\":[{\"@type\":\"WebPage\",\"@id\":\"https:\/\/www.sundoo24.com\/fr\/tenerife\/produit\/location-siege-auto-bebe-0-13kg\/\",\"url\":\"https:\/\/www.sundoo24.com\/fr\/tenerife\/produit\/location-siege-auto-bebe-0-13kg\/\",\"name\":\"Location de coque b\u00e9b\u00e9 \u00e0 petit prix \u00e0 l\u2019a\u00e9roport de Tenerife Sud\",\"isPartOf\":{\"@id\":\"https:\/\/www.sundoo24.com\/fr\/tenerife\/#website\"},\"primaryImageOfPage\":{\"@id\":\"https:\/\/www.sundoo24.com\/fr\/tenerife\/produit\/location-siege-auto-bebe-0-13kg\/#primaryimage\"},\"image\":{\"@id\":\"https:\/\/www.sundoo24.com\/fr\/tenerife\/produit\/location-siege-auto-bebe-0-13kg\/#primaryimage\"},\"thumbnailUrl\":\"https:\/\/www.sundoo24.com\/fr\/tenerife\/wp-content\/uploads\/2022\/03\/location-siege-auto-bebe-0-13kg-tenerife.jpg\",\"description\":\"\u00c0 partir de 3,79 \u20ac\/jour, louez une coque b\u00e9b\u00e9 (0-13 kg) \u00e0 l\u2019a\u00e9roport de Tenerife : tr\u00e8s l\u00e9g\u00e8re, fonction porte-b\u00e9b\u00e9 et balancelle, pare-soleil rabattable.\",\"breadcrumb\":{\"@id\":\"https:\/\/www.sundoo24.com\/fr\/tenerife\/produit\/location-siege-auto-bebe-0-13kg\/#breadcrumb\"},\"inLanguage\":\"fr-FR\",\"potentialAction\":[{\"@type\":\"ReadAction\",\"target\":[\"https:\/\/www.sundoo24.com\/fr\/tenerife\/produit\/location-siege-auto-bebe-0-13kg\/\"]}]},{\"@type\":\"ImageObject\",\"inLanguage\":\"fr-FR\",\"@id\":\"https:\/\/www.sundoo24.com\/fr\/tenerife\/produit\/location-siege-auto-bebe-0-13kg\/#primaryimage\",\"url\":\"https:\/\/www.sundoo24.com\/fr\/tenerife\/wp-content\/uploads\/2022\/03\/location-siege-auto-bebe-0-13kg-tenerife.jpg\",\"contentUrl\":\"https:\/\/www.sundoo24.com\/fr\/tenerife\/wp-content\/uploads\/2022\/03\/location-siege-auto-bebe-0-13kg-tenerife.jpg\",\"width\":600,\"height\":600,\"caption\":\"Location siege bebe Tenerife\"},{\"@type\":\"BreadcrumbList\",\"@id\":\"https:\/\/www.sundoo24.com\/fr\/tenerife\/produit\/location-siege-auto-bebe-0-13kg\/#breadcrumb\",\"itemListElement\":[{\"@type\":\"ListItem\",\"position\":1,\"name\":\"Mietartikel\",\"item\":\"https:\/\/www.sundoo24.com\/fr\/tenerife\/shop\/\"},{\"@type\":\"ListItem\",\"position\":2,\"name\":\"Coque pour b\u00e9b\u00e9 \u00e0 Tenerife (0-13 kg)\"}]},{\"@type\":\"WebSite\",\"@id\":\"https:\/\/www.sundoo24.com\/fr\/tenerife\/#website\",\"url\":\"https:\/\/www.sundoo24.com\/fr\/tenerife\/\",\"name\":\"SUNDOO Teneriffa\",\"description\":\"Voyagez l\u00e9ger \u2013 nous avons le si\u00e8ge-auto qu\u2019il vous faut \u00e0 l\u2019a\u00e9roport de Tenerife Sud\",\"potentialAction\":[{\"@type\":\"SearchAction\",\"target\":{\"@type\":\"EntryPoint\",\"urlTemplate\":\"https:\/\/www.sundoo24.com\/fr\/tenerife\/?s={search_term_string}\"},\"query-input\":{\"@type\":\"PropertyValueSpecification\",\"valueRequired\":true,\"valueName\":\"search_term_string\"}}],\"inLanguage\":\"fr-FR\"}]}<\/script>\n","yoast_head_json":{"title":"Location de coque b\u00e9b\u00e9 \u00e0 petit prix \u00e0 l\u2019a\u00e9roport de Tenerife Sud","description":"\u00c0 partir de 3,79 \u20ac\/jour, louez une coque b\u00e9b\u00e9 (0-13 kg) \u00e0 l\u2019a\u00e9roport de Tenerife : tr\u00e8s l\u00e9g\u00e8re, fonction porte-b\u00e9b\u00e9 et balancelle, pare-soleil rabattable.","robots":{"index":"index","follow":"follow","max-snippet":"max-snippet:-1","max-image-preview":"max-image-preview:large","max-video-preview":"max-video-preview:-1"},"canonical":"https:\/\/www.sundoo24.com\/fr\/tenerife\/produit\/location-siege-auto-bebe-0-13kg\/","og_locale":"fr_FR","og_type":"article","og_title":"Location de coque b\u00e9b\u00e9 \u00e0 petit prix \u00e0 l\u2019a\u00e9roport de Tenerife Sud","og_description":"\u00c0 partir de 3,79 \u20ac\/jour, louez une coque b\u00e9b\u00e9 (0-13 kg) \u00e0 l\u2019a\u00e9roport de Tenerife : tr\u00e8s l\u00e9g\u00e8re, fonction porte-b\u00e9b\u00e9 et balancelle, pare-soleil rabattable.","og_url":"https:\/\/www.sundoo24.com\/fr\/tenerife\/produit\/location-siege-auto-bebe-0-13kg\/","og_site_name":"Sundoo24.com","article_modified_time":"2025-12-07T09:27:35+00:00","og_image":[{"width":600,"height":600,"url":"https:\/\/www.sundoo24.com\/fr\/tenerife\/wp-content\/uploads\/2022\/03\/location-siege-auto-bebe-0-13kg-tenerife.jpg","type":"image\/jpeg"}],"twitter_card":"summary_large_image","twitter_title":"Location de coque b\u00e9b\u00e9 \u00e0 petit prix \u00e0 l\u2019a\u00e9roport de Tenerife Sud","twitter_description":"\u00c0 partir de 3,79 \u20ac\/jour, louez une coque b\u00e9b\u00e9 (0-13 kg) \u00e0 l\u2019a\u00e9roport de Tenerife : tr\u00e8s l\u00e9g\u00e8re, fonction porte-b\u00e9b\u00e9 et balancelle, pare-soleil rabattable.","twitter_image":"https:\/\/www.sundoo24.com\/fr\/tenerife\/wp-content\/uploads\/2022\/03\/location-siege-auto-bebe-0-13kg-tenerife.jpg","schema":{"@context":"https:\/\/schema.org","@graph":[{"@type":"WebPage","@id":"https:\/\/www.sundoo24.com\/fr\/tenerife\/produit\/location-siege-auto-bebe-0-13kg\/","url":"https:\/\/www.sundoo24.com\/fr\/tenerife\/produit\/location-siege-auto-bebe-0-13kg\/","name":"Location de coque b\u00e9b\u00e9 \u00e0 petit prix \u00e0 l\u2019a\u00e9roport de Tenerife Sud","isPartOf":{"@id":"https:\/\/www.sundoo24.com\/fr\/tenerife\/#website"},"primaryImageOfPage":{"@id":"https:\/\/www.sundoo24.com\/fr\/tenerife\/produit\/location-siege-auto-bebe-0-13kg\/#primaryimage"},"image":{"@id":"https:\/\/www.sundoo24.com\/fr\/tenerife\/produit\/location-siege-auto-bebe-0-13kg\/#primaryimage"},"thumbnailUrl":"https:\/\/www.sundoo24.com\/fr\/tenerife\/wp-content\/uploads\/2022\/03\/location-siege-auto-bebe-0-13kg-tenerife.jpg","description":"\u00c0 partir de 3,79 \u20ac\/jour, louez une coque b\u00e9b\u00e9 (0-13 kg) \u00e0 l\u2019a\u00e9roport de Tenerife : tr\u00e8s l\u00e9g\u00e8re, fonction porte-b\u00e9b\u00e9 et balancelle, pare-soleil rabattable.","breadcrumb":{"@id":"https:\/\/www.sundoo24.com\/fr\/tenerife\/produit\/location-siege-auto-bebe-0-13kg\/#breadcrumb"},"inLanguage":"fr-FR","potentialAction":[{"@type":"ReadAction","target":["https:\/\/www.sundoo24.com\/fr\/tenerife\/produit\/location-siege-auto-bebe-0-13kg\/"]}]},{"@type":"ImageObject","inLanguage":"fr-FR","@id":"https:\/\/www.sundoo24.com\/fr\/tenerife\/produit\/location-siege-auto-bebe-0-13kg\/#primaryimage","url":"https:\/\/www.sundoo24.com\/fr\/tenerife\/wp-content\/uploads\/2022\/03\/location-siege-auto-bebe-0-13kg-tenerife.jpg","contentUrl":"https:\/\/www.sundoo24.com\/fr\/tenerife\/wp-content\/uploads\/2022\/03\/location-siege-auto-bebe-0-13kg-tenerife.jpg","width":600,"height":600,"caption":"Location siege bebe Tenerife"},{"@type":"BreadcrumbList","@id":"https:\/\/www.sundoo24.com\/fr\/tenerife\/produit\/location-siege-auto-bebe-0-13kg\/#breadcrumb","itemListElement":[{"@type":"ListItem","position":1,"name":"Mietartikel","item":"https:\/\/www.sundoo24.com\/fr\/tenerife\/shop\/"},{"@type":"ListItem","position":2,"name":"Coque pour b\u00e9b\u00e9 \u00e0 Tenerife (0-13 kg)"}]},{"@type":"WebSite","@id":"https:\/\/www.sundoo24.com\/fr\/tenerife\/#website","url":"https:\/\/www.sundoo24.com\/fr\/tenerife\/","name":"SUNDOO Teneriffa","description":"Voyagez l\u00e9ger \u2013 nous avons le si\u00e8ge-auto qu\u2019il vous faut \u00e0 l\u2019a\u00e9roport de Tenerife Sud","potentialAction":[{"@type":"SearchAction","target":{"@type":"EntryPoint","urlTemplate":"https:\/\/www.sundoo24.com\/fr\/tenerife\/?s={search_term_string}"},"query-input":{"@type":"PropertyValueSpecification","valueRequired":true,"valueName":"search_term_string"}}],"inLanguage":"fr-FR"}]}},"_links":{"self":[{"href":"https:\/\/www.sundoo24.com\/fr\/tenerife\/wp-json\/wp\/v2\/product\/4175","targetHints":{"allow":["GET"]}}],"collection":[{"href":"https:\/\/www.sundoo24.com\/fr\/tenerife\/wp-json\/wp\/v2\/product"}],"about":[{"href":"https:\/\/www.sundoo24.com\/fr\/tenerife\/wp-json\/wp\/v2\/types\/product"}],"replies":[{"embeddable":true,"href":"https:\/\/www.sundoo24.com\/fr\/tenerife\/wp-json\/wp\/v2\/comments?post=4175"}],"wp:featuredmedia":[{"embeddable":true,"href":"https:\/\/www.sundoo24.com\/fr\/tenerife\/wp-json\/wp\/v2\/media\/7862"}],"wp:attachment":[{"href":"https:\/\/www.sundoo24.com\/fr\/tenerife\/wp-json\/wp\/v2\/media?parent=4175"}],"wp:term":[{"taxonomy":"product_brand","embeddable":true,"href":"https:\/\/www.sundoo24.com\/fr\/tenerife\/wp-json\/wp\/v2\/product_brand?post=4175"},{"taxonomy":"product_cat","embeddable":true,"href":"https:\/\/www.sundoo24.com\/fr\/tenerife\/wp-json\/wp\/v2\/product_cat?post=4175"},{"taxonomy":"product_tag","embeddable":true,"href":"https:\/\/www.sundoo24.com\/fr\/tenerife\/wp-json\/wp\/v2\/product_tag?post=4175"}],"curies":[{"name":"wp","href":"https:\/\/api.w.org\/{rel}","templated":true}]}}