{"id":3677,"date":"2022-02-20T13:18:46","date_gmt":"2022-02-20T12:18:46","guid":{"rendered":"https:\/\/www.sundoo.es\/?post_type=product&#038;p=3677"},"modified":"2025-12-07T10:28:42","modified_gmt":"2025-12-07T09:28:42","slug":"louer-trottinette-pour-enfants","status":"publish","type":"product","link":"https:\/\/www.sundoo24.com\/fr\/tenerife\/produit\/louer-trottinette-pour-enfants\/","title":{"rendered":"Trottinette pour enfants de 2 \u00e0 5 ans"},"content":{"rendered":"<p><strong>D\u00e8s votre descente de l&rsquo;avion, votre enfant rayonnera de joie. Imm\u00e9diatement apr\u00e8s avoir quitt\u00e9 le terminal de l&rsquo;a\u00e9roport Tenerife Sud (TFS), l&rsquo;\u00e9quipe SUNDOO vous remettra une trottinette enfant OXELO ultra-l\u00e9g\u00e8re \u00e0 louer.<\/strong> Fra\u00eechement nettoy\u00e9e, contr\u00f4l\u00e9e au niveau de la s\u00e9curit\u00e9 et \u00e9quip\u00e9e de roues lumineuses LED tr\u00e8s cool. Pas de bagages lourds, pas de vis compliqu\u00e9es \u00e0 manipuler, pas besoin de gonfler les pneus. Pesant seulement 2,3 kg, la trottinette se range facilement dans le coffre de votre voiture de location et est pr\u00eate \u00e0 l&#8217;emploi d\u00e8s votre arriv\u00e9e \u00e0 destination.<\/p>\n<p>Pour votre enfant : une joie anticip\u00e9e et une mobilit\u00e9 sans souci, que ce soit dans le parc ou dans la vieille ville. Pour vous : un voyage sans stress, moins de bagages et un enfant heureux. <strong>R\u00e9servez la trottinette en ligne d\u00e8s maintenant et elle vous attendra \u00e0 votre arriv\u00e9e. Aussi famili\u00e8re que son jouet pr\u00e9f\u00e9r\u00e9 \u00e0 la maison.<\/strong><\/p>\n<h2 style=\"padding-top: 10px; padding-bottom: 5px;\"><strong>Vos avantages avec SUNDOO Tenerife<\/strong><\/h2>\n<ul class=\"list list-icons\">\n<li><i class=\"porto-icon-shipping-truck\"><\/i><strong><span class=\"text-dark\">Pr\u00eat \u00e0 partir imm\u00e9diatement :<\/span><\/strong><br \/>\nLivraison et restitution directement \u00e0 l&rsquo;a\u00e9roport, 24 heures sur 24.<\/li>\n<li><i class=\"porto-icon-clock\"><\/i><strong><span class=\"text-dark\">Pas de longs d\u00e9lais d&rsquo;attente :<\/span><\/strong><br \/>\nLes articles lou\u00e9s sont imm\u00e9diatement disponibles &#8211; livraison et restitution en quelques minutes.<\/li>\n<li><i class=\"porto-icon-percent-circle\"><\/i><strong><span class=\"text-dark\">R\u00e9duisez vos co\u00fbts :<\/span><\/strong><br \/>\nJusqu&rsquo;\u00e0 50 % moins cher que les forfaits journaliers de nombreux loueurs de voitures.<\/li>\n<li><i class=\"porto-icon-check-circle\"><\/i><strong><span class=\"text-dark\">Propres et contr\u00f4l\u00e9s :<\/span><\/strong><br \/>\nChaque article lou\u00e9 est nettoy\u00e9 de mani\u00e8re professionnelle et r\u00e9pond aux normes europ\u00e9ennes en vigueur.<\/li>\n<\/ul>\n<h2 style=\"padding-top: 10px; padding-bottom: 5px;\"><strong>Pourquoi louer une trottinette enfant est-ce un choix judicieux ?<\/strong><\/h2>\n<p><strong>La location d&rsquo;une trottinette enfant OXELO chez Decathlon est un choix vraiment judicieux, avec ses roues LED lumineuses et son design qui ravira les petits aventuriers d\u00e8s l&rsquo;\u00e2ge de 2 ans.<\/strong> D\u00e9velopp\u00e9e en collaboration avec des kin\u00e9sith\u00e9rapeutes, cette trottinette brevet\u00e9e favorise de mani\u00e8re ludique le sens de l&rsquo;\u00e9quilibre et entra\u00eene la coordination. Les doubles roues avant et le syst\u00e8me de direction brevet\u00e9 conf\u00e8rent \u00e0 cette trottinette pour enfants une stabilit\u00e9 exceptionnelle. Le plateau s&rsquo;incline \u00e0 un angle pr\u00e9cis \u00e0 chaque mouvement de direction, afin que votre enfant ne perde jamais l&rsquo;\u00e9quilibre, m\u00eame dans les virages.<\/p>\n<p>Le repose-pieds antid\u00e9rapant et le frein int\u00e9gr\u00e9 favorisent une position naturelle des pieds et une conduite s\u00fbre. Le guidon incurv\u00e9 peut \u00eatre r\u00e9gl\u00e9 \u00e0 quatre hauteurs diff\u00e9rentes, ce qui permet de l&rsquo;adapter facilement \u00e0 votre taille. Le guidon peut \u00eatre retir\u00e9 en quelques secondes pour le transport. Il peut \u00eatre facilement fix\u00e9 \u00e0 la plate-forme \u00e0 l&rsquo;aide de la sangle en caoutchouc fournie, ce qui permet de ranger la trottinette de mani\u00e8re compacte.<\/p>\n<p>Avec un poids de seulement 2,3 kg, cette trottinette pour enfants est un poids plume que parents et enfants peuvent manipuler facilement. Les roues souples et les roulements \u00e0 billes de haute qualit\u00e9 garantissent un roulement fluide et s\u00fbr sans aller trop vite. <strong>Location de cet article garantissant le plaisir d\u00e8s maintenant chez SUNDOO Tenerife \u2013 pour des yeux d&rsquo;enfants brillants et des moments de vacances inoubliables.<\/strong><\/p>\n<div style=\"padding-top: 10px; padding-bottom: 5px;\"><strong>Avantages :<\/strong><\/div>\n<ul class=\"list list-icons list-icons-style-3 list-icons-sm ml-4\">\n<li><i class=\"fas fa-check\"><\/i> Roues LED lumineuses pour un plaisir de glisse maximal<\/li>\n<li><i class=\"fas fa-check\"><\/i> Syst\u00e8me de direction brevet\u00e9 et repose-pieds antid\u00e9rapant<\/li>\n<li><i class=\"fas fa-check\"><\/i> Roues EVA anti-crevaison \u2013 aucun gonflage des pneus n\u00e9cessaire<\/li>\n<li><i class=\"fas fa-check\"><\/i> Guidon r\u00e9glable en hauteur dans 4 positions<\/li>\n<li><i class=\"fas fa-check\"><\/i> Conception ultra-l\u00e9g\u00e8re et compacte, pliable<\/li>\n<li><i class=\"fas fa-check\"><\/i> Favorise l&rsquo;\u00e9quilibre et la coordination<\/li>\n<li><i class=\"fas fa-check\"><\/i> Produit de qualit\u00e9 Decathlon<\/li>\n<\/ul>\n<div style=\"padding-top: 5px; padding-bottom: 5px;\"><strong>Caract\u00e9ristiques d\u00e9taill\u00e9es :<\/strong><\/div>\n<ul class=\"list list-icons list-icons-style-3 list-icons-sm ml-4\">\n<li><i class=\"fas fa-angle-right\"><\/i> Poids : 2,3 kg<i class=\"fas fa-angle-right\"><\/i><\/li>\n<li><i class=\"fas fa-angle-right\"><\/i> Hauteur minimale du guidon : 45 cm<\/li>\n<li><i class=\"fas fa-angle-right\"><\/i> Hauteur maximale du guidon : 66 cm<\/li>\n<li><i class=\"fas fa-angle-right\"><\/i> Longueur totale : 56 cm<\/li>\n<li><i class=\"fas fa-angle-right\"><\/i> Empattement : 26 cm<\/li>\n<li><i class=\"fas fa-angle-right\"><\/i> \u00c2ge : 2 \u00e0 5 ans (80 \u00e0 120 cm)<\/li>\n<li><i class=\"fas fa-angle-right\"><\/i> Charge maximale : 35 kg<\/li>\n<\/ul>\n<div class=\"alert alert-danger\"><span class=\"font-weight-bold\">Le montant minimum de commande de 29,90 EUR n&rsquo;est pas atteint ?<\/span><br \/>\nFaites plaisir \u00e0 votre enfant : louez par exemple un <span class=\"text-nowrap\"><i class=\"fa fa-caret-right text-primary mr-0\"><\/i> <a class=\"font-weight-bold\" href=\"https:\/\/www.sundoo24.com\/fr\/tenerife\/produit\/louer-trottinette-pour-enfants\/\">trottinette pour enfants avec roues lumineuses<\/a><\/span>, un <span class=\"text-nowrap\"><i class=\"fa fa-caret-right text-primary mr-0\"><\/i> <a class=\"font-weight-bold\" href=\"https:\/\/www.sundoo24.com\/fr\/tenerife\/produit\/location-draisienne-pour-enfants\/\">v\u00e9lo sans p\u00e9dales cool<\/a><\/span> ou un <span class=\"text-nowrap\"><i class=\"fa fa-caret-right text-primary mr-0\"><\/i> <a class=\"font-weight-bold\" href=\"https:\/\/www.sundoo24.com\/fr\/tenerife\/produit\/location-draisienne-pukylino-pour-enfants\/\">Pukylino pour les plus petits<\/a><\/span> \u2013 le tout fra\u00eechement nettoy\u00e9 et \u00e0 un prix journalier avantageux. Ainsi, votre arriv\u00e9e \u00e0 Tenerife Sud sera d\u00e9j\u00e0 un moment fort \u2013 et votre budget restera d\u00e9tendu.<\/div>\n","protected":false},"excerpt":{"rendered":"<div class=\"mb-2\"><img loading=\"lazy\" decoding=\"async\" class=\"alignleft size-full wp-image-5378\" title=\"Faites votre r\u00e9servation d\u00e8s maintenant et b\u00e9n\u00e9ficiez d'un prix avantageux !\" src=\"https:\/\/www.sundoo24.com\/fr\/tenerife\/wp-content\/uploads\/2025\/09\/fruebucherrabatt1.jpg\" alt=\"Promo r\u00e9servation anticip\u00e9e SUNDOO Tenerife\" width=\"360\" height=\"30\" \/><\/div>\n<p>Du plaisir \u00e0 rouler \u00e0 la location pour les enfants de 2 \u00e0 5 ans. La trottinette ultra-l\u00e9g\u00e8re pour enfants avec pneus lumineux est id\u00e9ale pour les enfants mesurant entre 80 et 120 cm en vacances. Intuitive et facile \u00e0 diriger, cette trottinette favorise le d\u00e9veloppement psychomoteur de votre enfant. <strong>Livraison et r\u00e9cup\u00e9ration \u00e0 l&rsquo;a\u00e9roport de Tenerife 24 heures sur 24, de minuit \u00e0 minuit.<\/strong><\/p>\n<div class=\"alert alert-success font-weight-bold\">Remarque : le jour de votre arriv\u00e9e et le jour de votre d\u00e9part sont compt\u00e9s comme une journ\u00e9e de location compl\u00e8te, car l&rsquo;article lou\u00e9 vous est r\u00e9serv\u00e9 exclusivement pendant cette p\u00e9riode.<\/div>\n","protected":false},"featured_media":7912,"comment_status":"open","ping_status":"closed","template":"","meta":[],"product_brand":[],"product_cat":[235,236,171],"product_tag":[],"class_list":{"0":"post-3677","1":"product","2":"type-product","3":"status-publish","4":"has-post-thumbnail","6":"product_cat-aeroport-de-tenerife-sud","7":"product_cat-draisiennes-trottinettes","8":"product_cat-location","10":"first","11":"instock","12":"featured","13":"shipping-taxable","14":"purchasable","15":"product-type-variable"},"yoast_head":"\n<title>Location de trottinettes d&#039;enfants \u00e0 l&#039;a\u00e9roport de Tenerife Sud<\/title>\n<meta name=\"description\" content=\"D\u00e8s 1,99 \u20ac\/jour \u2013 location de trottinettes \u00e0 roues lumineuses \u00e0 l&#039;a\u00e9roport de Tenerife (TFS). Ultra-l\u00e9g\u00e8res, stables et faciles \u00e0 conduire \u2013 tr\u00e8s amusantes.\" \/>\n<meta name=\"robots\" content=\"index, follow, max-snippet:-1, max-image-preview:large, max-video-preview:-1\" \/>\n<link rel=\"canonical\" href=\"https:\/\/www.sundoo24.com\/fr\/tenerife\/produit\/louer-trottinette-pour-enfants\/\" \/>\n<meta property=\"og:locale\" content=\"fr_FR\" \/>\n<meta property=\"og:type\" content=\"article\" \/>\n<meta property=\"og:title\" content=\"Location de trottinettes d&#039;enfants \u00e0 l&#039;a\u00e9roport de Tenerife Sud\" \/>\n<meta property=\"og:description\" content=\"D\u00e8s 1,99 \u20ac\/jour \u2013 location de trottinettes \u00e0 roues lumineuses \u00e0 l&#039;a\u00e9roport de Tenerife (TFS). Ultra-l\u00e9g\u00e8res, stables et faciles \u00e0 conduire \u2013 tr\u00e8s amusantes.\" \/>\n<meta property=\"og:url\" content=\"https:\/\/www.sundoo24.com\/fr\/tenerife\/produit\/louer-trottinette-pour-enfants\/\" \/>\n<meta property=\"og:site_name\" content=\"Sundoo24.com\" \/>\n<meta property=\"article:modified_time\" content=\"2025-12-07T09:28:42+00:00\" \/>\n<meta property=\"og:image\" content=\"https:\/\/www.sundoo24.com\/fr\/tenerife\/wp-content\/uploads\/2022\/02\/location-trottinette-enfant-tenerife.jpg\" \/>\n\t<meta property=\"og:image:width\" content=\"600\" \/>\n\t<meta property=\"og:image:height\" content=\"600\" \/>\n\t<meta property=\"og:image:type\" content=\"image\/jpeg\" \/>\n<meta name=\"twitter:card\" content=\"summary_large_image\" \/>\n<meta name=\"twitter:title\" content=\"Location de trottinettes d&#039;enfants \u00e0 l&#039;a\u00e9roport de Tenerife Sud\" \/>\n<meta name=\"twitter:description\" content=\"D\u00e8s 1,99 \u20ac\/jour \u2013 location de trottinettes \u00e0 roues lumineuses \u00e0 l&#039;a\u00e9roport de Tenerife (TFS). Ultra-l\u00e9g\u00e8res, stables et faciles \u00e0 conduire \u2013 tr\u00e8s amusantes.\" \/>\n<meta name=\"twitter:image\" content=\"https:\/\/www.sundoo24.com\/fr\/tenerife\/wp-content\/uploads\/2022\/02\/location-trottinette-enfant-tenerife.jpg\" \/>\n<script type=\"application\/ld+json\" class=\"yoast-schema-graph\">{\"@context\":\"https:\/\/schema.org\",\"@graph\":[{\"@type\":\"WebPage\",\"@id\":\"https:\/\/www.sundoo24.com\/fr\/tenerife\/produit\/louer-trottinette-pour-enfants\/\",\"url\":\"https:\/\/www.sundoo24.com\/fr\/tenerife\/produit\/louer-trottinette-pour-enfants\/\",\"name\":\"Location de trottinettes d'enfants \u00e0 l'a\u00e9roport de Tenerife Sud\",\"isPartOf\":{\"@id\":\"https:\/\/www.sundoo24.com\/fr\/tenerife\/#website\"},\"primaryImageOfPage\":{\"@id\":\"https:\/\/www.sundoo24.com\/fr\/tenerife\/produit\/louer-trottinette-pour-enfants\/#primaryimage\"},\"image\":{\"@id\":\"https:\/\/www.sundoo24.com\/fr\/tenerife\/produit\/louer-trottinette-pour-enfants\/#primaryimage\"},\"thumbnailUrl\":\"https:\/\/www.sundoo24.com\/fr\/tenerife\/wp-content\/uploads\/2022\/02\/location-trottinette-enfant-tenerife.jpg\",\"description\":\"D\u00e8s 1,99 \u20ac\/jour \u2013 location de trottinettes \u00e0 roues lumineuses \u00e0 l'a\u00e9roport de Tenerife (TFS). Ultra-l\u00e9g\u00e8res, stables et faciles \u00e0 conduire \u2013 tr\u00e8s amusantes.\",\"breadcrumb\":{\"@id\":\"https:\/\/www.sundoo24.com\/fr\/tenerife\/produit\/louer-trottinette-pour-enfants\/#breadcrumb\"},\"inLanguage\":\"fr-FR\",\"potentialAction\":[{\"@type\":\"ReadAction\",\"target\":[\"https:\/\/www.sundoo24.com\/fr\/tenerife\/produit\/louer-trottinette-pour-enfants\/\"]}]},{\"@type\":\"ImageObject\",\"inLanguage\":\"fr-FR\",\"@id\":\"https:\/\/www.sundoo24.com\/fr\/tenerife\/produit\/louer-trottinette-pour-enfants\/#primaryimage\",\"url\":\"https:\/\/www.sundoo24.com\/fr\/tenerife\/wp-content\/uploads\/2022\/02\/location-trottinette-enfant-tenerife.jpg\",\"contentUrl\":\"https:\/\/www.sundoo24.com\/fr\/tenerife\/wp-content\/uploads\/2022\/02\/location-trottinette-enfant-tenerife.jpg\",\"width\":600,\"height\":600,\"caption\":\"Location trottinettes Tenerife\"},{\"@type\":\"BreadcrumbList\",\"@id\":\"https:\/\/www.sundoo24.com\/fr\/tenerife\/produit\/louer-trottinette-pour-enfants\/#breadcrumb\",\"itemListElement\":[{\"@type\":\"ListItem\",\"position\":1,\"name\":\"Mietartikel\",\"item\":\"https:\/\/www.sundoo24.com\/fr\/tenerife\/shop\/\"},{\"@type\":\"ListItem\",\"position\":2,\"name\":\"Trottinette pour enfants de 2 \u00e0 5 ans\"}]},{\"@type\":\"WebSite\",\"@id\":\"https:\/\/www.sundoo24.com\/fr\/tenerife\/#website\",\"url\":\"https:\/\/www.sundoo24.com\/fr\/tenerife\/\",\"name\":\"SUNDOO Teneriffa\",\"description\":\"Voyagez l\u00e9ger \u2013 nous avons le si\u00e8ge-auto qu\u2019il vous faut \u00e0 l\u2019a\u00e9roport de Tenerife Sud\",\"potentialAction\":[{\"@type\":\"SearchAction\",\"target\":{\"@type\":\"EntryPoint\",\"urlTemplate\":\"https:\/\/www.sundoo24.com\/fr\/tenerife\/?s={search_term_string}\"},\"query-input\":{\"@type\":\"PropertyValueSpecification\",\"valueRequired\":true,\"valueName\":\"search_term_string\"}}],\"inLanguage\":\"fr-FR\"}]}<\/script>\n","yoast_head_json":{"title":"Location de trottinettes d'enfants \u00e0 l'a\u00e9roport de Tenerife Sud","description":"D\u00e8s 1,99 \u20ac\/jour \u2013 location de trottinettes \u00e0 roues lumineuses \u00e0 l'a\u00e9roport de Tenerife (TFS). Ultra-l\u00e9g\u00e8res, stables et faciles \u00e0 conduire \u2013 tr\u00e8s amusantes.","robots":{"index":"index","follow":"follow","max-snippet":"max-snippet:-1","max-image-preview":"max-image-preview:large","max-video-preview":"max-video-preview:-1"},"canonical":"https:\/\/www.sundoo24.com\/fr\/tenerife\/produit\/louer-trottinette-pour-enfants\/","og_locale":"fr_FR","og_type":"article","og_title":"Location de trottinettes d'enfants \u00e0 l'a\u00e9roport de Tenerife Sud","og_description":"D\u00e8s 1,99 \u20ac\/jour \u2013 location de trottinettes \u00e0 roues lumineuses \u00e0 l'a\u00e9roport de Tenerife (TFS). Ultra-l\u00e9g\u00e8res, stables et faciles \u00e0 conduire \u2013 tr\u00e8s amusantes.","og_url":"https:\/\/www.sundoo24.com\/fr\/tenerife\/produit\/louer-trottinette-pour-enfants\/","og_site_name":"Sundoo24.com","article_modified_time":"2025-12-07T09:28:42+00:00","og_image":[{"width":600,"height":600,"url":"https:\/\/www.sundoo24.com\/fr\/tenerife\/wp-content\/uploads\/2022\/02\/location-trottinette-enfant-tenerife.jpg","type":"image\/jpeg"}],"twitter_card":"summary_large_image","twitter_title":"Location de trottinettes d'enfants \u00e0 l'a\u00e9roport de Tenerife Sud","twitter_description":"D\u00e8s 1,99 \u20ac\/jour \u2013 location de trottinettes \u00e0 roues lumineuses \u00e0 l'a\u00e9roport de Tenerife (TFS). Ultra-l\u00e9g\u00e8res, stables et faciles \u00e0 conduire \u2013 tr\u00e8s amusantes.","twitter_image":"https:\/\/www.sundoo24.com\/fr\/tenerife\/wp-content\/uploads\/2022\/02\/location-trottinette-enfant-tenerife.jpg","schema":{"@context":"https:\/\/schema.org","@graph":[{"@type":"WebPage","@id":"https:\/\/www.sundoo24.com\/fr\/tenerife\/produit\/louer-trottinette-pour-enfants\/","url":"https:\/\/www.sundoo24.com\/fr\/tenerife\/produit\/louer-trottinette-pour-enfants\/","name":"Location de trottinettes d'enfants \u00e0 l'a\u00e9roport de Tenerife Sud","isPartOf":{"@id":"https:\/\/www.sundoo24.com\/fr\/tenerife\/#website"},"primaryImageOfPage":{"@id":"https:\/\/www.sundoo24.com\/fr\/tenerife\/produit\/louer-trottinette-pour-enfants\/#primaryimage"},"image":{"@id":"https:\/\/www.sundoo24.com\/fr\/tenerife\/produit\/louer-trottinette-pour-enfants\/#primaryimage"},"thumbnailUrl":"https:\/\/www.sundoo24.com\/fr\/tenerife\/wp-content\/uploads\/2022\/02\/location-trottinette-enfant-tenerife.jpg","description":"D\u00e8s 1,99 \u20ac\/jour \u2013 location de trottinettes \u00e0 roues lumineuses \u00e0 l'a\u00e9roport de Tenerife (TFS). Ultra-l\u00e9g\u00e8res, stables et faciles \u00e0 conduire \u2013 tr\u00e8s amusantes.","breadcrumb":{"@id":"https:\/\/www.sundoo24.com\/fr\/tenerife\/produit\/louer-trottinette-pour-enfants\/#breadcrumb"},"inLanguage":"fr-FR","potentialAction":[{"@type":"ReadAction","target":["https:\/\/www.sundoo24.com\/fr\/tenerife\/produit\/louer-trottinette-pour-enfants\/"]}]},{"@type":"ImageObject","inLanguage":"fr-FR","@id":"https:\/\/www.sundoo24.com\/fr\/tenerife\/produit\/louer-trottinette-pour-enfants\/#primaryimage","url":"https:\/\/www.sundoo24.com\/fr\/tenerife\/wp-content\/uploads\/2022\/02\/location-trottinette-enfant-tenerife.jpg","contentUrl":"https:\/\/www.sundoo24.com\/fr\/tenerife\/wp-content\/uploads\/2022\/02\/location-trottinette-enfant-tenerife.jpg","width":600,"height":600,"caption":"Location trottinettes Tenerife"},{"@type":"BreadcrumbList","@id":"https:\/\/www.sundoo24.com\/fr\/tenerife\/produit\/louer-trottinette-pour-enfants\/#breadcrumb","itemListElement":[{"@type":"ListItem","position":1,"name":"Mietartikel","item":"https:\/\/www.sundoo24.com\/fr\/tenerife\/shop\/"},{"@type":"ListItem","position":2,"name":"Trottinette pour enfants de 2 \u00e0 5 ans"}]},{"@type":"WebSite","@id":"https:\/\/www.sundoo24.com\/fr\/tenerife\/#website","url":"https:\/\/www.sundoo24.com\/fr\/tenerife\/","name":"SUNDOO Teneriffa","description":"Voyagez l\u00e9ger \u2013 nous avons le si\u00e8ge-auto qu\u2019il vous faut \u00e0 l\u2019a\u00e9roport de Tenerife Sud","potentialAction":[{"@type":"SearchAction","target":{"@type":"EntryPoint","urlTemplate":"https:\/\/www.sundoo24.com\/fr\/tenerife\/?s={search_term_string}"},"query-input":{"@type":"PropertyValueSpecification","valueRequired":true,"valueName":"search_term_string"}}],"inLanguage":"fr-FR"}]}},"_links":{"self":[{"href":"https:\/\/www.sundoo24.com\/fr\/tenerife\/wp-json\/wp\/v2\/product\/3677","targetHints":{"allow":["GET"]}}],"collection":[{"href":"https:\/\/www.sundoo24.com\/fr\/tenerife\/wp-json\/wp\/v2\/product"}],"about":[{"href":"https:\/\/www.sundoo24.com\/fr\/tenerife\/wp-json\/wp\/v2\/types\/product"}],"replies":[{"embeddable":true,"href":"https:\/\/www.sundoo24.com\/fr\/tenerife\/wp-json\/wp\/v2\/comments?post=3677"}],"wp:featuredmedia":[{"embeddable":true,"href":"https:\/\/www.sundoo24.com\/fr\/tenerife\/wp-json\/wp\/v2\/media\/7912"}],"wp:attachment":[{"href":"https:\/\/www.sundoo24.com\/fr\/tenerife\/wp-json\/wp\/v2\/media?parent=3677"}],"wp:term":[{"taxonomy":"product_brand","embeddable":true,"href":"https:\/\/www.sundoo24.com\/fr\/tenerife\/wp-json\/wp\/v2\/product_brand?post=3677"},{"taxonomy":"product_cat","embeddable":true,"href":"https:\/\/www.sundoo24.com\/fr\/tenerife\/wp-json\/wp\/v2\/product_cat?post=3677"},{"taxonomy":"product_tag","embeddable":true,"href":"https:\/\/www.sundoo24.com\/fr\/tenerife\/wp-json\/wp\/v2\/product_tag?post=3677"}],"curies":[{"name":"wp","href":"https:\/\/api.w.org\/{rel}","templated":true}]}}