{"id":3389,"date":"2022-02-11T09:23:24","date_gmt":"2022-02-11T08:23:24","guid":{"rendered":"https:\/\/www.sundoo.es\/?post_type=product&#038;p=3389"},"modified":"2025-12-07T10:29:08","modified_gmt":"2025-12-07T09:29:08","slug":"location-draisienne-pukylino-pour-enfants","status":"publish","type":"product","link":"https:\/\/www.sundoo24.com\/fr\/tenerife\/produit\/location-draisienne-pukylino-pour-enfants\/","title":{"rendered":"Draisienne Pukylino \u00e0 partir de 1 an \u00e0 Tenerife"},"content":{"rendered":"<p><strong>D\u00e8s votre arriv\u00e9e \u00e0 l&rsquo;a\u00e9roport de Tenerife Sud (TFS), notre \u00e9quipe SUNDOO vous accueillera avec un draisienne Pukylino de location pour votre enfant. En quelques secondes, vous pourrez ranger ce v\u00e9lo l\u00e9ger en toute s\u00e9curit\u00e9 dans votre voiture de location.<\/strong> Pas de bagages encombrants, pas de chaos dans les valises. Une fois arriv\u00e9 \u00e0 votre appartement de vacances ou \u00e0 la terrasse de votre h\u00f4tel, sortez le Pukylino pour que votre enfant puisse faire ses premiers tours en toute tranquillit\u00e9.<\/p>\n<p>Chaque m\u00e8tre parcouru renforce l&rsquo;\u00e9quilibre et la confiance en soi de mani\u00e8re ludique, tandis que vous planifiez vos vacances en toute d\u00e9contraction. <strong>R\u00e9servez d\u00e8s maintenant le Pukylino en ligne et offrez \u00e0 votre enfant un d\u00e9but de vacances en famille inoubliable.<\/strong><\/p>\n<h2 style=\"padding-top: 10px; padding-bottom: 5px;\"><strong>Vos avantages avec SUNDOO Tenerife<\/strong><\/h2>\n<ul class=\"list list-icons\">\n<li><i class=\"porto-icon-shipping-truck\"><\/i><strong><span class=\"text-dark\">Pr\u00eat \u00e0 partir imm\u00e9diatement :<\/span><\/strong><br \/>\nLivraison et restitution directement \u00e0 l&rsquo;a\u00e9roport, 24 heures sur 24.<\/li>\n<li><i class=\"porto-icon-clock\"><\/i><strong><span class=\"text-dark\">Pas de longs d\u00e9lais d&rsquo;attente :<\/span><\/strong><br \/>\nLes articles lou\u00e9s sont imm\u00e9diatement disponibles &#8211; livraison et restitution en quelques minutes.<\/li>\n<li><i class=\"porto-icon-percent-circle\"><\/i><strong><span class=\"text-dark\">R\u00e9duisez vos co\u00fbts :<\/span><\/strong><br \/>\nJusqu&rsquo;\u00e0 50 % moins cher que les forfaits journaliers de nombreux loueurs de voitures.<\/li>\n<li><i class=\"porto-icon-check-circle\"><\/i><strong><span class=\"text-dark\">Propres et contr\u00f4l\u00e9s :<\/span><\/strong><br \/>\nChaque article lou\u00e9 est nettoy\u00e9 de mani\u00e8re professionnelle et r\u00e9pond aux normes europ\u00e9ennes en vigueur.<\/li>\n<\/ul>\n<h2 style=\"padding-top: 10px; padding-bottom: 5px;\"><strong>La location d&rsquo;un Pukylino est une bonne id\u00e9e ?<\/strong><\/h2>\n<p><strong>La location d&rsquo;un Pukylino de Puky est le choix id\u00e9al et le compagnon parfait pour les premiers essais de mobilit\u00e9 de votre enfant. Le si\u00e8ge ergonomique assure un maintien confortable, tandis que le v\u00e9hicule \u00e0 pousser stable favorise de mani\u00e8re ludique l&rsquo;\u00e9quilibre, la coordination et la coordination des jambes et des bras.<\/strong> Chaque petite pouss\u00e9e avec les pieds fait briller les yeux de votre enfant et il se r\u00e9jouit lorsqu&rsquo;il parcourt ses premiers petits m\u00e8tres tout seul.<\/p>\n<p>Avec un poids de seulement 2,3 kg, la draisienne est l\u00e9g\u00e8re comme une plume et se range facilement dans une voiture de location ou un appartement de vacances. Des poign\u00e9es de s\u00e9curit\u00e9 sp\u00e9ciales r\u00e9sistantes \u00e0 l&rsquo;abrasion prot\u00e8gent les mains d\u00e9licates et les roues FLOAT silencieuses garantissent une conduite douce et silencieuse, sans risque de crevaison.<\/p>\n<p>Imaginez votre petit faire fi\u00e8rement ses tours pendant que vous le regardez tranquillement et gardez ce moment \u00e0 jamais grav\u00e9 dans votre c\u0153ur. Le soir venu, votre enfant, fatigu\u00e9 et satisfait, se blottira sous la couette, vous permettant ainsi de profiter d&rsquo;un moment de d\u00e9tente \u00e0 deux. <strong>Location du Pukylino d\u00e8s maintenant chez SUNDOO Tenerife et offrez \u00e0 votre famille des vacances inoubliables, pleines de jeux, d&rsquo;activit\u00e9 physique et de bonheur partag\u00e9.<\/strong><\/p>\n<div style=\"padding-top: 10px; padding-bottom: 5px;\"><strong>Avantages :<\/strong><\/div>\n<ul class=\"list list-icons list-icons-style-3 list-icons-sm ml-4\">\n<li><i class=\"fas fa-check\"><\/i> S\u00e9curit\u00e9 certifi\u00e9e GS \u00ab Made in Germany \u00bb<\/li>\n<li><i class=\"fas fa-check\"><\/i> Id\u00e9al pour les premiers essais de conduite d\u00e8s 1 an<\/li>\n<li><i class=\"fas fa-check\"><\/i> Ultra-l\u00e9ger et stable pour une bonne tenue sur le sol<\/li>\n<li><i class=\"fas fa-check\"><\/i> Plaisir de conduite en toute s\u00e9curit\u00e9 pour les plus petits<\/li>\n<li><i class=\"fas fa-check\"><\/i> Si\u00e8ge ergonomique et guidon r\u00e9glable en hauteur<\/li>\n<li><i class=\"fas fa-check\"><\/i> Roues FLOAT silencieuses pour un roulement doux et silencieux<\/li>\n<\/ul>\n<div style=\"padding-top: 5px; padding-bottom: 5px;\"><strong>Caract\u00e9ristiques d\u00e9taill\u00e9es :<\/strong><\/div>\n<ul class=\"list list-icons list-icons-style-3 list-icons-sm ml-4\">\n<li><i class=\"fas fa-angle-right\"><\/i> Poids : 2,3 kg<\/li>\n<li><i class=\"fas fa-angle-right\"><\/i> Dimensions : 60 x 50 x 30 cm<i class=\"fas fa-angle-right\"><\/i><\/li>\n<li><i class=\"fas fa-angle-right\"><\/i> Charge minimale : 20 kg<\/li>\n<li><i class=\"fas fa-angle-right\"><\/i> Convient pour une taille : 75-90 cm (1-3 ans)<\/li>\n<\/ul>\n<div class=\"alert alert-danger\"><span class=\"font-weight-bold\">Le montant minimum de commande de 29,90 EUR n&rsquo;est pas atteint ?<\/span><br \/>\nFaites plaisir \u00e0 votre enfant : louez par exemple un <span class=\"text-nowrap\"><i class=\"fa fa-caret-right text-primary mr-0\"><\/i> <a class=\"font-weight-bold\" href=\"https:\/\/www.sundoo24.com\/fr\/tenerife\/produit\/louer-trottinette-pour-enfants\/\">trottinette pour enfants avec roues lumineuses<\/a><\/span>, un <span class=\"text-nowrap\"><i class=\"fa fa-caret-right text-primary mr-0\"><\/i> <a class=\"font-weight-bold\" href=\"https:\/\/www.sundoo24.com\/fr\/tenerife\/produit\/location-draisienne-pour-enfants\/\">v\u00e9lo sans p\u00e9dales cool<\/a><\/span> ou un <span class=\"text-nowrap\"><i class=\"fa fa-caret-right text-primary mr-0\"><\/i> <a class=\"font-weight-bold\" href=\"https:\/\/www.sundoo24.com\/fr\/tenerife\/produit\/location-draisienne-pukylino-pour-enfants\/\">Pukylino pour les plus petits<\/a><\/span> \u2013 le tout fra\u00eechement nettoy\u00e9 et \u00e0 un prix journalier avantageux. Ainsi, votre arriv\u00e9e \u00e0 Tenerife Sud sera d\u00e9j\u00e0 un moment fort \u2013 et votre budget restera d\u00e9tendu.<\/div>\n","protected":false},"excerpt":{"rendered":"<div class=\"mb-2\"><img loading=\"lazy\" decoding=\"async\" class=\"alignleft size-full wp-image-5378\" title=\"Faites votre r\u00e9servation d\u00e8s maintenant et b\u00e9n\u00e9ficiez d'un prix avantageux !\" src=\"https:\/\/www.sundoo24.com\/fr\/tenerife\/wp-content\/uploads\/2025\/09\/fruebucherrabatt1.jpg\" alt=\"Promo r\u00e9servation anticip\u00e9e SUNDOO Tenerife\" width=\"360\" height=\"30\" \/><\/div>\n<p>La draisienne Pukylino haut de gamme disponible \u00e0 la location \u00e0 Tenerife offre aux plus petits beaucoup de plaisir et d&rsquo;activit\u00e9 physique pendant les vacances. Elle favorise le d\u00e9veloppement moteur, entra\u00eene les mouvements et est \u00e9quip\u00e9e d&rsquo;une protection anti-basculement renforc\u00e9e. S\u00e9curit\u00e9 et plaisir pour votre enfant gr\u00e2ce \u00e0 la qualit\u00e9 \u00e9prouv\u00e9e de PUKY. <strong>Livraison et r\u00e9cup\u00e9ration \u00e0 l&rsquo;a\u00e9roport de Tenerife 24 heures sur 24, de minuit \u00e0 minuit.<\/strong><\/p>\n<div class=\"alert alert-success font-weight-bold\">Remarque : le jour de votre arriv\u00e9e et le jour de votre d\u00e9part sont compt\u00e9s comme une journ\u00e9e de location compl\u00e8te, car l&rsquo;article lou\u00e9 vous est r\u00e9serv\u00e9 exclusivement pendant cette p\u00e9riode.<\/div>\n","protected":false},"featured_media":7920,"comment_status":"open","ping_status":"closed","template":"","meta":[],"product_brand":[],"product_cat":[235,236,171],"product_tag":[],"class_list":{"0":"post-3389","1":"product","2":"type-product","3":"status-publish","4":"has-post-thumbnail","6":"product_cat-aeroport-de-tenerife-sud","7":"product_cat-draisiennes-trottinettes","8":"product_cat-location","10":"first","11":"instock","12":"featured","13":"shipping-taxable","14":"purchasable","15":"product-type-variable"},"yoast_head":"\n<title>Location de draisiennes Pukylino \u00e0 l&#039;a\u00e9roport de T\u00e9n\u00e9rife Sud<\/title>\n<meta name=\"description\" content=\"D\u00e8s 1,99 \u20ac \/jour. Location draisiennes Pukylino \u00e0 l&#039;a\u00e9roport de T\u00e9n\u00e9rife Sud. L\u00e9g\u00e8res, s\u00fbres et stables. Plaisir de conduite garanti en toute s\u00e9curit\u00e9.\" \/>\n<meta name=\"robots\" content=\"index, follow, max-snippet:-1, max-image-preview:large, max-video-preview:-1\" \/>\n<link rel=\"canonical\" href=\"https:\/\/www.sundoo24.com\/fr\/tenerife\/produit\/location-draisienne-pukylino-pour-enfants\" \/>\n<meta property=\"og:locale\" content=\"fr_FR\" \/>\n<meta property=\"og:type\" content=\"article\" \/>\n<meta property=\"og:title\" content=\"Location de draisiennes Pukylino \u00e0 l&#039;a\u00e9roport de T\u00e9n\u00e9rife Sud\" \/>\n<meta property=\"og:description\" content=\"D\u00e8s 1,99 \u20ac \/jour. Location draisiennes Pukylino \u00e0 l&#039;a\u00e9roport de T\u00e9n\u00e9rife Sud. L\u00e9g\u00e8res, s\u00fbres et stables. Plaisir de conduite garanti en toute s\u00e9curit\u00e9.\" \/>\n<meta property=\"og:url\" content=\"https:\/\/www.sundoo24.com\/fr\/tenerife\/produit\/location-draisienne-pukylino-pour-enfants\" \/>\n<meta property=\"og:site_name\" content=\"Sundoo24.com\" \/>\n<meta property=\"article:modified_time\" content=\"2025-12-07T09:29:08+00:00\" \/>\n<meta property=\"og:image\" content=\"https:\/\/www.sundoo24.com\/fr\/tenerife\/wp-content\/uploads\/2022\/02\/location-draisienne-pukylino-enfant-tenerife.jpg\" \/>\n\t<meta property=\"og:image:width\" content=\"600\" \/>\n\t<meta property=\"og:image:height\" content=\"600\" \/>\n\t<meta property=\"og:image:type\" content=\"image\/jpeg\" \/>\n<meta name=\"twitter:card\" content=\"summary_large_image\" \/>\n<meta name=\"twitter:title\" content=\"Location de draisiennes Pukylino \u00e0 l&#039;a\u00e9roport de T\u00e9n\u00e9rife Sud\" \/>\n<meta name=\"twitter:description\" content=\"D\u00e8s 1,99 \u20ac \/jour. Location draisiennes Pukylino \u00e0 l&#039;a\u00e9roport de T\u00e9n\u00e9rife Sud. L\u00e9g\u00e8res, s\u00fbres et stables. Plaisir de conduite garanti en toute s\u00e9curit\u00e9.\" \/>\n<meta name=\"twitter:image\" content=\"https:\/\/www.sundoo24.com\/fr\/tenerife\/wp-content\/uploads\/2022\/02\/location-draisienne-pukylino-enfant-tenerife.jpg\" \/>\n<script type=\"application\/ld+json\" class=\"yoast-schema-graph\">{\"@context\":\"https:\/\/schema.org\",\"@graph\":[{\"@type\":\"WebPage\",\"@id\":\"https:\/\/www.sundoo24.com\/fr\/tenerife\/produit\/location-draisienne-pukylino-pour-enfants\/\",\"url\":\"https:\/\/www.sundoo24.com\/fr\/tenerife\/produit\/location-draisienne-pukylino-pour-enfants\",\"name\":\"Location de draisiennes Pukylino \u00e0 l'a\u00e9roport de T\u00e9n\u00e9rife Sud\",\"isPartOf\":{\"@id\":\"https:\/\/www.sundoo24.com\/fr\/tenerife\/#website\"},\"primaryImageOfPage\":{\"@id\":\"https:\/\/www.sundoo24.com\/fr\/tenerife\/produit\/location-draisienne-pukylino-pour-enfants#primaryimage\"},\"image\":{\"@id\":\"https:\/\/www.sundoo24.com\/fr\/tenerife\/produit\/location-draisienne-pukylino-pour-enfants#primaryimage\"},\"thumbnailUrl\":\"https:\/\/www.sundoo24.com\/fr\/tenerife\/wp-content\/uploads\/2022\/02\/location-draisienne-pukylino-enfant-tenerife.jpg\",\"description\":\"D\u00e8s 1,99 \u20ac \/jour. Location draisiennes Pukylino \u00e0 l'a\u00e9roport de T\u00e9n\u00e9rife Sud. L\u00e9g\u00e8res, s\u00fbres et stables. Plaisir de conduite garanti en toute s\u00e9curit\u00e9.\",\"breadcrumb\":{\"@id\":\"https:\/\/www.sundoo24.com\/fr\/tenerife\/produit\/location-draisienne-pukylino-pour-enfants#breadcrumb\"},\"inLanguage\":\"fr-FR\",\"potentialAction\":[{\"@type\":\"ReadAction\",\"target\":[\"https:\/\/www.sundoo24.com\/fr\/tenerife\/produit\/location-draisienne-pukylino-pour-enfants\"]}]},{\"@type\":\"ImageObject\",\"inLanguage\":\"fr-FR\",\"@id\":\"https:\/\/www.sundoo24.com\/fr\/tenerife\/produit\/location-draisienne-pukylino-pour-enfants#primaryimage\",\"url\":\"https:\/\/www.sundoo24.com\/fr\/tenerife\/wp-content\/uploads\/2022\/02\/location-draisienne-pukylino-enfant-tenerife.jpg\",\"contentUrl\":\"https:\/\/www.sundoo24.com\/fr\/tenerife\/wp-content\/uploads\/2022\/02\/location-draisienne-pukylino-enfant-tenerife.jpg\",\"width\":600,\"height\":600,\"caption\":\"Location draisiennes Pukylino Tenerife\"},{\"@type\":\"BreadcrumbList\",\"@id\":\"https:\/\/www.sundoo24.com\/fr\/tenerife\/produit\/location-draisienne-pukylino-pour-enfants#breadcrumb\",\"itemListElement\":[{\"@type\":\"ListItem\",\"position\":1,\"name\":\"Mietartikel\",\"item\":\"https:\/\/www.sundoo24.com\/fr\/tenerife\/shop\/\"},{\"@type\":\"ListItem\",\"position\":2,\"name\":\"Draisienne Pukylino \u00e0 partir de 1 an \u00e0 Tenerife\"}]},{\"@type\":\"WebSite\",\"@id\":\"https:\/\/www.sundoo24.com\/fr\/tenerife\/#website\",\"url\":\"https:\/\/www.sundoo24.com\/fr\/tenerife\/\",\"name\":\"SUNDOO Teneriffa\",\"description\":\"Voyagez l\u00e9ger \u2013 nous avons le si\u00e8ge-auto qu\u2019il vous faut \u00e0 l\u2019a\u00e9roport de Tenerife Sud\",\"potentialAction\":[{\"@type\":\"SearchAction\",\"target\":{\"@type\":\"EntryPoint\",\"urlTemplate\":\"https:\/\/www.sundoo24.com\/fr\/tenerife\/?s={search_term_string}\"},\"query-input\":{\"@type\":\"PropertyValueSpecification\",\"valueRequired\":true,\"valueName\":\"search_term_string\"}}],\"inLanguage\":\"fr-FR\"}]}<\/script>\n","yoast_head_json":{"title":"Location de draisiennes Pukylino \u00e0 l'a\u00e9roport de T\u00e9n\u00e9rife Sud","description":"D\u00e8s 1,99 \u20ac \/jour. Location draisiennes Pukylino \u00e0 l'a\u00e9roport de T\u00e9n\u00e9rife Sud. L\u00e9g\u00e8res, s\u00fbres et stables. Plaisir de conduite garanti en toute s\u00e9curit\u00e9.","robots":{"index":"index","follow":"follow","max-snippet":"max-snippet:-1","max-image-preview":"max-image-preview:large","max-video-preview":"max-video-preview:-1"},"canonical":"https:\/\/www.sundoo24.com\/fr\/tenerife\/produit\/location-draisienne-pukylino-pour-enfants","og_locale":"fr_FR","og_type":"article","og_title":"Location de draisiennes Pukylino \u00e0 l'a\u00e9roport de T\u00e9n\u00e9rife Sud","og_description":"D\u00e8s 1,99 \u20ac \/jour. Location draisiennes Pukylino \u00e0 l'a\u00e9roport de T\u00e9n\u00e9rife Sud. L\u00e9g\u00e8res, s\u00fbres et stables. Plaisir de conduite garanti en toute s\u00e9curit\u00e9.","og_url":"https:\/\/www.sundoo24.com\/fr\/tenerife\/produit\/location-draisienne-pukylino-pour-enfants","og_site_name":"Sundoo24.com","article_modified_time":"2025-12-07T09:29:08+00:00","og_image":[{"width":600,"height":600,"url":"https:\/\/www.sundoo24.com\/fr\/tenerife\/wp-content\/uploads\/2022\/02\/location-draisienne-pukylino-enfant-tenerife.jpg","type":"image\/jpeg"}],"twitter_card":"summary_large_image","twitter_title":"Location de draisiennes Pukylino \u00e0 l'a\u00e9roport de T\u00e9n\u00e9rife Sud","twitter_description":"D\u00e8s 1,99 \u20ac \/jour. Location draisiennes Pukylino \u00e0 l'a\u00e9roport de T\u00e9n\u00e9rife Sud. L\u00e9g\u00e8res, s\u00fbres et stables. Plaisir de conduite garanti en toute s\u00e9curit\u00e9.","twitter_image":"https:\/\/www.sundoo24.com\/fr\/tenerife\/wp-content\/uploads\/2022\/02\/location-draisienne-pukylino-enfant-tenerife.jpg","schema":{"@context":"https:\/\/schema.org","@graph":[{"@type":"WebPage","@id":"https:\/\/www.sundoo24.com\/fr\/tenerife\/produit\/location-draisienne-pukylino-pour-enfants\/","url":"https:\/\/www.sundoo24.com\/fr\/tenerife\/produit\/location-draisienne-pukylino-pour-enfants","name":"Location de draisiennes Pukylino \u00e0 l'a\u00e9roport de T\u00e9n\u00e9rife Sud","isPartOf":{"@id":"https:\/\/www.sundoo24.com\/fr\/tenerife\/#website"},"primaryImageOfPage":{"@id":"https:\/\/www.sundoo24.com\/fr\/tenerife\/produit\/location-draisienne-pukylino-pour-enfants#primaryimage"},"image":{"@id":"https:\/\/www.sundoo24.com\/fr\/tenerife\/produit\/location-draisienne-pukylino-pour-enfants#primaryimage"},"thumbnailUrl":"https:\/\/www.sundoo24.com\/fr\/tenerife\/wp-content\/uploads\/2022\/02\/location-draisienne-pukylino-enfant-tenerife.jpg","description":"D\u00e8s 1,99 \u20ac \/jour. Location draisiennes Pukylino \u00e0 l'a\u00e9roport de T\u00e9n\u00e9rife Sud. L\u00e9g\u00e8res, s\u00fbres et stables. Plaisir de conduite garanti en toute s\u00e9curit\u00e9.","breadcrumb":{"@id":"https:\/\/www.sundoo24.com\/fr\/tenerife\/produit\/location-draisienne-pukylino-pour-enfants#breadcrumb"},"inLanguage":"fr-FR","potentialAction":[{"@type":"ReadAction","target":["https:\/\/www.sundoo24.com\/fr\/tenerife\/produit\/location-draisienne-pukylino-pour-enfants"]}]},{"@type":"ImageObject","inLanguage":"fr-FR","@id":"https:\/\/www.sundoo24.com\/fr\/tenerife\/produit\/location-draisienne-pukylino-pour-enfants#primaryimage","url":"https:\/\/www.sundoo24.com\/fr\/tenerife\/wp-content\/uploads\/2022\/02\/location-draisienne-pukylino-enfant-tenerife.jpg","contentUrl":"https:\/\/www.sundoo24.com\/fr\/tenerife\/wp-content\/uploads\/2022\/02\/location-draisienne-pukylino-enfant-tenerife.jpg","width":600,"height":600,"caption":"Location draisiennes Pukylino Tenerife"},{"@type":"BreadcrumbList","@id":"https:\/\/www.sundoo24.com\/fr\/tenerife\/produit\/location-draisienne-pukylino-pour-enfants#breadcrumb","itemListElement":[{"@type":"ListItem","position":1,"name":"Mietartikel","item":"https:\/\/www.sundoo24.com\/fr\/tenerife\/shop\/"},{"@type":"ListItem","position":2,"name":"Draisienne Pukylino \u00e0 partir de 1 an \u00e0 Tenerife"}]},{"@type":"WebSite","@id":"https:\/\/www.sundoo24.com\/fr\/tenerife\/#website","url":"https:\/\/www.sundoo24.com\/fr\/tenerife\/","name":"SUNDOO Teneriffa","description":"Voyagez l\u00e9ger \u2013 nous avons le si\u00e8ge-auto qu\u2019il vous faut \u00e0 l\u2019a\u00e9roport de Tenerife Sud","potentialAction":[{"@type":"SearchAction","target":{"@type":"EntryPoint","urlTemplate":"https:\/\/www.sundoo24.com\/fr\/tenerife\/?s={search_term_string}"},"query-input":{"@type":"PropertyValueSpecification","valueRequired":true,"valueName":"search_term_string"}}],"inLanguage":"fr-FR"}]}},"_links":{"self":[{"href":"https:\/\/www.sundoo24.com\/fr\/tenerife\/wp-json\/wp\/v2\/product\/3389","targetHints":{"allow":["GET"]}}],"collection":[{"href":"https:\/\/www.sundoo24.com\/fr\/tenerife\/wp-json\/wp\/v2\/product"}],"about":[{"href":"https:\/\/www.sundoo24.com\/fr\/tenerife\/wp-json\/wp\/v2\/types\/product"}],"replies":[{"embeddable":true,"href":"https:\/\/www.sundoo24.com\/fr\/tenerife\/wp-json\/wp\/v2\/comments?post=3389"}],"wp:featuredmedia":[{"embeddable":true,"href":"https:\/\/www.sundoo24.com\/fr\/tenerife\/wp-json\/wp\/v2\/media\/7920"}],"wp:attachment":[{"href":"https:\/\/www.sundoo24.com\/fr\/tenerife\/wp-json\/wp\/v2\/media?parent=3389"}],"wp:term":[{"taxonomy":"product_brand","embeddable":true,"href":"https:\/\/www.sundoo24.com\/fr\/tenerife\/wp-json\/wp\/v2\/product_brand?post=3389"},{"taxonomy":"product_cat","embeddable":true,"href":"https:\/\/www.sundoo24.com\/fr\/tenerife\/wp-json\/wp\/v2\/product_cat?post=3389"},{"taxonomy":"product_tag","embeddable":true,"href":"https:\/\/www.sundoo24.com\/fr\/tenerife\/wp-json\/wp\/v2\/product_tag?post=3389"}],"curies":[{"name":"wp","href":"https:\/\/api.w.org\/{rel}","templated":true}]}}