{"id":3358,"date":"2022-02-10T22:05:23","date_gmt":"2022-02-10T21:05:23","guid":{"rendered":"https:\/\/www.sundoo.es\/?post_type=product&#038;p=3358"},"modified":"2025-12-07T10:29:32","modified_gmt":"2025-12-07T09:29:32","slug":"location-draisienne-pour-enfants","status":"publish","type":"product","link":"https:\/\/www.sundoo24.com\/fr\/tenerife\/produit\/location-draisienne-pour-enfants\/","title":{"rendered":"V\u00e9lo d&rsquo;\u00e9quilibre \u00e0 partir de 3 ans \u00e0 Tenerife"},"content":{"rendered":"<p><strong>\u00c0 peine avez-vous atterri que la premi\u00e8re surprise de vos vacances vous attend. \u00c0 votre arriv\u00e9e en Espagne \u00e0 l&rsquo;a\u00e9roport de Tenerife Sud (TFS), notre \u00e9quipe SUNDOO vous accueillera et vous remettra le v\u00e9lo d&rsquo;\u00e9quilibre \/ draisienne Kinderkraft pr\u00eat \u00e0 l&#8217;emploi. Pas de bagages encombrants, pas de gonflage, pas d&rsquo;attente. Il vous suffit de ranger le v\u00e9lo l\u00e9ger dans votre voiture de location et de le sortir \u00e0 votre destination lorsqu&rsquo;il y a suffisamment d&rsquo;espace pour l&rsquo;essayer en toute s\u00e9curit\u00e9. L&rsquo;aventure de votre enfant commencera par un \u00ab Waouh ! \u00bb rayonnant.<\/strong><\/p>\n<p>Le v\u00e9lo r\u00e9glable en hauteur ne p\u00e8se que trois kilos et est livr\u00e9 propre et contr\u00f4l\u00e9 au niveau de la s\u00e9curit\u00e9. Les pneus anti-crevaison peuvent franchir n&rsquo;importe quel trottoir sans risque de crevaison. Pour vous, cela signifie des d\u00e9placements plus faciles, des \u00e9conomies et beaucoup plus de temps \u00e0 passer en famille. Car lorsque vous \u00eates mobile, vous n&rsquo;avez pas besoin de pousser une poussette. <strong>R\u00e9servez d\u00e8s maintenant le v\u00e9lo d&rsquo;\u00e9quilibre en ligne, et il sera pr\u00eat \u00e0 accueillir votre enfant \u00e0 votre arriv\u00e9e, tout comme son jouet pr\u00e9f\u00e9r\u00e9 \u00e0 la maison.<\/strong><\/p>\n<h2 style=\"padding-top: 10px; padding-bottom: 5px;\"><strong>Vos avantages avec SUNDOO Tenerife<\/strong><\/h2>\n<ul class=\"list list-icons\">\n<li><i class=\"porto-icon-shipping-truck\"><\/i><strong><span class=\"text-dark\">Pr\u00eat \u00e0 partir imm\u00e9diatement :<\/span><\/strong><br \/>\nLivraison et restitution directement \u00e0 l&rsquo;a\u00e9roport, 24 heures sur 24.<\/li>\n<li><i class=\"porto-icon-clock\"><\/i><strong><span class=\"text-dark\">Pas de longs d\u00e9lais d&rsquo;attente :<\/span><\/strong><br \/>\nLes articles lou\u00e9s sont imm\u00e9diatement disponibles &#8211; livraison et restitution en quelques minutes.<\/li>\n<li><i class=\"porto-icon-percent-circle\"><\/i><strong><span class=\"text-dark\">R\u00e9duisez vos co\u00fbts :<\/span><\/strong><br \/>\nJusqu&rsquo;\u00e0 50 % moins cher que les forfaits journaliers de nombreux loueurs de voitures.<\/li>\n<li><i class=\"porto-icon-check-circle\"><\/i><strong><span class=\"text-dark\">Propres et contr\u00f4l\u00e9s :<\/span><\/strong><br \/>\nChaque article lou\u00e9 est nettoy\u00e9 de mani\u00e8re professionnelle et r\u00e9pond aux normes europ\u00e9ennes en vigueur.<\/li>\n<\/ul>\n<h2 style=\"padding-top: 10px; padding-bottom: 5px;\"><strong>Pourquoi la location de ce v\u00e9lo d&rsquo;\u00e9quilibre est-elle un bon choix ?<\/strong><\/h2>\n<p><strong>Plus de vitesse, plus de plaisir pendant les vacances. Avec le v\u00e9lo d&rsquo;\u00e9quilibre Kinderkraft, chaque trajet devient une aventure. Votre enfant peut filer \u00e0 toute allure sur les chemins du parc, dans la vieille ville ou le long de la promenade.<\/strong> Cela l&rsquo;aide \u00e0 d\u00e9velopper son sens de l&rsquo;\u00e9quilibre et il sera bient\u00f4t pr\u00eat \u00e0 enfourcher un v\u00e9lo, sans roulettes. Le cadre bas permet aux enfants mesurant au moins 80 cm de monter et descendre en toute s\u00e9curit\u00e9, tandis que la selle rembourr\u00e9e et r\u00e9glable en hauteur leur assure un confort optimal, m\u00eame lors de longues balades.<\/p>\n<p>Le cadre robuste en acier r\u00e9siste facilement aux aventures des vacances, tandis que la direction s\u00e9curis\u00e9e limite les man\u0153uvres brusques. Avec un poids total de seulement trois kilos, le v\u00e9lo est facile \u00e0 transporter ou \u00e0 ranger dans une voiture de location. Les pneus EVA anti-crevaison ne n\u00e9cessitent pas d&rsquo;air, ce qui exclut tout risque de crevaison.<\/p>\n<p>La poussette reste \u00e0 l&rsquo;h\u00f4tel, votre enfant explore les environs les yeux brillants et vous profitez d&rsquo;un moment de d\u00e9tente en famille. <strong>Louer ce v\u00e9lo d&rsquo;\u00e9quilibre d\u00e8s maintenant \u00e0 un tarif journalier avantageux chez SUNDOO et r\u00e9cup\u00e9rez-le directement \u00e0 l&rsquo;a\u00e9roport de Tenerife Sud.<\/strong><\/p>\n<div style=\"padding-top: 10px; padding-bottom: 5px;\"><strong>Avantages :<\/strong><\/div>\n<ul class=\"list list-icons list-icons-style-3 list-icons-sm ml-4\">\n<li><i class=\"fas fa-check\"><\/i> Extr\u00eamement facile \u00e0 utiliser<\/li>\n<li><i class=\"fas fa-check\"><\/i> Selle et guidon r\u00e9glables \u00e0 l&rsquo;infini<\/li>\n<li><i class=\"fas fa-check\"><\/i> Cadre en acier l\u00e9ger comme une plume (3 kg) mais stable<\/li>\n<li><i class=\"fas fa-check\"><\/i> Safe riding fun for little ones<\/li>\n<li><i class=\"fas fa-check\"><\/i> Plaisir de conduite en toute s\u00e9curit\u00e9 pour les plus petits<\/li>\n<li><i class=\"fas fa-check\"><\/i> G\u00e9om\u00e9trie ergonomique du cadre pour une position assise naturelle<\/li>\n<li><i class=\"fas fa-check\"><\/i> La direction de s\u00e9curit\u00e9 limite l&rsquo;angle de braquage et emp\u00eache les chutes<\/li>\n<\/ul>\n<div style=\"padding-top: 5px; padding-bottom: 5px;\"><strong>Caract\u00e9ristiques d\u00e9taill\u00e9es :<\/strong><\/div>\n<ul class=\"list list-icons list-icons-style-3 list-icons-sm ml-4\">\n<li><i class=\"fas fa-angle-right\"><\/i> Poids : 3,0 kg<\/li>\n<li><i class=\"fas fa-angle-right\"><\/i> Dimensions : 86 x 38 x 62 cm<\/li>\n<li><i class=\"fas fa-angle-right\"><\/i> Hauteur du guidon : 52 \u00e0 59 cm<\/li>\n<li><i class=\"fas fa-angle-right\"><\/i> Hauteur de la selle : 31 \u00e0 40 cm<\/li>\n<li><i class=\"fas fa-angle-right\"><\/i> Poids maximal recommand\u00e9 : 35 kg<\/li>\n<li><i class=\"fas fa-angle-right\"><\/i> \u00c2ge et taille recommand\u00e9s : \u00e0 partir de 3 ans ou environ 80 cm<\/li>\n<\/ul>\n<div class=\"alert alert-danger\"><span class=\"font-weight-bold\">Le montant minimum de commande de 29,90 EUR n&rsquo;est pas atteint ?<\/span><br \/>\nFaites plaisir \u00e0 votre enfant : louez par exemple un <span class=\"text-nowrap\"><i class=\"fa fa-caret-right text-primary mr-0\"><\/i> <a class=\"font-weight-bold\" href=\"https:\/\/www.sundoo24.com\/fr\/tenerife\/produit\/louer-trottinette-pour-enfants\/\">trottinette pour enfants avec roues lumineuses<\/a><\/span>, un <span class=\"text-nowrap\"><i class=\"fa fa-caret-right text-primary mr-0\"><\/i> <a class=\"font-weight-bold\" href=\"https:\/\/www.sundoo24.com\/fr\/tenerife\/produit\/location-draisienne-pour-enfants\/\">v\u00e9lo sans p\u00e9dales cool<\/a><\/span> ou un <span class=\"text-nowrap\"><i class=\"fa fa-caret-right text-primary mr-0\"><\/i> <a class=\"font-weight-bold\" href=\"https:\/\/www.sundoo24.com\/fr\/tenerife\/produit\/location-draisienne-pukylino-pour-enfants\/\">Pukylino pour les plus petits<\/a><\/span> \u2013 le tout fra\u00eechement nettoy\u00e9 et \u00e0 un prix journalier avantageux. Ainsi, votre arriv\u00e9e \u00e0 Tenerife Sud sera d\u00e9j\u00e0 un moment fort \u2013 et votre budget restera d\u00e9tendu.<\/div>\n","protected":false},"excerpt":{"rendered":"<div class=\"mb-2\"><img loading=\"lazy\" decoding=\"async\" class=\"alignleft size-full wp-image-5378\" title=\"Faites votre r\u00e9servation d\u00e8s maintenant et b\u00e9n\u00e9ficiez d'un prix avantageux !\" src=\"https:\/\/www.sundoo24.com\/fr\/tenerife\/wp-content\/uploads\/2025\/09\/fruebucherrabatt1.jpg\" alt=\"Promo r\u00e9servation anticip\u00e9e SUNDOO Tenerife\" width=\"360\" height=\"30\" \/><\/div>\n<p>Le v\u00e9lo d&rsquo;\u00e9quilibre sportif disponible \u00e0 la location \u00e0 l&rsquo;a\u00e9roport de T\u00e9n\u00e9rife (TFS) aide les enfants \u00e0 travailler leur \u00e9quilibre et est tr\u00e8s amusant pendant les vacances. Sa direction facile, son cadre m\u00e9tallique robuste et ses pneus en caoutchouc souple et solide garantissent une stabilit\u00e9 et une traction optimales. Gr\u00e2ce \u00e0 son cadre bas, il convient aux enfants mesurant au moins 80 cm. <strong>Livraison et r\u00e9cup\u00e9ration \u00e0 l&rsquo;a\u00e9roport de Tenerife 24 heures sur 24, de minuit \u00e0 minuit.<\/strong><\/p>\n<div class=\"alert alert-success font-weight-bold\">Remarque : le jour de votre arriv\u00e9e et le jour de votre d\u00e9part sont compt\u00e9s comme une journ\u00e9e de location compl\u00e8te, car l&rsquo;article lou\u00e9 vous est r\u00e9serv\u00e9 exclusivement pendant cette p\u00e9riode.<\/div>\n","protected":false},"featured_media":7903,"comment_status":"open","ping_status":"closed","template":"","meta":[],"product_brand":[],"product_cat":[235,236,171],"product_tag":[],"class_list":{"0":"post-3358","1":"product","2":"type-product","3":"status-publish","4":"has-post-thumbnail","6":"product_cat-aeroport-de-tenerife-sud","7":"product_cat-draisiennes-trottinettes","8":"product_cat-location","10":"first","11":"instock","12":"shipping-taxable","13":"purchasable","14":"product-type-variable"},"yoast_head":"\n<title>Location de v\u00e9lo d&#039;\u00e9quilibre \u00e0 l&#039;a\u00e9roport de Tenerife Sud (TFS)<\/title>\n<meta name=\"description\" content=\"D\u00e8s 2,49 \u20ac par jour. Location de v\u00e9los sans p\u00e9dales pour enfants \u00e0 l&#039;a\u00e9roport de Tenerife Sud. Direction facile, cadre m\u00e9tallique robuste et pneus souples.\" \/>\n<meta name=\"robots\" content=\"index, follow, max-snippet:-1, max-image-preview:large, max-video-preview:-1\" \/>\n<link rel=\"canonical\" href=\"https:\/\/www.sundoo24.com\/fr\/tenerife\/produit\/location-draisienne-pour-enfants\/\" \/>\n<meta property=\"og:locale\" content=\"fr_FR\" \/>\n<meta property=\"og:type\" content=\"article\" \/>\n<meta property=\"og:title\" content=\"Location de v\u00e9lo d&#039;\u00e9quilibre \u00e0 l&#039;a\u00e9roport de Tenerife Sud (TFS)\" \/>\n<meta property=\"og:description\" content=\"D\u00e8s 2,49 \u20ac par jour. Location de v\u00e9los sans p\u00e9dales pour enfants \u00e0 l&#039;a\u00e9roport de Tenerife Sud. Direction facile, cadre m\u00e9tallique robuste et pneus souples.\" \/>\n<meta property=\"og:url\" content=\"https:\/\/www.sundoo24.com\/fr\/tenerife\/produit\/location-draisienne-pour-enfants\/\" \/>\n<meta property=\"og:site_name\" content=\"Sundoo24.com\" \/>\n<meta property=\"article:modified_time\" content=\"2025-12-07T09:29:32+00:00\" \/>\n<meta property=\"og:image\" content=\"https:\/\/www.sundoo24.com\/fr\/tenerife\/wp-content\/uploads\/2022\/02\/location-draisienne-kinderkraft-enfant-tenerife.jpg\" \/>\n\t<meta property=\"og:image:width\" content=\"600\" \/>\n\t<meta property=\"og:image:height\" content=\"600\" \/>\n\t<meta property=\"og:image:type\" content=\"image\/jpeg\" \/>\n<meta name=\"twitter:card\" content=\"summary_large_image\" \/>\n<meta name=\"twitter:title\" content=\"Location de v\u00e9lo d&#039;\u00e9quilibre \u00e0 l&#039;a\u00e9roport de Tenerife Sud (TFS)\" \/>\n<meta name=\"twitter:description\" content=\"D\u00e8s 2,49 \u20ac par jour. Location de v\u00e9los sans p\u00e9dales pour enfants \u00e0 l&#039;a\u00e9roport de Tenerife Sud. Direction facile, cadre m\u00e9tallique robuste et pneus souples.\" \/>\n<meta name=\"twitter:image\" content=\"https:\/\/www.sundoo24.com\/fr\/tenerife\/wp-content\/uploads\/2022\/02\/location-draisienne-kinderkraft-enfant-tenerife.jpg\" \/>\n<script type=\"application\/ld+json\" class=\"yoast-schema-graph\">{\"@context\":\"https:\/\/schema.org\",\"@graph\":[{\"@type\":\"WebPage\",\"@id\":\"https:\/\/www.sundoo24.com\/fr\/tenerife\/produit\/location-draisienne-pour-enfants\/\",\"url\":\"https:\/\/www.sundoo24.com\/fr\/tenerife\/produit\/location-draisienne-pour-enfants\/\",\"name\":\"Location de v\u00e9lo d'\u00e9quilibre \u00e0 l'a\u00e9roport de Tenerife Sud (TFS)\",\"isPartOf\":{\"@id\":\"https:\/\/www.sundoo24.com\/fr\/tenerife\/#website\"},\"primaryImageOfPage\":{\"@id\":\"https:\/\/www.sundoo24.com\/fr\/tenerife\/produit\/location-draisienne-pour-enfants\/#primaryimage\"},\"image\":{\"@id\":\"https:\/\/www.sundoo24.com\/fr\/tenerife\/produit\/location-draisienne-pour-enfants\/#primaryimage\"},\"thumbnailUrl\":\"https:\/\/www.sundoo24.com\/fr\/tenerife\/wp-content\/uploads\/2022\/02\/location-draisienne-kinderkraft-enfant-tenerife.jpg\",\"description\":\"D\u00e8s 2,49 \u20ac par jour. Location de v\u00e9los sans p\u00e9dales pour enfants \u00e0 l'a\u00e9roport de Tenerife Sud. Direction facile, cadre m\u00e9tallique robuste et pneus souples.\",\"breadcrumb\":{\"@id\":\"https:\/\/www.sundoo24.com\/fr\/tenerife\/produit\/location-draisienne-pour-enfants\/#breadcrumb\"},\"inLanguage\":\"fr-FR\",\"potentialAction\":[{\"@type\":\"ReadAction\",\"target\":[\"https:\/\/www.sundoo24.com\/fr\/tenerife\/produit\/location-draisienne-pour-enfants\/\"]}]},{\"@type\":\"ImageObject\",\"inLanguage\":\"fr-FR\",\"@id\":\"https:\/\/www.sundoo24.com\/fr\/tenerife\/produit\/location-draisienne-pour-enfants\/#primaryimage\",\"url\":\"https:\/\/www.sundoo24.com\/fr\/tenerife\/wp-content\/uploads\/2022\/02\/location-draisienne-kinderkraft-enfant-tenerife.jpg\",\"contentUrl\":\"https:\/\/www.sundoo24.com\/fr\/tenerife\/wp-content\/uploads\/2022\/02\/location-draisienne-kinderkraft-enfant-tenerife.jpg\",\"width\":600,\"height\":600,\"caption\":\"Location draisiennes Tenerife\"},{\"@type\":\"BreadcrumbList\",\"@id\":\"https:\/\/www.sundoo24.com\/fr\/tenerife\/produit\/location-draisienne-pour-enfants\/#breadcrumb\",\"itemListElement\":[{\"@type\":\"ListItem\",\"position\":1,\"name\":\"Mietartikel\",\"item\":\"https:\/\/www.sundoo24.com\/fr\/tenerife\/shop\/\"},{\"@type\":\"ListItem\",\"position\":2,\"name\":\"V\u00e9lo d&rsquo;\u00e9quilibre \u00e0 partir de 3 ans \u00e0 Tenerife\"}]},{\"@type\":\"WebSite\",\"@id\":\"https:\/\/www.sundoo24.com\/fr\/tenerife\/#website\",\"url\":\"https:\/\/www.sundoo24.com\/fr\/tenerife\/\",\"name\":\"SUNDOO Teneriffa\",\"description\":\"Voyagez l\u00e9ger \u2013 nous avons le si\u00e8ge-auto qu\u2019il vous faut \u00e0 l\u2019a\u00e9roport de Tenerife Sud\",\"potentialAction\":[{\"@type\":\"SearchAction\",\"target\":{\"@type\":\"EntryPoint\",\"urlTemplate\":\"https:\/\/www.sundoo24.com\/fr\/tenerife\/?s={search_term_string}\"},\"query-input\":{\"@type\":\"PropertyValueSpecification\",\"valueRequired\":true,\"valueName\":\"search_term_string\"}}],\"inLanguage\":\"fr-FR\"}]}<\/script>\n","yoast_head_json":{"title":"Location de v\u00e9lo d'\u00e9quilibre \u00e0 l'a\u00e9roport de Tenerife Sud (TFS)","description":"D\u00e8s 2,49 \u20ac par jour. Location de v\u00e9los sans p\u00e9dales pour enfants \u00e0 l'a\u00e9roport de Tenerife Sud. Direction facile, cadre m\u00e9tallique robuste et pneus souples.","robots":{"index":"index","follow":"follow","max-snippet":"max-snippet:-1","max-image-preview":"max-image-preview:large","max-video-preview":"max-video-preview:-1"},"canonical":"https:\/\/www.sundoo24.com\/fr\/tenerife\/produit\/location-draisienne-pour-enfants\/","og_locale":"fr_FR","og_type":"article","og_title":"Location de v\u00e9lo d'\u00e9quilibre \u00e0 l'a\u00e9roport de Tenerife Sud (TFS)","og_description":"D\u00e8s 2,49 \u20ac par jour. Location de v\u00e9los sans p\u00e9dales pour enfants \u00e0 l'a\u00e9roport de Tenerife Sud. Direction facile, cadre m\u00e9tallique robuste et pneus souples.","og_url":"https:\/\/www.sundoo24.com\/fr\/tenerife\/produit\/location-draisienne-pour-enfants\/","og_site_name":"Sundoo24.com","article_modified_time":"2025-12-07T09:29:32+00:00","og_image":[{"width":600,"height":600,"url":"https:\/\/www.sundoo24.com\/fr\/tenerife\/wp-content\/uploads\/2022\/02\/location-draisienne-kinderkraft-enfant-tenerife.jpg","type":"image\/jpeg"}],"twitter_card":"summary_large_image","twitter_title":"Location de v\u00e9lo d'\u00e9quilibre \u00e0 l'a\u00e9roport de Tenerife Sud (TFS)","twitter_description":"D\u00e8s 2,49 \u20ac par jour. Location de v\u00e9los sans p\u00e9dales pour enfants \u00e0 l'a\u00e9roport de Tenerife Sud. Direction facile, cadre m\u00e9tallique robuste et pneus souples.","twitter_image":"https:\/\/www.sundoo24.com\/fr\/tenerife\/wp-content\/uploads\/2022\/02\/location-draisienne-kinderkraft-enfant-tenerife.jpg","schema":{"@context":"https:\/\/schema.org","@graph":[{"@type":"WebPage","@id":"https:\/\/www.sundoo24.com\/fr\/tenerife\/produit\/location-draisienne-pour-enfants\/","url":"https:\/\/www.sundoo24.com\/fr\/tenerife\/produit\/location-draisienne-pour-enfants\/","name":"Location de v\u00e9lo d'\u00e9quilibre \u00e0 l'a\u00e9roport de Tenerife Sud (TFS)","isPartOf":{"@id":"https:\/\/www.sundoo24.com\/fr\/tenerife\/#website"},"primaryImageOfPage":{"@id":"https:\/\/www.sundoo24.com\/fr\/tenerife\/produit\/location-draisienne-pour-enfants\/#primaryimage"},"image":{"@id":"https:\/\/www.sundoo24.com\/fr\/tenerife\/produit\/location-draisienne-pour-enfants\/#primaryimage"},"thumbnailUrl":"https:\/\/www.sundoo24.com\/fr\/tenerife\/wp-content\/uploads\/2022\/02\/location-draisienne-kinderkraft-enfant-tenerife.jpg","description":"D\u00e8s 2,49 \u20ac par jour. Location de v\u00e9los sans p\u00e9dales pour enfants \u00e0 l'a\u00e9roport de Tenerife Sud. Direction facile, cadre m\u00e9tallique robuste et pneus souples.","breadcrumb":{"@id":"https:\/\/www.sundoo24.com\/fr\/tenerife\/produit\/location-draisienne-pour-enfants\/#breadcrumb"},"inLanguage":"fr-FR","potentialAction":[{"@type":"ReadAction","target":["https:\/\/www.sundoo24.com\/fr\/tenerife\/produit\/location-draisienne-pour-enfants\/"]}]},{"@type":"ImageObject","inLanguage":"fr-FR","@id":"https:\/\/www.sundoo24.com\/fr\/tenerife\/produit\/location-draisienne-pour-enfants\/#primaryimage","url":"https:\/\/www.sundoo24.com\/fr\/tenerife\/wp-content\/uploads\/2022\/02\/location-draisienne-kinderkraft-enfant-tenerife.jpg","contentUrl":"https:\/\/www.sundoo24.com\/fr\/tenerife\/wp-content\/uploads\/2022\/02\/location-draisienne-kinderkraft-enfant-tenerife.jpg","width":600,"height":600,"caption":"Location draisiennes Tenerife"},{"@type":"BreadcrumbList","@id":"https:\/\/www.sundoo24.com\/fr\/tenerife\/produit\/location-draisienne-pour-enfants\/#breadcrumb","itemListElement":[{"@type":"ListItem","position":1,"name":"Mietartikel","item":"https:\/\/www.sundoo24.com\/fr\/tenerife\/shop\/"},{"@type":"ListItem","position":2,"name":"V\u00e9lo d&rsquo;\u00e9quilibre \u00e0 partir de 3 ans \u00e0 Tenerife"}]},{"@type":"WebSite","@id":"https:\/\/www.sundoo24.com\/fr\/tenerife\/#website","url":"https:\/\/www.sundoo24.com\/fr\/tenerife\/","name":"SUNDOO Teneriffa","description":"Voyagez l\u00e9ger \u2013 nous avons le si\u00e8ge-auto qu\u2019il vous faut \u00e0 l\u2019a\u00e9roport de Tenerife Sud","potentialAction":[{"@type":"SearchAction","target":{"@type":"EntryPoint","urlTemplate":"https:\/\/www.sundoo24.com\/fr\/tenerife\/?s={search_term_string}"},"query-input":{"@type":"PropertyValueSpecification","valueRequired":true,"valueName":"search_term_string"}}],"inLanguage":"fr-FR"}]}},"_links":{"self":[{"href":"https:\/\/www.sundoo24.com\/fr\/tenerife\/wp-json\/wp\/v2\/product\/3358","targetHints":{"allow":["GET"]}}],"collection":[{"href":"https:\/\/www.sundoo24.com\/fr\/tenerife\/wp-json\/wp\/v2\/product"}],"about":[{"href":"https:\/\/www.sundoo24.com\/fr\/tenerife\/wp-json\/wp\/v2\/types\/product"}],"replies":[{"embeddable":true,"href":"https:\/\/www.sundoo24.com\/fr\/tenerife\/wp-json\/wp\/v2\/comments?post=3358"}],"wp:featuredmedia":[{"embeddable":true,"href":"https:\/\/www.sundoo24.com\/fr\/tenerife\/wp-json\/wp\/v2\/media\/7903"}],"wp:attachment":[{"href":"https:\/\/www.sundoo24.com\/fr\/tenerife\/wp-json\/wp\/v2\/media?parent=3358"}],"wp:term":[{"taxonomy":"product_brand","embeddable":true,"href":"https:\/\/www.sundoo24.com\/fr\/tenerife\/wp-json\/wp\/v2\/product_brand?post=3358"},{"taxonomy":"product_cat","embeddable":true,"href":"https:\/\/www.sundoo24.com\/fr\/tenerife\/wp-json\/wp\/v2\/product_cat?post=3358"},{"taxonomy":"product_tag","embeddable":true,"href":"https:\/\/www.sundoo24.com\/fr\/tenerife\/wp-json\/wp\/v2\/product_tag?post=3358"}],"curies":[{"name":"wp","href":"https:\/\/api.w.org\/{rel}","templated":true}]}}