{"id":3199,"date":"2022-02-08T13:19:09","date_gmt":"2022-02-08T12:19:09","guid":{"rendered":"https:\/\/www.sundoo.es\/?post_type=product&#038;p=3199"},"modified":"2025-12-07T10:30:54","modified_gmt":"2025-12-07T09:30:54","slug":"location-lit-parapluie-bebe-enfant","status":"publish","type":"product","link":"https:\/\/www.sundoo24.com\/fr\/tenerife\/produit\/location-lit-parapluie-bebe-enfant\/","title":{"rendered":"Lit de voyage\/lit parapluie pour b\u00e9b\u00e9s et enfants en Tenerife"},"content":{"rendered":"<p><strong>Imaginez, vous arrivez \u00e0 Tenerife avec deux enfants fatigu\u00e9s, pr\u00eats \u00e0 commencer vos vacances. Au lieu de vous encombrer d&rsquo;un sac XXL suppl\u00e9mentaire contenant un lit de voyage encombrant, notre \u00e9quipe SUNDOO vous attendra \u00e0 votre arriv\u00e9e. Avant m\u00eame de vous rendre au comptoir de location de voitures, vous recevrez le kit complet de location du lit de voyage HAUCK : un matelas confort extra-doux, deux draps housses fra\u00eechement lav\u00e9s et un sac de transport pratique.<\/strong><\/p>\n<p>Une fois rang\u00e9 dans le coffre, vous pouvez profiter pleinement de vos vacances sans vous soucier des exc\u00e9dents de bagages, des lits suppl\u00e9mentaires \u00e0 l&rsquo;h\u00f4tel ou du manque de confort pour dormir. Le soir, dans votre maison de vacances, quelques gestes simples suffisent pour transformer ce paquet compact en un nid douillet et s\u00fbr, ou en un parc pratique pendant la journ\u00e9e. L&rsquo;ouverture lat\u00e9rale permet \u00e0 vos enfants d&rsquo;entrer et de sortir tout seuls, pendant que vous profitez d&rsquo;un moment de d\u00e9tente.<\/p>\n<p>La location d&rsquo;un lit de voyage vous permet non seulement d&rsquo;\u00e9conomiser de l&rsquo;argent et d&rsquo;\u00e9viter de transporter des bagages lourds, mais surtout de gagner en tranquillit\u00e9 d&rsquo;esprit et en s\u00e9curit\u00e9 dans votre organisation : chaque lit est soigneusement d\u00e9sinfect\u00e9 avant la location, sa stabilit\u00e9 est v\u00e9rifi\u00e9e et il est fourni avec un matelas confortable et des draps propres. <strong>R\u00e9servez d\u00e8s maintenant en ligne le lit suppl\u00e9mentaire pour vos enfants et il vous attendra \u00e0 votre arriv\u00e9e \u00e0 l&rsquo;a\u00e9roport de T\u00e9n\u00e9rife Sud (TFS). Tout comme votre propre lit \u00e0 la maison.<\/strong><\/p>\n<h2 style=\"padding-top: 10px; padding-bottom: 5px;\"><strong>Vos avantages avec SUNDOO Tenerife<\/strong><\/h2>\n<ul class=\"list list-icons\">\n<li><i class=\"porto-icon-shipping-truck\"><\/i><strong><span class=\"text-dark\">Pr\u00eat \u00e0 partir imm\u00e9diatement :<\/span><\/strong><br \/>\nLivraison et restitution directement \u00e0 l&rsquo;a\u00e9roport, 24 heures sur 24.<\/li>\n<li><i class=\"porto-icon-clock\"><\/i><strong><span class=\"text-dark\">Pas de longs d\u00e9lais d&rsquo;attente :<\/span><\/strong><br \/>\nLes articles lou\u00e9s sont imm\u00e9diatement disponibles &#8211; livraison et restitution en quelques minutes.<\/li>\n<li><i class=\"porto-icon-percent-circle\"><\/i><strong><span class=\"text-dark\">R\u00e9duisez vos co\u00fbts :<\/span><\/strong><br \/>\nJusqu&rsquo;\u00e0 50 % moins cher que les forfaits journaliers de nombreux loueurs de voitures.<\/li>\n<li><i class=\"porto-icon-check-circle\"><\/i><strong><span class=\"text-dark\">Propres et contr\u00f4l\u00e9s :<\/span><\/strong><br \/>\nChaque article lou\u00e9 est nettoy\u00e9 de mani\u00e8re professionnelle et r\u00e9pond aux normes europ\u00e9ennes en vigueur.<\/li>\n<\/ul>\n<h2 style=\"padding-top: 10px; padding-bottom: 5px;\"><strong>Pourquoi louer un lit de voyage est-il un bon choix ?<\/strong><\/h2>\n<p><strong>Id\u00e9al pour les vacances en famille, le lit de voyage HAUCK Dream N Play Plus combine un espace de couchage, un parc et une maisonnette en un seul produit et offre \u00e0 votre enfant (jusqu&rsquo;\u00e0 15 kg) un confort optimal jour et nuit. Le matelas pliable confortable de 5 cm d&rsquo;\u00e9paisseur et deux draps housses doux sont inclus dans le set, afin que votre tout-petit se sente comme chez lui \u00e0 l&rsquo;h\u00f4tel, dans un appartement de vacances ou chez des amis.<\/strong> Gr\u00e2ce \u00e0 son m\u00e9canisme de pliage astucieux, ce lit l\u00e9ger peut \u00eatre install\u00e9 en quelques \u00e9tapes simples et repli\u00e9 tout aussi rapidement. Rang\u00e9 dans son sac de transport, il se glisse dans n&rsquo;importe quel coffre de voiture sans prendre trop de place. Parfait si vous partez en voyage imm\u00e9diatement apr\u00e8s l&rsquo;atterrissage.<\/p>\n<p>De larges inserts en maille sur les deux c\u00f4t\u00e9s longs permettent une circulation optimale de l&rsquo;air, cr\u00e9ent un environnement de sommeil agr\u00e9able et vous offrent une vue d\u00e9gag\u00e9e sur votre enfant \u00e0 tout moment. La fermeture \u00e9clair lat\u00e9rale permet aux petits explorateurs de se glisser dedans et dehors tout seuls ; la fermeture \u00e9clair se trouve \u00e0 l&rsquo;ext\u00e9rieur afin que vous puissiez contr\u00f4ler l&rsquo;acc\u00e8s.<\/p>\n<p>La construction robuste garantit la stabilit\u00e9 lorsque votre enfant joue, rampe ou fait ses r\u00eaves. <strong>Apr\u00e8s chaque location, chaque lit est soigneusement nettoy\u00e9, d\u00e9sinfect\u00e9 et minutieusement contr\u00f4l\u00e9. Les draps-housses \u00e0 bords \u00e9lastiques restent bien en place, m\u00eame lorsque vos petits font des r\u00eaves agit\u00e9s, et le tissu en coton absorbant et doux pour la peau leur assure confort et douceur tout au long de la nuit.<\/strong><\/p>\n<div style=\"padding-top: 10px; padding-bottom: 5px;\"><strong>Avantages :<\/strong><\/div>\n<ul class=\"list list-icons list-icons-style-3 list-icons-sm ml-4\">\n<li><i class=\"fas fa-check\"><\/i> De la naissance \u00e0 environ 4 ans \/ 15 kg<\/li>\n<li><i class=\"fas fa-check\"><\/i> <strong>Matelas confortable de 5 cm offert + 2 draps housses<\/strong><\/li>\n<li><i class=\"fas fa-check\"><\/i> S&rsquo;ouvre et se ferme en quelques secondes<\/li>\n<li><i class=\"fas fa-check\"><\/i> L\u00e9ger, pliable et peu encombrant, avec sac de transport<\/li>\n<li><i class=\"fas fa-check\"><\/i> Peut \u00eatre utilis\u00e9 comme lit b\u00e9b\u00e9 et parc<\/li>\n<li><i class=\"fas fa-check\"><\/i> Entr\u00e9e lat\u00e9rale avec fermeture \u00e9clair \u2013 pour plus de plaisir \u00e0 ramper<\/li>\n<\/ul>\n<div style=\"padding-top: 5px; padding-bottom: 5px;\"><strong>Caract\u00e9ristiques d\u00e9taill\u00e9es :<\/strong><\/div>\n<ul class=\"list list-icons list-icons-style-3 list-icons-sm ml-4\">\n<li><i class=\"fas fa-angle-right\"><\/i> Poids (lit avec sac) : 7,6 kg<\/li>\n<li><i class=\"fas fa-angle-right\"><\/i> Dimensions : 125 x 65 x 76 cm<\/li>\n<li><i class=\"fas fa-angle-right\"><\/i> Poids maximal recommand\u00e9 : 15 kg<\/li>\n<\/ul>\n<div class=\"alert alert-danger\"><span class=\"font-weight-bold\">Le montant minimum de commande de 29,90 EUR n&rsquo;est pas atteint ?<\/span><br \/>\nFaites plaisir \u00e0 votre enfant : louez par exemple un <span class=\"text-nowrap\"><i class=\"fa fa-caret-right text-primary mr-0\"><\/i> <a class=\"font-weight-bold\" href=\"https:\/\/www.sundoo24.com\/fr\/tenerife\/produit\/louer-trottinette-pour-enfants\/\">trottinette pour enfants avec roues lumineuses<\/a><\/span>, un <span class=\"text-nowrap\"><i class=\"fa fa-caret-right text-primary mr-0\"><\/i> <a class=\"font-weight-bold\" href=\"https:\/\/www.sundoo24.com\/fr\/tenerife\/produit\/location-draisienne-pour-enfants\/\">v\u00e9lo sans p\u00e9dales cool<\/a><\/span> ou un <span class=\"text-nowrap\"><i class=\"fa fa-caret-right text-primary mr-0\"><\/i> <a class=\"font-weight-bold\" href=\"https:\/\/www.sundoo24.com\/fr\/tenerife\/produit\/location-draisienne-pukylino-pour-enfants\/\">Pukylino pour les plus petits<\/a><\/span> \u2013 le tout fra\u00eechement nettoy\u00e9 et \u00e0 un prix journalier avantageux. Ainsi, votre arriv\u00e9e \u00e0 Tenerife Sud sera d\u00e9j\u00e0 un moment fort \u2013 et votre budget restera d\u00e9tendu.<\/div>\n","protected":false},"excerpt":{"rendered":"<div class=\"mb-2\"><img loading=\"lazy\" decoding=\"async\" class=\"alignleft size-full wp-image-5378\" title=\"Faites votre r\u00e9servation d\u00e8s maintenant et b\u00e9n\u00e9ficiez d'un prix avantageux !\" src=\"https:\/\/www.sundoo24.com\/fr\/tenerife\/wp-content\/uploads\/2025\/09\/fruebucherrabatt1.jpg\" alt=\"Promo r\u00e9servation anticip\u00e9e SUNDOO Tenerife\" width=\"360\" height=\"30\" \/><\/div>\n<p>Un accessoire utile pour dormir chez des amis, dans un logement de vacances ou \u00e0 l&rsquo;h\u00f4tel. S\u00fbr, stable et facile \u00e0 installer (pliable), ce lit de voyage pour b\u00e9b\u00e9s et enfants \u00e0 louer est une aide pr\u00e9cieuse pour passer des nuits reposantes en vacances ou comme parc pratique. Le lit avec sortie est polyvalent et peut \u00eatre utilis\u00e9 partout. Un matelas de lit de voyage HAUCK extra doux et deux draps housses sont inclus gratuitement. <strong>Livraison et r\u00e9cup\u00e9ration \u00e0 l&rsquo;a\u00e9roport de Tenerife Sud 24 heures sur 24, de minuit \u00e0 minuit.<\/strong><\/p>\n<div class=\"alert alert-success font-weight-bold\">Remarque : le jour de votre arriv\u00e9e et le jour de votre d\u00e9part sont compt\u00e9s comme une journ\u00e9e de location compl\u00e8te, car l&rsquo;article lou\u00e9 vous est r\u00e9serv\u00e9 exclusivement pendant cette p\u00e9riode.<\/div>\n","protected":false},"featured_media":7890,"comment_status":"open","ping_status":"closed","template":"","meta":[],"product_brand":[],"product_cat":[235,239,181,171],"product_tag":[],"class_list":{"0":"post-3199","1":"product","2":"type-product","3":"status-publish","4":"has-post-thumbnail","6":"product_cat-aeroport-de-tenerife-sud","7":"product_cat-lit-de-voyage","8":"product_cat-lits-sommeil","9":"product_cat-location","11":"first","12":"instock","13":"shipping-taxable","14":"purchasable","15":"product-type-variable"},"yoast_head":"\n<title>Location de lits b\u00e9b\u00e9\/lits de voyage \u00e0 prix abordable \u00e0 Tenerife Sud<\/title>\n<meta name=\"description\" content=\"D\u00e8s 3,99 \u20ac\/jour. Location d&#039;un lit de voyage pliable pour enfants \u00e0 l&#039;a\u00e9roport de Tenerife Sud. Matelas moelleux et confortable et deux draps housses inclus\" \/>\n<meta name=\"robots\" content=\"index, follow, max-snippet:-1, max-image-preview:large, max-video-preview:-1\" \/>\n<link rel=\"canonical\" href=\"https:\/\/www.sundoo24.com\/fr\/tenerife\/produit\/location-lit-parapluie-bebe-enfant\/\" \/>\n<meta property=\"og:locale\" content=\"fr_FR\" \/>\n<meta property=\"og:type\" content=\"article\" \/>\n<meta property=\"og:title\" content=\"Location de lits b\u00e9b\u00e9\/lits de voyage \u00e0 prix abordable \u00e0 Tenerife Sud\" \/>\n<meta property=\"og:description\" content=\"D\u00e8s 3,99 \u20ac\/jour. Location d&#039;un lit de voyage pliable pour enfants \u00e0 l&#039;a\u00e9roport de Tenerife Sud. Matelas moelleux et confortable et deux draps housses inclus\" \/>\n<meta property=\"og:url\" content=\"https:\/\/www.sundoo24.com\/fr\/tenerife\/produit\/location-lit-parapluie-bebe-enfant\/\" \/>\n<meta property=\"og:site_name\" content=\"Sundoo24.com\" \/>\n<meta property=\"article:modified_time\" content=\"2025-12-07T09:30:54+00:00\" \/>\n<meta property=\"og:image\" content=\"https:\/\/www.sundoo24.com\/fr\/tenerife\/wp-content\/uploads\/2022\/02\/location-lit-parapluie-bebe-enfant-tenerife.jpg\" \/>\n\t<meta property=\"og:image:width\" content=\"600\" \/>\n\t<meta property=\"og:image:height\" content=\"600\" \/>\n\t<meta property=\"og:image:type\" content=\"image\/jpeg\" \/>\n<meta name=\"twitter:card\" content=\"summary_large_image\" \/>\n<meta name=\"twitter:title\" content=\"Location de lits b\u00e9b\u00e9\/lits de voyage \u00e0 prix abordable \u00e0 Tenerife Sud\" \/>\n<meta name=\"twitter:description\" content=\"D\u00e8s 3,99 \u20ac\/jour. Location d&#039;un lit de voyage pliable pour enfants \u00e0 l&#039;a\u00e9roport de Tenerife Sud. Matelas moelleux et confortable et deux draps housses inclus\" \/>\n<meta name=\"twitter:image\" content=\"https:\/\/www.sundoo24.com\/fr\/tenerife\/wp-content\/uploads\/2022\/02\/location-lit-parapluie-bebe-enfant-tenerife.jpg\" \/>\n<script type=\"application\/ld+json\" class=\"yoast-schema-graph\">{\"@context\":\"https:\/\/schema.org\",\"@graph\":[{\"@type\":\"WebPage\",\"@id\":\"https:\/\/www.sundoo24.com\/fr\/tenerife\/produit\/location-lit-parapluie-bebe-enfant\/\",\"url\":\"https:\/\/www.sundoo24.com\/fr\/tenerife\/produit\/location-lit-parapluie-bebe-enfant\/\",\"name\":\"Location de lits b\u00e9b\u00e9\/lits de voyage \u00e0 prix abordable \u00e0 Tenerife Sud\",\"isPartOf\":{\"@id\":\"https:\/\/www.sundoo24.com\/fr\/tenerife\/#website\"},\"primaryImageOfPage\":{\"@id\":\"https:\/\/www.sundoo24.com\/fr\/tenerife\/produit\/location-lit-parapluie-bebe-enfant\/#primaryimage\"},\"image\":{\"@id\":\"https:\/\/www.sundoo24.com\/fr\/tenerife\/produit\/location-lit-parapluie-bebe-enfant\/#primaryimage\"},\"thumbnailUrl\":\"https:\/\/www.sundoo24.com\/fr\/tenerife\/wp-content\/uploads\/2022\/02\/location-lit-parapluie-bebe-enfant-tenerife.jpg\",\"description\":\"D\u00e8s 3,99 \u20ac\/jour. Location d'un lit de voyage pliable pour enfants \u00e0 l'a\u00e9roport de Tenerife Sud. Matelas moelleux et confortable et deux draps housses inclus\",\"breadcrumb\":{\"@id\":\"https:\/\/www.sundoo24.com\/fr\/tenerife\/produit\/location-lit-parapluie-bebe-enfant\/#breadcrumb\"},\"inLanguage\":\"fr-FR\",\"potentialAction\":[{\"@type\":\"ReadAction\",\"target\":[\"https:\/\/www.sundoo24.com\/fr\/tenerife\/produit\/location-lit-parapluie-bebe-enfant\/\"]}]},{\"@type\":\"ImageObject\",\"inLanguage\":\"fr-FR\",\"@id\":\"https:\/\/www.sundoo24.com\/fr\/tenerife\/produit\/location-lit-parapluie-bebe-enfant\/#primaryimage\",\"url\":\"https:\/\/www.sundoo24.com\/fr\/tenerife\/wp-content\/uploads\/2022\/02\/location-lit-parapluie-bebe-enfant-tenerife.jpg\",\"contentUrl\":\"https:\/\/www.sundoo24.com\/fr\/tenerife\/wp-content\/uploads\/2022\/02\/location-lit-parapluie-bebe-enfant-tenerife.jpg\",\"width\":600,\"height\":600,\"caption\":\"location lit parapluie tenerife\"},{\"@type\":\"BreadcrumbList\",\"@id\":\"https:\/\/www.sundoo24.com\/fr\/tenerife\/produit\/location-lit-parapluie-bebe-enfant\/#breadcrumb\",\"itemListElement\":[{\"@type\":\"ListItem\",\"position\":1,\"name\":\"Mietartikel\",\"item\":\"https:\/\/www.sundoo24.com\/fr\/tenerife\/shop\/\"},{\"@type\":\"ListItem\",\"position\":2,\"name\":\"Lit de voyage\/lit parapluie pour b\u00e9b\u00e9s et enfants en Tenerife\"}]},{\"@type\":\"WebSite\",\"@id\":\"https:\/\/www.sundoo24.com\/fr\/tenerife\/#website\",\"url\":\"https:\/\/www.sundoo24.com\/fr\/tenerife\/\",\"name\":\"SUNDOO Teneriffa\",\"description\":\"Voyagez l\u00e9ger \u2013 nous avons le si\u00e8ge-auto qu\u2019il vous faut \u00e0 l\u2019a\u00e9roport de Tenerife Sud\",\"potentialAction\":[{\"@type\":\"SearchAction\",\"target\":{\"@type\":\"EntryPoint\",\"urlTemplate\":\"https:\/\/www.sundoo24.com\/fr\/tenerife\/?s={search_term_string}\"},\"query-input\":{\"@type\":\"PropertyValueSpecification\",\"valueRequired\":true,\"valueName\":\"search_term_string\"}}],\"inLanguage\":\"fr-FR\"}]}<\/script>\n","yoast_head_json":{"title":"Location de lits b\u00e9b\u00e9\/lits de voyage \u00e0 prix abordable \u00e0 Tenerife Sud","description":"D\u00e8s 3,99 \u20ac\/jour. Location d'un lit de voyage pliable pour enfants \u00e0 l'a\u00e9roport de Tenerife Sud. Matelas moelleux et confortable et deux draps housses inclus","robots":{"index":"index","follow":"follow","max-snippet":"max-snippet:-1","max-image-preview":"max-image-preview:large","max-video-preview":"max-video-preview:-1"},"canonical":"https:\/\/www.sundoo24.com\/fr\/tenerife\/produit\/location-lit-parapluie-bebe-enfant\/","og_locale":"fr_FR","og_type":"article","og_title":"Location de lits b\u00e9b\u00e9\/lits de voyage \u00e0 prix abordable \u00e0 Tenerife Sud","og_description":"D\u00e8s 3,99 \u20ac\/jour. Location d'un lit de voyage pliable pour enfants \u00e0 l'a\u00e9roport de Tenerife Sud. Matelas moelleux et confortable et deux draps housses inclus","og_url":"https:\/\/www.sundoo24.com\/fr\/tenerife\/produit\/location-lit-parapluie-bebe-enfant\/","og_site_name":"Sundoo24.com","article_modified_time":"2025-12-07T09:30:54+00:00","og_image":[{"width":600,"height":600,"url":"https:\/\/www.sundoo24.com\/fr\/tenerife\/wp-content\/uploads\/2022\/02\/location-lit-parapluie-bebe-enfant-tenerife.jpg","type":"image\/jpeg"}],"twitter_card":"summary_large_image","twitter_title":"Location de lits b\u00e9b\u00e9\/lits de voyage \u00e0 prix abordable \u00e0 Tenerife Sud","twitter_description":"D\u00e8s 3,99 \u20ac\/jour. Location d'un lit de voyage pliable pour enfants \u00e0 l'a\u00e9roport de Tenerife Sud. Matelas moelleux et confortable et deux draps housses inclus","twitter_image":"https:\/\/www.sundoo24.com\/fr\/tenerife\/wp-content\/uploads\/2022\/02\/location-lit-parapluie-bebe-enfant-tenerife.jpg","schema":{"@context":"https:\/\/schema.org","@graph":[{"@type":"WebPage","@id":"https:\/\/www.sundoo24.com\/fr\/tenerife\/produit\/location-lit-parapluie-bebe-enfant\/","url":"https:\/\/www.sundoo24.com\/fr\/tenerife\/produit\/location-lit-parapluie-bebe-enfant\/","name":"Location de lits b\u00e9b\u00e9\/lits de voyage \u00e0 prix abordable \u00e0 Tenerife Sud","isPartOf":{"@id":"https:\/\/www.sundoo24.com\/fr\/tenerife\/#website"},"primaryImageOfPage":{"@id":"https:\/\/www.sundoo24.com\/fr\/tenerife\/produit\/location-lit-parapluie-bebe-enfant\/#primaryimage"},"image":{"@id":"https:\/\/www.sundoo24.com\/fr\/tenerife\/produit\/location-lit-parapluie-bebe-enfant\/#primaryimage"},"thumbnailUrl":"https:\/\/www.sundoo24.com\/fr\/tenerife\/wp-content\/uploads\/2022\/02\/location-lit-parapluie-bebe-enfant-tenerife.jpg","description":"D\u00e8s 3,99 \u20ac\/jour. Location d'un lit de voyage pliable pour enfants \u00e0 l'a\u00e9roport de Tenerife Sud. Matelas moelleux et confortable et deux draps housses inclus","breadcrumb":{"@id":"https:\/\/www.sundoo24.com\/fr\/tenerife\/produit\/location-lit-parapluie-bebe-enfant\/#breadcrumb"},"inLanguage":"fr-FR","potentialAction":[{"@type":"ReadAction","target":["https:\/\/www.sundoo24.com\/fr\/tenerife\/produit\/location-lit-parapluie-bebe-enfant\/"]}]},{"@type":"ImageObject","inLanguage":"fr-FR","@id":"https:\/\/www.sundoo24.com\/fr\/tenerife\/produit\/location-lit-parapluie-bebe-enfant\/#primaryimage","url":"https:\/\/www.sundoo24.com\/fr\/tenerife\/wp-content\/uploads\/2022\/02\/location-lit-parapluie-bebe-enfant-tenerife.jpg","contentUrl":"https:\/\/www.sundoo24.com\/fr\/tenerife\/wp-content\/uploads\/2022\/02\/location-lit-parapluie-bebe-enfant-tenerife.jpg","width":600,"height":600,"caption":"location lit parapluie tenerife"},{"@type":"BreadcrumbList","@id":"https:\/\/www.sundoo24.com\/fr\/tenerife\/produit\/location-lit-parapluie-bebe-enfant\/#breadcrumb","itemListElement":[{"@type":"ListItem","position":1,"name":"Mietartikel","item":"https:\/\/www.sundoo24.com\/fr\/tenerife\/shop\/"},{"@type":"ListItem","position":2,"name":"Lit de voyage\/lit parapluie pour b\u00e9b\u00e9s et enfants en Tenerife"}]},{"@type":"WebSite","@id":"https:\/\/www.sundoo24.com\/fr\/tenerife\/#website","url":"https:\/\/www.sundoo24.com\/fr\/tenerife\/","name":"SUNDOO Teneriffa","description":"Voyagez l\u00e9ger \u2013 nous avons le si\u00e8ge-auto qu\u2019il vous faut \u00e0 l\u2019a\u00e9roport de Tenerife Sud","potentialAction":[{"@type":"SearchAction","target":{"@type":"EntryPoint","urlTemplate":"https:\/\/www.sundoo24.com\/fr\/tenerife\/?s={search_term_string}"},"query-input":{"@type":"PropertyValueSpecification","valueRequired":true,"valueName":"search_term_string"}}],"inLanguage":"fr-FR"}]}},"_links":{"self":[{"href":"https:\/\/www.sundoo24.com\/fr\/tenerife\/wp-json\/wp\/v2\/product\/3199","targetHints":{"allow":["GET"]}}],"collection":[{"href":"https:\/\/www.sundoo24.com\/fr\/tenerife\/wp-json\/wp\/v2\/product"}],"about":[{"href":"https:\/\/www.sundoo24.com\/fr\/tenerife\/wp-json\/wp\/v2\/types\/product"}],"replies":[{"embeddable":true,"href":"https:\/\/www.sundoo24.com\/fr\/tenerife\/wp-json\/wp\/v2\/comments?post=3199"}],"wp:featuredmedia":[{"embeddable":true,"href":"https:\/\/www.sundoo24.com\/fr\/tenerife\/wp-json\/wp\/v2\/media\/7890"}],"wp:attachment":[{"href":"https:\/\/www.sundoo24.com\/fr\/tenerife\/wp-json\/wp\/v2\/media?parent=3199"}],"wp:term":[{"taxonomy":"product_brand","embeddable":true,"href":"https:\/\/www.sundoo24.com\/fr\/tenerife\/wp-json\/wp\/v2\/product_brand?post=3199"},{"taxonomy":"product_cat","embeddable":true,"href":"https:\/\/www.sundoo24.com\/fr\/tenerife\/wp-json\/wp\/v2\/product_cat?post=3199"},{"taxonomy":"product_tag","embeddable":true,"href":"https:\/\/www.sundoo24.com\/fr\/tenerife\/wp-json\/wp\/v2\/product_tag?post=3199"}],"curies":[{"name":"wp","href":"https:\/\/api.w.org\/{rel}","templated":true}]}}