{"id":3170,"date":"2022-02-08T10:12:10","date_gmt":"2022-02-08T09:12:10","guid":{"rendered":"https:\/\/www.sundoo.es\/?post_type=product&#038;p=3170"},"modified":"2025-12-07T10:31:22","modified_gmt":"2025-12-07T09:31:22","slug":"location-rehausseur-de-siege-auto","status":"publish","type":"product","link":"https:\/\/www.sundoo24.com\/fr\/tenerife\/produit\/location-rehausseur-de-siege-auto\/","title":{"rendered":"Rehausseur pour voiture \u00e0 Tenerife (22-36 kg)"},"content":{"rendered":"<p><strong>Les vacances commencent d\u00e8s que vous descendez de l\u2019avion et partez \u00e0 l\u2019aventure. Votre enfant est impatient de d\u00e9marrer. Gr\u00e2ce \u00e0 notre location de rehausseur pour voiture, vous r\u00e9cup\u00e9rez un si\u00e8ge adapt\u00e9 d\u00e8s votre arriv\u00e9e \u00e0 l\u2019a\u00e9roport de Tenerife Sud (TFS).<\/strong> R\u00e9serv\u00e9 en ligne, fra\u00eechement nettoy\u00e9 et pr\u00eat \u00e0 l\u2019emploi. Installez-le facilement sur la banquette arri\u00e8re, attachez la ceinture \u00e0 3 points et le tour est jou\u00e9. Vous respectez les exigences l\u00e9gales en mati\u00e8re de si\u00e8ges enfants, \u00e9vitez les amendes et voyagez l\u00e9ger sans transporter un rehausseur encombrant dans le terminal.<\/p>\n<p>Sans bagages suppl\u00e9mentaires ni files d\u2019attente, vous profitez de plus d\u2019espace dans le coffre pour vos valises et de plus de budget vacances pour la prochaine glace. Si vous passez d\u2019une voiture de location \u00e0 un taxi ou au v\u00e9hicule d\u2019un ami, le rehausseur ultra-l\u00e9ger se transporte facilement partout. <strong>Gr\u00e2ce \u00e0 notre service de location de rehausseur pour voiture \u00e0 l\u2019a\u00e9roport de Tenerife Sud, vous obtenez un si\u00e8ge enfant pour moins de 2 \u20ac par jour \u2013 propre, contr\u00f4l\u00e9 et aussi flexible que vos vacances.<\/strong><\/p>\n<p>Avant m\u00eame le d\u00e9but de l&#8217;embarquement, le si\u00e8ge rehausseur adapt\u00e9 est r\u00e9serv\u00e9 exclusivement pour votre enfant \u2013 hygi\u00e9niquement propre et parfaitement adapt\u00e9 \u00e0 sa taille. <strong>Un clic suffit : r\u00e9servez en ligne, r\u00e9cup\u00e9rez-le \u00e0 l&rsquo;a\u00e9roport apr\u00e8s l&rsquo;atterrissage et rendez-le tout aussi facilement avant le vol retour. Cela ne prend que quelques minutes, c&rsquo;est clair et sans aucun stress.<\/strong><\/p>\n<h2 style=\"padding-top: 10px; padding-bottom: 5px;\"><strong>Vos avantages avec SUNDOO Tenerife<\/strong><\/h2>\n<ul class=\"list list-icons\">\n<li><i class=\"porto-icon-shipping-truck\"><\/i><strong><span class=\"text-dark\">Pr\u00eat \u00e0 partir imm\u00e9diatement :<\/span><\/strong><br \/>\nLivraison et restitution directement \u00e0 l&rsquo;a\u00e9roport, 24 heures sur 24.<\/li>\n<li><i class=\"porto-icon-clock\"><\/i><strong><span class=\"text-dark\">Pas de longs d\u00e9lais d&rsquo;attente :<\/span><\/strong><br \/>\nLes articles lou\u00e9s sont imm\u00e9diatement disponibles &#8211; livraison et restitution en quelques minutes.<\/li>\n<li><i class=\"porto-icon-percent-circle\"><\/i><strong><span class=\"text-dark\">R\u00e9duisez vos co\u00fbts :<\/span><\/strong><br \/>\nJusqu&rsquo;\u00e0 50 % moins cher que les forfaits journaliers de nombreux loueurs de voitures.<\/li>\n<li><i class=\"porto-icon-check-circle\"><\/i><strong><span class=\"text-dark\">Propres et contr\u00f4l\u00e9s :<\/span><\/strong><br \/>\nChaque article lou\u00e9 est nettoy\u00e9 de mani\u00e8re professionnelle et est conforme \u00e0 la norme ECE R44\/04 ou \u00e0 la norme i-Size.<\/li>\n<\/ul>\n<h2 style=\"padding-top: 10px; padding-bottom: 5px;\"><strong>Pourquoi louer un rehausseur pour voiture ?<\/strong><\/h2>\n<p><strong>Gr\u00e2ce \u00e0 son design ultra-l\u00e9ger, le rehausseur est le compagnon de voyage id\u00e9al. Il prend tr\u00e8s peu de place et peut \u00eatre facilement rang\u00e9 sous le si\u00e8ge ou dans le coffre lorsqu\u2019il n\u2019est pas utilis\u00e9.<\/strong> Le coussin rembourr\u00e9 et respirant \u00e9vite l\u2019accumulation de chaleur, tandis que les accoudoirs confortables assurent un excellent soutien, m\u00eame lors de longs trajets. En choisissant notre location de rehausseur pour voiture \u00e0 Tenerife Sud, vous profitez d\u2019un \u00e9quipement pratique et confortable, parfait pour toute la famille.<\/p>\n<p>Chaque rehausseur est fabriqu\u00e9 \u00e0 partir de mat\u00e9riaux de haute qualit\u00e9 et est soigneusement nettoy\u00e9 et d\u00e9sinfect\u00e9 avant chaque location. <strong>Vous avez ainsi l\u2019assurance que vos enfants sont bien prot\u00e9g\u00e9s et pouvez vous concentrer pleinement sur la d\u00e9couverte de votre destination de vacances, en toute tranquillit\u00e9.<\/strong><\/p>\n<div style=\"padding-top: 10px; padding-bottom: 5px;\"><strong>Avantages:<\/strong><\/div>\n<ul class=\"list list-icons list-icons-style-3 list-icons-sm ml-4\">\n<li><i class=\"fas fa-check\"><\/i> Sur\u00e9l\u00e8ve la position assise afin que la ceinture de s\u00e9curit\u00e9 \u00e0 3 points passe correctement sur l\u2019\u00e9paule et le bassin.<\/li>\n<li><i class=\"fas fa-check\"><\/i> Installation rapide : asseyez-vous, attachez la ceinture de s\u00e9curit\u00e9 et c\u2019est parti.<\/li>\n<li><i class=\"fas fa-check\"><\/i> Compatible avec tous les v\u00e9hicules.<\/li>\n<li><i class=\"fas fa-check\"><\/i> Accoudoirs rembourr\u00e9s pour une assise confortable et d\u00e9tendue.<\/li>\n<\/ul>\n<div style=\"padding-top: 5px; padding-bottom: 5px;\"><strong>Caract\u00e9ristiques d\u00e9taill\u00e9es :<\/strong><\/div>\n<ul class=\"list list-icons list-icons-style-3 list-icons-sm ml-4\">\n<li><i class=\"fas fa-angle-right\"><\/i> Poids : 1,26 kg<\/li>\n<li><i class=\"fas fa-angle-right\"><\/i> Dimensions : 44 \u00d7 39 \u00d7 16 cm<\/li>\n<li><i class=\"fas fa-angle-right\"><\/i> Poids maximal recommand\u00e9 : 36 kg (\u2248 7 \u00e0 12 ans)<\/li>\n<li><i class=\"fas fa-angle-right\"><\/i> Syst\u00e8me de fixation : ceinture de s\u00e9curit\u00e9 \u00e0 3 points<\/li>\n<li><i class=\"fas fa-angle-right\"><\/i> Homologation : conforme \u00e0 la norme europ\u00e9enne ECE R44\/04<\/li>\n<\/ul>\n<div class=\"alert alert-danger\"><span class=\"font-weight-bold\">Le montant minimum de commande de 29,90 EUR n&rsquo;est pas atteint ?<\/span><br \/>\nFaites plaisir \u00e0 votre enfant : louez par exemple un <span class=\"text-nowrap\"><i class=\"fa fa-caret-right text-primary mr-0\"><\/i> <a class=\"font-weight-bold\" href=\"https:\/\/www.sundoo24.com\/fr\/tenerife\/produit\/louer-trottinette-pour-enfants\/\">trottinette pour enfants avec roues lumineuses<\/a><\/span>, un <span class=\"text-nowrap\"><i class=\"fa fa-caret-right text-primary mr-0\"><\/i> <a class=\"font-weight-bold\" href=\"https:\/\/www.sundoo24.com\/fr\/tenerife\/produit\/location-draisienne-pour-enfants\/\">v\u00e9lo sans p\u00e9dales cool<\/a><\/span> ou un <span class=\"text-nowrap\"><i class=\"fa fa-caret-right text-primary mr-0\"><\/i> <a class=\"font-weight-bold\" href=\"https:\/\/www.sundoo24.com\/fr\/tenerife\/produit\/location-draisienne-pukylino-pour-enfants\/\">Pukylino pour les plus petits<\/a><\/span> \u2013 le tout fra\u00eechement nettoy\u00e9 et \u00e0 un prix journalier avantageux. Ainsi, votre arriv\u00e9e \u00e0 Tenerife Sud sera d\u00e9j\u00e0 un moment fort \u2013 et votre budget restera d\u00e9tendu.<\/div>\n","protected":false},"excerpt":{"rendered":"<div class=\"mb-2\"><img loading=\"lazy\" decoding=\"async\" class=\"alignleft size-full wp-image-5378\" title=\"Faites votre r\u00e9servation d\u00e8s maintenant et b\u00e9n\u00e9ficiez d'un prix avantageux !\" src=\"https:\/\/www.sundoo24.com\/fr\/tenerife\/wp-content\/uploads\/2025\/09\/fruebucherrabatt1.jpg\" alt=\"Promo r\u00e9servation anticip\u00e9e SUNDOO Tenerife\" width=\"360\" height=\"30\" \/><\/div>\n<p>Location de rehausseurs s\u00e9curis\u00e9s directement \u00e0 l\u2019a\u00e9roport<br \/>\nConvient aux enfants de 7 \u00e0 12 ans pesant entre 22 et 36 kg (groupe 3). Compatible avec tous les v\u00e9hicules. Ce rehausseur pour voiture est test\u00e9 pour sa s\u00e9curit\u00e9, ergonomique et offre un excellent confort pendant le trajet. <strong>Livraison et retrait \u00e0 l\u2019a\u00e9roport de Tenerife Sud (TFS), disponibles 24 h\/24, de minuit \u00e0 minuit.<\/strong><\/p>\n<div class=\"alert alert-success font-weight-bold\">Remarque : le jour de votre arriv\u00e9e et le jour de votre d\u00e9part sont compt\u00e9s comme une journ\u00e9e de location compl\u00e8te, car l&rsquo;article lou\u00e9 vous est r\u00e9serv\u00e9 exclusivement pendant cette p\u00e9riode.<\/div>\n","protected":false},"featured_media":7874,"comment_status":"open","ping_status":"closed","template":"","meta":[],"product_brand":[],"product_cat":[235,171,152],"product_tag":[],"class_list":{"0":"post-3170","1":"product","2":"type-product","3":"status-publish","4":"has-post-thumbnail","6":"product_cat-aeroport-de-tenerife-sud","7":"product_cat-location","8":"product_cat-sieges-auto","10":"first","11":"instock","12":"shipping-taxable","13":"purchasable","14":"product-type-variable"},"yoast_head":"\n<title>Location de rehausseurs pour voiture de l&#039;a\u00e9roport de T\u00e9n\u00e9rife Sud<\/title>\n<meta name=\"description\" content=\"\u00c0 partir de 1,49 \u20ac\/jour - Louer rehausseur l\u00e9ger (22-36 kg) directement \u00e0 l&#039;a\u00e9roport de Tenerife Sud. D\u00e8s 125 cm \/ 7-12 ans. ECE R44\/04, fra\u00eechement nettoy\u00e9\" \/>\n<meta name=\"robots\" content=\"index, follow, max-snippet:-1, max-image-preview:large, max-video-preview:-1\" \/>\n<link rel=\"canonical\" href=\"https:\/\/www.sundoo24.com\/fr\/tenerife\/produit\/location-rehausseur-de-siege-auto\/\" \/>\n<meta property=\"og:locale\" content=\"fr_FR\" \/>\n<meta property=\"og:type\" content=\"article\" \/>\n<meta property=\"og:title\" content=\"Location de rehausseurs pour voiture de l&#039;a\u00e9roport de T\u00e9n\u00e9rife Sud\" \/>\n<meta property=\"og:description\" content=\"\u00c0 partir de 1,49 \u20ac\/jour - Louer rehausseur l\u00e9ger (22-36 kg) directement \u00e0 l&#039;a\u00e9roport de Tenerife Sud. D\u00e8s 125 cm \/ 7-12 ans. ECE R44\/04, fra\u00eechement nettoy\u00e9\" \/>\n<meta property=\"og:url\" content=\"https:\/\/www.sundoo24.com\/fr\/tenerife\/produit\/location-rehausseur-de-siege-auto\/\" \/>\n<meta property=\"og:site_name\" content=\"Sundoo24.com\" \/>\n<meta property=\"article:modified_time\" content=\"2025-12-07T09:31:22+00:00\" \/>\n<meta property=\"og:image\" content=\"https:\/\/www.sundoo24.com\/fr\/tenerife\/wp-content\/uploads\/2022\/02\/location-rehausseur-de-siege-auto-tenerife.jpg\" \/>\n\t<meta property=\"og:image:width\" content=\"600\" \/>\n\t<meta property=\"og:image:height\" content=\"600\" \/>\n\t<meta property=\"og:image:type\" content=\"image\/jpeg\" \/>\n<meta name=\"twitter:card\" content=\"summary_large_image\" \/>\n<meta name=\"twitter:title\" content=\"Location de rehausseurs pour voiture de l&#039;a\u00e9roport de T\u00e9n\u00e9rife Sud\" \/>\n<meta name=\"twitter:description\" content=\"\u00c0 partir de 1,49 \u20ac\/jour - Louer rehausseur l\u00e9ger (22-36 kg) directement \u00e0 l&#039;a\u00e9roport de Tenerife Sud. D\u00e8s 125 cm \/ 7-12 ans. ECE R44\/04, fra\u00eechement nettoy\u00e9\" \/>\n<meta name=\"twitter:image\" content=\"https:\/\/www.sundoo24.com\/fr\/tenerife\/wp-content\/uploads\/2022\/02\/location-rehausseur-de-siege-auto-tenerife.jpg\" \/>\n<script type=\"application\/ld+json\" class=\"yoast-schema-graph\">{\"@context\":\"https:\/\/schema.org\",\"@graph\":[{\"@type\":\"WebPage\",\"@id\":\"https:\/\/www.sundoo24.com\/fr\/tenerife\/produit\/location-rehausseur-de-siege-auto\/\",\"url\":\"https:\/\/www.sundoo24.com\/fr\/tenerife\/produit\/location-rehausseur-de-siege-auto\/\",\"name\":\"Location de rehausseurs pour voiture de l'a\u00e9roport de T\u00e9n\u00e9rife Sud\",\"isPartOf\":{\"@id\":\"https:\/\/www.sundoo24.com\/fr\/tenerife\/#website\"},\"primaryImageOfPage\":{\"@id\":\"https:\/\/www.sundoo24.com\/fr\/tenerife\/produit\/location-rehausseur-de-siege-auto\/#primaryimage\"},\"image\":{\"@id\":\"https:\/\/www.sundoo24.com\/fr\/tenerife\/produit\/location-rehausseur-de-siege-auto\/#primaryimage\"},\"thumbnailUrl\":\"https:\/\/www.sundoo24.com\/fr\/tenerife\/wp-content\/uploads\/2022\/02\/location-rehausseur-de-siege-auto-tenerife.jpg\",\"description\":\"\u00c0 partir de 1,49 \u20ac\/jour - Louer rehausseur l\u00e9ger (22-36 kg) directement \u00e0 l'a\u00e9roport de Tenerife Sud. D\u00e8s 125 cm \/ 7-12 ans. ECE R44\/04, fra\u00eechement nettoy\u00e9\",\"breadcrumb\":{\"@id\":\"https:\/\/www.sundoo24.com\/fr\/tenerife\/produit\/location-rehausseur-de-siege-auto\/#breadcrumb\"},\"inLanguage\":\"fr-FR\",\"potentialAction\":[{\"@type\":\"ReadAction\",\"target\":[\"https:\/\/www.sundoo24.com\/fr\/tenerife\/produit\/location-rehausseur-de-siege-auto\/\"]}]},{\"@type\":\"ImageObject\",\"inLanguage\":\"fr-FR\",\"@id\":\"https:\/\/www.sundoo24.com\/fr\/tenerife\/produit\/location-rehausseur-de-siege-auto\/#primaryimage\",\"url\":\"https:\/\/www.sundoo24.com\/fr\/tenerife\/wp-content\/uploads\/2022\/02\/location-rehausseur-de-siege-auto-tenerife.jpg\",\"contentUrl\":\"https:\/\/www.sundoo24.com\/fr\/tenerife\/wp-content\/uploads\/2022\/02\/location-rehausseur-de-siege-auto-tenerife.jpg\",\"width\":600,\"height\":600,\"caption\":\"Location rehausseurs voiture Tenerife\"},{\"@type\":\"BreadcrumbList\",\"@id\":\"https:\/\/www.sundoo24.com\/fr\/tenerife\/produit\/location-rehausseur-de-siege-auto\/#breadcrumb\",\"itemListElement\":[{\"@type\":\"ListItem\",\"position\":1,\"name\":\"Mietartikel\",\"item\":\"https:\/\/www.sundoo24.com\/fr\/tenerife\/shop\/\"},{\"@type\":\"ListItem\",\"position\":2,\"name\":\"Rehausseur pour voiture \u00e0 Tenerife (22-36 kg)\"}]},{\"@type\":\"WebSite\",\"@id\":\"https:\/\/www.sundoo24.com\/fr\/tenerife\/#website\",\"url\":\"https:\/\/www.sundoo24.com\/fr\/tenerife\/\",\"name\":\"SUNDOO Teneriffa\",\"description\":\"Voyagez l\u00e9ger \u2013 nous avons le si\u00e8ge-auto qu\u2019il vous faut \u00e0 l\u2019a\u00e9roport de Tenerife Sud\",\"potentialAction\":[{\"@type\":\"SearchAction\",\"target\":{\"@type\":\"EntryPoint\",\"urlTemplate\":\"https:\/\/www.sundoo24.com\/fr\/tenerife\/?s={search_term_string}\"},\"query-input\":{\"@type\":\"PropertyValueSpecification\",\"valueRequired\":true,\"valueName\":\"search_term_string\"}}],\"inLanguage\":\"fr-FR\"}]}<\/script>\n","yoast_head_json":{"title":"Location de rehausseurs pour voiture de l'a\u00e9roport de T\u00e9n\u00e9rife Sud","description":"\u00c0 partir de 1,49 \u20ac\/jour - Louer rehausseur l\u00e9ger (22-36 kg) directement \u00e0 l'a\u00e9roport de Tenerife Sud. D\u00e8s 125 cm \/ 7-12 ans. ECE R44\/04, fra\u00eechement nettoy\u00e9","robots":{"index":"index","follow":"follow","max-snippet":"max-snippet:-1","max-image-preview":"max-image-preview:large","max-video-preview":"max-video-preview:-1"},"canonical":"https:\/\/www.sundoo24.com\/fr\/tenerife\/produit\/location-rehausseur-de-siege-auto\/","og_locale":"fr_FR","og_type":"article","og_title":"Location de rehausseurs pour voiture de l'a\u00e9roport de T\u00e9n\u00e9rife Sud","og_description":"\u00c0 partir de 1,49 \u20ac\/jour - Louer rehausseur l\u00e9ger (22-36 kg) directement \u00e0 l'a\u00e9roport de Tenerife Sud. D\u00e8s 125 cm \/ 7-12 ans. ECE R44\/04, fra\u00eechement nettoy\u00e9","og_url":"https:\/\/www.sundoo24.com\/fr\/tenerife\/produit\/location-rehausseur-de-siege-auto\/","og_site_name":"Sundoo24.com","article_modified_time":"2025-12-07T09:31:22+00:00","og_image":[{"width":600,"height":600,"url":"https:\/\/www.sundoo24.com\/fr\/tenerife\/wp-content\/uploads\/2022\/02\/location-rehausseur-de-siege-auto-tenerife.jpg","type":"image\/jpeg"}],"twitter_card":"summary_large_image","twitter_title":"Location de rehausseurs pour voiture de l'a\u00e9roport de T\u00e9n\u00e9rife Sud","twitter_description":"\u00c0 partir de 1,49 \u20ac\/jour - Louer rehausseur l\u00e9ger (22-36 kg) directement \u00e0 l'a\u00e9roport de Tenerife Sud. D\u00e8s 125 cm \/ 7-12 ans. ECE R44\/04, fra\u00eechement nettoy\u00e9","twitter_image":"https:\/\/www.sundoo24.com\/fr\/tenerife\/wp-content\/uploads\/2022\/02\/location-rehausseur-de-siege-auto-tenerife.jpg","schema":{"@context":"https:\/\/schema.org","@graph":[{"@type":"WebPage","@id":"https:\/\/www.sundoo24.com\/fr\/tenerife\/produit\/location-rehausseur-de-siege-auto\/","url":"https:\/\/www.sundoo24.com\/fr\/tenerife\/produit\/location-rehausseur-de-siege-auto\/","name":"Location de rehausseurs pour voiture de l'a\u00e9roport de T\u00e9n\u00e9rife Sud","isPartOf":{"@id":"https:\/\/www.sundoo24.com\/fr\/tenerife\/#website"},"primaryImageOfPage":{"@id":"https:\/\/www.sundoo24.com\/fr\/tenerife\/produit\/location-rehausseur-de-siege-auto\/#primaryimage"},"image":{"@id":"https:\/\/www.sundoo24.com\/fr\/tenerife\/produit\/location-rehausseur-de-siege-auto\/#primaryimage"},"thumbnailUrl":"https:\/\/www.sundoo24.com\/fr\/tenerife\/wp-content\/uploads\/2022\/02\/location-rehausseur-de-siege-auto-tenerife.jpg","description":"\u00c0 partir de 1,49 \u20ac\/jour - Louer rehausseur l\u00e9ger (22-36 kg) directement \u00e0 l'a\u00e9roport de Tenerife Sud. D\u00e8s 125 cm \/ 7-12 ans. ECE R44\/04, fra\u00eechement nettoy\u00e9","breadcrumb":{"@id":"https:\/\/www.sundoo24.com\/fr\/tenerife\/produit\/location-rehausseur-de-siege-auto\/#breadcrumb"},"inLanguage":"fr-FR","potentialAction":[{"@type":"ReadAction","target":["https:\/\/www.sundoo24.com\/fr\/tenerife\/produit\/location-rehausseur-de-siege-auto\/"]}]},{"@type":"ImageObject","inLanguage":"fr-FR","@id":"https:\/\/www.sundoo24.com\/fr\/tenerife\/produit\/location-rehausseur-de-siege-auto\/#primaryimage","url":"https:\/\/www.sundoo24.com\/fr\/tenerife\/wp-content\/uploads\/2022\/02\/location-rehausseur-de-siege-auto-tenerife.jpg","contentUrl":"https:\/\/www.sundoo24.com\/fr\/tenerife\/wp-content\/uploads\/2022\/02\/location-rehausseur-de-siege-auto-tenerife.jpg","width":600,"height":600,"caption":"Location rehausseurs voiture Tenerife"},{"@type":"BreadcrumbList","@id":"https:\/\/www.sundoo24.com\/fr\/tenerife\/produit\/location-rehausseur-de-siege-auto\/#breadcrumb","itemListElement":[{"@type":"ListItem","position":1,"name":"Mietartikel","item":"https:\/\/www.sundoo24.com\/fr\/tenerife\/shop\/"},{"@type":"ListItem","position":2,"name":"Rehausseur pour voiture \u00e0 Tenerife (22-36 kg)"}]},{"@type":"WebSite","@id":"https:\/\/www.sundoo24.com\/fr\/tenerife\/#website","url":"https:\/\/www.sundoo24.com\/fr\/tenerife\/","name":"SUNDOO Teneriffa","description":"Voyagez l\u00e9ger \u2013 nous avons le si\u00e8ge-auto qu\u2019il vous faut \u00e0 l\u2019a\u00e9roport de Tenerife Sud","potentialAction":[{"@type":"SearchAction","target":{"@type":"EntryPoint","urlTemplate":"https:\/\/www.sundoo24.com\/fr\/tenerife\/?s={search_term_string}"},"query-input":{"@type":"PropertyValueSpecification","valueRequired":true,"valueName":"search_term_string"}}],"inLanguage":"fr-FR"}]}},"_links":{"self":[{"href":"https:\/\/www.sundoo24.com\/fr\/tenerife\/wp-json\/wp\/v2\/product\/3170","targetHints":{"allow":["GET"]}}],"collection":[{"href":"https:\/\/www.sundoo24.com\/fr\/tenerife\/wp-json\/wp\/v2\/product"}],"about":[{"href":"https:\/\/www.sundoo24.com\/fr\/tenerife\/wp-json\/wp\/v2\/types\/product"}],"replies":[{"embeddable":true,"href":"https:\/\/www.sundoo24.com\/fr\/tenerife\/wp-json\/wp\/v2\/comments?post=3170"}],"wp:featuredmedia":[{"embeddable":true,"href":"https:\/\/www.sundoo24.com\/fr\/tenerife\/wp-json\/wp\/v2\/media\/7874"}],"wp:attachment":[{"href":"https:\/\/www.sundoo24.com\/fr\/tenerife\/wp-json\/wp\/v2\/media?parent=3170"}],"wp:term":[{"taxonomy":"product_brand","embeddable":true,"href":"https:\/\/www.sundoo24.com\/fr\/tenerife\/wp-json\/wp\/v2\/product_brand?post=3170"},{"taxonomy":"product_cat","embeddable":true,"href":"https:\/\/www.sundoo24.com\/fr\/tenerife\/wp-json\/wp\/v2\/product_cat?post=3170"},{"taxonomy":"product_tag","embeddable":true,"href":"https:\/\/www.sundoo24.com\/fr\/tenerife\/wp-json\/wp\/v2\/product_tag?post=3170"}],"curies":[{"name":"wp","href":"https:\/\/api.w.org\/{rel}","templated":true}]}}