{"id":73,"date":"2016-06-14T06:15:58","date_gmt":"2016-06-14T06:15:58","guid":{"rendered":"http:\/\/sw-themes.com\/porto_dummy\/?page_id=73"},"modified":"2025-12-19T13:16:33","modified_gmt":"2025-12-19T12:16:33","slug":"contact","status":"publish","type":"page","link":"https:\/\/www.sundoo24.com\/fr\/tenerife\/contact\/","title":{"rendered":"Contact"},"content":{"rendered":"<div class=\"wpb-content-wrapper\"><p>[vc_row wrap_container=\u00a0\u00bbyes\u00a0\u00bb el_class=\u00a0\u00bbm-b-xl\u00a0\u00bb][vc_column width=\u00a0\u00bb1\/2&Prime;]\n<div class=\"wpcf7 no-js\" id=\"wpcf7-f74-o1\" lang=\"en-US\" dir=\"ltr\" data-wpcf7-id=\"74\">\n<div class=\"screen-reader-response\"><p role=\"status\" aria-live=\"polite\" aria-atomic=\"true\"><\/p> <ul><\/ul><\/div>\n<form action=\"\/fr\/tenerife\/wp-json\/wp\/v2\/pages\/73#wpcf7-f74-o1\" method=\"post\" class=\"wpcf7-form init\" aria-label=\"Contact form\" novalidate=\"novalidate\" data-status=\"init\">\n<fieldset class=\"hidden-fields-container\"><input type=\"hidden\" name=\"_wpcf7\" value=\"74\" \/><input type=\"hidden\" name=\"_wpcf7_version\" value=\"6.1.4\" \/><input type=\"hidden\" name=\"_wpcf7_locale\" value=\"en_US\" \/><input type=\"hidden\" name=\"_wpcf7_unit_tag\" value=\"wpcf7-f74-o1\" \/><input type=\"hidden\" name=\"_wpcf7_container_post\" value=\"0\" \/><input type=\"hidden\" name=\"_wpcf7_posted_data_hash\" value=\"\" \/>\n<\/fieldset>\n<h4 class=\"vc_custom_heading m-t align-left heading-primary\">Formulaire de contact :<\/h4>\n<div class=\"form-group mb-3\">\n<label for=\"username\" class=\"mb-3\"> Votre nom *\n <span class=\"wpcf7-form-control-wrap\" data-name=\"your-name\"><input size=\"40\" maxlength=\"400\" class=\"wpcf7-form-control wpcf7-text wpcf7-validates-as-required form-control\" aria-required=\"true\" aria-invalid=\"false\" value=\"\" type=\"text\" name=\"your-name\" \/><\/span> <\/label>\n<label for=\"email\" class=\"mb-3\"> Adresse e-mail : *\n <span class=\"wpcf7-form-control-wrap\" data-name=\"your-email\"><input size=\"40\" maxlength=\"400\" class=\"wpcf7-form-control wpcf7-email wpcf7-validates-as-required wpcf7-text wpcf7-validates-as-email form-control\" aria-required=\"true\" aria-invalid=\"false\" value=\"\" type=\"email\" name=\"your-email\" \/><\/span> <\/label>\n<label for=\"username\" class=\"mb-3\"> Objet : *\n <span class=\"wpcf7-form-control-wrap\" data-name=\"your-subject\"><input size=\"40\" maxlength=\"400\" class=\"wpcf7-form-control wpcf7-text wpcf7-validates-as-required form-control\" aria-required=\"true\" aria-invalid=\"false\" value=\"\" type=\"text\" name=\"your-subject\" \/><\/span> <\/label>\n<label for=\"username\" class=\"mb-3\"> Votre message : *\n <span class=\"wpcf7-form-control-wrap\" data-name=\"your-message\"><textarea cols=\"40\" rows=\"10\" maxlength=\"2000\" class=\"wpcf7-form-control wpcf7-textarea form-control\" aria-invalid=\"false\" name=\"your-message\"><\/textarea><\/span> <\/label>\n<div><input class=\"wpcf7-form-control wpcf7-submit has-spinner btn btn-dark\" type=\"submit\" value=\"Envoyer le message\" \/><\/div>\n<\/div>\n<p><strong>Remarque importante :<\/strong> Nous faisons toujours de notre mieux pour traiter vos demandes rapidement. Toutefois, il peut arriver, dans de rares cas, que notre e-mail de r\u00e9ponse contourne votre bo\u00eete de r\u00e9ception et atterrisse dans votre dossier SPAM. Si vous ne recevez pas de r\u00e9ponse de notre part dans les 24 heures, nous vous recommandons de v\u00e9rifier \u00e9galement votre dossier SPAM. Merci de votre compr\u00e9hension.<\/p><div class=\"wpcf7-response-output\" aria-hidden=\"true\"><\/div>\n<\/form>\n<\/div>\n[\/vc_column][vc_column width=\u00a0\u00bb1\/2&Prime;][vc_custom_heading text=\u00a0\u00bb\u00c9crivez-nous:\u00a0\u00bb font_container=\u00a0\u00bbtag:h4|text_align:left\u00a0\u00bb use_theme_fonts=\u00a0\u00bbyes\u00a0\u00bb skin=\u00a0\u00bbprimary\u00a0\u00bb el_class=\u00a0\u00bbm-t\u00a0\u00bb css_params=\u00a0\u00bb\u00a0\u00bb][vc_column_text css=\u00a0\u00bb\u00a0\u00bb css_params=\u00a0\u00bb\u00a0\u00bb]Vous avez des questions, des demandes de modification ou des feedbacks ? Utilisez \u00e0 tout moment le formulaire de contact &#8211; nous vous r\u00e9pondrons dans les 24 heures. <strong>Nous sommes \u00e9galement \u00e0 votre disposition via WhatsApp, Telegram ou SMS et r\u00e9pondons g\u00e9n\u00e9ralement en quelques minutes. <\/strong>[\/vc_column_text][vc_separator color=\u00a0\u00bbcustom\u00a0\u00bb gradient=\u00a0\u00bbyes\u00a0\u00bb][vc_custom_heading text=\u00a0\u00bbVous pouvez nous joindre comme suit:\u00a0\u00bb font_container=\u00a0\u00bbtag:h4|text_align:left\u00a0\u00bb use_theme_fonts=\u00a0\u00bbyes\u00a0\u00bb skin=\u00a0\u00bbprimary\u00a0\u00bb css_params=\u00a0\u00bb\u00a0\u00bb]<div class=\"porto-sicon-box wpb_custom_991192e517ba80822b25b68bbbc51b14 style_1 default-icon\"><div class=\"porto-sicon-default\"><div class=\"porto-just-icon-wrapper porto-icon circle\" style=\"color:#ffffff;background:#0088cc;font-size:14px;\"><i class=\"fas fa-phone\"><\/i><\/div><\/div><div class=\"porto-sicon-header\"><h3 class=\"porto-sicon-title\" style=\"font-size:14px;color:#777777;\"><span class=\"font-weight-bold\">T\u00e9l\u00e9phone :<\/span> +34 614 097 476<\/h3><\/div> <\/div><div class=\"porto-sicon-box wpb_custom_991192e517ba80822b25b68bbbc51b14 style_1 default-icon\"><div class=\"porto-sicon-default\"><div class=\"porto-just-icon-wrapper porto-icon circle\" style=\"color:#ffffff;background:#0088cc;font-size:14px;\"><i class=\"fas fa-tablet-alt\"><\/i><\/div><\/div><div class=\"porto-sicon-header\"><h3 class=\"porto-sicon-title\" style=\"font-size:14px;color:#777777;\"><span class=\"font-weight-bold\">WhatsApp | Telegram :<\/span> +34 614 097 476<\/h3><\/div> <\/div><div class=\"porto-sicon-box wpb_custom_991192e517ba80822b25b68bbbc51b14 style_1 default-icon\"><div class=\"porto-sicon-default\"><div class=\"porto-just-icon-wrapper porto-icon circle\" style=\"color:#ffffff;background:#0088cc;font-size:14px;\"><i class=\"fas fa-envelope\"><\/i><\/div><\/div><div class=\"porto-sicon-header\"><h3 class=\"porto-sicon-title\" style=\"font-size:14px;color:#777777;\"><span class=\"font-weight-bold\">E-mail :<\/span> Via le formulaire de contact<\/h3><\/div> <\/div>[vc_separator color=\u00a0\u00bbcustom\u00a0\u00bb gradient=\u00a0\u00bbyes\u00a0\u00bb][vc_custom_heading text=\u00a0\u00bbHoraires de travail :\u00a0\u00bb font_container=\u00a0\u00bbtag:h4|text_align:left\u00a0\u00bb use_theme_fonts=\u00a0\u00bbyes\u00a0\u00bb skin=\u00a0\u00bbprimary\u00a0\u00bb css_params=\u00a0\u00bb\u00a0\u00bb]<div class=\"porto-sicon-box wpb_custom_991192e517ba80822b25b68bbbc51b14 style_1 default-icon\"><div class=\"porto-sicon-default\"><div class=\"porto-just-icon-wrapper porto-icon circle\" style=\"color:#ffffff;background:#0088cc;font-size:14px;\"><i class=\"far fa-clock\"><\/i><\/div><\/div><div class=\"porto-sicon-header\"><h3 class=\"porto-sicon-title\" style=\"font-size:14px;color:#777777;\">Lundi - Dimanche : 0 - 24 heures<\/h3><\/div> <\/div>[\/vc_column][\/vc_row]<\/p>\n<\/div>","protected":false},"excerpt":{"rendered":"<p>[vc_row wrap_container=\u00a0\u00bbyes\u00a0\u00bb el_class=\u00a0\u00bbm-b-xl\u00a0\u00bb][vc_column width=\u00a0\u00bb1\/2&Prime;][\/vc_column][vc_column width=\u00a0\u00bb1\/2&Prime;][vc_custom_heading text=\u00a0\u00bb\u00c9crivez-nous:\u00a0\u00bb font_container=\u00a0\u00bbtag:h4|text_align:left\u00a0\u00bb use_theme_fonts=\u00a0\u00bbyes\u00a0\u00bb skin=\u00a0\u00bbprimary\u00a0\u00bb el_class=\u00a0\u00bbm-t\u00a0\u00bb css_params=\u00a0\u00bb\u00a0\u00bb][vc_column_text css=\u00a0\u00bb\u00a0\u00bb css_params=\u00a0\u00bb\u00a0\u00bb]Vous avez des questions, des demandes de modification ou des feedbacks ? Utilisez \u00e0 tout moment le formulaire de contact &#8211; nous vous r\u00e9pondrons dans les 24 heures. Nous sommes \u00e9galement \u00e0 votre disposition via WhatsApp, Telegram ou SMS et r\u00e9pondons g\u00e9n\u00e9ralement en [&hellip;]<\/p>\n","protected":false},"author":3,"featured_media":0,"parent":0,"menu_order":0,"comment_status":"closed","ping_status":"closed","template":"","meta":{"_pvb_checkbox_block_on_post":false,"footnotes":""},"class_list":["post-73","page","type-page","status-publish","hentry"],"yoast_head":"\n<title>Contact \u2013 Support 24h\/24 et 7j\/7 \u00e0 l&#039;a\u00e9roport de Tenerife Sud<\/title>\n<meta name=\"description\" content=\"Vous avez des questions sur la location de si\u00e8ges enfants ? Contactez SUNDOO Tenerife via le formulaire, WhatsApp, SMS ou Telegram.\" \/>\n<meta name=\"robots\" content=\"index, follow, max-snippet:-1, max-image-preview:large, max-video-preview:-1\" \/>\n<link rel=\"canonical\" href=\"https:\/\/www.sundoo24.com\/fr\/tenerife\/contact\/\" \/>\n<meta property=\"og:locale\" content=\"fr_FR\" \/>\n<meta property=\"og:type\" content=\"article\" \/>\n<meta property=\"og:title\" content=\"Contact \u2013 Support 24h\/24 et 7j\/7 \u00e0 l&#039;a\u00e9roport de Tenerife Sud\" \/>\n<meta property=\"og:description\" content=\"Vous avez des questions sur la location de si\u00e8ges enfants ? Contactez SUNDOO Tenerife via le formulaire, WhatsApp, SMS ou Telegram.\" \/>\n<meta property=\"og:url\" content=\"https:\/\/www.sundoo24.com\/fr\/tenerife\/contact\/\" \/>\n<meta property=\"og:site_name\" content=\"Sundoo24.com\" \/>\n<meta property=\"article:modified_time\" content=\"2025-12-19T12:16:33+00:00\" \/>\n<meta name=\"twitter:card\" content=\"summary_large_image\" \/>\n<meta name=\"twitter:title\" content=\"Contact \u2013 Support 24h\/24 et 7j\/7 \u00e0 l&#039;a\u00e9roport de Tenerife Sud\" \/>\n<meta name=\"twitter:description\" content=\"Vous avez des questions sur la location de si\u00e8ges enfants ? Contactez SUNDOO Tenerife via le formulaire, WhatsApp, SMS ou Telegram.\" \/>\n<script type=\"application\/ld+json\" class=\"yoast-schema-graph\">{\"@context\":\"https:\/\/schema.org\",\"@graph\":[{\"@type\":\"WebPage\",\"@id\":\"https:\/\/www.sundoo24.com\/fr\/tenerife\/contact\/\",\"url\":\"https:\/\/www.sundoo24.com\/fr\/tenerife\/contact\/\",\"name\":\"Contact \u2013 Support 24h\/24 et 7j\/7 \u00e0 l'a\u00e9roport de Tenerife Sud\",\"isPartOf\":{\"@id\":\"https:\/\/www.sundoo24.com\/fr\/tenerife\/#website\"},\"description\":\"Vous avez des questions sur la location de si\u00e8ges enfants ? Contactez SUNDOO Tenerife via le formulaire, WhatsApp, SMS ou Telegram.\",\"inLanguage\":\"fr-FR\",\"potentialAction\":[{\"@type\":\"ReadAction\",\"target\":[\"https:\/\/www.sundoo24.com\/fr\/tenerife\/contact\/\"]}]},{\"@type\":\"WebSite\",\"@id\":\"https:\/\/www.sundoo24.com\/fr\/tenerife\/#website\",\"url\":\"https:\/\/www.sundoo24.com\/fr\/tenerife\/\",\"name\":\"SUNDOO Teneriffa\",\"description\":\"Voyagez l\u00e9ger \u2013 nous avons le si\u00e8ge-auto qu\u2019il vous faut \u00e0 l\u2019a\u00e9roport de Tenerife Sud\",\"potentialAction\":[{\"@type\":\"SearchAction\",\"target\":{\"@type\":\"EntryPoint\",\"urlTemplate\":\"https:\/\/www.sundoo24.com\/fr\/tenerife\/?s={search_term_string}\"},\"query-input\":{\"@type\":\"PropertyValueSpecification\",\"valueRequired\":true,\"valueName\":\"search_term_string\"}}],\"inLanguage\":\"fr-FR\"}]}<\/script>\n","yoast_head_json":{"title":"Contact \u2013 Support 24h\/24 et 7j\/7 \u00e0 l'a\u00e9roport de Tenerife Sud","description":"Vous avez des questions sur la location de si\u00e8ges enfants ? Contactez SUNDOO Tenerife via le formulaire, WhatsApp, SMS ou Telegram.","robots":{"index":"index","follow":"follow","max-snippet":"max-snippet:-1","max-image-preview":"max-image-preview:large","max-video-preview":"max-video-preview:-1"},"canonical":"https:\/\/www.sundoo24.com\/fr\/tenerife\/contact\/","og_locale":"fr_FR","og_type":"article","og_title":"Contact \u2013 Support 24h\/24 et 7j\/7 \u00e0 l'a\u00e9roport de Tenerife Sud","og_description":"Vous avez des questions sur la location de si\u00e8ges enfants ? Contactez SUNDOO Tenerife via le formulaire, WhatsApp, SMS ou Telegram.","og_url":"https:\/\/www.sundoo24.com\/fr\/tenerife\/contact\/","og_site_name":"Sundoo24.com","article_modified_time":"2025-12-19T12:16:33+00:00","twitter_card":"summary_large_image","twitter_title":"Contact \u2013 Support 24h\/24 et 7j\/7 \u00e0 l'a\u00e9roport de Tenerife Sud","twitter_description":"Vous avez des questions sur la location de si\u00e8ges enfants ? Contactez SUNDOO Tenerife via le formulaire, WhatsApp, SMS ou Telegram.","schema":{"@context":"https:\/\/schema.org","@graph":[{"@type":"WebPage","@id":"https:\/\/www.sundoo24.com\/fr\/tenerife\/contact\/","url":"https:\/\/www.sundoo24.com\/fr\/tenerife\/contact\/","name":"Contact \u2013 Support 24h\/24 et 7j\/7 \u00e0 l'a\u00e9roport de Tenerife Sud","isPartOf":{"@id":"https:\/\/www.sundoo24.com\/fr\/tenerife\/#website"},"description":"Vous avez des questions sur la location de si\u00e8ges enfants ? Contactez SUNDOO Tenerife via le formulaire, WhatsApp, SMS ou Telegram.","inLanguage":"fr-FR","potentialAction":[{"@type":"ReadAction","target":["https:\/\/www.sundoo24.com\/fr\/tenerife\/contact\/"]}]},{"@type":"WebSite","@id":"https:\/\/www.sundoo24.com\/fr\/tenerife\/#website","url":"https:\/\/www.sundoo24.com\/fr\/tenerife\/","name":"SUNDOO Teneriffa","description":"Voyagez l\u00e9ger \u2013 nous avons le si\u00e8ge-auto qu\u2019il vous faut \u00e0 l\u2019a\u00e9roport de Tenerife Sud","potentialAction":[{"@type":"SearchAction","target":{"@type":"EntryPoint","urlTemplate":"https:\/\/www.sundoo24.com\/fr\/tenerife\/?s={search_term_string}"},"query-input":{"@type":"PropertyValueSpecification","valueRequired":true,"valueName":"search_term_string"}}],"inLanguage":"fr-FR"}]}},"_links":{"self":[{"href":"https:\/\/www.sundoo24.com\/fr\/tenerife\/wp-json\/wp\/v2\/pages\/73","targetHints":{"allow":["GET"]}}],"collection":[{"href":"https:\/\/www.sundoo24.com\/fr\/tenerife\/wp-json\/wp\/v2\/pages"}],"about":[{"href":"https:\/\/www.sundoo24.com\/fr\/tenerife\/wp-json\/wp\/v2\/types\/page"}],"author":[{"embeddable":true,"href":"https:\/\/www.sundoo24.com\/fr\/tenerife\/wp-json\/wp\/v2\/users\/3"}],"replies":[{"embeddable":true,"href":"https:\/\/www.sundoo24.com\/fr\/tenerife\/wp-json\/wp\/v2\/comments?post=73"}],"version-history":[{"count":11,"href":"https:\/\/www.sundoo24.com\/fr\/tenerife\/wp-json\/wp\/v2\/pages\/73\/revisions"}],"predecessor-version":[{"id":7999,"href":"https:\/\/www.sundoo24.com\/fr\/tenerife\/wp-json\/wp\/v2\/pages\/73\/revisions\/7999"}],"wp:attachment":[{"href":"https:\/\/www.sundoo24.com\/fr\/tenerife\/wp-json\/wp\/v2\/media?parent=73"}],"curies":[{"name":"wp","href":"https:\/\/api.w.org\/{rel}","templated":true}]}}