{"id":3,"date":"2022-01-20T15:57:38","date_gmt":"2022-01-20T14:57:38","guid":{"rendered":"https:\/\/www.sundoo.es\/?page_id=3"},"modified":"2025-10-28T10:28:58","modified_gmt":"2025-10-28T09:28:58","slug":"politique-de-confidentialite","status":"publish","type":"page","link":"https:\/\/www.sundoo24.com\/fr\/tenerife\/politique-de-confidentialite\/","title":{"rendered":"Politique de confidentialit\u00e9"},"content":{"rendered":"<div class=\"wpb-content-wrapper\"><p>[vc_row][vc_column][vc_column_text css=\u00a0\u00bb\u00a0\u00bb css_params=\u00a0\u00bb\u00a0\u00bb]<span class=\"text-dark\" style=\"font-size: 20px;\"><strong>PR\u00c9AMBULE<\/strong><\/span><\/p>\n<p>La protection des clients ainsi que des informations personnelles et autres donn\u00e9es sensibles fournies sont une priorit\u00e9 pour SUNDOO Tenerife. La pr\u00e9sente d\u00e9claration de confidentialit\u00e9 garantit le respect et la protection de ces donn\u00e9es.<\/p>\n<p><strong><span class=\"text-dark\" style=\"font-size: 18px;\">ARTICLE 1 \u2013 DONN\u00c9ES PERSONNELLES<\/span><\/strong><\/p>\n<p><span class=\"text-dark\"><strong>a) Donn\u00e9es personnelles<\/strong><\/span><br \/>\nLes donn\u00e9es personnelles sont des informations permettant d\u2019identifier directement ou indirectement un client. SUNDOO Tenerife respecte le principe de minimisation des donn\u00e9es. La collecte, le traitement et l\u2019utilisation des donn\u00e9es personnelles sont limit\u00e9s au strict n\u00e9cessaire.<\/p>\n<p><span class=\"text-dark\"><strong>b) Utilisation<\/strong><\/span><br \/>\nSUNDOO Tenerife utilise les donn\u00e9es personnelles uniquement pour \u00e9tablir, ex\u00e9cuter ou traiter la relation contractuelle. Les donn\u00e9es ne sont en principe pas transmises \u00e0 des tiers, sauf si la loi, une d\u00e9cision judiciaire ou la n\u00e9cessit\u00e9 de pr\u00e9venir une utilisation abusive l\u2019exigent. Les donn\u00e9es peuvent \u00e9galement \u00eatre utilis\u00e9es pour la gestion du compte client.<\/p>\n<p><span class=\"text-dark\"><strong>c) Droit d\u2019opposition<\/strong><\/span><br \/>\nLe client peut \u00e0 tout moment s\u2019opposer \u00e0 la conservation de ses donn\u00e9es, \u00e0 l\u2019exception de celles n\u00e9cessaires \u00e0 l\u2019ex\u00e9cution du contrat.<\/p>\n<p><span class=\"text-dark\"><strong>d) Droit d\u2019acc\u00e8s<\/strong><\/span><br \/>\nSUNDOO Tenerife informe gratuitement tout client qui en fait la demande des donn\u00e9es personnelles le concernant d\u00e9tenues par l\u2019entreprise.<\/p>\n<p><span class=\"text-dark\"><strong>e) Droit de rectification, suppression et blocage<\/strong><\/span><br \/>\nLe client peut, \u00e0 tout moment et gratuitement, demander par \u00e9crit la rectification, la suppression ou le blocage de donn\u00e9es personnelles inexactes via le formulaire de contact.<\/p>\n<p><span class=\"text-dark\" style=\"font-size: 18px;\"><strong>ARTICLE 2 \u2013 CONFIDENTIALIT\u00c9 DES DONN\u00c9ES TRANSMISES PAR LE CLIENT<\/strong><\/span><br \/>\nLes donn\u00e9es d\u2019acc\u00e8s transmises par le client \u00e0 SUNDOO Tenerife ne sont utilis\u00e9es que dans le cadre de l\u2019ex\u00e9cution du contrat et ne sont pas communiqu\u00e9es \u00e0 des tiers. SUNDOO Tenerife garantit en permanence la confidentialit\u00e9 des donn\u00e9es de ses clients.<\/p>\n<p><span class=\"text-dark\" style=\"font-size: 18px;\"><strong>ARTICLE 3 \u2013 NEWSLETTER<\/strong><\/span><br \/>\nPour l\u2019inscription \u00e0 la newsletter, nous utilisons les donn\u00e9es fournies afin d\u2019envoyer celle-ci. L\u2019adresse e-mail peut \u00eatre utilis\u00e9e \u00e0 des fins de prospection jusqu\u2019\u00e0 d\u00e9sinscription. Le client peut retirer son consentement \u00e0 tout moment avec effet imm\u00e9diat en se d\u00e9sabonnant.<\/p>\n<p><span class=\"text-dark\" style=\"font-size: 18px;\"><strong>ARTICLE 4 \u2013 DONN\u00c9ES D\u2019UTILISATION<\/strong><\/span><br \/>\nSUNDOO Tenerife collecte, lors de l\u2019utilisation du site web, des informations techniques g\u00e9n\u00e9rales (adresse IP, heure, dur\u00e9e de visite, type de navigateur, page de provenance). Ces donn\u00e9es sont enregistr\u00e9es dans un fichier journal \u00e0 des fins statistiques et ne sont pas associ\u00e9es \u00e0 des donn\u00e9es personnelles.<\/p>\n<p><span class=\"text-dark\" style=\"font-size: 18px;\"><strong>ARTICLE 5 \u2013 S\u00c9CURIT\u00c9 DES DONN\u00c9ES<\/strong><\/span><br \/>\n<span class=\"text-dark\"><strong>a) S\u00e9curit\u00e9 des donn\u00e9es<\/strong><\/span><br \/>\nSUNDOO Tenerife met en \u0153uvre des mesures techniques et organisationnelles pour prot\u00e9ger les donn\u00e9es contre la perte, la destruction, l\u2019acc\u00e8s non autoris\u00e9, la modification ou la diffusion. Aucune garantie ne peut toutefois \u00eatre donn\u00e9e contre toute perte ou d\u00e9t\u00e9rioration accidentelle.<\/p>\n<p><span class=\"text-dark\"><strong>b) Sessions et cookies<\/strong><\/span><br \/>\nPour le fonctionnement du site, SUNDOO Tenerife peut utiliser des sessions serveur ou des cookies. Ces petits fichiers sont enregistr\u00e9s sur le disque dur du client afin de faciliter sa navigation lors de ses visites ult\u00e9rieures. En utilisant le site www.sundoo24.com, le client accepte l\u2019usage de cookies. Aucun transfert de donn\u00e9es personnelles via cookies ou sessions n\u2019est effectu\u00e9.<\/p>\n<p><span class=\"text-dark\" style=\"font-size: 18px;\"><strong>ARTICLE 6 \u2013 SERVICES TIERS<\/strong><\/span><br \/>\n<span class=\"text-dark\"><strong>a) Google Analytics<\/strong><\/span><br \/>\nSUNDOO Tenerife utilise Google Analytics, un service d\u2019analyse web fourni par Google Inc., 1600 Amphitheatre Parkway, Mountain View, CA 94043, USA (\u00ab Google \u00bb). Ce service utilise des cookies pour analyser l\u2019utilisation du site. Les informations g\u00e9n\u00e9r\u00e9es sont transmises et stock\u00e9es sur un serveur de Google aux \u00c9tats-Unis. Si l\u2019anonymisation IP est activ\u00e9e, Google tronque l\u2019adresse IP dans l\u2019UE ou l\u2019EEE. Google utilise ces donn\u00e9es pour \u00e9valuer l\u2019utilisation du site, compiler des rapports et fournir d\u2019autres services li\u00e9s \u00e0 l\u2019activit\u00e9 du site. L\u2019adresse IP transmise n\u2019est pas recoup\u00e9e avec d\u2019autres donn\u00e9es de Google. Le client peut bloquer l\u2019enregistrement des cookies via les param\u00e8tres du navigateur, mais certaines fonctionnalit\u00e9s peuvent \u00eatre limit\u00e9es. Il peut \u00e9galement t\u00e9l\u00e9charger le module de d\u00e9sactivation disponible sur http:\/\/tools.google.com\/dlpage\/gaoptout?hl=fr. Informations compl\u00e8tes sur la politique de confidentialit\u00e9 de Google : http:\/\/www.google.com\/intl\/fr\/policies\/privacy\/ et sur les conditions d\u2019utilisation : http:\/\/www.google.com\/analytics\/terms\/fr.html.<\/p>\n<p><span class=\"text-dark\"><strong>b) Utilisation de AddThis<\/strong><\/span><br \/>\nCe site utilise AddThis, un service de partage de signets fourni par Oracle Inc., 1595 Spring Hill Rd, Suite 300, Vienna, VA 22182, USA. AddThis collecte et utilise des donn\u00e9es relatives \u00e0 l\u2019utilisation des services de partage. Politique de confidentialit\u00e9 disponible sur http:\/\/www.addthis.com\/privacy\/privacy-policy\/fr.<\/p>\n<p><span class=\"text-dark\" style=\"font-size: 18px;\"><strong>ARTICLE 7 \u2013 CONTACT<\/strong><\/span><br \/>\nPour toute question relative \u00e0 la protection des donn\u00e9es, veuillez contacter notre repr\u00e9sentant local ou utiliser le <i class=\"fa fa-caret-right text-primary\"><\/i> <a class=\"font-weight-bold\" href=\"https:\/\/www.sundoo24.com\/fr\/kontakt\/\">formulaire de contact<\/a>.[\/vc_column_text][\/vc_column][\/vc_row]<\/p>\n<\/div>","protected":false},"excerpt":{"rendered":"<p>[vc_row][vc_column][vc_column_text css=\u00a0\u00bb\u00a0\u00bb css_params=\u00a0\u00bb\u00a0\u00bb]PR\u00c9AMBULE La protection des clients ainsi que des informations personnelles et autres donn\u00e9es sensibles fournies sont une priorit\u00e9 pour SUNDOO Tenerife. La pr\u00e9sente d\u00e9claration de confidentialit\u00e9 garantit le respect et la protection de ces donn\u00e9es. ARTICLE 1 \u2013 DONN\u00c9ES PERSONNELLES a) Donn\u00e9es personnelles Les donn\u00e9es personnelles sont des informations permettant d\u2019identifier directement ou [&hellip;]<\/p>\n","protected":false},"author":3,"featured_media":0,"parent":0,"menu_order":0,"comment_status":"closed","ping_status":"open","template":"","meta":{"_pvb_checkbox_block_on_post":false,"footnotes":""},"class_list":["post-3","page","type-page","status-publish","hentry"],"yoast_head":"\n<title>Politique de confidentialit\u00e9 | Sundoo24.com<\/title>\n<meta name=\"robots\" content=\"noindex, follow\" \/>\n<meta property=\"og:locale\" content=\"fr_FR\" \/>\n<meta property=\"og:type\" content=\"article\" \/>\n<meta property=\"og:title\" content=\"Politique de confidentialit\u00e9 | Sundoo24.com\" \/>\n<meta property=\"og:description\" content=\"[vc_row][vc_column][vc_column_text css=\u00a0\u00bb\u00a0\u00bb css_params=\u00a0\u00bb\u00a0\u00bb]PR\u00c9AMBULE La protection des clients ainsi que des informations personnelles et autres donn\u00e9es sensibles fournies sont une priorit\u00e9 pour SUNDOO Tenerife. La pr\u00e9sente d\u00e9claration de confidentialit\u00e9 garantit le respect et la protection de ces donn\u00e9es. ARTICLE 1 \u2013 DONN\u00c9ES PERSONNELLES a) Donn\u00e9es personnelles Les donn\u00e9es personnelles sont des informations permettant d\u2019identifier directement ou [&hellip;]\" \/>\n<meta property=\"og:url\" content=\"https:\/\/www.sundoo24.com\/fr\/tenerife\/politique-de-confidentialite\/\" \/>\n<meta property=\"og:site_name\" content=\"Sundoo24.com\" \/>\n<meta property=\"article:modified_time\" content=\"2025-10-28T09:28:58+00:00\" \/>\n<meta name=\"twitter:card\" content=\"summary_large_image\" \/>\n<script type=\"application\/ld+json\" class=\"yoast-schema-graph\">{\"@context\":\"https:\/\/schema.org\",\"@graph\":[{\"@type\":\"WebPage\",\"@id\":\"https:\/\/www.sundoo24.com\/fr\/tenerife\/politique-de-confidentialite\/\",\"url\":\"https:\/\/www.sundoo24.com\/fr\/tenerife\/politique-de-confidentialite\/\",\"name\":\"Politique de confidentialit\u00e9 | Sundoo24.com\",\"isPartOf\":{\"@id\":\"https:\/\/www.sundoo24.com\/fr\/tenerife\/#website\"},\"inLanguage\":\"fr-FR\",\"potentialAction\":[{\"@type\":\"ReadAction\",\"target\":[\"https:\/\/www.sundoo24.com\/fr\/tenerife\/politique-de-confidentialite\/\"]}]},{\"@type\":\"WebSite\",\"@id\":\"https:\/\/www.sundoo24.com\/fr\/tenerife\/#website\",\"url\":\"https:\/\/www.sundoo24.com\/fr\/tenerife\/\",\"name\":\"SUNDOO Teneriffa\",\"description\":\"Voyagez l\u00e9ger \u2013 nous avons le si\u00e8ge-auto qu\u2019il vous faut \u00e0 l\u2019a\u00e9roport de Tenerife Sud\",\"potentialAction\":[{\"@type\":\"SearchAction\",\"target\":{\"@type\":\"EntryPoint\",\"urlTemplate\":\"https:\/\/www.sundoo24.com\/fr\/tenerife\/?s={search_term_string}\"},\"query-input\":{\"@type\":\"PropertyValueSpecification\",\"valueRequired\":true,\"valueName\":\"search_term_string\"}}],\"inLanguage\":\"fr-FR\"}]}<\/script>\n","yoast_head_json":{"title":"Politique de confidentialit\u00e9 | Sundoo24.com","robots":{"index":"noindex","follow":"follow"},"og_locale":"fr_FR","og_type":"article","og_title":"Politique de confidentialit\u00e9 | Sundoo24.com","og_description":"[vc_row][vc_column][vc_column_text css=\u00a0\u00bb\u00a0\u00bb css_params=\u00a0\u00bb\u00a0\u00bb]PR\u00c9AMBULE La protection des clients ainsi que des informations personnelles et autres donn\u00e9es sensibles fournies sont une priorit\u00e9 pour SUNDOO Tenerife. La pr\u00e9sente d\u00e9claration de confidentialit\u00e9 garantit le respect et la protection de ces donn\u00e9es. ARTICLE 1 \u2013 DONN\u00c9ES PERSONNELLES a) Donn\u00e9es personnelles Les donn\u00e9es personnelles sont des informations permettant d\u2019identifier directement ou [&hellip;]","og_url":"https:\/\/www.sundoo24.com\/fr\/tenerife\/politique-de-confidentialite\/","og_site_name":"Sundoo24.com","article_modified_time":"2025-10-28T09:28:58+00:00","twitter_card":"summary_large_image","schema":{"@context":"https:\/\/schema.org","@graph":[{"@type":"WebPage","@id":"https:\/\/www.sundoo24.com\/fr\/tenerife\/politique-de-confidentialite\/","url":"https:\/\/www.sundoo24.com\/fr\/tenerife\/politique-de-confidentialite\/","name":"Politique de confidentialit\u00e9 | Sundoo24.com","isPartOf":{"@id":"https:\/\/www.sundoo24.com\/fr\/tenerife\/#website"},"inLanguage":"fr-FR","potentialAction":[{"@type":"ReadAction","target":["https:\/\/www.sundoo24.com\/fr\/tenerife\/politique-de-confidentialite\/"]}]},{"@type":"WebSite","@id":"https:\/\/www.sundoo24.com\/fr\/tenerife\/#website","url":"https:\/\/www.sundoo24.com\/fr\/tenerife\/","name":"SUNDOO Teneriffa","description":"Voyagez l\u00e9ger \u2013 nous avons le si\u00e8ge-auto qu\u2019il vous faut \u00e0 l\u2019a\u00e9roport de Tenerife Sud","potentialAction":[{"@type":"SearchAction","target":{"@type":"EntryPoint","urlTemplate":"https:\/\/www.sundoo24.com\/fr\/tenerife\/?s={search_term_string}"},"query-input":{"@type":"PropertyValueSpecification","valueRequired":true,"valueName":"search_term_string"}}],"inLanguage":"fr-FR"}]}},"_links":{"self":[{"href":"https:\/\/www.sundoo24.com\/fr\/tenerife\/wp-json\/wp\/v2\/pages\/3","targetHints":{"allow":["GET"]}}],"collection":[{"href":"https:\/\/www.sundoo24.com\/fr\/tenerife\/wp-json\/wp\/v2\/pages"}],"about":[{"href":"https:\/\/www.sundoo24.com\/fr\/tenerife\/wp-json\/wp\/v2\/types\/page"}],"author":[{"embeddable":true,"href":"https:\/\/www.sundoo24.com\/fr\/tenerife\/wp-json\/wp\/v2\/users\/3"}],"replies":[{"embeddable":true,"href":"https:\/\/www.sundoo24.com\/fr\/tenerife\/wp-json\/wp\/v2\/comments?post=3"}],"version-history":[{"count":5,"href":"https:\/\/www.sundoo24.com\/fr\/tenerife\/wp-json\/wp\/v2\/pages\/3\/revisions"}],"predecessor-version":[{"id":7982,"href":"https:\/\/www.sundoo24.com\/fr\/tenerife\/wp-json\/wp\/v2\/pages\/3\/revisions\/7982"}],"wp:attachment":[{"href":"https:\/\/www.sundoo24.com\/fr\/tenerife\/wp-json\/wp\/v2\/media?parent=3"}],"curies":[{"name":"wp","href":"https:\/\/api.w.org\/{rel}","templated":true}]}}