{"id":2611,"date":"2022-01-24T09:59:36","date_gmt":"2022-01-24T08:59:36","guid":{"rendered":"https:\/\/www.sundoo.es\/?page_id=2611"},"modified":"2025-09-15T18:04:42","modified_gmt":"2025-09-15T16:04:42","slug":"tarifs-et-services","status":"publish","type":"page","link":"https:\/\/www.sundoo24.com\/fr\/tenerife\/tarifs-et-services\/","title":{"rendered":"Tarifs et services"},"content":{"rendered":"<div class=\"wpb-content-wrapper\"><p>[vc_row][vc_column][vc_column_text css=\u00a0\u00bb\u00a0\u00bb css_params=\u00a0\u00bb\u00a0\u00bb]<\/p>\n<h1 class=\"mb-2\"><span style=\"font-size: 28px;\">Livraison &amp; service \u00e0 l\u2019a\u00e9roport de Tenerife Sud<\/span><\/h1>\n<p><strong>Prix et conditions<\/strong><br \/>\nLe montant minimum de commande est de 29,90 \u20ac. Pour les commandes d&rsquo;une valeur inf\u00e9rieure \u00e0 129,90 \u20ac, nous appliquons des frais de service uniques de 9,90 \u20ac. D\u00e8s que votre commande d\u00e9passe 129,90 \u20ac, ces frais sont enti\u00e8rement supprim\u00e9s. Tous les prix incluent la TVA.<\/p>\n<h2 style=\"padding-top: 10px; padding-bottom: 5px;\"><strong>Ce que couvrent les frais de service :<\/strong><\/h2>\n<ul class=\"list list-icons\">\n<li><i class=\"fas fa-check\"><\/i><strong><span class=\"text-dark\">Livraison et enl\u00e8vement 24h\/24 et 7j\/7 \u00e0 l&rsquo;a\u00e9roport de Tenerife Sud <\/span><\/strong><br \/>\nRemise et reprise des articles lou\u00e9s, m\u00eame tard le soir ou t\u00f4t le matin.<\/li>\n<li><i class=\"fas fa-check\"><\/i><strong><span class=\"text-dark\">Conditions flexibles<\/span><\/strong><br \/>\nModification ou annulation gratuite \u00e0 tout moment avant la remise des articles, sans justification.<\/li>\n<li><i class=\"fas fa-check\"><\/i><strong><span class=\"text-dark\">Suivi des vols en direct<\/span><\/strong><br \/>\nNotre chauffeur suit votre vol en temps r\u00e9el via Flightradar et adapte automatiquement son arriv\u00e9e en cas de retard. Vos articles de location sont remis imm\u00e9diatement, sans attente inutile.<\/li>\n<li><i class=\"fas fa-check\"><\/i><strong><span class=\"text-dark\">Assistance en fran\u00e7ais<\/span><\/strong><br \/>\nWhatsApp, SMS, Telegram ou e-mail. Votre interlocuteur personnel vous r\u00e9pond g\u00e9n\u00e9ralement en quelques minutes.<\/li>\n<li><i class=\"fas fa-check\"><\/i><strong><span class=\"text-dark\">Hygi\u00e8ne et contr\u00f4le qualit\u00e9<\/span><\/strong><br \/>\nChaque article est nettoy\u00e9, d\u00e9sinfect\u00e9 et contr\u00f4l\u00e9 de mani\u00e8re professionnelle apr\u00e8s chaque utilisation.<\/li>\n<\/ul>\n<div class=\"pt-4\"><\/div>\n<p>L\u2019horaire exact de remise \u00e0 l&rsquo;a\u00e9roport de Tenerife Sud (TFS) est fix\u00e9 avec vous en toute flexibilit\u00e9 via WhatsApp, SMS, Telegram ou e-mail.<\/p>\n<h2 class=\"pt-4\" style=\"margin-bottom: -20px; font-size: 20px;\">Point de service SUNDOO Tenerife<\/h2>\n<p>[\/vc_column_text][\/vc_column][\/vc_row][vc_row][vc_column][vc_single_image image=\u00a0\u00bb7819&Prime; img_size=\u00a0\u00bbfull\u00a0\u00bb css=\u00a0\u00bb\u00a0\u00bb css_params=\u00a0\u00bb\u00a0\u00bb][\/vc_column][\/vc_row]<\/p>\n<\/div>","protected":false},"excerpt":{"rendered":"<p>[vc_row][vc_column][vc_column_text css=\u00a0\u00bb\u00a0\u00bb css_params=\u00a0\u00bb\u00a0\u00bb] Livraison &amp; service \u00e0 l\u2019a\u00e9roport de Tenerife Sud Prix et conditions Le montant minimum de commande est de 29,90 \u20ac. Pour les commandes d&rsquo;une valeur inf\u00e9rieure \u00e0 129,90 \u20ac, nous appliquons des frais de service uniques de 9,90 \u20ac. D\u00e8s que votre commande d\u00e9passe 129,90 \u20ac, ces frais sont enti\u00e8rement supprim\u00e9s. Tous [&hellip;]<\/p>\n","protected":false},"author":3,"featured_media":0,"parent":0,"menu_order":0,"comment_status":"closed","ping_status":"closed","template":"","meta":{"_pvb_checkbox_block_on_post":false,"footnotes":""},"class_list":["post-2611","page","type-page","status-publish","hentry"],"yoast_head":"\n<title>Livraison 24\/7 \u00e0 l&#039;a\u00e9roport de T\u00e9n\u00e9rife Sud (TFS) | Sundoo24.com<\/title>\n<meta name=\"description\" content=\"Location de si\u00e8ges enfants et d&#039;accessoires pour b\u00e9b\u00e9s: suivi des vols en direct, modification flexible des r\u00e9servations, remise rapide.\" \/>\n<meta name=\"robots\" content=\"index, follow, max-snippet:-1, max-image-preview:large, max-video-preview:-1\" \/>\n<link rel=\"canonical\" href=\"https:\/\/www.sundoo24.com\/fr\/tenerife\/tarifs-et-services\/\" \/>\n<meta property=\"og:locale\" content=\"fr_FR\" \/>\n<meta property=\"og:type\" content=\"article\" \/>\n<meta property=\"og:title\" content=\"Livraison 24\/7 \u00e0 l&#039;a\u00e9roport de T\u00e9n\u00e9rife Sud (TFS) | Sundoo24.com\" \/>\n<meta property=\"og:description\" content=\"Location de si\u00e8ges enfants et d&#039;accessoires pour b\u00e9b\u00e9s: suivi des vols en direct, modification flexible des r\u00e9servations, remise rapide.\" \/>\n<meta property=\"og:url\" content=\"https:\/\/www.sundoo24.com\/fr\/tenerife\/tarifs-et-services\/\" \/>\n<meta property=\"og:site_name\" content=\"Sundoo24.com\" \/>\n<meta property=\"article:modified_time\" content=\"2025-09-15T16:04:42+00:00\" \/>\n<meta property=\"og:image\" content=\"https:\/\/www.sundoo24.com\/fr\/tenerife\/wp-content\/uploads\/2025\/09\/location-siege-auto-0-22kg-tenerife.jpg\" \/>\n\t<meta property=\"og:image:width\" content=\"600\" \/>\n\t<meta property=\"og:image:height\" content=\"600\" \/>\n\t<meta property=\"og:image:type\" content=\"image\/jpeg\" \/>\n<meta name=\"twitter:card\" content=\"summary_large_image\" \/>\n<meta name=\"twitter:title\" content=\"Livraison 24\/7 \u00e0 l&#039;a\u00e9roport de T\u00e9n\u00e9rife Sud (TFS) | Sundoo24.com\" \/>\n<meta name=\"twitter:description\" content=\"Location de si\u00e8ges enfants et d&#039;accessoires pour b\u00e9b\u00e9s: suivi des vols en direct, modification flexible des r\u00e9servations, remise rapide.\" \/>\n<meta name=\"twitter:image\" content=\"https:\/\/www.sundoo24.com\/fr\/tenerife\/wp-content\/uploads\/2025\/09\/location-siege-auto-0-22kg-tenerife.jpg\" \/>\n<script type=\"application\/ld+json\" class=\"yoast-schema-graph\">{\"@context\":\"https:\/\/schema.org\",\"@graph\":[{\"@type\":\"WebPage\",\"@id\":\"https:\/\/www.sundoo24.com\/fr\/tenerife\/tarifs-et-services\/\",\"url\":\"https:\/\/www.sundoo24.com\/fr\/tenerife\/tarifs-et-services\/\",\"name\":\"Livraison 24\/7 \u00e0 l'a\u00e9roport de T\u00e9n\u00e9rife Sud (TFS) | Sundoo24.com\",\"isPartOf\":{\"@id\":\"https:\/\/www.sundoo24.com\/fr\/tenerife\/#website\"},\"description\":\"Location de si\u00e8ges enfants et d'accessoires pour b\u00e9b\u00e9s: suivi des vols en direct, modification flexible des r\u00e9servations, remise rapide.\",\"inLanguage\":\"fr-FR\",\"potentialAction\":[{\"@type\":\"ReadAction\",\"target\":[\"https:\/\/www.sundoo24.com\/fr\/tenerife\/tarifs-et-services\/\"]}]},{\"@type\":\"WebSite\",\"@id\":\"https:\/\/www.sundoo24.com\/fr\/tenerife\/#website\",\"url\":\"https:\/\/www.sundoo24.com\/fr\/tenerife\/\",\"name\":\"SUNDOO Teneriffa\",\"description\":\"Voyagez l\u00e9ger \u2013 nous avons le si\u00e8ge-auto qu\u2019il vous faut \u00e0 l\u2019a\u00e9roport de Tenerife Sud\",\"potentialAction\":[{\"@type\":\"SearchAction\",\"target\":{\"@type\":\"EntryPoint\",\"urlTemplate\":\"https:\/\/www.sundoo24.com\/fr\/tenerife\/?s={search_term_string}\"},\"query-input\":{\"@type\":\"PropertyValueSpecification\",\"valueRequired\":true,\"valueName\":\"search_term_string\"}}],\"inLanguage\":\"fr-FR\"}]}<\/script>\n","yoast_head_json":{"title":"Livraison 24\/7 \u00e0 l'a\u00e9roport de T\u00e9n\u00e9rife Sud (TFS) | Sundoo24.com","description":"Location de si\u00e8ges enfants et d'accessoires pour b\u00e9b\u00e9s: suivi des vols en direct, modification flexible des r\u00e9servations, remise rapide.","robots":{"index":"index","follow":"follow","max-snippet":"max-snippet:-1","max-image-preview":"max-image-preview:large","max-video-preview":"max-video-preview:-1"},"canonical":"https:\/\/www.sundoo24.com\/fr\/tenerife\/tarifs-et-services\/","og_locale":"fr_FR","og_type":"article","og_title":"Livraison 24\/7 \u00e0 l'a\u00e9roport de T\u00e9n\u00e9rife Sud (TFS) | Sundoo24.com","og_description":"Location de si\u00e8ges enfants et d'accessoires pour b\u00e9b\u00e9s: suivi des vols en direct, modification flexible des r\u00e9servations, remise rapide.","og_url":"https:\/\/www.sundoo24.com\/fr\/tenerife\/tarifs-et-services\/","og_site_name":"Sundoo24.com","article_modified_time":"2025-09-15T16:04:42+00:00","og_image":[{"width":600,"height":600,"url":"https:\/\/www.sundoo24.com\/fr\/tenerife\/wp-content\/uploads\/2025\/09\/location-siege-auto-0-22kg-tenerife.jpg","type":"image\/jpeg"}],"twitter_card":"summary_large_image","twitter_title":"Livraison 24\/7 \u00e0 l'a\u00e9roport de T\u00e9n\u00e9rife Sud (TFS) | Sundoo24.com","twitter_description":"Location de si\u00e8ges enfants et d'accessoires pour b\u00e9b\u00e9s: suivi des vols en direct, modification flexible des r\u00e9servations, remise rapide.","twitter_image":"https:\/\/www.sundoo24.com\/fr\/tenerife\/wp-content\/uploads\/2025\/09\/location-siege-auto-0-22kg-tenerife.jpg","schema":{"@context":"https:\/\/schema.org","@graph":[{"@type":"WebPage","@id":"https:\/\/www.sundoo24.com\/fr\/tenerife\/tarifs-et-services\/","url":"https:\/\/www.sundoo24.com\/fr\/tenerife\/tarifs-et-services\/","name":"Livraison 24\/7 \u00e0 l'a\u00e9roport de T\u00e9n\u00e9rife Sud (TFS) | Sundoo24.com","isPartOf":{"@id":"https:\/\/www.sundoo24.com\/fr\/tenerife\/#website"},"description":"Location de si\u00e8ges enfants et d'accessoires pour b\u00e9b\u00e9s: suivi des vols en direct, modification flexible des r\u00e9servations, remise rapide.","inLanguage":"fr-FR","potentialAction":[{"@type":"ReadAction","target":["https:\/\/www.sundoo24.com\/fr\/tenerife\/tarifs-et-services\/"]}]},{"@type":"WebSite","@id":"https:\/\/www.sundoo24.com\/fr\/tenerife\/#website","url":"https:\/\/www.sundoo24.com\/fr\/tenerife\/","name":"SUNDOO Teneriffa","description":"Voyagez l\u00e9ger \u2013 nous avons le si\u00e8ge-auto qu\u2019il vous faut \u00e0 l\u2019a\u00e9roport de Tenerife Sud","potentialAction":[{"@type":"SearchAction","target":{"@type":"EntryPoint","urlTemplate":"https:\/\/www.sundoo24.com\/fr\/tenerife\/?s={search_term_string}"},"query-input":{"@type":"PropertyValueSpecification","valueRequired":true,"valueName":"search_term_string"}}],"inLanguage":"fr-FR"}]}},"_links":{"self":[{"href":"https:\/\/www.sundoo24.com\/fr\/tenerife\/wp-json\/wp\/v2\/pages\/2611","targetHints":{"allow":["GET"]}}],"collection":[{"href":"https:\/\/www.sundoo24.com\/fr\/tenerife\/wp-json\/wp\/v2\/pages"}],"about":[{"href":"https:\/\/www.sundoo24.com\/fr\/tenerife\/wp-json\/wp\/v2\/types\/page"}],"author":[{"embeddable":true,"href":"https:\/\/www.sundoo24.com\/fr\/tenerife\/wp-json\/wp\/v2\/users\/3"}],"replies":[{"embeddable":true,"href":"https:\/\/www.sundoo24.com\/fr\/tenerife\/wp-json\/wp\/v2\/comments?post=2611"}],"version-history":[{"count":25,"href":"https:\/\/www.sundoo24.com\/fr\/tenerife\/wp-json\/wp\/v2\/pages\/2611\/revisions"}],"predecessor-version":[{"id":7964,"href":"https:\/\/www.sundoo24.com\/fr\/tenerife\/wp-json\/wp\/v2\/pages\/2611\/revisions\/7964"}],"wp:attachment":[{"href":"https:\/\/www.sundoo24.com\/fr\/tenerife\/wp-json\/wp\/v2\/media?parent=2611"}],"curies":[{"name":"wp","href":"https:\/\/api.w.org\/{rel}","templated":true}]}}