{"id":3389,"date":"2022-02-11T09:23:24","date_gmt":"2022-02-11T08:23:24","guid":{"rendered":"https:\/\/www.sundoo.es\/?post_type=product&#038;p=3389"},"modified":"2025-07-17T17:34:05","modified_gmt":"2025-07-17T15:34:05","slug":"pukylino-balance-bike-for-toddlers","status":"publish","type":"product","link":"https:\/\/www.sundoo24.com\/en\/product\/pukylino-balance-bike-for-toddlers\/","title":{"rendered":"Pukylino Baby Balance Bike from 1 Year Old"},"content":{"rendered":"<div class=\"wpb-content-wrapper\"><p>[vc_row el_class=&#8221;m-b-md&#8221;][vc_column][vc_column_text]<strong>The safe Pukylino balance bike from the German manufacturer Puky is the ideal start to mobility and offers real riding fun thanks to its ergonomic seat.<\/strong> The toddler bike trains movement sequences and helps to improve motor skills by getting on or off, pushing off and steering in a playful way. The interplay of footwork and the implementation of steering movements are also trained.<\/p>\n<p>With a weight of only 2.3 kg, the baby balance bike is particularly light, so you can easily take it with you wherever you go. To prevent hand injuries, the Pukylino is equipped with special safety handlebar grips. In addition, the quiet FLOAT wheels guarantee smooth and quiet running without loud driving noises.<\/p>\n<p><strong>With this learning bike, there&#8217;s no chance of boredom. Hire it now from SUNDOO Mallorca and make your little one happy on holiday.<\/strong><\/p>\n<div style=\"padding-top: 10px; padding-bottom: 5px;\"><strong>Advantages:<\/strong><\/div>\n<ul class=\"list list-icons list-icons-style-3 list-icons-sm ml-4\">\n<li><i class=\"fas fa-check\"><\/i> Tested safety &#8220;Made in Germany<\/li>\n<li><i class=\"fas fa-check\"><\/i> Ideal start for children&#8217;s mobility<\/li>\n<li><i class=\"fas fa-check\"><\/i> Lightweight, stable with increased protection against tipping over<\/li>\n<li><i class=\"fas fa-check\"><\/i> Safe riding fun for the little ones<\/li>\n<li><i class=\"fas fa-check\"><\/i> Height-adjustable handlebar, ergonomic seat<\/li>\n<li><i class=\"fas fa-check\"><\/i> Whisper tyres for quiet rolling<\/li>\n<\/ul>\n<p>[\/vc_column_text][\/vc_column][\/vc_row][vc_row][vc_column][vc_column_text]<\/p>\n<div style=\"padding-top: 5px; padding-bottom: 5px;\"><strong>Features in detail:<\/strong><\/div>\n<ul class=\"list list-icons list-icons-style-3 list-icons-sm ml-4\">\n<li><i class=\"fas fa-angle-right\"><\/i> Weight: 2.3 kg<\/li>\n<li><i class=\"fas fa-angle-right\"><\/i> Dimensions: 60 x 50 x 30 cm<i class=\"fas fa-angle-right\"><\/i><\/li>\n<li><i class=\"fas fa-angle-right\"><\/i> Recommended maximum weight: 20 kg<\/li>\n<li><i class=\"fas fa-angle-right\"><\/i> Suitable for body height: 75-90 cm<\/li>\n<\/ul>\n<p>This Pukylino training balance bike is rented for toddlers from 1 to 3 years old.<\/p>\n<div class=\"alert alert-danger\"><span class=\"font-weight-bold\">Minimum order value of \u20ac29.90 not reached?<\/span><br \/>\nThen why not give your child a big surprise on arrival in Mallorca. Hire a <span class=\"text-nowrap\"><i class=\"fa fa-caret-right text-primary mr-0\"><\/i> <a class=\"font-weight-bold\" href=\"https:\/\/www.sundoo24.com\/en\/product\/scooter-for-kids-hire-mallorca\/\">children\u2019s scooter with light-up wheels<\/a><\/span>, a <span class=\"text-nowrap\"><i class=\"fa fa-caret-right text-primary mr-0\"><\/i> <a class=\"font-weight-bold\" href=\"https:\/\/www.sundoo24.com\/en\/product\/balance-bike-for-kids\/\">cool balance bike<\/a><\/span> or a <span class=\"text-nowrap\"><i class=\"fa fa-caret-right text-primary mr-0\"><\/i> <a class=\"font-weight-bold\" href=\"https:\/\/www.sundoo24.com\/en\/product\/pukylino-balance-bike-for-toddlers\/\">Pukylino for the little ones<\/a><\/span>.<\/div>\n<p>[\/vc_column_text][\/vc_column][\/vc_row]<\/p>\n<\/div>","protected":false},"excerpt":{"rendered":"<div class=\"mb-2\"><img loading=\"lazy\" decoding=\"async\" class=\"alignnone wp-image-6192 size-full\" title=\"Book now and save the low price!\" src=\"https:\/\/www.sundoo24.com\/en\/wp-content\/uploads\/2022\/01\/fruehbucherrabatt1.jpg\" alt=\"\" width=\"307\" height=\"30\" \/><\/div>\n<p>High-quality Pukylino balance bike for hire offers the little ones lots of fun and exercise in Mallorca. Promotes motor development, trains movement sequences and is equipped with increased protection against tipping over. Safety and fun for your child in proven PUKY quality. Delivery &amp; pickup at Palma Airport around the clock from.<\/p>\n<div class=\"alert alert-success font-weight-bold\">Please note: The day of your arrival and departure are both considered a full hire day, as the car seat is reserved exclusively for you during this time.<\/div>\n","protected":false},"featured_media":6287,"comment_status":"open","ping_status":"closed","template":"","meta":[],"product_brand":[],"product_cat":[235,171,234,185],"product_tag":[],"class_list":{"0":"post-3389","1":"product","2":"type-product","3":"status-publish","4":"has-post-thumbnail","6":"product_cat-balance-bike-and-scooter","7":"product_cat-hire","8":"product_cat-mallorca-airport","9":"product_cat-playtime","11":"first","12":"instock","13":"featured","14":"shipping-taxable","15":"purchasable","16":"product-type-variable"},"yoast_head":"\n<title>Affordable Pukylino Balance Bike Hire in Mallorca | Sundoo24.com<\/title>\n<meta name=\"description\" content=\"From \u20ac1.99 per day - Hire a Puky baby balance bike whisper wheels in Mallorca. Light, safe and stable - safe driving fun for the little ones.\" \/>\n<meta name=\"robots\" content=\"index, follow, max-snippet:-1, max-image-preview:large, max-video-preview:-1\" \/>\n<link rel=\"canonical\" href=\"https:\/\/www.sundoo24.com\/en\/product\/pukylino-balance-bike-for-toddlers\/\" \/>\n<meta property=\"og:locale\" content=\"en_GB\" \/>\n<meta property=\"og:type\" content=\"article\" \/>\n<meta property=\"og:title\" content=\"G\u00fcnstig Pukylino Laufrad mieten auf Mallorca | Sundoo24.com\" \/>\n<meta property=\"og:description\" content=\"Ab 1,99\u20ac pro Tag - Laufrad von Puky mit Fl\u00fcsterr\u00e4dern auf Mallorca mieten. Leicht, sicher und stabil mit erh\u00f6htem Umkippschutz \u2013 Sicherer Fahrspa\u00df f\u00fcr die Kleinsten.\" \/>\n<meta property=\"og:url\" content=\"https:\/\/www.sundoo24.com\/en\/product\/pukylino-balance-bike-for-toddlers\/\" \/>\n<meta property=\"og:site_name\" content=\"Sundoo24.com\" \/>\n<meta property=\"article:modified_time\" content=\"2025-07-17T15:34:05+00:00\" \/>\n<meta property=\"og:image\" content=\"https:\/\/www.sundoo24.com\/en\/wp-content\/uploads\/2022\/05\/guenstig-pukylino-mieten-mallorca.png\" \/>\n\t<meta property=\"og:image:width\" content=\"1280\" \/>\n\t<meta property=\"og:image:height\" content=\"720\" \/>\n\t<meta property=\"og:image:type\" content=\"image\/png\" \/>\n<meta name=\"twitter:card\" content=\"summary_large_image\" \/>\n<meta name=\"twitter:title\" content=\"G\u00fcnstig Pukylino Laufrad mieten auf Mallorca | Sundoo24.com\" \/>\n<meta name=\"twitter:description\" content=\"Ab 1,99\u20ac pro Tag - Laufrad von Puky mit Fl\u00fcsterr\u00e4dern auf Mallorca mieten. Leicht, sicher und stabil mit erh\u00f6htem Umkippschutz \u2013 Sicherer Fahrspa\u00df f\u00fcr die Kleinsten.\" \/>\n<meta name=\"twitter:image\" content=\"https:\/\/www.sundoo24.com\/en\/wp-content\/uploads\/2022\/05\/guenstig-pukylino-mieten-mallorca.png\" \/>\n<script type=\"application\/ld+json\" class=\"yoast-schema-graph\">{\"@context\":\"https:\\\/\\\/schema.org\",\"@graph\":[{\"@type\":\"WebPage\",\"@id\":\"https:\\\/\\\/www.sundoo24.com\\\/en\\\/product\\\/pukylino-balance-bike-for-toddlers\\\/\",\"url\":\"https:\\\/\\\/www.sundoo24.com\\\/en\\\/product\\\/pukylino-balance-bike-for-toddlers\\\/\",\"name\":\"Affordable Pukylino Balance Bike Hire in Mallorca | Sundoo24.com\",\"isPartOf\":{\"@id\":\"https:\\\/\\\/www.sundoo24.com\\\/en\\\/#website\"},\"primaryImageOfPage\":{\"@id\":\"https:\\\/\\\/www.sundoo24.com\\\/en\\\/product\\\/pukylino-balance-bike-for-toddlers\\\/#primaryimage\"},\"image\":{\"@id\":\"https:\\\/\\\/www.sundoo24.com\\\/en\\\/product\\\/pukylino-balance-bike-for-toddlers\\\/#primaryimage\"},\"thumbnailUrl\":\"https:\\\/\\\/www.sundoo24.com\\\/en\\\/wp-content\\\/uploads\\\/2022\\\/02\\\/puky-balance-bike-hire-mallorca-1.png\",\"description\":\"From \u20ac1.99 per day - Hire a Puky baby balance bike whisper wheels in Mallorca. Light, safe and stable - safe driving fun for the little ones.\",\"breadcrumb\":{\"@id\":\"https:\\\/\\\/www.sundoo24.com\\\/en\\\/product\\\/pukylino-balance-bike-for-toddlers\\\/#breadcrumb\"},\"inLanguage\":\"en-GB\",\"potentialAction\":[{\"@type\":\"ReadAction\",\"target\":[\"https:\\\/\\\/www.sundoo24.com\\\/en\\\/product\\\/pukylino-balance-bike-for-toddlers\\\/\"]}]},{\"@type\":\"ImageObject\",\"inLanguage\":\"en-GB\",\"@id\":\"https:\\\/\\\/www.sundoo24.com\\\/en\\\/product\\\/pukylino-balance-bike-for-toddlers\\\/#primaryimage\",\"url\":\"https:\\\/\\\/www.sundoo24.com\\\/en\\\/wp-content\\\/uploads\\\/2022\\\/02\\\/puky-balance-bike-hire-mallorca-1.png\",\"contentUrl\":\"https:\\\/\\\/www.sundoo24.com\\\/en\\\/wp-content\\\/uploads\\\/2022\\\/02\\\/puky-balance-bike-hire-mallorca-1.png\",\"width\":600,\"height\":600,\"caption\":\"Pukylino balance bike hire in Mallorca - from 1,99\u20ac\\\/day\"},{\"@type\":\"BreadcrumbList\",\"@id\":\"https:\\\/\\\/www.sundoo24.com\\\/en\\\/product\\\/pukylino-balance-bike-for-toddlers\\\/#breadcrumb\",\"itemListElement\":[{\"@type\":\"ListItem\",\"position\":1,\"name\":\"Shop\",\"item\":\"https:\\\/\\\/www.sundoo24.com\\\/en\\\/shop\\\/\"},{\"@type\":\"ListItem\",\"position\":2,\"name\":\"Pukylino Baby Balance Bike from 1 Year Old\"}]},{\"@type\":\"WebSite\",\"@id\":\"https:\\\/\\\/www.sundoo24.com\\\/en\\\/#website\",\"url\":\"https:\\\/\\\/www.sundoo24.com\\\/en\\\/\",\"name\":\"Sundoo24.com\",\"description\":\"Hire a child car seat in Mallorca from \u20ac1.49 per day \u2013 Directly at Palma Airport (PMI)\",\"publisher\":{\"@id\":\"https:\\\/\\\/www.sundoo24.com\\\/en\\\/#organization\"},\"potentialAction\":[{\"@type\":\"SearchAction\",\"target\":{\"@type\":\"EntryPoint\",\"urlTemplate\":\"https:\\\/\\\/www.sundoo24.com\\\/en\\\/?s={search_term_string}\"},\"query-input\":{\"@type\":\"PropertyValueSpecification\",\"valueRequired\":true,\"valueName\":\"search_term_string\"}}],\"inLanguage\":\"en-GB\"},{\"@type\":\"Organization\",\"@id\":\"https:\\\/\\\/www.sundoo24.com\\\/en\\\/#organization\",\"name\":\"SUNDOO Mallorca\",\"url\":\"https:\\\/\\\/www.sundoo24.com\\\/en\\\/\",\"logo\":{\"@type\":\"ImageObject\",\"inLanguage\":\"en-GB\",\"@id\":\"https:\\\/\\\/www.sundoo24.com\\\/en\\\/#\\\/schema\\\/logo\\\/image\\\/\",\"url\":\"https:\\\/\\\/www.sundoo24.com\\\/en\\\/wp-content\\\/uploads\\\/2022\\\/02\\\/logo.jpg\",\"contentUrl\":\"https:\\\/\\\/www.sundoo24.com\\\/en\\\/wp-content\\\/uploads\\\/2022\\\/02\\\/logo.jpg\",\"width\":237,\"height\":80,\"caption\":\"SUNDOO Mallorca\"},\"image\":{\"@id\":\"https:\\\/\\\/www.sundoo24.com\\\/en\\\/#\\\/schema\\\/logo\\\/image\\\/\"}}]}<\/script>\n","yoast_head_json":{"title":"Affordable Pukylino Balance Bike Hire in Mallorca | Sundoo24.com","description":"From \u20ac1.99 per day - Hire a Puky baby balance bike whisper wheels in Mallorca. Light, safe and stable - safe driving fun for the little ones.","robots":{"index":"index","follow":"follow","max-snippet":"max-snippet:-1","max-image-preview":"max-image-preview:large","max-video-preview":"max-video-preview:-1"},"canonical":"https:\/\/www.sundoo24.com\/en\/product\/pukylino-balance-bike-for-toddlers\/","og_locale":"en_GB","og_type":"article","og_title":"G\u00fcnstig Pukylino Laufrad mieten auf Mallorca | Sundoo24.com","og_description":"Ab 1,99\u20ac pro Tag - Laufrad von Puky mit Fl\u00fcsterr\u00e4dern auf Mallorca mieten. Leicht, sicher und stabil mit erh\u00f6htem Umkippschutz \u2013 Sicherer Fahrspa\u00df f\u00fcr die Kleinsten.","og_url":"https:\/\/www.sundoo24.com\/en\/product\/pukylino-balance-bike-for-toddlers\/","og_site_name":"Sundoo24.com","article_modified_time":"2025-07-17T15:34:05+00:00","og_image":[{"width":1280,"height":720,"url":"https:\/\/www.sundoo24.com\/en\/wp-content\/uploads\/2022\/05\/guenstig-pukylino-mieten-mallorca.png","type":"image\/png"}],"twitter_card":"summary_large_image","twitter_title":"G\u00fcnstig Pukylino Laufrad mieten auf Mallorca | Sundoo24.com","twitter_description":"Ab 1,99\u20ac pro Tag - Laufrad von Puky mit Fl\u00fcsterr\u00e4dern auf Mallorca mieten. Leicht, sicher und stabil mit erh\u00f6htem Umkippschutz \u2013 Sicherer Fahrspa\u00df f\u00fcr die Kleinsten.","twitter_image":"https:\/\/www.sundoo24.com\/en\/wp-content\/uploads\/2022\/05\/guenstig-pukylino-mieten-mallorca.png","schema":{"@context":"https:\/\/schema.org","@graph":[{"@type":"WebPage","@id":"https:\/\/www.sundoo24.com\/en\/product\/pukylino-balance-bike-for-toddlers\/","url":"https:\/\/www.sundoo24.com\/en\/product\/pukylino-balance-bike-for-toddlers\/","name":"Affordable Pukylino Balance Bike Hire in Mallorca | Sundoo24.com","isPartOf":{"@id":"https:\/\/www.sundoo24.com\/en\/#website"},"primaryImageOfPage":{"@id":"https:\/\/www.sundoo24.com\/en\/product\/pukylino-balance-bike-for-toddlers\/#primaryimage"},"image":{"@id":"https:\/\/www.sundoo24.com\/en\/product\/pukylino-balance-bike-for-toddlers\/#primaryimage"},"thumbnailUrl":"https:\/\/www.sundoo24.com\/en\/wp-content\/uploads\/2022\/02\/puky-balance-bike-hire-mallorca-1.png","description":"From \u20ac1.99 per day - Hire a Puky baby balance bike whisper wheels in Mallorca. Light, safe and stable - safe driving fun for the little ones.","breadcrumb":{"@id":"https:\/\/www.sundoo24.com\/en\/product\/pukylino-balance-bike-for-toddlers\/#breadcrumb"},"inLanguage":"en-GB","potentialAction":[{"@type":"ReadAction","target":["https:\/\/www.sundoo24.com\/en\/product\/pukylino-balance-bike-for-toddlers\/"]}]},{"@type":"ImageObject","inLanguage":"en-GB","@id":"https:\/\/www.sundoo24.com\/en\/product\/pukylino-balance-bike-for-toddlers\/#primaryimage","url":"https:\/\/www.sundoo24.com\/en\/wp-content\/uploads\/2022\/02\/puky-balance-bike-hire-mallorca-1.png","contentUrl":"https:\/\/www.sundoo24.com\/en\/wp-content\/uploads\/2022\/02\/puky-balance-bike-hire-mallorca-1.png","width":600,"height":600,"caption":"Pukylino balance bike hire in Mallorca - from 1,99\u20ac\/day"},{"@type":"BreadcrumbList","@id":"https:\/\/www.sundoo24.com\/en\/product\/pukylino-balance-bike-for-toddlers\/#breadcrumb","itemListElement":[{"@type":"ListItem","position":1,"name":"Shop","item":"https:\/\/www.sundoo24.com\/en\/shop\/"},{"@type":"ListItem","position":2,"name":"Pukylino Baby Balance Bike from 1 Year Old"}]},{"@type":"WebSite","@id":"https:\/\/www.sundoo24.com\/en\/#website","url":"https:\/\/www.sundoo24.com\/en\/","name":"Sundoo24.com","description":"Hire a child car seat in Mallorca from \u20ac1.49 per day \u2013 Directly at Palma Airport (PMI)","publisher":{"@id":"https:\/\/www.sundoo24.com\/en\/#organization"},"potentialAction":[{"@type":"SearchAction","target":{"@type":"EntryPoint","urlTemplate":"https:\/\/www.sundoo24.com\/en\/?s={search_term_string}"},"query-input":{"@type":"PropertyValueSpecification","valueRequired":true,"valueName":"search_term_string"}}],"inLanguage":"en-GB"},{"@type":"Organization","@id":"https:\/\/www.sundoo24.com\/en\/#organization","name":"SUNDOO Mallorca","url":"https:\/\/www.sundoo24.com\/en\/","logo":{"@type":"ImageObject","inLanguage":"en-GB","@id":"https:\/\/www.sundoo24.com\/en\/#\/schema\/logo\/image\/","url":"https:\/\/www.sundoo24.com\/en\/wp-content\/uploads\/2022\/02\/logo.jpg","contentUrl":"https:\/\/www.sundoo24.com\/en\/wp-content\/uploads\/2022\/02\/logo.jpg","width":237,"height":80,"caption":"SUNDOO Mallorca"},"image":{"@id":"https:\/\/www.sundoo24.com\/en\/#\/schema\/logo\/image\/"}}]}},"_links":{"self":[{"href":"https:\/\/www.sundoo24.com\/en\/wp-json\/wp\/v2\/product\/3389","targetHints":{"allow":["GET"]}}],"collection":[{"href":"https:\/\/www.sundoo24.com\/en\/wp-json\/wp\/v2\/product"}],"about":[{"href":"https:\/\/www.sundoo24.com\/en\/wp-json\/wp\/v2\/types\/product"}],"replies":[{"embeddable":true,"href":"https:\/\/www.sundoo24.com\/en\/wp-json\/wp\/v2\/comments?post=3389"}],"wp:featuredmedia":[{"embeddable":true,"href":"https:\/\/www.sundoo24.com\/en\/wp-json\/wp\/v2\/media\/6287"}],"wp:attachment":[{"href":"https:\/\/www.sundoo24.com\/en\/wp-json\/wp\/v2\/media?parent=3389"}],"wp:term":[{"taxonomy":"product_brand","embeddable":true,"href":"https:\/\/www.sundoo24.com\/en\/wp-json\/wp\/v2\/product_brand?post=3389"},{"taxonomy":"product_cat","embeddable":true,"href":"https:\/\/www.sundoo24.com\/en\/wp-json\/wp\/v2\/product_cat?post=3389"},{"taxonomy":"product_tag","embeddable":true,"href":"https:\/\/www.sundoo24.com\/en\/wp-json\/wp\/v2\/product_tag?post=3389"}],"curies":[{"name":"wp","href":"https:\/\/api.w.org\/{rel}","templated":true}]}}