{"id":3320,"date":"2022-02-10T09:11:14","date_gmt":"2022-02-10T08:11:14","guid":{"rendered":"https:\/\/www.sundoo.es\/?post_type=product&#038;p=3320"},"modified":"2025-07-17T17:35:13","modified_gmt":"2025-07-17T15:35:13","slug":"high-chair-for-toddlers","status":"publish","type":"product","link":"https:\/\/www.sundoo24.com\/en\/product\/high-chair-for-toddlers\/","title":{"rendered":"IKEA High Chair for Babies &#038; Toddlers"},"content":{"rendered":"<div class=\"wpb-content-wrapper\"><p>[vc_row el_class=&#8221;m-b-md&#8221;][vc_column][vc_column_text]<strong>The classic IKEA high chair with table is easy to hire from SUNDOO Mallorca for your stay on the island.<\/strong> Simple in design, sophisticated in features and environmentally friendly because it is completely recyclable. Thanks to the highchair from IKEA, your little ones will sit firmly and safely at mealtimes at eye level and thus on an equal footing with you at the dining table. Since the compact chair does not take up much space, you can easily place it anywhere in the room.<\/p>\n<p>With the help of the removable legs, the high seat can be ideally stowed away for transport and is quickly assembled in just a few steps. The raised edge of the removable table tray prevents small spills from falling on the floor. Eat every day relaxed together with your child on your family holiday and rent the IKEA high chair cheap at SUNDOO Mallorca. <strong>The high chair is delivered fully cleaned and sterilised.<\/strong><\/p>\n<div style=\"padding-top: 10px; padding-bottom: 5px;\"><strong>Advantages:<\/strong><\/div>\n<ul class=\"list list-icons list-icons-style-3 list-icons-sm ml-4\">\n<li><i class=\"fas fa-check\"><\/i> For babies &amp; toddlers<\/li>\n<li><i class=\"fas fa-check\"><\/i> Quick &amp; easy to assemble<\/li>\n<li><i class=\"fas fa-check\"><\/i> Lightweight &amp; space saving<\/li>\n<li><i class=\"fas fa-check\"><\/i> Suitable for eating and playing<\/li>\n<li><i class=\"fas fa-check\"><\/i> Optimal \/ stable sitting position<\/li>\n<\/ul>\n<p>[\/vc_column_text][\/vc_column][\/vc_row][vc_row][vc_column][vc_column_text]<\/p>\n<div style=\"padding-top: 5px; padding-bottom: 5px;\"><strong>Features in detail:<\/strong><\/div>\n<ul class=\"list list-icons list-icons-style-3 list-icons-sm ml-4\">\n<li><i class=\"fas fa-angle-right\"><\/i> Weight: 2.9 kg<\/li>\n<li><i class=\"fas fa-angle-right\"><\/i> Dimensions: 90 x 56 x 59 cm<\/li>\n<li><i class=\"fas fa-angle-right\"><\/i> Features: Safety belt &amp; tray<\/li>\n<li><i class=\"fas fa-angle-right\"><\/i> Transport: Removable chair legs<\/li>\n<li><i class=\"fas fa-angle-right\"><\/i> Maximum recommended weight: 15 kg<\/li>\n<li><i class=\"fas fa-angle-right\"><\/i> Seat shell: Without added BPA (bisphenol A)<\/li>\n<\/ul>\n<p>For children who can sit upright without help and up to 3 years of age.<\/p>\n<div class=\"alert alert-danger\"><span class=\"font-weight-bold\">Minimum order value of \u20ac29.90 not reached?<\/span><br \/>\nThen why not give your child a big surprise on arrival in Mallorca. Hire a <span class=\"text-nowrap\"><i class=\"fa fa-caret-right text-primary mr-0\"><\/i> <a class=\"font-weight-bold\" href=\"https:\/\/www.sundoo24.com\/en\/product\/scooter-for-kids-hire-mallorca\/\">children\u2019s scooter with light-up wheels<\/a><\/span>, a <span class=\"text-nowrap\"><i class=\"fa fa-caret-right text-primary mr-0\"><\/i> <a class=\"font-weight-bold\" href=\"https:\/\/www.sundoo24.com\/en\/product\/balance-bike-for-kids\/\">cool balance bike<\/a><\/span> or a <span class=\"text-nowrap\"><i class=\"fa fa-caret-right text-primary mr-0\"><\/i> <a class=\"font-weight-bold\" href=\"https:\/\/www.sundoo24.com\/en\/product\/pukylino-balance-bike-for-toddlers\/\">Pukylino for the little ones<\/a><\/span>.<\/div>\n<p>[\/vc_column_text][\/vc_column][\/vc_row]<\/p>\n<\/div>","protected":false},"excerpt":{"rendered":"<div class=\"mb-2\"><img loading=\"lazy\" decoding=\"async\" class=\"alignnone wp-image-6192 size-full\" title=\"Book now and save the low price!\" src=\"https:\/\/www.sundoo24.com\/en\/wp-content\/uploads\/2022\/01\/fruehbucherrabatt1.jpg\" alt=\"\" width=\"307\" height=\"30\" \/><\/div>\n<p>This tried and tested high chair from IKEA for rent in Mallorca is a real helper when eating with your child. It is safe, stable and easy to assemble. In addition, the high chair is easy to keep clean, has rounded corners, offers a large storage area and is equipped with a fastening strap. Delivery &amp; pickup at Palma Airport around the clock from.<\/p>\n<div class=\"alert alert-success font-weight-bold\">Please note: The day of your arrival and departure are both considered a full hire day, as the car seat is reserved exclusively for you during this time.<\/div>\n","protected":false},"featured_media":6256,"comment_status":"open","ping_status":"closed","template":"","meta":[],"product_brand":[],"product_cat":[239,171,234,184],"product_tag":[],"class_list":{"0":"post-3320","1":"product","2":"type-product","3":"status-publish","4":"has-post-thumbnail","6":"product_cat-high-chair-for-children","7":"product_cat-hire","8":"product_cat-mallorca-airport","9":"product_cat-mealtime","11":"first","12":"instock","13":"featured","14":"shipping-taxable","15":"purchasable","16":"product-type-variable"},"yoast_head":"\n<title>Affordable High Chair for Toddlers for Hire in Mallorca | Sundoo24.com<\/title>\n<meta name=\"description\" content=\"From \u20ac1.69\/day - Hire a high chair for toddlers in Mallorca. Safe, safely and stably placed. Large tray &amp; safety belt - For stress-free eating.\" \/>\n<meta name=\"robots\" content=\"index, follow, max-snippet:-1, max-image-preview:large, max-video-preview:-1\" \/>\n<link rel=\"canonical\" href=\"https:\/\/www.sundoo24.com\/en\/product\/high-chair-for-toddlers\/\" \/>\n<meta property=\"og:locale\" content=\"en_GB\" \/>\n<meta property=\"og:type\" content=\"article\" \/>\n<meta property=\"og:title\" content=\"G\u00fcnstig Hochstuhl f\u00fcr Kinder mieten auf Mallorca | Sundoo24.com\" \/>\n<meta property=\"og:description\" content=\"Ab 1,69\u20ac\/Tag - Hochstuhl f\u00fcr Kleinkinder auf Mallorca mieten. Sicher, stabil aufzustellen. Gro\u00dfe Ablagefl\u00e4che &amp; Sicherheitsgurt - F\u00fcr stressfreies Essen.\" \/>\n<meta property=\"og:url\" content=\"https:\/\/www.sundoo24.com\/en\/product\/high-chair-for-toddlers\/\" \/>\n<meta property=\"og:site_name\" content=\"Sundoo24.com\" \/>\n<meta property=\"article:modified_time\" content=\"2025-07-17T15:35:13+00:00\" \/>\n<meta property=\"og:image\" content=\"https:\/\/www.sundoo24.com\/en\/wp-content\/uploads\/2022\/05\/guenstig-hochstuhl-mieten-mallorca.png\" \/>\n\t<meta property=\"og:image:width\" content=\"1280\" \/>\n\t<meta property=\"og:image:height\" content=\"720\" \/>\n\t<meta property=\"og:image:type\" content=\"image\/png\" \/>\n<meta name=\"twitter:card\" content=\"summary_large_image\" \/>\n<meta name=\"twitter:title\" content=\"G\u00fcnstig Hochstuhl f\u00fcr Kinder mieten auf Mallorca | Sundoo24.com\" \/>\n<meta name=\"twitter:description\" content=\"Ab 1,69\u20ac\/Tag - Hochstuhl f\u00fcr Kleinkinder auf Mallorca mieten. Sicher, stabil aufzustellen. Gro\u00dfe Ablagefl\u00e4che &amp; Sicherheitsgurt - F\u00fcr stressfreies Essen.\" \/>\n<meta name=\"twitter:image\" content=\"https:\/\/www.sundoo24.com\/en\/wp-content\/uploads\/2022\/05\/guenstig-hochstuhl-mieten-mallorca.png\" \/>\n<script type=\"application\/ld+json\" class=\"yoast-schema-graph\">{\"@context\":\"https:\\\/\\\/schema.org\",\"@graph\":[{\"@type\":\"WebPage\",\"@id\":\"https:\\\/\\\/www.sundoo24.com\\\/en\\\/product\\\/high-chair-for-toddlers\\\/\",\"url\":\"https:\\\/\\\/www.sundoo24.com\\\/en\\\/product\\\/high-chair-for-toddlers\\\/\",\"name\":\"Affordable High Chair for Toddlers for Hire in Mallorca | Sundoo24.com\",\"isPartOf\":{\"@id\":\"https:\\\/\\\/www.sundoo24.com\\\/en\\\/#website\"},\"primaryImageOfPage\":{\"@id\":\"https:\\\/\\\/www.sundoo24.com\\\/en\\\/product\\\/high-chair-for-toddlers\\\/#primaryimage\"},\"image\":{\"@id\":\"https:\\\/\\\/www.sundoo24.com\\\/en\\\/product\\\/high-chair-for-toddlers\\\/#primaryimage\"},\"thumbnailUrl\":\"https:\\\/\\\/www.sundoo24.com\\\/en\\\/wp-content\\\/uploads\\\/2022\\\/02\\\/baby-high-chair-hire-mallorca-1.png\",\"description\":\"From \u20ac1.69\\\/day - Hire a high chair for toddlers in Mallorca. Safe, safely and stably placed. Large tray & safety belt - For stress-free eating.\",\"breadcrumb\":{\"@id\":\"https:\\\/\\\/www.sundoo24.com\\\/en\\\/product\\\/high-chair-for-toddlers\\\/#breadcrumb\"},\"inLanguage\":\"en-GB\",\"potentialAction\":[{\"@type\":\"ReadAction\",\"target\":[\"https:\\\/\\\/www.sundoo24.com\\\/en\\\/product\\\/high-chair-for-toddlers\\\/\"]}]},{\"@type\":\"ImageObject\",\"inLanguage\":\"en-GB\",\"@id\":\"https:\\\/\\\/www.sundoo24.com\\\/en\\\/product\\\/high-chair-for-toddlers\\\/#primaryimage\",\"url\":\"https:\\\/\\\/www.sundoo24.com\\\/en\\\/wp-content\\\/uploads\\\/2022\\\/02\\\/baby-high-chair-hire-mallorca-1.png\",\"contentUrl\":\"https:\\\/\\\/www.sundoo24.com\\\/en\\\/wp-content\\\/uploads\\\/2022\\\/02\\\/baby-high-chair-hire-mallorca-1.png\",\"width\":600,\"height\":600,\"caption\":\"Hire a high chair for children in Mallorca - from \u20ac1.69\\\/day\"},{\"@type\":\"BreadcrumbList\",\"@id\":\"https:\\\/\\\/www.sundoo24.com\\\/en\\\/product\\\/high-chair-for-toddlers\\\/#breadcrumb\",\"itemListElement\":[{\"@type\":\"ListItem\",\"position\":1,\"name\":\"Shop\",\"item\":\"https:\\\/\\\/www.sundoo24.com\\\/en\\\/shop\\\/\"},{\"@type\":\"ListItem\",\"position\":2,\"name\":\"IKEA High Chair for Babies &#038; Toddlers\"}]},{\"@type\":\"WebSite\",\"@id\":\"https:\\\/\\\/www.sundoo24.com\\\/en\\\/#website\",\"url\":\"https:\\\/\\\/www.sundoo24.com\\\/en\\\/\",\"name\":\"Sundoo24.com\",\"description\":\"Hire a child car seat in Mallorca from \u20ac1.49 per day \u2013 Directly at Palma Airport (PMI)\",\"publisher\":{\"@id\":\"https:\\\/\\\/www.sundoo24.com\\\/en\\\/#organization\"},\"potentialAction\":[{\"@type\":\"SearchAction\",\"target\":{\"@type\":\"EntryPoint\",\"urlTemplate\":\"https:\\\/\\\/www.sundoo24.com\\\/en\\\/?s={search_term_string}\"},\"query-input\":{\"@type\":\"PropertyValueSpecification\",\"valueRequired\":true,\"valueName\":\"search_term_string\"}}],\"inLanguage\":\"en-GB\"},{\"@type\":\"Organization\",\"@id\":\"https:\\\/\\\/www.sundoo24.com\\\/en\\\/#organization\",\"name\":\"SUNDOO Mallorca\",\"url\":\"https:\\\/\\\/www.sundoo24.com\\\/en\\\/\",\"logo\":{\"@type\":\"ImageObject\",\"inLanguage\":\"en-GB\",\"@id\":\"https:\\\/\\\/www.sundoo24.com\\\/en\\\/#\\\/schema\\\/logo\\\/image\\\/\",\"url\":\"https:\\\/\\\/www.sundoo24.com\\\/en\\\/wp-content\\\/uploads\\\/2022\\\/02\\\/logo.jpg\",\"contentUrl\":\"https:\\\/\\\/www.sundoo24.com\\\/en\\\/wp-content\\\/uploads\\\/2022\\\/02\\\/logo.jpg\",\"width\":237,\"height\":80,\"caption\":\"SUNDOO Mallorca\"},\"image\":{\"@id\":\"https:\\\/\\\/www.sundoo24.com\\\/en\\\/#\\\/schema\\\/logo\\\/image\\\/\"}}]}<\/script>\n","yoast_head_json":{"title":"Affordable High Chair for Toddlers for Hire in Mallorca | Sundoo24.com","description":"From \u20ac1.69\/day - Hire a high chair for toddlers in Mallorca. Safe, safely and stably placed. Large tray & safety belt - For stress-free eating.","robots":{"index":"index","follow":"follow","max-snippet":"max-snippet:-1","max-image-preview":"max-image-preview:large","max-video-preview":"max-video-preview:-1"},"canonical":"https:\/\/www.sundoo24.com\/en\/product\/high-chair-for-toddlers\/","og_locale":"en_GB","og_type":"article","og_title":"G\u00fcnstig Hochstuhl f\u00fcr Kinder mieten auf Mallorca | Sundoo24.com","og_description":"Ab 1,69\u20ac\/Tag - Hochstuhl f\u00fcr Kleinkinder auf Mallorca mieten. Sicher, stabil aufzustellen. Gro\u00dfe Ablagefl\u00e4che & Sicherheitsgurt - F\u00fcr stressfreies Essen.","og_url":"https:\/\/www.sundoo24.com\/en\/product\/high-chair-for-toddlers\/","og_site_name":"Sundoo24.com","article_modified_time":"2025-07-17T15:35:13+00:00","og_image":[{"width":1280,"height":720,"url":"https:\/\/www.sundoo24.com\/en\/wp-content\/uploads\/2022\/05\/guenstig-hochstuhl-mieten-mallorca.png","type":"image\/png"}],"twitter_card":"summary_large_image","twitter_title":"G\u00fcnstig Hochstuhl f\u00fcr Kinder mieten auf Mallorca | Sundoo24.com","twitter_description":"Ab 1,69\u20ac\/Tag - Hochstuhl f\u00fcr Kleinkinder auf Mallorca mieten. Sicher, stabil aufzustellen. Gro\u00dfe Ablagefl\u00e4che & Sicherheitsgurt - F\u00fcr stressfreies Essen.","twitter_image":"https:\/\/www.sundoo24.com\/en\/wp-content\/uploads\/2022\/05\/guenstig-hochstuhl-mieten-mallorca.png","schema":{"@context":"https:\/\/schema.org","@graph":[{"@type":"WebPage","@id":"https:\/\/www.sundoo24.com\/en\/product\/high-chair-for-toddlers\/","url":"https:\/\/www.sundoo24.com\/en\/product\/high-chair-for-toddlers\/","name":"Affordable High Chair for Toddlers for Hire in Mallorca | Sundoo24.com","isPartOf":{"@id":"https:\/\/www.sundoo24.com\/en\/#website"},"primaryImageOfPage":{"@id":"https:\/\/www.sundoo24.com\/en\/product\/high-chair-for-toddlers\/#primaryimage"},"image":{"@id":"https:\/\/www.sundoo24.com\/en\/product\/high-chair-for-toddlers\/#primaryimage"},"thumbnailUrl":"https:\/\/www.sundoo24.com\/en\/wp-content\/uploads\/2022\/02\/baby-high-chair-hire-mallorca-1.png","description":"From \u20ac1.69\/day - Hire a high chair for toddlers in Mallorca. Safe, safely and stably placed. Large tray & safety belt - For stress-free eating.","breadcrumb":{"@id":"https:\/\/www.sundoo24.com\/en\/product\/high-chair-for-toddlers\/#breadcrumb"},"inLanguage":"en-GB","potentialAction":[{"@type":"ReadAction","target":["https:\/\/www.sundoo24.com\/en\/product\/high-chair-for-toddlers\/"]}]},{"@type":"ImageObject","inLanguage":"en-GB","@id":"https:\/\/www.sundoo24.com\/en\/product\/high-chair-for-toddlers\/#primaryimage","url":"https:\/\/www.sundoo24.com\/en\/wp-content\/uploads\/2022\/02\/baby-high-chair-hire-mallorca-1.png","contentUrl":"https:\/\/www.sundoo24.com\/en\/wp-content\/uploads\/2022\/02\/baby-high-chair-hire-mallorca-1.png","width":600,"height":600,"caption":"Hire a high chair for children in Mallorca - from \u20ac1.69\/day"},{"@type":"BreadcrumbList","@id":"https:\/\/www.sundoo24.com\/en\/product\/high-chair-for-toddlers\/#breadcrumb","itemListElement":[{"@type":"ListItem","position":1,"name":"Shop","item":"https:\/\/www.sundoo24.com\/en\/shop\/"},{"@type":"ListItem","position":2,"name":"IKEA High Chair for Babies &#038; Toddlers"}]},{"@type":"WebSite","@id":"https:\/\/www.sundoo24.com\/en\/#website","url":"https:\/\/www.sundoo24.com\/en\/","name":"Sundoo24.com","description":"Hire a child car seat in Mallorca from \u20ac1.49 per day \u2013 Directly at Palma Airport (PMI)","publisher":{"@id":"https:\/\/www.sundoo24.com\/en\/#organization"},"potentialAction":[{"@type":"SearchAction","target":{"@type":"EntryPoint","urlTemplate":"https:\/\/www.sundoo24.com\/en\/?s={search_term_string}"},"query-input":{"@type":"PropertyValueSpecification","valueRequired":true,"valueName":"search_term_string"}}],"inLanguage":"en-GB"},{"@type":"Organization","@id":"https:\/\/www.sundoo24.com\/en\/#organization","name":"SUNDOO Mallorca","url":"https:\/\/www.sundoo24.com\/en\/","logo":{"@type":"ImageObject","inLanguage":"en-GB","@id":"https:\/\/www.sundoo24.com\/en\/#\/schema\/logo\/image\/","url":"https:\/\/www.sundoo24.com\/en\/wp-content\/uploads\/2022\/02\/logo.jpg","contentUrl":"https:\/\/www.sundoo24.com\/en\/wp-content\/uploads\/2022\/02\/logo.jpg","width":237,"height":80,"caption":"SUNDOO Mallorca"},"image":{"@id":"https:\/\/www.sundoo24.com\/en\/#\/schema\/logo\/image\/"}}]}},"_links":{"self":[{"href":"https:\/\/www.sundoo24.com\/en\/wp-json\/wp\/v2\/product\/3320","targetHints":{"allow":["GET"]}}],"collection":[{"href":"https:\/\/www.sundoo24.com\/en\/wp-json\/wp\/v2\/product"}],"about":[{"href":"https:\/\/www.sundoo24.com\/en\/wp-json\/wp\/v2\/types\/product"}],"replies":[{"embeddable":true,"href":"https:\/\/www.sundoo24.com\/en\/wp-json\/wp\/v2\/comments?post=3320"}],"wp:featuredmedia":[{"embeddable":true,"href":"https:\/\/www.sundoo24.com\/en\/wp-json\/wp\/v2\/media\/6256"}],"wp:attachment":[{"href":"https:\/\/www.sundoo24.com\/en\/wp-json\/wp\/v2\/media?parent=3320"}],"wp:term":[{"taxonomy":"product_brand","embeddable":true,"href":"https:\/\/www.sundoo24.com\/en\/wp-json\/wp\/v2\/product_brand?post=3320"},{"taxonomy":"product_cat","embeddable":true,"href":"https:\/\/www.sundoo24.com\/en\/wp-json\/wp\/v2\/product_cat?post=3320"},{"taxonomy":"product_tag","embeddable":true,"href":"https:\/\/www.sundoo24.com\/en\/wp-json\/wp\/v2\/product_tag?post=3320"}],"curies":[{"name":"wp","href":"https:\/\/api.w.org\/{rel}","templated":true}]}}