{"id":3245,"date":"2022-02-09T11:25:49","date_gmt":"2022-02-09T10:25:49","guid":{"rendered":"https:\/\/www.sundoo.es\/?post_type=product&#038;p=3245"},"modified":"2025-09-15T10:11:28","modified_gmt":"2025-09-15T08:11:28","slug":"baby-bed-guard-protection-for-bed","status":"publish","type":"product","link":"https:\/\/www.sundoo24.com\/en\/product\/baby-bed-guard-protection-for-bed\/","title":{"rendered":"Baby Bed Guard \/ Baby Bed Rail"},"content":{"rendered":"<div class=\"wpb-content-wrapper\"><p>[vc_row el_class=&#8221;m-b-md&#8221;][vc_column][vc_column_text]On a family holiday in Mallorca, the topic of safety while sleeping naturally also plays a big role. For this reason, SUNDOO Mallorca offers this practical bed guard for hire. The reliable bed rail from Safety 1st protects your baby from falling out of bed. The bed barrier is simply clamped under the mattress and secures the sleeping area over a length of 106 cm. This prevents your little one from accidentally falling onto the floor.<\/p>\n<p>This guarantees you and your child a safe and peaceful sleep, especially at night. In addition, the tested fall-out protection can be easily folded down so that your child can get in and out of bed without any problems. Thanks to the compact folding mechanism, the foldable bed guard is not only easy to store, but also easy to transport. In addition, the sturdy metal frame with mesh inside offers reliable protection for children up to a body weight of approx. 22 kg. <strong>The bed safety barrier is delivered completely cleaned and sterilised.<\/strong><\/p>\n<div style=\"padding-top: 10px; padding-bottom: 5px;\"><strong>Advantages:<\/strong><\/div>\n<ul class=\"list list-icons list-icons-style-3 list-icons-sm ml-4\">\n<li><i class=\"fas fa-check\"><\/i> Suitable for babies &amp; children<\/li>\n<li><i class=\"fas fa-check\"><\/i> Quick &amp; easy to install<\/li>\n<li><i class=\"fas fa-check\"><\/i> Prevents the child from falling out<\/li>\n<li><i class=\"fas fa-check\"><\/i> Suitable for all beds from 106 cm<\/li>\n<li><i class=\"fas fa-check\"><\/i> Very safe, thanks to sturdy metal frame<\/li>\n<li><i class=\"fas fa-check\"><\/i> Folds down for easy entry and exit<\/li>\n<\/ul>\n<p>[\/vc_column_text][\/vc_column][\/vc_row][vc_row][vc_column][vc_column_text]<\/p>\n<div style=\"padding-top: 5px; padding-bottom: 5px;\"><strong>Features in detail:<\/strong><\/div>\n<ul class=\"list list-icons list-icons-style-3 list-icons-sm ml-4\">\n<li><i class=\"fas fa-angle-right\"><\/i> Weight: 2.7 kg<\/li>\n<li><i class=\"fas fa-angle-right\"><\/i> Dimensions: 106 x 37 x 42 cm<\/li>\n<li><i class=\"fas fa-angle-right\"><\/i> Recommended maximum weight: 22 kg<\/li>\n<\/ul>\n<p>For children aged between 18 months and 5 years.<\/p>\n<div class=\"alert alert-danger\"><span class=\"font-weight-bold\">Minimum order value of \u20ac29.90 not reached?<\/span><br \/>\nThen why not give your child a big surprise on arrival in Mallorca. Hire a <span class=\"text-nowrap\"><i class=\"fa fa-caret-right text-primary mr-0\"><\/i> <a class=\"font-weight-bold\" href=\"https:\/\/www.sundoo24.com\/en\/product\/scooter-for-kids-hire-mallorca\/\">children\u2019s scooter with light-up wheels<\/a><\/span>, a <span class=\"text-nowrap\"><i class=\"fa fa-caret-right text-primary mr-0\"><\/i> <a class=\"font-weight-bold\" href=\"https:\/\/www.sundoo24.com\/en\/product\/balance-bike-for-kids\/\">cool balance bike<\/a><\/span> or a <span class=\"text-nowrap\"><i class=\"fa fa-caret-right text-primary mr-0\"><\/i> <a class=\"font-weight-bold\" href=\"https:\/\/www.sundoo24.com\/en\/product\/pukylino-balance-bike-for-toddlers\/\">Pukylino for the little ones<\/a><\/span>.<\/div>\n<p>[\/vc_column_text][\/vc_column][\/vc_row][vc_row][vc_column][vc_raw_html]JTNDc2NyaXB0JTIwdHlwZSUzRCUyMmFwcGxpY2F0aW9uJTJGbGQlMkJqc29uJTIyJTNFJTBBJTdCJTBBJTIwJTIwJTIwJTIwJTIwJTIyJTQwY29udGV4dCUyMiUzQSUyMCUyMmh0dHBzJTNBJTJGJTJGc2NoZW1hLm9yZyUyMiUyQyUwQSUyMCUyMCUyMCUyMCUyMCUyMiU0MHR5cGUlMjIlM0ElMjAlMjJWaWRlb09iamVjdCUyMiUyQyUwQSUyMCUyMCUyMCUyMCUyMCUyMm5hbWUlMjIlM0ElMjAlMjJBdHRhY2htZW50JTIwYmVkJTIwZ3VhcmQlMjIlMkMlMEElMjAlMjAlMjAlMjAlMjAlMjJkZXNjcmlwdGlvbiUyMiUzQSUyMCUyMkRldGFpbGVkJTIwaW5zdHJ1Y3Rpb25zJTIwZm9yJTIwYXR0YWNoaW5nJTIwdGhlJTIwU2FmZXR5JTIwMXN0JTIwYmVkJTIwZ3VhcmQuJTIwU3VpdGFibGUlMjBmb3IlMjBjaGlsZHJlbiUyMHVwJTIwdG8lMjAyMiUyMGtnLiUyMFJlbnQlMjBhJTIwYmVkJTIwcmFpbCUyMG5vdyUyMGZyb20lMjB0aGUlMjBwcm9mZXNzaW9uYWwlMjBzdXBwbGllciUyMFN1bmRvbyUyME1hbGxvcmNhLiUyMiUyQyUwQSUyMCUyMCUyMCUyMCUyMCUyMmFib3V0JTIyJTNBJTIwJTIyQmVkJTIwR3VhcmQlMjBIaXJlJTIwTWFsbG9yY2ElMjIlMkMlMEElMjAlMjAlMjAlMjAlMjAlMjJ1cGxvYWREYXRlJTIyJTNBJTIwJTIyMjAyMi0wNS0wNiUyMiUyQyUwQSUyMCUyMCUyMCUyMCUyMCUyMmR1cmF0aW9uJTIyJTNBJTIwJTIyUFQwTTMzUyUyMiUyQyUwQSUyMCUyMCUyMCUyMCUyMCUyMnZpZGVvUXVhbGl0eSUyMiUzQSUyMCUyMm1lZGl1bSUyMiUyQyUwQSUyMCUyMCUyMCUyMCUyMCUyMmVuY29kaW5nRm9ybWF0JTIyJTNBJTIwJTIydmlkZW8lMkZtcDQlMjIlMkMlMEElMjAlMjAlMjAlMjAlMjAlMjJ3aWR0aCUyMiUzQSUyMCUyMjg1NCUyMiUyQyUwQSUyMCUyMCUyMCUyMCUyMCUyMmhlaWdodCUyMiUzQSUyMCUyMjQ4MCUyMiUyQyUwQSUyMCUyMCUyMCUyMCUyMCUyMmJpdHJhdGUlMjIlM0ElMjAlMjI0MjMlMjBrYnBzJTIyJTJDJTBBJTIwJTIwJTIwJTIwJTIwJTIyY29udGVudFNpemUlMjIlM0ElMjAlMjIxLjY4JTIwbWVnYWJ5dGVzJTIyJTJDJTBBJTIwJTIwJTIwJTIwJTIwJTIycmVxdWlyZXNTdWJzY3JpcHRpb24lMjIlM0ElMjAlMjJGQUxTRSUyMiUyQyUwQSUyMCUyMCUyMCUyMCUyMCUyMmxlYXJuaW5nUmVzb3VyY2VUeXBlJTIyJTNBJTIwJTIyVmlkZW8lMjBpbnN0cnVjdGlvbiUyMiUyQyUwQSUyMCUyMCUyMCUyMCUyMCUyMnBsYXllclR5cGUlMjIlM0ElMjAlMjJNUDQlMjIlMkMlMEElMjAlMjAlMjAlMjAlMjAlMjJjcmVhdGl2ZVdvcmtTdGF0dXMlMjIlM0ElMjAlMjJwdWJsaXNoZWQlMjIlMkMlMEElMjAlMjAlMjAlMjAlMjAlMjJhY2Nlc3NNb2RlJTIyJTNBJTIwJTIydmlzdWFsJTJDJTIwYXVkaXRvcnklMjIlMkMlMEElMjAlMjAlMjAlMjAlMjAlMjJhY2Nlc3NpYmlsaXR5RmVhdHVyZSUyMiUzQSUyMCUyMmF1ZGlvRGVzY3JpcHRpb24lMjIlMkMlMEElMjAlMjAlMjAlMjAlMjAlMjJjb250ZW50VVJMJTIyJTNBJTIwJTIyaHR0cHMlM0ElMkYlMkZ3d3cuc3VuZG9vMjQuY29tJTJGd3AtY29udGVudCUyRnVwbG9hZHMlMkYyMDIzJTJGMDQlMkZiZXR0c2NodXR6Z2l0dGVyLXJhdXNmYWxsc2NodXR6LW1pZXRlbi1tYWxsb3JjYS5tcDQlMjIlMkMlMEElMjAlMjAlMjAlMjAlMjAlMjJ0aHVtYm5haWxVUkwlMjIlM0ElMjAlMjJodHRwcyUzQSUyRiUyRnd3dy5zdW5kb28yNC5jb20lMkZ3cC1jb250ZW50JTJGdXBsb2FkcyUyRjIwMjIlMkYwNSUyRmJldHRzY2h1dHpnaXR0ZXItcmF1c2ZhbGxzY2h1dHotbWlldGVuLW1hbGxvcmNhLXZpZGVvLnBuZyUyMiUwQSU3RCUwQSUzQyUyRnNjcmlwdCUzRQ==[\/vc_raw_html][\/vc_column][\/vc_row]<\/p>\n<\/div>","protected":false},"excerpt":{"rendered":"<div class=\"mb-2\"><img loading=\"lazy\" decoding=\"async\" class=\"alignnone wp-image-6192 size-medium\" title=\"Book now and save the low price!\" src=\"https:\/\/www.sundoo24.com\/en\/wp-content\/uploads\/2022\/01\/fruehbucherrabatt1-300x29.jpg\" alt=\"\" width=\"300\" height=\"29\" \/><\/div>\n<p>Bed guard \/ bed rail for hire in Mallorca. Suitable for babies and children up to 22 kg. Simply clamped under the mattress of the bed, it prevents the child from falling out and guarantees safety. The foldable cot safety barrier is suitable for all beds and offers a relaxed sleep and quiet nights. Delivery &amp; pickup at Palma Airport around the clock.<\/p>\n<div class=\"alert alert-success font-weight-bold\">Please note: The day of your arrival and departure are both considered a full hire day, as the car seat is reserved exclusively for you during this time.<\/div>\n","protected":false},"featured_media":6244,"comment_status":"open","ping_status":"closed","template":"","meta":[],"product_brand":[],"product_cat":[242,171,234,181],"product_tag":[],"class_list":{"0":"post-3245","1":"product","2":"type-product","3":"status-publish","4":"has-post-thumbnail","6":"product_cat-baby-bed-guard","7":"product_cat-hire","8":"product_cat-mallorca-airport","9":"product_cat-sleeping","11":"first","12":"instock","13":"shipping-taxable","14":"purchasable","15":"product-type-variable"},"yoast_head":"\n<title>Affordable Baby Bed Guard \/ Rail Hire in Mallorca | Sundoo24.com<\/title>\n<meta name=\"description\" content=\"From 2,49\u20ac\/day - Hire bed guard \/ rail for babies &amp; children in Mallorca. Suitable for all beds, stable &amp; easy to install. Safe &amp; quiet nights on holiday.\" \/>\n<meta name=\"robots\" content=\"index, follow, max-snippet:-1, max-image-preview:large, max-video-preview:-1\" \/>\n<link rel=\"canonical\" href=\"https:\/\/www.sundoo24.com\/en\/product\/baby-bed-guard-protection-for-bed\/\" \/>\n<meta property=\"og:locale\" content=\"en_GB\" \/>\n<meta property=\"og:type\" content=\"article\" \/>\n<meta property=\"og:title\" content=\"G\u00fcnstig Bettschutzgitter \/ Rausfallschutz mieten auf Mallorca | Sundoo24.com\" \/>\n<meta property=\"og:description\" content=\"Ab 2,49\u20ac\/Tag - Jetzt Rausfallschutz f\u00fcr Kinder auf Mallorca mieten. Passend f\u00fcr alle Betten, stabil und leicht zu montieren. F\u00fcr sichere &amp; ruhige N\u00e4chte im Urlaub.\" \/>\n<meta property=\"og:url\" content=\"https:\/\/www.sundoo24.com\/en\/product\/baby-bed-guard-protection-for-bed\/\" \/>\n<meta property=\"og:site_name\" content=\"Sundoo24.com\" \/>\n<meta property=\"article:modified_time\" content=\"2025-09-15T08:11:28+00:00\" \/>\n<meta property=\"og:image\" content=\"https:\/\/www.sundoo24.com\/en\/wp-content\/uploads\/2022\/05\/guenstig-bettschutzgitter-rausfallschutz-mieten-mallorca.png\" \/>\n\t<meta property=\"og:image:width\" content=\"1280\" \/>\n\t<meta property=\"og:image:height\" content=\"720\" \/>\n\t<meta property=\"og:image:type\" content=\"image\/png\" \/>\n<meta name=\"twitter:card\" content=\"summary_large_image\" \/>\n<meta name=\"twitter:title\" content=\"G\u00fcnstig Bettschutzgitter \/ Rausfallschutz mieten auf Mallorca | Sundoo24.com\" \/>\n<meta name=\"twitter:description\" content=\"Ab 2,49\u20ac\/Tag - Jetzt Rausfallschutz f\u00fcr Kinder auf Mallorca mieten. Passend f\u00fcr alle Betten, stabil und leicht zu montieren. F\u00fcr sichere &amp; ruhige N\u00e4chte im Urlaub.\" \/>\n<meta name=\"twitter:image\" content=\"https:\/\/www.sundoo24.com\/en\/wp-content\/uploads\/2022\/05\/guenstig-bettschutzgitter-rausfallschutz-mieten-mallorca.png\" \/>\n<script type=\"application\/ld+json\" class=\"yoast-schema-graph\">{\"@context\":\"https:\\\/\\\/schema.org\",\"@graph\":[{\"@type\":\"WebPage\",\"@id\":\"https:\\\/\\\/www.sundoo24.com\\\/en\\\/product\\\/baby-bed-guard-protection-for-bed\\\/\",\"url\":\"https:\\\/\\\/www.sundoo24.com\\\/en\\\/product\\\/baby-bed-guard-protection-for-bed\\\/\",\"name\":\"Affordable Baby Bed Guard \\\/ Rail Hire in Mallorca | Sundoo24.com\",\"isPartOf\":{\"@id\":\"https:\\\/\\\/www.sundoo24.com\\\/en\\\/#website\"},\"primaryImageOfPage\":{\"@id\":\"https:\\\/\\\/www.sundoo24.com\\\/en\\\/product\\\/baby-bed-guard-protection-for-bed\\\/#primaryimage\"},\"image\":{\"@id\":\"https:\\\/\\\/www.sundoo24.com\\\/en\\\/product\\\/baby-bed-guard-protection-for-bed\\\/#primaryimage\"},\"thumbnailUrl\":\"https:\\\/\\\/www.sundoo24.com\\\/en\\\/wp-content\\\/uploads\\\/2022\\\/02\\\/baby-bed-rail-baby-bed-guard-hire-mallorca.png\",\"description\":\"From 2,49\u20ac\\\/day - Hire bed guard \\\/ rail for babies & children in Mallorca. Suitable for all beds, stable & easy to install. Safe & quiet nights on holiday.\",\"breadcrumb\":{\"@id\":\"https:\\\/\\\/www.sundoo24.com\\\/en\\\/product\\\/baby-bed-guard-protection-for-bed\\\/#breadcrumb\"},\"inLanguage\":\"en-GB\",\"potentialAction\":[{\"@type\":\"ReadAction\",\"target\":[\"https:\\\/\\\/www.sundoo24.com\\\/en\\\/product\\\/baby-bed-guard-protection-for-bed\\\/\"]}]},{\"@type\":\"ImageObject\",\"inLanguage\":\"en-GB\",\"@id\":\"https:\\\/\\\/www.sundoo24.com\\\/en\\\/product\\\/baby-bed-guard-protection-for-bed\\\/#primaryimage\",\"url\":\"https:\\\/\\\/www.sundoo24.com\\\/en\\\/wp-content\\\/uploads\\\/2022\\\/02\\\/baby-bed-rail-baby-bed-guard-hire-mallorca.png\",\"contentUrl\":\"https:\\\/\\\/www.sundoo24.com\\\/en\\\/wp-content\\\/uploads\\\/2022\\\/02\\\/baby-bed-rail-baby-bed-guard-hire-mallorca.png\",\"width\":600,\"height\":600,\"caption\":\"Hire baby bed guard \\\/ rail in Mallorca - from \u20ac2.49\\\/day\"},{\"@type\":\"BreadcrumbList\",\"@id\":\"https:\\\/\\\/www.sundoo24.com\\\/en\\\/product\\\/baby-bed-guard-protection-for-bed\\\/#breadcrumb\",\"itemListElement\":[{\"@type\":\"ListItem\",\"position\":1,\"name\":\"Shop\",\"item\":\"https:\\\/\\\/www.sundoo24.com\\\/en\\\/shop\\\/\"},{\"@type\":\"ListItem\",\"position\":2,\"name\":\"Baby Bed Guard \\\/ Baby Bed Rail\"}]},{\"@type\":\"WebSite\",\"@id\":\"https:\\\/\\\/www.sundoo24.com\\\/en\\\/#website\",\"url\":\"https:\\\/\\\/www.sundoo24.com\\\/en\\\/\",\"name\":\"Sundoo24.com\",\"description\":\"Hire a child car seat in Mallorca from \u20ac1.49 per day \u2013 Directly at Palma Airport (PMI)\",\"publisher\":{\"@id\":\"https:\\\/\\\/www.sundoo24.com\\\/en\\\/#organization\"},\"potentialAction\":[{\"@type\":\"SearchAction\",\"target\":{\"@type\":\"EntryPoint\",\"urlTemplate\":\"https:\\\/\\\/www.sundoo24.com\\\/en\\\/?s={search_term_string}\"},\"query-input\":{\"@type\":\"PropertyValueSpecification\",\"valueRequired\":true,\"valueName\":\"search_term_string\"}}],\"inLanguage\":\"en-GB\"},{\"@type\":\"Organization\",\"@id\":\"https:\\\/\\\/www.sundoo24.com\\\/en\\\/#organization\",\"name\":\"SUNDOO Mallorca\",\"url\":\"https:\\\/\\\/www.sundoo24.com\\\/en\\\/\",\"logo\":{\"@type\":\"ImageObject\",\"inLanguage\":\"en-GB\",\"@id\":\"https:\\\/\\\/www.sundoo24.com\\\/en\\\/#\\\/schema\\\/logo\\\/image\\\/\",\"url\":\"https:\\\/\\\/www.sundoo24.com\\\/en\\\/wp-content\\\/uploads\\\/2022\\\/02\\\/logo.jpg\",\"contentUrl\":\"https:\\\/\\\/www.sundoo24.com\\\/en\\\/wp-content\\\/uploads\\\/2022\\\/02\\\/logo.jpg\",\"width\":237,\"height\":80,\"caption\":\"SUNDOO Mallorca\"},\"image\":{\"@id\":\"https:\\\/\\\/www.sundoo24.com\\\/en\\\/#\\\/schema\\\/logo\\\/image\\\/\"}}]}<\/script>\n","yoast_head_json":{"title":"Affordable Baby Bed Guard \/ Rail Hire in Mallorca | Sundoo24.com","description":"From 2,49\u20ac\/day - Hire bed guard \/ rail for babies & children in Mallorca. Suitable for all beds, stable & easy to install. Safe & quiet nights on holiday.","robots":{"index":"index","follow":"follow","max-snippet":"max-snippet:-1","max-image-preview":"max-image-preview:large","max-video-preview":"max-video-preview:-1"},"canonical":"https:\/\/www.sundoo24.com\/en\/product\/baby-bed-guard-protection-for-bed\/","og_locale":"en_GB","og_type":"article","og_title":"G\u00fcnstig Bettschutzgitter \/ Rausfallschutz mieten auf Mallorca | Sundoo24.com","og_description":"Ab 2,49\u20ac\/Tag - Jetzt Rausfallschutz f\u00fcr Kinder auf Mallorca mieten. Passend f\u00fcr alle Betten, stabil und leicht zu montieren. F\u00fcr sichere & ruhige N\u00e4chte im Urlaub.","og_url":"https:\/\/www.sundoo24.com\/en\/product\/baby-bed-guard-protection-for-bed\/","og_site_name":"Sundoo24.com","article_modified_time":"2025-09-15T08:11:28+00:00","og_image":[{"width":1280,"height":720,"url":"https:\/\/www.sundoo24.com\/en\/wp-content\/uploads\/2022\/05\/guenstig-bettschutzgitter-rausfallschutz-mieten-mallorca.png","type":"image\/png"}],"twitter_card":"summary_large_image","twitter_title":"G\u00fcnstig Bettschutzgitter \/ Rausfallschutz mieten auf Mallorca | Sundoo24.com","twitter_description":"Ab 2,49\u20ac\/Tag - Jetzt Rausfallschutz f\u00fcr Kinder auf Mallorca mieten. Passend f\u00fcr alle Betten, stabil und leicht zu montieren. F\u00fcr sichere & ruhige N\u00e4chte im Urlaub.","twitter_image":"https:\/\/www.sundoo24.com\/en\/wp-content\/uploads\/2022\/05\/guenstig-bettschutzgitter-rausfallschutz-mieten-mallorca.png","schema":{"@context":"https:\/\/schema.org","@graph":[{"@type":"WebPage","@id":"https:\/\/www.sundoo24.com\/en\/product\/baby-bed-guard-protection-for-bed\/","url":"https:\/\/www.sundoo24.com\/en\/product\/baby-bed-guard-protection-for-bed\/","name":"Affordable Baby Bed Guard \/ Rail Hire in Mallorca | Sundoo24.com","isPartOf":{"@id":"https:\/\/www.sundoo24.com\/en\/#website"},"primaryImageOfPage":{"@id":"https:\/\/www.sundoo24.com\/en\/product\/baby-bed-guard-protection-for-bed\/#primaryimage"},"image":{"@id":"https:\/\/www.sundoo24.com\/en\/product\/baby-bed-guard-protection-for-bed\/#primaryimage"},"thumbnailUrl":"https:\/\/www.sundoo24.com\/en\/wp-content\/uploads\/2022\/02\/baby-bed-rail-baby-bed-guard-hire-mallorca.png","description":"From 2,49\u20ac\/day - Hire bed guard \/ rail for babies & children in Mallorca. Suitable for all beds, stable & easy to install. Safe & quiet nights on holiday.","breadcrumb":{"@id":"https:\/\/www.sundoo24.com\/en\/product\/baby-bed-guard-protection-for-bed\/#breadcrumb"},"inLanguage":"en-GB","potentialAction":[{"@type":"ReadAction","target":["https:\/\/www.sundoo24.com\/en\/product\/baby-bed-guard-protection-for-bed\/"]}]},{"@type":"ImageObject","inLanguage":"en-GB","@id":"https:\/\/www.sundoo24.com\/en\/product\/baby-bed-guard-protection-for-bed\/#primaryimage","url":"https:\/\/www.sundoo24.com\/en\/wp-content\/uploads\/2022\/02\/baby-bed-rail-baby-bed-guard-hire-mallorca.png","contentUrl":"https:\/\/www.sundoo24.com\/en\/wp-content\/uploads\/2022\/02\/baby-bed-rail-baby-bed-guard-hire-mallorca.png","width":600,"height":600,"caption":"Hire baby bed guard \/ rail in Mallorca - from \u20ac2.49\/day"},{"@type":"BreadcrumbList","@id":"https:\/\/www.sundoo24.com\/en\/product\/baby-bed-guard-protection-for-bed\/#breadcrumb","itemListElement":[{"@type":"ListItem","position":1,"name":"Shop","item":"https:\/\/www.sundoo24.com\/en\/shop\/"},{"@type":"ListItem","position":2,"name":"Baby Bed Guard \/ Baby Bed Rail"}]},{"@type":"WebSite","@id":"https:\/\/www.sundoo24.com\/en\/#website","url":"https:\/\/www.sundoo24.com\/en\/","name":"Sundoo24.com","description":"Hire a child car seat in Mallorca from \u20ac1.49 per day \u2013 Directly at Palma Airport (PMI)","publisher":{"@id":"https:\/\/www.sundoo24.com\/en\/#organization"},"potentialAction":[{"@type":"SearchAction","target":{"@type":"EntryPoint","urlTemplate":"https:\/\/www.sundoo24.com\/en\/?s={search_term_string}"},"query-input":{"@type":"PropertyValueSpecification","valueRequired":true,"valueName":"search_term_string"}}],"inLanguage":"en-GB"},{"@type":"Organization","@id":"https:\/\/www.sundoo24.com\/en\/#organization","name":"SUNDOO Mallorca","url":"https:\/\/www.sundoo24.com\/en\/","logo":{"@type":"ImageObject","inLanguage":"en-GB","@id":"https:\/\/www.sundoo24.com\/en\/#\/schema\/logo\/image\/","url":"https:\/\/www.sundoo24.com\/en\/wp-content\/uploads\/2022\/02\/logo.jpg","contentUrl":"https:\/\/www.sundoo24.com\/en\/wp-content\/uploads\/2022\/02\/logo.jpg","width":237,"height":80,"caption":"SUNDOO Mallorca"},"image":{"@id":"https:\/\/www.sundoo24.com\/en\/#\/schema\/logo\/image\/"}}]}},"_links":{"self":[{"href":"https:\/\/www.sundoo24.com\/en\/wp-json\/wp\/v2\/product\/3245","targetHints":{"allow":["GET"]}}],"collection":[{"href":"https:\/\/www.sundoo24.com\/en\/wp-json\/wp\/v2\/product"}],"about":[{"href":"https:\/\/www.sundoo24.com\/en\/wp-json\/wp\/v2\/types\/product"}],"replies":[{"embeddable":true,"href":"https:\/\/www.sundoo24.com\/en\/wp-json\/wp\/v2\/comments?post=3245"}],"wp:featuredmedia":[{"embeddable":true,"href":"https:\/\/www.sundoo24.com\/en\/wp-json\/wp\/v2\/media\/6244"}],"wp:attachment":[{"href":"https:\/\/www.sundoo24.com\/en\/wp-json\/wp\/v2\/media?parent=3245"}],"wp:term":[{"taxonomy":"product_brand","embeddable":true,"href":"https:\/\/www.sundoo24.com\/en\/wp-json\/wp\/v2\/product_brand?post=3245"},{"taxonomy":"product_cat","embeddable":true,"href":"https:\/\/www.sundoo24.com\/en\/wp-json\/wp\/v2\/product_cat?post=3245"},{"taxonomy":"product_tag","embeddable":true,"href":"https:\/\/www.sundoo24.com\/en\/wp-json\/wp\/v2\/product_tag?post=3245"}],"curies":[{"name":"wp","href":"https:\/\/api.w.org\/{rel}","templated":true}]}}